{"id":12410,"date":"2018-09-23T08:46:48","date_gmt":"2018-09-23T06:46:48","guid":{"rendered":"https:\/\/www.tovenco.se\/produkt\/ec-tfsr-160-svart\/"},"modified":"2018-09-23T08:46:48","modified_gmt":"2018-09-23T06:46:48","slug":"ec-tfsr-160-svart","status":"publish","type":"product","link":"https:\/\/www.tovenco.se\/no\/produkt\/ec-tfsr-160-svart\/","title":{"rendered":"EC &#8211; TFSR 160 Svart"},"content":{"rendered":"<p>TFSR- og TFSK-viftene er laget av pulverlakkert, galvanisert st\u00e5lplate. Tilgjengelig i standardfargene svart og teglr\u00f8d.  Viftene er sammenleggbare og utstyrt med servicebryter for enkel rengj\u00f8ring og service, tilkobling til koblingsboks med 1 m kabel. For \u00e5 beskytte motoren mot overoppheting har viftene en innebygd termobryter med automatisk tilbakestilling.   <\/p>\n<ul>\n<li><strong><strong>TFSR 160 EC takvifte 580<sup>m3\/t<\/sup><\/strong><\/strong><\/li>\n<li>Leveres med topp- og bunnbraketter for enkel montering (TOB\/TOS), <strong>se bilder<\/strong><\/li>\n<li><strong>TOB-takgjennomf\u00f8ringen<\/strong> er formet som en takstein og passer til standard tokupers betongtakstein. Den plasseres vinkelrett p\u00e5 takkledningen og kan derfor brukes ved ulike takhellinger. <\/li>\n<li><strong>TOS<\/strong> Glatt takgjennomf\u00f8ring. Takgjennomf\u00f8ringen er plassert vinkelrett p\u00e5 takkledningen og kan derfor brukes ved ulike takhellinger <\/li>\n<\/ul>\n<p>&nbsp;<\/p>\n","protected":false},"excerpt":{"rendered":"","protected":false},"featured_media":10144,"template":"","meta":{"_acf_changed":false},"product_brand":[],"product_cat":[228],"product_tag":[],"class_list":{"0":"post-12410","1":"product","2":"type-product","3":"status-publish","4":"has-post-thumbnail","6":"product_cat-eksterne-vifter","8":"first","9":"instock","10":"taxable","11":"shipping-taxable","12":"purchasable","13":"product-type-variable"},"exclude_global_add_ons":[],"addons":[],"acf":[],"_links":{"self":[{"href":"https:\/\/www.tovenco.se\/no\/wp-json\/wp\/v2\/product\/12410","targetHints":{"allow":["GET"]}}],"collection":[{"href":"https:\/\/www.tovenco.se\/no\/wp-json\/wp\/v2\/product"}],"about":[{"href":"https:\/\/www.tovenco.se\/no\/wp-json\/wp\/v2\/types\/product"}],"wp:featuredmedia":[{"embeddable":true,"href":"https:\/\/www.tovenco.se\/no\/wp-json\/wp\/v2\/media\/10144"}],"wp:attachment":[{"href":"https:\/\/www.tovenco.se\/no\/wp-json\/wp\/v2\/media?parent=12410"}],"wp:term":[{"taxonomy":"product_brand","embeddable":true,"href":"https:\/\/www.tovenco.se\/no\/wp-json\/wp\/v2\/product_brand?post=12410"},{"taxonomy":"product_cat","embeddable":true,"href":"https:\/\/www.tovenco.se\/no\/wp-json\/wp\/v2\/product_cat?post=12410"},{"taxonomy":"product_tag","embeddable":true,"href":"https:\/\/www.tovenco.se\/no\/wp-json\/wp\/v2\/product_tag?post=12410"}],"curies":[{"name":"wp","href":"https:\/\/api.w.org\/{rel}","templated":true}]}}