{"id":12386,"date":"2018-08-10T08:57:29","date_gmt":"2018-08-10T06:57:29","guid":{"rendered":"https:\/\/www.tovenco.se\/produkt\/zilga\/"},"modified":"2018-08-10T08:57:29","modified_gmt":"2018-08-10T06:57:29","slug":"zilga","status":"publish","type":"product","link":"https:\/\/www.tovenco.se\/no\/produkt\/zilga\/","title":{"rendered":"Zilga"},"content":{"rendered":"<h3>Spesifikasjon<\/h3>\n<ul>\n<li><strong>H\u00f8yde:<\/strong> 60,2-103,9 cm<\/li>\n<li><strong>Bredde:<\/strong> 60, 70, 90 cm<\/li>\n<li><strong>Dybde:<\/strong> 50 cm<\/li>\n<li><strong>Materiale, farge:<\/strong> Rustfritt st\u00e5l, hvit, svart<\/li>\n<li><strong>Belysning:<\/strong> LED 2\u00d71,5W<\/li>\n<li><strong>Type:<\/strong> Veggmodell<\/li>\n<\/ul>\n<p><strong>Leveringstid ca. 3-7 virkedager.  <\/strong><\/p>\n","protected":false},"excerpt":{"rendered":"<p>Zilga er en klassisk formet vegghengt kj\u00f8kkenvifte med rene linjer og tydelig karakter. Den er tilgjengelig i svart, hvitt eller rustfritt st\u00e5l og finnes i tre bredder (60, 70 og 90 cm), slik at den enkelt kan tilpasses ulike kj\u00f8kken. Med ber\u00f8ringspanel i glass, LED-belysning og fire hastigheter, inkludert intensivmodus, gir Zilga effektiv ventilasjon med lavt st\u00f8yniv\u00e5. Klar for kullfilterdrift.   <\/p>\n","protected":false},"featured_media":10345,"template":"","meta":{"_acf_changed":false},"product_brand":[],"product_cat":[201,204,203],"product_tag":[],"class_list":{"0":"post-12386","1":"product","2":"type-product","3":"status-publish","4":"has-post-thumbnail","6":"product_cat-kjokkenhetter-og-avtrekkshetter","7":"product_cat-veggmonterte-avtrekkshetter","8":"product_cat-vifter-med-kullfilter","9":"pa_bredd-60-cm-no","10":"pa_bredd-70-cm-no","11":"pa_bredd-90-cm-no","12":"pa_farg-hvit","13":"pa_farg-rustfritt-stal","14":"pa_farg-svart-no","15":"pa_flaktsystem-attr-tis-integrert-vifte-i-panseret","17":"first","18":"instock","19":"featured","20":"taxable","21":"shipping-taxable","22":"purchasable","23":"product-type-variable"},"exclude_global_add_ons":false,"addons":[{"name":"Total h\u00f8yde p\u00e5 deksel + kanal","type":"heading","position":0,"required":false,"title_format":"label","default":"","description_enable":true,"description":"M\u00e5l fra bunnen av panseret til taket. Eks. Total h\u00f8yde er 1750 mm. Skriv inn totalh\u00f8yden i tekstboksen 1550-2050 mm i listen nedenfor. For \u00f8nsket helningsgrad angir du senterm\u00e5let. Hvis det ikke oppgis noe m\u00e5l, leveres hetten med en totalh\u00f8yde p\u00e5 1039 mm.       ","placeholder_enable":false,"placeholder":null,"display":"select","restrictions_type":"any_text","adjust_price":false,"price":"","price_type":"flat_fee","restrictions":false,"min":"0","max":"0","options":[],"id":1747669860},{"name":"602-1039 mm","type":"custom_text","position":1,"required":false,"title_format":"label","default":"","description_enable":false,"description":null,"placeholder_enable":false,"placeholder":null,"display":"select","restrictions_type":"only_numbers","adjust_price":false,"price":"","price_type":"quantity_based","restrictions":false,"min":"0","max":"0","options":[],"id":1747669861},{"name":"1039-2539 mm (stigning inkludert p\u00e5 foresp\u00f8rsel)","type":"custom_text","position":2,"required":false,"title_format":"label","default":"","description_enable":false,"description":null,"placeholder_enable":false,"placeholder":null,"display":"select","restrictions_type":"only_numbers","adjust_price":true,"price":"2255","price_type":"quantity_based","restrictions":false,"min":"0","max":"0","options":[],"id":1747669862},{"name":"2539-4039 mm (stigning inkludert p\u00e5 foresp\u00f8rsel)","type":"custom_text","position":3,"required":false,"title_format":"label","default":"","description_enable":false,"description":null,"placeholder_enable":false,"placeholder":null,"display":"select","restrictions_type":"only_numbers","adjust_price":true,"price":"4509","price_type":"quantity_based","restrictions":false,"min":"0","max":"0","options":[],"id":1747669863},{"name":"Kullfilter KF1","type":"multiple_choice","position":4,"required":true,"title_format":"heading","default":"","description_enable":true,"description":"\u00d8nsker du \u00e5 bestille viften med kullfilter? V\u00e6r oppmerksom p\u00e5 at minimumsh\u00f8yden p\u00e5 hette + kanal med kullfilter er 707 mm.   ","placeholder_enable":false,"placeholder":null,"display":"select","restrictions_type":"any_text","adjust_price":false,"price":"","price_type":"flat_fee","restrictions":false,"min":"0","max":"0","options":[{"label":"Nei, det er det ikke.","price":"","price_type":"quantity_based","image":0,"visibility":true},{"label":"Ja","price":"340","price_type":"quantity_based","image":0,"visibility":true}],"id":1747669864},{"name":"graders helning","type":"checkbox","position":5,"required":false,"title_format":"heading","default":"","description_enable":true,"description":"Denne boksen krysses kun av hvis du \u00f8nsker at kanalen skal graderes til standardm\u00e5l 602-1039 mmGraderingshelling\/senterm\u00e5l sendes til order@tovenco.se","placeholder_enable":false,"placeholder":null,"display":"select","restrictions_type":"any_text","adjust_price":false,"price":"","price_type":"flat_fee","restrictions":false,"min":"0","max":"0","options":[{"label":"graders helning","price":"1699","price_type":"quantity_based","image":0,"visibility":true}],"id":1747669865},{"name":"Plasmafilter Tovenco","type":"multiple_choice","position":6,"required":true,"title_format":"label","default":"","description_enable":false,"description":null,"placeholder_enable":false,"placeholder":null,"display":"select","restrictions_type":"any_text","adjust_price":false,"price":"","price_type":"flat_fee","restrictions":false,"min":"0","max":"0","options":[{"label":"Nei, det er det ikke.","price":"","price_type":"quantity_based","image":0,"visibility":true},{"label":"Plasmafilter 650\/150","price":"7519","price_type":"quantity_based","image":0,"visibility":true},{"label":"Plasmafilter 1000\/210","price":"8446","price_type":"quantity_based","image":0,"visibility":true}],"id":1747669866}],"acf":[],"_links":{"self":[{"href":"https:\/\/www.tovenco.se\/no\/wp-json\/wp\/v2\/product\/12386","targetHints":{"allow":["GET"]}}],"collection":[{"href":"https:\/\/www.tovenco.se\/no\/wp-json\/wp\/v2\/product"}],"about":[{"href":"https:\/\/www.tovenco.se\/no\/wp-json\/wp\/v2\/types\/product"}],"wp:featuredmedia":[{"embeddable":true,"href":"https:\/\/www.tovenco.se\/no\/wp-json\/wp\/v2\/media\/10345"}],"wp:attachment":[{"href":"https:\/\/www.tovenco.se\/no\/wp-json\/wp\/v2\/media?parent=12386"}],"wp:term":[{"taxonomy":"product_brand","embeddable":true,"href":"https:\/\/www.tovenco.se\/no\/wp-json\/wp\/v2\/product_brand?post=12386"},{"taxonomy":"product_cat","embeddable":true,"href":"https:\/\/www.tovenco.se\/no\/wp-json\/wp\/v2\/product_cat?post=12386"},{"taxonomy":"product_tag","embeddable":true,"href":"https:\/\/www.tovenco.se\/no\/wp-json\/wp\/v2\/product_tag?post=12386"}],"curies":[{"name":"wp","href":"https:\/\/api.w.org\/{rel}","templated":true}]}}