{"id":12382,"date":"2018-09-23T09:27:20","date_gmt":"2018-09-23T07:27:20","guid":{"rendered":"https:\/\/www.tovenco.se\/produkt\/kvk-silent-200-ec\/"},"modified":"2018-09-23T09:27:20","modified_gmt":"2018-09-23T07:27:20","slug":"kvk-silent-200-ec","status":"publish","type":"product","link":"https:\/\/www.tovenco.se\/no\/produkt\/kvk-silent-200-ec\/","title":{"rendered":"KVK Silent 200 EC"},"content":{"rendered":"<p>Lyd- og brannisolert kassevifte med rund tilkobling og serviced\u00f8r- Kompakt design- Enkel installasjon, vedlikehold og service- Lavt st\u00f8yniv\u00e5, h\u00f8y tetthet av isolasjon- Tilpasset for behovsstyrt ventilasjon- Integrert motorvern- Brannklasse EI30 &#8211; Korrosjonsklasse C4&nbsp;<\/p>\n<h3>Spesifikasjon<\/h3>\n<ul>\n<li>KVK Silent 200 EC Vindvifte 932<sup>m3\/t<\/sup><\/li>\n<li><strong>Som tilbeh\u00f8r finnes takhette THB for 2 valmede tegltak (svart og r\u00f8d) og THS for glatte platetak (svart<\/strong> og <strong>r\u00f8d<\/strong> ), se bilder. <strong>De er tilgjengelige for kj\u00f8p under eksterne vifter.<\/strong><\/li>\n<\/ul>\n<p>&nbsp;<\/p>\n","protected":false},"excerpt":{"rendered":"","protected":false},"featured_media":10151,"template":"","meta":{"_acf_changed":false},"product_brand":[],"product_cat":[228],"product_tag":[],"class_list":{"0":"post-12382","1":"product","2":"type-product","3":"status-publish","4":"has-post-thumbnail","6":"product_cat-eksterne-vifter","8":"first","9":"instock","10":"taxable","11":"shipping-taxable","12":"purchasable","13":"product-type-simple"},"exclude_global_add_ons":[],"addons":[],"acf":[],"_links":{"self":[{"href":"https:\/\/www.tovenco.se\/no\/wp-json\/wp\/v2\/product\/12382","targetHints":{"allow":["GET"]}}],"collection":[{"href":"https:\/\/www.tovenco.se\/no\/wp-json\/wp\/v2\/product"}],"about":[{"href":"https:\/\/www.tovenco.se\/no\/wp-json\/wp\/v2\/types\/product"}],"wp:featuredmedia":[{"embeddable":true,"href":"https:\/\/www.tovenco.se\/no\/wp-json\/wp\/v2\/media\/10151"}],"wp:attachment":[{"href":"https:\/\/www.tovenco.se\/no\/wp-json\/wp\/v2\/media?parent=12382"}],"wp:term":[{"taxonomy":"product_brand","embeddable":true,"href":"https:\/\/www.tovenco.se\/no\/wp-json\/wp\/v2\/product_brand?post=12382"},{"taxonomy":"product_cat","embeddable":true,"href":"https:\/\/www.tovenco.se\/no\/wp-json\/wp\/v2\/product_cat?post=12382"},{"taxonomy":"product_tag","embeddable":true,"href":"https:\/\/www.tovenco.se\/no\/wp-json\/wp\/v2\/product_tag?post=12382"}],"curies":[{"name":"wp","href":"https:\/\/api.w.org\/{rel}","templated":true}]}}