{"id":12381,"date":"2018-09-23T09:25:59","date_gmt":"2018-09-23T07:25:59","guid":{"rendered":"https:\/\/www.tovenco.se\/produkt\/kvk-silent-160-ec\/"},"modified":"2018-09-23T09:25:59","modified_gmt":"2018-09-23T07:25:59","slug":"kvk-silent-160-ec","status":"publish","type":"product","link":"https:\/\/www.tovenco.se\/no\/produkt\/kvk-silent-160-ec\/","title":{"rendered":"KVK Silent 160 EC"},"content":{"rendered":"<ul>\n<li>KVK Silent 160 EC Vindvifte 544 m3\/t<\/li>\n<li><strong>Som tilbeh\u00f8r finnes takhette THB for 2-kopps murstein (svart og r\u00f8d) og THS for glatt platetak (svart<\/strong> og <strong>r\u00f8d<\/strong> ), se bilder. <strong>De er tilgjengelige for kj\u00f8p under eksterne vifter.<\/strong><\/li>\n<li>Lyd- og brannisolert kassevifte med rund tilkobling og serviced\u00f8r- Kompakt design- Enkel installasjon, vedlikehold og service- Lavt st\u00f8yniv\u00e5, h\u00f8y isolasjonstetthet- Tilpasset for behovsstyrt ventilasjon- Integrert motorvern<\/li>\n<\/ul>\n<p>&nbsp;<\/p>\n","protected":false},"excerpt":{"rendered":"","protected":false},"featured_media":10150,"template":"","meta":{"_acf_changed":false},"product_brand":[],"product_cat":[228],"product_tag":[],"class_list":{"0":"post-12381","1":"product","2":"type-product","3":"status-publish","4":"has-post-thumbnail","6":"product_cat-eksterne-vifter","8":"first","9":"instock","10":"taxable","11":"shipping-taxable","12":"purchasable","13":"product-type-simple"},"exclude_global_add_ons":[],"addons":[],"acf":[],"_links":{"self":[{"href":"https:\/\/www.tovenco.se\/no\/wp-json\/wp\/v2\/product\/12381","targetHints":{"allow":["GET"]}}],"collection":[{"href":"https:\/\/www.tovenco.se\/no\/wp-json\/wp\/v2\/product"}],"about":[{"href":"https:\/\/www.tovenco.se\/no\/wp-json\/wp\/v2\/types\/product"}],"wp:featuredmedia":[{"embeddable":true,"href":"https:\/\/www.tovenco.se\/no\/wp-json\/wp\/v2\/media\/10150"}],"wp:attachment":[{"href":"https:\/\/www.tovenco.se\/no\/wp-json\/wp\/v2\/media?parent=12381"}],"wp:term":[{"taxonomy":"product_brand","embeddable":true,"href":"https:\/\/www.tovenco.se\/no\/wp-json\/wp\/v2\/product_brand?post=12381"},{"taxonomy":"product_cat","embeddable":true,"href":"https:\/\/www.tovenco.se\/no\/wp-json\/wp\/v2\/product_cat?post=12381"},{"taxonomy":"product_tag","embeddable":true,"href":"https:\/\/www.tovenco.se\/no\/wp-json\/wp\/v2\/product_tag?post=12381"}],"curies":[{"name":"wp","href":"https:\/\/api.w.org\/{rel}","templated":true}]}}