{"id":12370,"date":"2018-10-12T11:54:57","date_gmt":"2018-10-12T09:54:57","guid":{"rendered":"https:\/\/www.tovenco.se\/produkt\/tovenco-external-system-tes-ec-for-utvendig-motor-pa-tak-loft-eller-vegg-veggmontert-deksel\/"},"modified":"2018-10-12T11:54:57","modified_gmt":"2018-10-12T09:54:57","slug":"tovenco-external-system-tes-ec-for-utvendig-motor-pa-tak-loft-eller-vegg-veggmontert-deksel","status":"publish","type":"product","link":"https:\/\/www.tovenco.se\/no\/produkt\/tovenco-external-system-tes-ec-for-utvendig-motor-pa-tak-loft-eller-vegg-veggmontert-deksel\/","title":{"rendered":"Tovenco External System TES-EC For utvendig motor p\u00e5 tak, loft eller vegg, veggmontert deksel"},"content":{"rendered":"<p><strong>Implementering:<\/strong><\/p>\n<p><strong>Rustfritt st\u00e5l 2-filter:<\/strong> Innebygde m\u00e5l <strong>405 x 365 x 183 mm<\/strong>, belysning 3 x 1,6W LED<\/p>\n<p><strong>Rustfritt st\u00e5l 3-filter: <\/strong>Innebygde dimensjoner <strong>605 x 365 x 183 mm<\/strong>, belysning 4 x 1,6W LED<\/p>\n<p><strong>Rustfritt st\u00e5l 4-filter: <\/strong>Innebygde dimensjoner <strong>805 x 365 x 183 mm<\/strong>, belysning 5 x 1,6W LED<\/p>\n<p>Innebygd filter for ekstern EC-vifte, etterl\u00f8pstid, periodisk ventilasjon, filtervakt, dimbar LED, strikkede metallfiltre, tilkobling \u00d8150 mm -Alternativet n\u00e5r de absolutt h\u00f8yeste kravene til effektivitet og lavt st\u00f8yniv\u00e5 skal oppfylles.  Separat luftkanal fra kj\u00f8kkenet via loftsvifte \/ alternativt takvifte fra svenskproduserte Systemair. Velg den aktuelle EC-viften p\u00e5 nettstedet v\u00e5rt.<\/p>\n<h3>Spesifikasjon<\/h3>\n<ul>\n<li>Innebygd filter for ekstern EC-vifte<\/li>\n<li>Fem forskjellige st\u00f8rrelser<\/li>\n<li>Rustfri design<\/li>\n<li>Fjernkontroll som tilbeh\u00f8r<\/li>\n<\/ul>\n<p><strong>Leveringstid ca. 10 virkedager.  <\/strong><\/p>\n","protected":false},"excerpt":{"rendered":"<p>Innebygd vifte i rustfritt st\u00e5l for ekstern EC-vifte &#8211; designet for deg som \u00f8nsker \u00e5 kombinere lavt st\u00f8yniv\u00e5 med h\u00f8y kapasitet. Separat avtrekkskanal fra kj\u00f8kkenet via tak- eller loftsvifte fra f.eks. Systemair. Utstyrt med dimbar LED-belysning, strikkede metallfiltre, filtervakt, etterl\u00f8pstimer og periodisk ventilasjon. Tilkobling \u00d8150 mm og flere st\u00f8rrelser fra 405x365x183 mm til 805x365x183 mm. Fjernkontroll er tilgjengelig som ekstrautstyr.     <\/p>\n","protected":false},"featured_media":9081,"template":"","meta":{"_acf_changed":false},"product_brand":[],"product_cat":[251,201],"product_tag":[],"class_list":{"0":"post-12370","1":"product","2":"type-product","3":"status-publish","4":"has-post-thumbnail","6":"product_cat-innebygd-kjokkenhetter","7":"product_cat-kjokkenhetter-og-avtrekkshetter","9":"first","10":"instock","11":"taxable","12":"shipping-taxable","13":"purchasable","14":"product-type-variable"},"exclude_global_add_ons":[],"addons":[],"acf":[],"_links":{"self":[{"href":"https:\/\/www.tovenco.se\/no\/wp-json\/wp\/v2\/product\/12370","targetHints":{"allow":["GET"]}}],"collection":[{"href":"https:\/\/www.tovenco.se\/no\/wp-json\/wp\/v2\/product"}],"about":[{"href":"https:\/\/www.tovenco.se\/no\/wp-json\/wp\/v2\/types\/product"}],"wp:featuredmedia":[{"embeddable":true,"href":"https:\/\/www.tovenco.se\/no\/wp-json\/wp\/v2\/media\/9081"}],"wp:attachment":[{"href":"https:\/\/www.tovenco.se\/no\/wp-json\/wp\/v2\/media?parent=12370"}],"wp:term":[{"taxonomy":"product_brand","embeddable":true,"href":"https:\/\/www.tovenco.se\/no\/wp-json\/wp\/v2\/product_brand?post=12370"},{"taxonomy":"product_cat","embeddable":true,"href":"https:\/\/www.tovenco.se\/no\/wp-json\/wp\/v2\/product_cat?post=12370"},{"taxonomy":"product_tag","embeddable":true,"href":"https:\/\/www.tovenco.se\/no\/wp-json\/wp\/v2\/product_tag?post=12370"}],"curies":[{"name":"wp","href":"https:\/\/api.w.org\/{rel}","templated":true}]}}