{"id":12367,"date":"2018-10-12T11:11:41","date_gmt":"2018-10-12T09:11:41","guid":{"rendered":"https:\/\/www.tovenco.se\/produkt\/tovenco-internal-system-tis-ec-innebygd-vifte-for-fritthengende-hette\/"},"modified":"2018-10-12T11:11:41","modified_gmt":"2018-10-12T09:11:41","slug":"tovenco-internal-system-tis-ec-innebygd-vifte-for-fritthengende-hette","status":"publish","type":"product","link":"https:\/\/www.tovenco.se\/no\/produkt\/tovenco-internal-system-tis-ec-innebygd-vifte-for-fritthengende-hette\/","title":{"rendered":"Tovenco Internal System TIS-EC Innebygd vifte for fritthengende hette"},"content":{"rendered":"<p><strong>Implementering:<\/strong><\/p>\n<p><strong>Rustfritt st\u00e5l 1-filter: <\/strong>Design <strong>535 x 355 x 240 mm<\/strong>, belysning 4 x 1,6W LED<\/p>\n<p><strong>2-filter i rustfritt st\u00e5l: <\/strong>Design <strong>835 x 355 x 240 mm<\/strong>, belysning 5 x 1,6 W LED<\/p>\n<p>Innvendig EC-vifte, 765 m3\/t, etterl\u00f8pstid, periodisk ventilasjon, filtervakt, dimbar LED, strikkede metallfiltre, tilkobling \u00d8150 mm -Alternativet ved separat ventilasjonskanal (imkanal) fra kj\u00f8kkenet. Tovenco-hettene er som standard utstyrt med tyskproduserte EC-vifter av merket EBM Papst.   EC-viften styres med lavspenning, noe som gir energibesparelser p\u00e5 opptil 70 %.<\/p>\n<h3>Spesifikasjon<\/h3>\n<ul>\n<li>Innebygd vifte EC 765 m<sup><span style=\"font-size: small;\">3<\/span><\/sup>\/h<\/li>\n<li>To forskjellige st\u00f8rrelser<\/li>\n<li>Utf\u00f8relse i rustfritt st\u00e5l<\/li>\n<li>Fjernkontroll som tilbeh\u00f8r<\/li>\n<\/ul>\n<p><strong>Leveringstid ca. 10 virkedager.  <\/strong><\/p>\n","protected":false},"excerpt":{"rendered":"<p>Kompakt innbyggingsvifte i rustfritt st\u00e5l med innvendig EC-vifte fra EBM Papst &#8211; ideell for separate kj\u00f8kkenkanaler. Gir h\u00f8y luftkapasitet (opptil 765 m\u00b3\/t) med lavt st\u00f8yniv\u00e5 og opptil 70 % energibesparelse. Utstyrt med dimbar LED-belysning, etterl\u00f8pstimer, intermitterende ventilasjon, filterbeskyttelse og strikkede metallfiltre. Tilkobling \u00d8150 mm, installasjonsm\u00e5l fra 535x355x240 mm. Fjernkontroll er tilgjengelig som ekstrautstyr.     <\/p>\n","protected":false},"featured_media":9099,"template":"","meta":{"_acf_changed":false},"product_brand":[],"product_cat":[251,201],"product_tag":[],"class_list":{"0":"post-12367","1":"product","2":"type-product","3":"status-publish","4":"has-post-thumbnail","6":"product_cat-innebygd-kjokkenhetter","7":"product_cat-kjokkenhetter-og-avtrekkshetter","9":"first","10":"instock","11":"taxable","12":"shipping-taxable","13":"purchasable","14":"product-type-variable"},"exclude_global_add_ons":[],"addons":[],"acf":[],"_links":{"self":[{"href":"https:\/\/www.tovenco.se\/no\/wp-json\/wp\/v2\/product\/12367","targetHints":{"allow":["GET"]}}],"collection":[{"href":"https:\/\/www.tovenco.se\/no\/wp-json\/wp\/v2\/product"}],"about":[{"href":"https:\/\/www.tovenco.se\/no\/wp-json\/wp\/v2\/types\/product"}],"wp:featuredmedia":[{"embeddable":true,"href":"https:\/\/www.tovenco.se\/no\/wp-json\/wp\/v2\/media\/9099"}],"wp:attachment":[{"href":"https:\/\/www.tovenco.se\/no\/wp-json\/wp\/v2\/media?parent=12367"}],"wp:term":[{"taxonomy":"product_brand","embeddable":true,"href":"https:\/\/www.tovenco.se\/no\/wp-json\/wp\/v2\/product_brand?post=12367"},{"taxonomy":"product_cat","embeddable":true,"href":"https:\/\/www.tovenco.se\/no\/wp-json\/wp\/v2\/product_cat?post=12367"},{"taxonomy":"product_tag","embeddable":true,"href":"https:\/\/www.tovenco.se\/no\/wp-json\/wp\/v2\/product_tag?post=12367"}],"curies":[{"name":"wp","href":"https:\/\/api.w.org\/{rel}","templated":true}]}}