{"id":12359,"date":"2018-10-17T09:39:02","date_gmt":"2018-10-17T07:39:02","guid":{"rendered":"https:\/\/www.tovenco.se\/produkt\/tovenco-spjeldsystem-tds-wall-for-kjokken-og-vatromsventilasjon\/"},"modified":"2018-10-17T09:39:02","modified_gmt":"2018-10-17T07:39:02","slug":"tovenco-spjeldsystem-tds-wall-for-kjokken-og-vatromsventilasjon","status":"publish","type":"product","link":"https:\/\/www.tovenco.se\/no\/produkt\/tovenco-spjeldsystem-tds-wall-for-kjokken-og-vatromsventilasjon\/","title":{"rendered":"Tovenco spjeldsystem TDS+ Wall\/For kj\u00f8kken- og v\u00e5tromsventilasjon"},"content":{"rendered":"<p><strong>Implementering:<\/strong><\/p>\n<p><strong>2-filter i rustfritt st\u00e5l: <\/strong>405 x 365 x 264 mm , belysning 3 \u00d7 1,6 W LED<\/p>\n<p><strong>3-filter i rustfritt st\u00e5l: <\/strong>605 x 365 x 264 mm , belysning 4 \u00d7 1,6 W LED<\/p>\n<p><strong>Rustfritt st\u00e5l 4-filter: <\/strong>805 x 365 x 264 mm , belysning 5 x 1,6 W LED<\/p>\n<p>Styring for eneboliger med sentralventilasjon, filtervakt, dimbar LED, strikkede metallfiltre, tilkobling \u00d8125 mm -Alternativet der en ekstern avtrekksvifte eller resirkuleringsenhet regulerer b\u00e5de generell ventilasjon og kj\u00f8kkenventilasjon.  Dvs. mekanisk avtrekksventilasjon (F-system) eller balansert ventilasjon med avtrekk og tilluft (FT\/FTX-system). Ventilasjonen styres fra panseret med funksjoner som for eksempel forsering av luftstr\u00f8mmen i v\u00e5te omr\u00e5der eller ved matlaging.<\/p>\n<h3>Spesifikasjon<\/h3>\n<ul>\n<li>Innebygde filtre for eneboliger med sentral ventilasjon<\/li>\n<li>Fem forskjellige st\u00f8rrelser<\/li>\n<li>Utf\u00f8relse i rustfritt st\u00e5l<\/li>\n<li>Fjernkontroll som tilbeh\u00f8r<\/li>\n<\/ul>\n<p><strong>Leveringstid ca. 10 virkedager.  <\/strong><\/p>\n","protected":false},"excerpt":{"rendered":"<p>Innbyggingsvifte i rustfritt st\u00e5l for veggmontering, egnet for eneboliger og rekkehus med sentralventilasjon (F\/FT\/FTX-system). Styrer b\u00e5de generell ventilasjon og kj\u00f8kkenventilasjon via ekstern vifte eller gjenvinningsenhet. Utstyrt med dimbar LED-belysning, strikkede metallfiltre, filterbeskyttelse og \u00d8125 mm-tilkobling. Modellen er tilgjengelig i flere st\u00f8rrelser &#8211; fra 405x365x264 mm til 805x365x264 mm. Fjernkontroll er tilgjengelig som ekstrautstyr.    <\/p>\n","protected":false},"featured_media":9081,"template":"","meta":{"_acf_changed":false},"product_brand":[],"product_cat":[251,201,202],"product_tag":[],"class_list":{"0":"post-12359","1":"product","2":"type-product","3":"status-publish","4":"has-post-thumbnail","6":"product_cat-innebygd-kjokkenhetter","7":"product_cat-kjokkenhetter-og-avtrekkshetter","8":"product_cat-kjokkenvifter-for-sentral-ventilasjon","10":"first","11":"instock","12":"taxable","13":"shipping-taxable","14":"purchasable","15":"product-type-variable"},"exclude_global_add_ons":[],"addons":[],"acf":[],"_links":{"self":[{"href":"https:\/\/www.tovenco.se\/no\/wp-json\/wp\/v2\/product\/12359","targetHints":{"allow":["GET"]}}],"collection":[{"href":"https:\/\/www.tovenco.se\/no\/wp-json\/wp\/v2\/product"}],"about":[{"href":"https:\/\/www.tovenco.se\/no\/wp-json\/wp\/v2\/types\/product"}],"wp:featuredmedia":[{"embeddable":true,"href":"https:\/\/www.tovenco.se\/no\/wp-json\/wp\/v2\/media\/9081"}],"wp:attachment":[{"href":"https:\/\/www.tovenco.se\/no\/wp-json\/wp\/v2\/media?parent=12359"}],"wp:term":[{"taxonomy":"product_brand","embeddable":true,"href":"https:\/\/www.tovenco.se\/no\/wp-json\/wp\/v2\/product_brand?post=12359"},{"taxonomy":"product_cat","embeddable":true,"href":"https:\/\/www.tovenco.se\/no\/wp-json\/wp\/v2\/product_cat?post=12359"},{"taxonomy":"product_tag","embeddable":true,"href":"https:\/\/www.tovenco.se\/no\/wp-json\/wp\/v2\/product_tag?post=12359"}],"curies":[{"name":"wp","href":"https:\/\/api.w.org\/{rel}","templated":true}]}}