{"id":12349,"date":"2018-10-16T10:29:26","date_gmt":"2018-10-16T08:29:26","guid":{"rendered":"https:\/\/www.tovenco.se\/produkt\/tovenco-external-system-tes-ac-for-utvendig-motor-pa-tak-loft-eller-vegg-fritthengende-deksel\/"},"modified":"2018-10-16T10:29:26","modified_gmt":"2018-10-16T08:29:26","slug":"tovenco-external-system-tes-ac-for-utvendig-motor-pa-tak-loft-eller-vegg-fritthengende-deksel","status":"publish","type":"product","link":"https:\/\/www.tovenco.se\/no\/produkt\/tovenco-external-system-tes-ac-for-utvendig-motor-pa-tak-loft-eller-vegg-fritthengende-deksel\/","title":{"rendered":"Tovenco External System TES AC For utvendig motor p\u00e5 tak, loft eller vegg, fritthengende deksel"},"content":{"rendered":"<p><strong>Implementering:  <\/strong><\/p>\n<p><strong>Rustfritt st\u00e5l 1-filter: <\/strong>Innebygde dimensjoner <strong>535 x 355 x 183 mm<\/strong>, belysning 4 x 1,6W LED<\/p>\n<p><strong>Rustfritt st\u00e5l 2-filter: <\/strong>Innebygde dimensjoner <strong>835 x 355 x 183 mm<\/strong>, belysning 6 x 1,6W LED<\/p>\n<p>Innebygd filter for ekstern EC-AC-vifte, etterl\u00f8pstid, periodisk ventilasjon, filtervakt, dimbar LED, strikkede metallfiltre, tilkobling \u00d8150 mm -Alternativet n\u00e5r de absolutt h\u00f8yeste kravene til effektivitet og lavt st\u00f8yniv\u00e5 skal oppfylles.  Separat luftkanal fra kj\u00f8kkenet via loftsvifte \/ alternativt takvifte fra svenskproduserte Systemair. Velg den aktuelle EC-viften p\u00e5 nettstedet v\u00e5rt.<\/p>\n<h3>Spesifikasjon<\/h3>\n<ul>\n<li>Innebygd filter for ekstern EC-AC-vifte<\/li>\n<li>Fem forskjellige st\u00f8rrelser<\/li>\n<li>Rustfri design<\/li>\n<li>Fjernkontroll som tilbeh\u00f8r<\/li>\n<\/ul>\n<p><strong>Leveringstid ca. 10 virkedager.  <\/strong><\/p>\n","protected":false},"excerpt":{"rendered":"<p>Innbyggingsvifte i rustfritt st\u00e5l for ekstern EC-AC-motor &#8211; perfekt for deg som stiller h\u00f8ye krav til effektivitet og lavt st\u00f8yniv\u00e5. Kompatibel med tak- eller loftsvifte fra Systemair. Utstyrt med dimbar LED-belysning, filtervakt, etterl\u00f8pstimer og periodisk ventilasjon. Strikkede metallfiltre, \u00d8150 mm tilkobling og installasjonsm\u00e5l fra 535x355x183 mm. Fjernkontroll er tilgjengelig som ekstrautstyr.    <\/p>\n","protected":false},"featured_media":9099,"template":"","meta":{"_acf_changed":false},"product_brand":[],"product_cat":[251,201],"product_tag":[],"class_list":{"0":"post-12349","1":"product","2":"type-product","3":"status-publish","4":"has-post-thumbnail","6":"product_cat-innebygd-kjokkenhetter","7":"product_cat-kjokkenhetter-og-avtrekkshetter","9":"first","10":"instock","11":"taxable","12":"shipping-taxable","13":"purchasable","14":"product-type-variable"},"exclude_global_add_ons":[],"addons":[],"acf":[],"_links":{"self":[{"href":"https:\/\/www.tovenco.se\/no\/wp-json\/wp\/v2\/product\/12349","targetHints":{"allow":["GET"]}}],"collection":[{"href":"https:\/\/www.tovenco.se\/no\/wp-json\/wp\/v2\/product"}],"about":[{"href":"https:\/\/www.tovenco.se\/no\/wp-json\/wp\/v2\/types\/product"}],"wp:featuredmedia":[{"embeddable":true,"href":"https:\/\/www.tovenco.se\/no\/wp-json\/wp\/v2\/media\/9099"}],"wp:attachment":[{"href":"https:\/\/www.tovenco.se\/no\/wp-json\/wp\/v2\/media?parent=12349"}],"wp:term":[{"taxonomy":"product_brand","embeddable":true,"href":"https:\/\/www.tovenco.se\/no\/wp-json\/wp\/v2\/product_brand?post=12349"},{"taxonomy":"product_cat","embeddable":true,"href":"https:\/\/www.tovenco.se\/no\/wp-json\/wp\/v2\/product_cat?post=12349"},{"taxonomy":"product_tag","embeddable":true,"href":"https:\/\/www.tovenco.se\/no\/wp-json\/wp\/v2\/product_tag?post=12349"}],"curies":[{"name":"wp","href":"https:\/\/api.w.org\/{rel}","templated":true}]}}