{"id":12343,"date":"2018-10-17T09:48:17","date_gmt":"2018-10-17T07:48:17","guid":{"rendered":"https:\/\/www.tovenco.se\/produkt\/tovenco-spjeldsystem-tds-fri-henging-for-kjokken-og-vatromsventilasjon\/"},"modified":"2018-10-17T09:48:17","modified_gmt":"2018-10-17T07:48:17","slug":"tovenco-spjeldsystem-tds-fri-henging-for-kjokken-og-vatromsventilasjon","status":"publish","type":"product","link":"https:\/\/www.tovenco.se\/no\/produkt\/tovenco-spjeldsystem-tds-fri-henging-for-kjokken-og-vatromsventilasjon\/","title":{"rendered":"Tovenco spjeldsystem TDS+ Fri henging\/For kj\u00f8kken- og v\u00e5tromsventilasjon"},"content":{"rendered":"<p><strong>Utf\u00f8relse  <\/strong><\/p>\n<p><strong>Rustfritt st\u00e5l 1-filter: Innebygde dimensjoner 535x355x264 mm , belysning 4 x 1,6W LED<\/strong><\/p>\n<p><strong>Rustfritt st\u00e5l 2-filter: Innebygde dimensjoner 835x355x264 mm<\/strong>, <strong>belysning<\/strong> <strong>6 x 1,6W LED<\/strong><\/p>\n<p>Styring for eneboliger med sentralventilasjon, filtervakt, dimbar LED, strikkede metallfiltre, tilkobling \u00d8125 mm -Alternativet der en ekstern avtrekksvifte eller resirkuleringsenhet regulerer b\u00e5de generell ventilasjon og kj\u00f8kkenventilasjon.  Dvs. mekanisk avtrekksventilasjon (F-system) eller balansert ventilasjon med avtrekk og tilluft (FT\/FTX-system). Ventilasjonen styres fra panseret med funksjoner som for eksempel forsering av luftstr\u00f8mmen i v\u00e5te omr\u00e5der eller ved matlaging.<\/p>\n<h3>Spesifikasjon<\/h3>\n<ul>\n<li>Innebygde filtre for eneboliger med sentral ventilasjon<\/li>\n<li>Fem forskjellige st\u00f8rrelser<\/li>\n<li>Utf\u00f8relse i rustfritt st\u00e5l<\/li>\n<li>Fjernkontroll som tilbeh\u00f8r<\/li>\n<\/ul>\n<p><strong>Leveringstid ca. 10 virkedager.  <\/strong><\/p>\n","protected":false},"excerpt":{"rendered":"<p>Innbyggingsvifte i rustfritt st\u00e5l, spesielt utviklet for eneboliger og rekkehus med sentralventilasjon (F\/FT\/FTX-system). Styrer b\u00e5de generell ventilasjon og kj\u00f8kkenventilasjon via gjenvinningsenhet eller ekstern vifte. Utstyrt med dimbar LED-belysning, strikkede metallfiltre, filterbeskyttelse og \u00d8125 mm-tilkobling. Modellen er tilgjengelig i flere st\u00f8rrelser, med innbyggingsm\u00e5l fra 535x355x264 mm. Fjernkontroll er tilgjengelig som ekstrautstyr.    <\/p>\n","protected":false},"featured_media":9099,"template":"","meta":{"_acf_changed":false},"product_brand":[],"product_cat":[251,201,202],"product_tag":[],"class_list":{"0":"post-12343","1":"product","2":"type-product","3":"status-publish","4":"has-post-thumbnail","6":"product_cat-innebygd-kjokkenhetter","7":"product_cat-kjokkenhetter-og-avtrekkshetter","8":"product_cat-kjokkenvifter-for-sentral-ventilasjon","10":"first","11":"instock","12":"taxable","13":"shipping-taxable","14":"purchasable","15":"product-type-variable"},"exclude_global_add_ons":[],"addons":[],"acf":[],"_links":{"self":[{"href":"https:\/\/www.tovenco.se\/no\/wp-json\/wp\/v2\/product\/12343","targetHints":{"allow":["GET"]}}],"collection":[{"href":"https:\/\/www.tovenco.se\/no\/wp-json\/wp\/v2\/product"}],"about":[{"href":"https:\/\/www.tovenco.se\/no\/wp-json\/wp\/v2\/types\/product"}],"wp:featuredmedia":[{"embeddable":true,"href":"https:\/\/www.tovenco.se\/no\/wp-json\/wp\/v2\/media\/9099"}],"wp:attachment":[{"href":"https:\/\/www.tovenco.se\/no\/wp-json\/wp\/v2\/media?parent=12343"}],"wp:term":[{"taxonomy":"product_brand","embeddable":true,"href":"https:\/\/www.tovenco.se\/no\/wp-json\/wp\/v2\/product_brand?post=12343"},{"taxonomy":"product_cat","embeddable":true,"href":"https:\/\/www.tovenco.se\/no\/wp-json\/wp\/v2\/product_cat?post=12343"},{"taxonomy":"product_tag","embeddable":true,"href":"https:\/\/www.tovenco.se\/no\/wp-json\/wp\/v2\/product_tag?post=12343"}],"curies":[{"name":"wp","href":"https:\/\/api.w.org\/{rel}","templated":true}]}}