{"id":12342,"date":"2018-10-17T08:59:36","date_gmt":"2018-10-17T06:59:36","guid":{"rendered":"https:\/\/www.tovenco.se\/produkt\/tovenco-spjeldsystem-tds-vegg-for-leilighet-med-sentral-ventilasjon\/"},"modified":"2018-10-17T08:59:36","modified_gmt":"2018-10-17T06:59:36","slug":"tovenco-spjeldsystem-tds-vegg-for-leilighet-med-sentral-ventilasjon","status":"publish","type":"product","link":"https:\/\/www.tovenco.se\/no\/produkt\/tovenco-spjeldsystem-tds-vegg-for-leilighet-med-sentral-ventilasjon\/","title":{"rendered":"Tovenco spjeldsystem TDS vegg\/for leilighet med sentral ventilasjon"},"content":{"rendered":"<p><strong>Implementering:<\/strong><\/p>\n<p><strong>Rustfritt st\u00e5l 2-filter: <\/strong>Innebygde m\u00e5l <strong>405 x 365 x 264 mm<\/strong>, belysning 3 x 1,6W LED<\/p>\n<p><strong>Rustfritt st\u00e5l 3-filter: <\/strong>Innebygde dimensjoner <strong>605 x 365 x 264 mm<\/strong>, belysning 4 x 1,6W LED<\/p>\n<p><strong>Rustfritt st\u00e5l 4-filter:<\/strong> Innebygde dimensjoner<strong> 805 x 365 x 264 mm<\/strong>, belysning 5 x 1,6W LED<\/p>\n<p>Styring for leilighet med sentralventilasjon, filtervakt, dimbar LED, strikkede metallfiltre, tilkobling \u00d8125 mm -Alternativet der sentral vifteenhet betjener leilighetene. Tovenco-hettene er utstyrt med et motorisert spjeld i rustfritt st\u00e5l. Spjeldfunksjonen er t\u00f8mmerstyrt med enkel justering av grunn- og tvangsstr\u00f8mmer. Sluttkontakt for styring av f.eks. ventilasjonsaggregater etc.    <\/p>\n<h3>Spesifikasjon<\/h3>\n<ul>\n<li>Innebygd filter for leilighet med sentral ventilasjon<\/li>\n<li>Fem forskjellige st\u00f8rrelser<\/li>\n<li>Utf\u00f8relse i rustfritt st\u00e5l<\/li>\n<li>Fjernkontroll som tilbeh\u00f8r<\/li>\n<\/ul>\n<p><strong>Leveringstid ca. 10 virkedager.  <\/strong><\/p>\n","protected":false},"excerpt":{"rendered":"<p>Veggmontert innbyggingsvifte i rustfritt st\u00e5l, designet for leiligheter med sentral ventilasjon (FT\/FTX-system). Utstyrt med motorisert spjeld med treverk, dimbar LED-belysning, strikkede metallfiltre, filterbeskyttelse og \u00d8125 mm-tilkobling. Tilgjengelig i flere st\u00f8rrelser &#8211; fra 405x365x264 mm til 805x365x264 mm. Fjernkontroll tilbys som ekstrautstyr.   <\/p>\n","protected":false},"featured_media":9081,"template":"","meta":{"_acf_changed":false},"product_brand":[],"product_cat":[251,201,202],"product_tag":[],"class_list":{"0":"post-12342","1":"product","2":"type-product","3":"status-publish","4":"has-post-thumbnail","6":"product_cat-innebygd-kjokkenhetter","7":"product_cat-kjokkenhetter-og-avtrekkshetter","8":"product_cat-kjokkenvifter-for-sentral-ventilasjon","10":"first","11":"instock","12":"taxable","13":"shipping-taxable","14":"purchasable","15":"product-type-variable"},"exclude_global_add_ons":[],"addons":[],"acf":[],"_links":{"self":[{"href":"https:\/\/www.tovenco.se\/no\/wp-json\/wp\/v2\/product\/12342","targetHints":{"allow":["GET"]}}],"collection":[{"href":"https:\/\/www.tovenco.se\/no\/wp-json\/wp\/v2\/product"}],"about":[{"href":"https:\/\/www.tovenco.se\/no\/wp-json\/wp\/v2\/types\/product"}],"wp:featuredmedia":[{"embeddable":true,"href":"https:\/\/www.tovenco.se\/no\/wp-json\/wp\/v2\/media\/9081"}],"wp:attachment":[{"href":"https:\/\/www.tovenco.se\/no\/wp-json\/wp\/v2\/media?parent=12342"}],"wp:term":[{"taxonomy":"product_brand","embeddable":true,"href":"https:\/\/www.tovenco.se\/no\/wp-json\/wp\/v2\/product_brand?post=12342"},{"taxonomy":"product_cat","embeddable":true,"href":"https:\/\/www.tovenco.se\/no\/wp-json\/wp\/v2\/product_cat?post=12342"},{"taxonomy":"product_tag","embeddable":true,"href":"https:\/\/www.tovenco.se\/no\/wp-json\/wp\/v2\/product_tag?post=12342"}],"curies":[{"name":"wp","href":"https:\/\/api.w.org\/{rel}","templated":true}]}}