{"id":12309,"date":"2019-08-09T12:30:58","date_gmt":"2019-08-09T10:30:58","guid":{"rendered":"https:\/\/www.tovenco.se\/produkt\/tigre\/"},"modified":"2025-07-10T12:13:01","modified_gmt":"2025-07-10T10:13:01","slug":"tigre","status":"publish","type":"product","link":"https:\/\/www.tovenco.se\/no\/produkt\/tigre\/","title":{"rendered":"Tiger"},"content":{"rendered":"<p><strong>Spesifikasjon<\/strong><\/p>\n<p><strong>Type:<\/strong> Underkonstruksjonsmodell for leilighet med sentral ventilasjon<\/p>\n<p><strong>H\u00f8yde<\/strong>: 15 cm<\/p>\n<p><strong>Bredde<\/strong>: 40, 50, 60, 70, 80, 90 cm<\/p>\n<p><strong>Dybde:<\/strong> 52 cm<\/p>\n<p><strong>Materiale, farge:<\/strong> Rustfritt st\u00e5l, Svart, Hvit, Alle farger<\/p>\n<p><strong>Belysning<\/strong>: LED &#8211; Strip<\/p>\n<p><strong>Leveringstid ca. 10-15 virkedager. <\/strong><\/p>\n<p>Denne hetten er vurdert av: Sunda Hus og Byggvarubed\u00f6mmingen<\/p>\n<p>Denne hetten er testet p\u00e5: RISE<\/p>\n<p><a href=\"https:\/\/www.tovenco.se\/wp-content\/uploads\/2025\/03\/Diagram-Tiger.png\"><img loading=\"lazy\" decoding=\"async\" class=\"alignnone size-full wp-image-9621\" src=\"https:\/\/www.tovenco.se\/wp-content\/uploads\/2025\/03\/Diagram-Tiger.png\" alt=\"\" width=\"498\" height=\"245\" \/><\/a><\/p>\n","protected":false},"excerpt":{"rendered":"<p><span data-sheets-root=\"1\">Tiger er en volumhette med lav profil og kraftig ytelse i et stilrent design. Den integrerte LED-belysningen med dimmerfunksjon og myk start skaper et behagelig arbeidslys. Med ber\u00f8ringspanel, strikkede metallfiltre og elektrisk spjeldregulering er dette en funksjonell og moderne l\u00f8sning for kj\u00f8kken med ekstern avtrekksvifte. Tilgjengelig i flere farger og tilpassede alternativer. <\/span><\/p>\n","protected":false},"featured_media":10314,"template":"","meta":{"_acf_changed":false},"product_brand":[],"product_cat":[201,202,220,219],"product_tag":[],"class_list":{"0":"post-12309","1":"product","2":"type-product","3":"status-publish","4":"has-post-thumbnail","6":"product_cat-kjokkenhetter-og-avtrekkshetter","7":"product_cat-kjokkenvifter-for-sentral-ventilasjon","8":"product_cat-vifter-under-karosseriet","9":"product_cat-volumhetter-for-sentral-ventilasjon","10":"pa_bredd-40-cm-no","11":"pa_bredd-50-cm-no","12":"pa_bredd-60-cm-no","13":"pa_bredd-70-cm-no","14":"pa_bredd-80-cm-no","15":"pa_bredd-90-cm-no","16":"pa_farg-hvit-glass","17":"pa_farg-rustfritt-stal-glass","18":"pa_farg-svart-glass","19":"pa_flaktsystem-attr-tds-for-leilighet-med-sentral-ventilasjon","21":"first","22":"instock","23":"taxable","24":"shipping-taxable","25":"purchasable","26":"product-type-variable"},"exclude_global_add_ons":[],"addons":[],"acf":[],"_links":{"self":[{"href":"https:\/\/www.tovenco.se\/no\/wp-json\/wp\/v2\/product\/12309","targetHints":{"allow":["GET"]}}],"collection":[{"href":"https:\/\/www.tovenco.se\/no\/wp-json\/wp\/v2\/product"}],"about":[{"href":"https:\/\/www.tovenco.se\/no\/wp-json\/wp\/v2\/types\/product"}],"wp:featuredmedia":[{"embeddable":true,"href":"https:\/\/www.tovenco.se\/no\/wp-json\/wp\/v2\/media\/10314"}],"wp:attachment":[{"href":"https:\/\/www.tovenco.se\/no\/wp-json\/wp\/v2\/media?parent=12309"}],"wp:term":[{"taxonomy":"product_brand","embeddable":true,"href":"https:\/\/www.tovenco.se\/no\/wp-json\/wp\/v2\/product_brand?post=12309"},{"taxonomy":"product_cat","embeddable":true,"href":"https:\/\/www.tovenco.se\/no\/wp-json\/wp\/v2\/product_cat?post=12309"},{"taxonomy":"product_tag","embeddable":true,"href":"https:\/\/www.tovenco.se\/no\/wp-json\/wp\/v2\/product_tag?post=12309"}],"curies":[{"name":"wp","href":"https:\/\/api.w.org\/{rel}","templated":true}]}}