{"id":12296,"date":"2019-05-18T07:52:50","date_gmt":"2019-05-18T05:52:50","guid":{"rendered":"https:\/\/www.tovenco.se\/produkt\/ventura-fritthengende\/"},"modified":"2019-05-18T07:52:50","modified_gmt":"2019-05-18T05:52:50","slug":"ventura-fritthengende","status":"publish","type":"product","link":"https:\/\/www.tovenco.se\/no\/produkt\/ventura-fritthengende\/","title":{"rendered":"Ventura Fritthengende"},"content":{"rendered":"<h3>Spesifikasjon<\/h3>\n<ul>\n<li><strong>Type:<\/strong> Fritthengende<\/li>\n<li><strong>H\u00f8yde:<\/strong> 35 cm + spesialtilpasset kanal<\/li>\n<li><strong>Bredde: <\/strong>80, 90, 100 cm<\/li>\n<li><strong>Dybde:<\/strong> 60 cm<\/li>\n<li><strong>Materiale, farge:<\/strong> Rustfritt st\u00e5l, Svart, Hvit, Alle farger<\/li>\n<li><strong>Belysning:<\/strong> Dimmerstyrt LED, 2-8 trinnvis inn- og utkobling<\/li>\n<\/ul>\n<p>Leveringstid ca. 10-15 virkedager.<\/p>\n","protected":false},"excerpt":{"rendered":"<p>Stilig, fritthengende kj\u00f8kkenvifte i rustfritt st\u00e5l, svart, hvit eller valgfri farge. Utstyrt med innebygd EC-motor, dimbar LED-belysning og ber\u00f8ringspanel. Effektiv luftkapasitet og metallfilter &#8211; kan tilpasses med karbon- eller plasmafilter.  <\/p>\n","protected":false},"featured_media":10328,"template":"","meta":{"_acf_changed":false},"product_brand":[],"product_cat":[215,201,202,203],"product_tag":[],"class_list":{"0":"post-12296","1":"product","2":"type-product","3":"status-publish","4":"has-post-thumbnail","6":"product_cat-fritthengende-kjokkenhetter","7":"product_cat-kjokkenhetter-og-avtrekkshetter","8":"product_cat-kjokkenvifter-for-sentral-ventilasjon","9":"product_cat-vifter-med-kullfilter","10":"pa_bredd-100-cm-no","11":"pa_bredd-80-cm-no","12":"pa_bredd-90-cm-no","13":"pa_farg-farge-etter-eget-valg","14":"pa_farg-hvit","15":"pa_farg-rustfritt-stal","16":"pa_farg-svart-no","17":"pa_flaktsystem-attr-tds-for-leilighet-med-sentral-ventilasjon","18":"pa_flaktsystem-attr-tds-for-ventilasjon-av-kjokken-vatrom","19":"pa_flaktsystem-attr-tes-ac-med-styring-for-ekstern-motor-pa-tak-vind","20":"pa_flaktsystem-attr-tes-ec-med-styring-for-ekstern-motor-pa-tak-vind","21":"pa_flaktsystem-attr-tes-for-ekstern-motor-pa-tak-vind","22":"pa_flaktsystem-attr-tis-ec-innebygd-vifte-i-panseret","23":"pa_flaktsystem-attr-tis-integrert-vifte-i-panseret","25":"first","26":"instock","27":"featured","28":"taxable","29":"shipping-taxable","30":"purchasable","31":"product-type-variable"},"exclude_global_add_ons":false,"addons":[{"name":"For alle farger, skriv inn \u00f8nsket fargekode","type":"custom_text","position":0,"required":false,"title_format":"label","default":"","description_enable":false,"description":null,"placeholder_enable":false,"placeholder":null,"display":"select","restrictions_type":"any_text","adjust_price":false,"price":"","price_type":"quantity_based","restrictions":false,"min":"0","max":"0","options":[],"id":1726649972},{"name":"Angi \u00f8nsket totalh\u00f8yde p\u00e5 lokket + kanal","type":"heading","position":1,"required":false,"title_format":"label","default":"","description_enable":true,"description":"Hetteh\u00f8yde 350 mm + kanal som kan tilpasses opp til 1000 mm. Vi anbefaler 700 mm mellom komfyr og underkant av hette for gassovner, og vi anbefaler fritthengende hette. ","placeholder_enable":false,"placeholder":null,"display":"select","restrictions_type":"any_text","adjust_price":false,"price":"","price_type":"flat_fee","restrictions":false,"min":"0","max":"0","options":[],"id":1726649973},{"name":"350-1000 mm","type":"custom_text","position":2,"required":false,"title_format":"label","default":"","description_enable":false,"description":null,"placeholder_enable":false,"placeholder":null,"display":"select","restrictions_type":"only_numbers","adjust_price":false,"price":"","price_type":"quantity_based","restrictions":false,"min":"0","max":"0","options":[],"id":1726649974},{"name":"1001-1500 mm","type":"custom_text","position":3,"required":false,"title_format":"label","default":"","description_enable":false,"description":null,"placeholder_enable":false,"placeholder":null,"display":"select","restrictions_type":"only_numbers","adjust_price":true,"price":"1416","price_type":"quantity_based","restrictions":false,"min":"0","max":"0","options":[],"id":1726649975},{"name":"1501-2000 mm","type":"custom_text","position":4,"required":false,"title_format":"label","default":"","description_enable":false,"description":null,"placeholder_enable":false,"placeholder":null,"display":"select","restrictions_type":"only_numbers","adjust_price":true,"price":"2832","price_type":"quantity_based","restrictions":false,"min":"0","max":"0","options":[],"id":1726649976},{"name":"2001-2500 mm","type":"custom_text","position":5,"required":false,"title_format":"label","default":"","description_enable":false,"description":null,"placeholder_enable":false,"placeholder":null,"display":"select","restrictions_type":"only_numbers","adjust_price":true,"price":"3862","price_type":"quantity_based","restrictions":false,"min":"0","max":"0","options":[],"id":1726649977},{"name":"Viftesystem","type":"multiple_choice","position":6,"required":true,"title_format":"heading","default":"","description_enable":true,"description":"Du kan lese mer om de ulike viftealternativene her: <a style=\"font-weight:bold\" target=\"_blank\" href=\"https:\/\/tovenco.se\/flaktsystem\/\">Viftesystemer<\/a>","placeholder_enable":false,"placeholder":null,"display":"select","restrictions_type":"any_text","adjust_price":false,"price":"","price_type":"flat_fee","restrictions":false,"min":"0","max":"0","options":[{"label":"TIS-EC - Innebygd vifte i hetten","price":"","price_type":"quantity_based","image":0,"visibility":true},{"label":"TES AC - For ekstern motor p\u00e5 tak\/vind","price":"-920","price_type":"quantity_based","image":0,"visibility":true},{"label":"TES EC - For ekstern motor p\u00e5 tak\/vind","price":"-920","price_type":"quantity_based","image":0,"visibility":true},{"label":"TDS - For leilighet med sentral ventilasjon","price":"","price_type":"quantity_based","image":0,"visibility":true},{"label":"TDS+EC - For ventilasjon i kj\u00f8kken\/stue","price":"1063","price_type":"quantity_based","image":0,"visibility":true},{"label":"TDS+AC - For ventilasjon i kj\u00f8kken\/stue","price":"1063","price_type":"quantity_based","image":0,"visibility":true},{"label":"TFS - Karbonfiltersystem","price":"1940","price_type":"quantity_based","image":0,"visibility":true}],"id":1726649978},{"name":"Plasmafilter Tovenco","type":"multiple_choice","position":7,"required":true,"title_format":"heading","default":"","description_enable":false,"description":null,"placeholder_enable":false,"placeholder":null,"display":"select","restrictions_type":"any_text","adjust_price":false,"price":"","price_type":"flat_fee","restrictions":false,"min":"0","max":"0","options":[{"label":"Nei, det er det ikke.","price":"","price_type":"quantity_based","image":0,"visibility":true},{"label":"Plasmafilter 650\/150","price":"7519","price_type":"quantity_based","image":0,"visibility":true},{"label":"Plasmafilter 1000\/210","price":"8446","price_type":"quantity_based","image":0,"visibility":true}],"id":1726649979},{"name":"\u00d8nsket slashing","type":"multiple_choice","position":8,"required":true,"title_format":"heading","default":"","description_enable":true,"description":"Hvis \"ja\", kontakter vi deg for n\u00f8yaktige m\u00e5l og eventuelt en tegning. Prisen kan bli justert i etterkant.  ","placeholder_enable":false,"placeholder":null,"display":"select","restrictions_type":"any_text","adjust_price":false,"price":"","price_type":"flat_fee","restrictions":false,"min":"0","max":"0","options":[{"label":"Nei, det er det ikke.","price":"","price_type":"quantity_based","image":0,"visibility":true},{"label":"Ja","price":"1699","price_type":"quantity_based","image":0,"visibility":true}],"id":1726649980},{"name":"Finish (kun kanal)","type":"multiple_choice","position":9,"required":true,"title_format":"heading","default":"","description_enable":true,"description":"<div class=\"ytfinish\"><img src=\"https:\/\/www.tovenco.se\/wp-content\/uploads\/2025\/03\/ytfinish_koppar.jpg\"><p style=\"text-align:center\">Kobber<\/p><\/div><div class=\"ytfinish\"><img src=\"https:\/\/www.tovenco.se\/wp-content\/uploads\/2025\/03\/ytfinish_massing.jpg\"><p style=\"text-align:center\">Messing<\/p><\/div><div class=\"ytfinish\"><img src=\"https:\/\/www.tovenco.se\/wp-content\/uploads\/2025\/03\/ytfinish_brons2.jpg\"><p style=\"text-align:center\">Bronse<\/p><\/div><div class=\"ytfinish\"><img src=\"https:\/\/www.tovenco.se\/wp-content\/uploads\/2025\/03\/ytfinish_svart.jpg\"><p style=\"text-align:center\">Svart<\/p><\/div>","placeholder_enable":false,"placeholder":null,"display":"select","restrictions_type":"any_text","adjust_price":false,"price":"","price_type":"flat_fee","restrictions":false,"min":"0","max":"0","options":[{"label":"Nei, det er det ikke.","price":"","price_type":"quantity_based","image":0,"visibility":true},{"label":"Kobber","price":"1962","price_type":"quantity_based","image":0,"visibility":true},{"label":"Messing","price":"1962","price_type":"quantity_based","image":0,"visibility":true},{"label":"Bronse","price":"1962","price_type":"quantity_based","image":0,"visibility":true},{"label":"Svart","price":"1962","price_type":"quantity_based","image":0,"visibility":true}],"id":1726649981},{"name":"Fjernkontroll","type":"multiple_choice","position":10,"required":true,"title_format":"heading","default":"","description_enable":false,"description":null,"placeholder_enable":false,"placeholder":null,"display":"select","restrictions_type":"any_text","adjust_price":false,"price":"","price_type":"flat_fee","restrictions":false,"min":"0","max":"0","options":[{"label":"Nei, det er det ikke.","price":"","price_type":"quantity_based","image":0,"visibility":true},{"label":"Ja","price":"2054","price_type":"quantity_based","image":0,"visibility":true}],"id":1726649982},{"name":"Slangesett","type":"multiple_choice","position":11,"required":false,"title_format":"heading","default":"","description_enable":false,"description":null,"placeholder_enable":false,"placeholder":null,"display":"select","restrictions_type":"any_text","adjust_price":false,"price":"","price_type":"flat_fee","restrictions":false,"min":"0","max":"0","options":[{"label":"Nei, det er det ikke.","price":"","price_type":"quantity_based","image":0,"visibility":true},{"label":"\u00d8125 - 1,2 meter","price":"248","price_type":"quantity_based","image":0,"visibility":true},{"label":"\u00d8160 - 1,2 meter","price":"312","price_type":"quantity_based","image":0,"visibility":true}],"id":1726649983}],"acf":[],"_links":{"self":[{"href":"https:\/\/www.tovenco.se\/no\/wp-json\/wp\/v2\/product\/12296","targetHints":{"allow":["GET"]}}],"collection":[{"href":"https:\/\/www.tovenco.se\/no\/wp-json\/wp\/v2\/product"}],"about":[{"href":"https:\/\/www.tovenco.se\/no\/wp-json\/wp\/v2\/types\/product"}],"wp:featuredmedia":[{"embeddable":true,"href":"https:\/\/www.tovenco.se\/no\/wp-json\/wp\/v2\/media\/10328"}],"wp:attachment":[{"href":"https:\/\/www.tovenco.se\/no\/wp-json\/wp\/v2\/media?parent=12296"}],"wp:term":[{"taxonomy":"product_brand","embeddable":true,"href":"https:\/\/www.tovenco.se\/no\/wp-json\/wp\/v2\/product_brand?post=12296"},{"taxonomy":"product_cat","embeddable":true,"href":"https:\/\/www.tovenco.se\/no\/wp-json\/wp\/v2\/product_cat?post=12296"},{"taxonomy":"product_tag","embeddable":true,"href":"https:\/\/www.tovenco.se\/no\/wp-json\/wp\/v2\/product_tag?post=12296"}],"curies":[{"name":"wp","href":"https:\/\/api.w.org\/{rel}","templated":true}]}}