{"id":12286,"date":"2019-05-08T11:55:39","date_gmt":"2019-05-08T09:55:39","guid":{"rendered":"https:\/\/www.tovenco.se\/produkt\/hood\/"},"modified":"2025-07-10T13:49:56","modified_gmt":"2025-07-10T11:49:56","slug":"hood","status":"publish","type":"product","link":"https:\/\/www.tovenco.se\/no\/produkt\/hood\/","title":{"rendered":"Hood"},"content":{"rendered":"<h3>Spesifikasjon<\/h3>\n<p>V\u00e6r oppmerksom p\u00e5 at ekstern viftemotor ikke er inkludert i prisen. Tak- og loftsvifter finner du under fanen EKSTERNVIFTER<\/p>\n<ul>\n<li><strong>Type:<\/strong> Fritthengende modell<\/li>\n<li><strong>H\u00f8yde:<\/strong> 40 cm<\/li>\n<li><strong>Bredde: <\/strong>120 cm<\/li>\n<li><strong>Dybde:<\/strong> 70 cm<\/li>\n<li><strong>Materiale, <\/strong>b\u00f8rstet rustfritt st\u00e5l EN 1.4301, glass<\/li>\n<li><strong>Farge: <\/strong>Svart, hvit, hvilken som helst farge<\/li>\n<li><strong>Belysning:<\/strong> Dimmerstyrt LED, 2-8 trinnvis inn- og utkobling<\/li>\n<li><strong>Fjernkontroll:<\/strong> Inkludert<\/li>\n<\/ul>\n<p>Leveringstid ca. 10-15 virkedager.<\/p>\n","protected":false},"excerpt":{"rendered":"<p>Stilig, fritthengende vifte inspirert av det profesjonelle storkj\u00f8kkenet. HOOD kombinerer industriell stil med moderne ytelse &#8211; perfekt for hjemmekj\u00f8kkenet med \u00e5pen planl\u00f8sning. Utstyrt med energieffektiv EC-motor (A+), dimbar LED-belysning, fjernkontroll og metallfilter som kan vaskes i maskin.<\/p>\n","protected":false},"featured_media":10499,"template":"","meta":{"_acf_changed":false},"product_brand":[],"product_cat":[215,201,226],"product_tag":[],"class_list":{"0":"post-12286","1":"product","2":"type-product","3":"status-publish","4":"has-post-thumbnail","6":"product_cat-fritthengende-kjokkenhetter","7":"product_cat-kjokkenhetter-og-avtrekkshetter","8":"product_cat-takintegrerte-avtrekkshetter","9":"pa_bredd-120-cm-no","10":"pa_farg-hvit-glass","11":"pa_farg-rustfritt-stal-glass","12":"pa_farg-svart-glass","13":"pa_flaktsystem-attr-tes-ac-med-styring-for-ekstern-motor-pa-tak-vind","14":"pa_flaktsystem-attr-tes-ec-med-styring-for-ekstern-motor-pa-tak-vind","15":"pa_flaktsystem-attr-tis-ec-innebygd-vifte-i-panseret","17":"first","18":"instock","19":"featured","20":"taxable","21":"shipping-taxable","22":"purchasable","23":"product-type-variable"},"exclude_global_add_ons":[],"addons":[],"acf":[],"_links":{"self":[{"href":"https:\/\/www.tovenco.se\/no\/wp-json\/wp\/v2\/product\/12286","targetHints":{"allow":["GET"]}}],"collection":[{"href":"https:\/\/www.tovenco.se\/no\/wp-json\/wp\/v2\/product"}],"about":[{"href":"https:\/\/www.tovenco.se\/no\/wp-json\/wp\/v2\/types\/product"}],"wp:featuredmedia":[{"embeddable":true,"href":"https:\/\/www.tovenco.se\/no\/wp-json\/wp\/v2\/media\/10499"}],"wp:attachment":[{"href":"https:\/\/www.tovenco.se\/no\/wp-json\/wp\/v2\/media?parent=12286"}],"wp:term":[{"taxonomy":"product_brand","embeddable":true,"href":"https:\/\/www.tovenco.se\/no\/wp-json\/wp\/v2\/product_brand?post=12286"},{"taxonomy":"product_cat","embeddable":true,"href":"https:\/\/www.tovenco.se\/no\/wp-json\/wp\/v2\/product_cat?post=12286"},{"taxonomy":"product_tag","embeddable":true,"href":"https:\/\/www.tovenco.se\/no\/wp-json\/wp\/v2\/product_tag?post=12286"}],"curies":[{"name":"wp","href":"https:\/\/api.w.org\/{rel}","templated":true}]}}