{"id":12283,"date":"2019-01-22T12:13:49","date_gmt":"2019-01-22T11:13:49","guid":{"rendered":"https:\/\/www.tovenco.se\/produkt\/super-foam-rengjoringsprodukt-for-rustfritt-stal-og-andre-materialer\/"},"modified":"2019-01-22T12:13:49","modified_gmt":"2019-01-22T11:13:49","slug":"super-foam-rengjoringsprodukt-for-rustfritt-stal-og-andre-materialer","status":"publish","type":"product","link":"https:\/\/www.tovenco.se\/no\/produkt\/super-foam-rengjoringsprodukt-for-rustfritt-stal-og-andre-materialer\/","title":{"rendered":"Super Foam, rengj\u00f8ringsprodukt for rustfritt st\u00e5l og andre materialer"},"content":{"rendered":"<p>SUPER FOAM KITCHEN 500 ml<\/p>\n<ul>\n<li class=\"\" data-start=\"101\" data-end=\"135\">\n<p class=\"\" data-start=\"103\" data-end=\"135\">Er god p\u00e5 rustfritt st\u00e5l<\/p>\n<\/li>\n<li class=\"\" data-start=\"136\" data-end=\"188\">\n<p class=\"\" data-start=\"138\" data-end=\"188\">L\u00f8ser opp kaffeflekker, matrester, fett, olje osv.<\/p>\n<\/li>\n<li class=\"\" data-start=\"189\" data-end=\"237\">\n<p class=\"\" data-start=\"191\" data-end=\"237\">Utmerket for rengj\u00f8ring av tekstiler<\/p>\n<\/li>\n<li class=\"\" data-start=\"238\" data-end=\"295\">\n<p class=\"\" data-start=\"240\" data-end=\"295\">Flott p\u00e5 glass og speil uten regnbueeffekter<\/p>\n<\/li>\n<li class=\"\" data-start=\"296\" data-end=\"358\">\n<p class=\"\" data-start=\"298\" data-end=\"358\">Rengj\u00f8ring av platetoppen i kombinasjon med barberbladskrape<\/p>\n<\/li>\n<li class=\"\" data-start=\"359\" data-end=\"431\">\n<p class=\"\" data-start=\"361\" data-end=\"431\">Kan brukes b\u00e5de p\u00e5 innsiden og utsiden av mikrob\u00f8lgeovner<\/p>\n<\/li>\n<li class=\"\" data-start=\"359\" data-end=\"431\">\n<p class=\"\" data-start=\"361\" data-end=\"431\"><strong data-start=\"434\" data-end=\"448\">Super foam <\/strong>er Green World- og NSF-klassifisert som A1, den h\u00f8yeste klassifiseringen for bruk i matproduksjon.<\/p>\n<\/li>\n<\/ul>\n<p class=\"\" data-start=\"361\" data-end=\"431\">Se hvor effektivt produktet er her:<br data-start=\"603\" data-end=\"606\"><a class=\"\" href=\"https:\/\/www.youtube.com\/watch?v=4owjLJDElvM\" target=\"_new\" rel=\"noopener\" data-start=\"608\" data-end=\"651\">https:\/\/www.youtube.com\/watch?v=4owjLJDElvM<\/a><\/p>\n","protected":false},"excerpt":{"rendered":"","protected":false},"featured_media":10171,"template":"","meta":{"_acf_changed":false},"product_brand":[],"product_cat":[233],"product_tag":[],"class_list":{"0":"post-12283","1":"product","2":"type-product","3":"status-publish","4":"has-post-thumbnail","6":"product_cat-tilbehor-til-avtrekkshetter","8":"first","9":"instock","10":"taxable","11":"shipping-taxable","12":"purchasable","13":"product-type-simple"},"exclude_global_add_ons":[],"addons":[],"acf":[],"_links":{"self":[{"href":"https:\/\/www.tovenco.se\/no\/wp-json\/wp\/v2\/product\/12283","targetHints":{"allow":["GET"]}}],"collection":[{"href":"https:\/\/www.tovenco.se\/no\/wp-json\/wp\/v2\/product"}],"about":[{"href":"https:\/\/www.tovenco.se\/no\/wp-json\/wp\/v2\/types\/product"}],"wp:featuredmedia":[{"embeddable":true,"href":"https:\/\/www.tovenco.se\/no\/wp-json\/wp\/v2\/media\/10171"}],"wp:attachment":[{"href":"https:\/\/www.tovenco.se\/no\/wp-json\/wp\/v2\/media?parent=12283"}],"wp:term":[{"taxonomy":"product_brand","embeddable":true,"href":"https:\/\/www.tovenco.se\/no\/wp-json\/wp\/v2\/product_brand?post=12283"},{"taxonomy":"product_cat","embeddable":true,"href":"https:\/\/www.tovenco.se\/no\/wp-json\/wp\/v2\/product_cat?post=12283"},{"taxonomy":"product_tag","embeddable":true,"href":"https:\/\/www.tovenco.se\/no\/wp-json\/wp\/v2\/product_tag?post=12283"}],"curies":[{"name":"wp","href":"https:\/\/api.w.org\/{rel}","templated":true}]}}