{"id":12281,"date":"2022-11-14T12:03:28","date_gmt":"2022-11-14T11:03:28","guid":{"rendered":"https:\/\/www.tovenco.se\/produkt\/shiraz-slide-ii-60\/"},"modified":"2022-11-14T12:03:28","modified_gmt":"2022-11-14T11:03:28","slug":"shiraz-slide-ii-60","status":"publish","type":"product","link":"https:\/\/www.tovenco.se\/no\/produkt\/shiraz-slide-ii-60\/","title":{"rendered":"Shiraz Slide II 60"},"content":{"rendered":"<h3>Spesifikasjon<\/h3>\n<ul>\n<li><strong>H\u00f8yde:<\/strong> 4 cm<\/li>\n<li><strong>Bredde:<\/strong> 60 cm<\/li>\n<li><strong>Dybde:<\/strong> 28-43 cm<\/li>\n<li><strong>Materiale, farge:<\/strong> Rustfritt st\u00e5l med svart glasspanel<\/li>\n<li><strong>Belysning:<\/strong> LED 2\u00d71 W LED 3000\u00b0K<\/li>\n<li><strong>Type:<\/strong> Understellsvifte<\/li>\n<\/ul>\n<p><strong>Leveringstid ca. 3-7 virkedager.  <\/strong><\/p>\n","protected":false},"excerpt":{"rendered":"<p>Utstyrt med LED-belysning, metallfilter og tre hastigheter + intensivmodus. Effektiv luftrensing opp til 618 m\u00b3\/t med lavt st\u00f8yniv\u00e5 (46-68 dB). Ideell for kj\u00f8kken med begrenset plass. Tilkobling \u00d8150\/120 mm. Kullfilter er tilgjengelig som ekstrautstyr.    <\/p>\n","protected":false},"featured_media":10302,"template":"","meta":{"_acf_changed":false},"product_brand":[],"product_cat":[201,203,220],"product_tag":[],"class_list":{"0":"post-12281","1":"product","2":"type-product","3":"status-publish","4":"has-post-thumbnail","6":"product_cat-kjokkenhetter-og-avtrekkshetter","7":"product_cat-vifter-med-kullfilter","8":"product_cat-vifter-under-karosseriet","9":"pa_flaktsystem-attr-tis-integrert-vifte-i-panseret","11":"first","12":"instock","13":"featured","14":"taxable","15":"shipping-taxable","16":"purchasable","17":"product-type-simple"},"exclude_global_add_ons":false,"addons":[{"name":"Kullfilter","type":"multiple_choice","position":0,"required":true,"title_format":"heading","default":"","description_enable":true,"description":"Vil du bestille viften din med kullfilter? V\u00e6r oppmerksom p\u00e5 at minimumsh\u00f8yden p\u00e5 hetten + kanal med kullfilter er 707 mm.   ","placeholder_enable":false,"placeholder":null,"display":"select","restrictions_type":"any_text","adjust_price":false,"price":"","price_type":"flat_fee","restrictions":false,"min":"0","max":"0","options":[{"label":"Nei, det er det ikke.","price":"","price_type":"quantity_based","image":0,"visibility":true},{"label":"Ja","price":"412","price_type":"quantity_based","image":0,"visibility":true}],"id":1738061671},{"name":"Tovenco Plasmafilter","type":"multiple_choice","position":1,"required":true,"title_format":"label","default":"","description_enable":false,"description":null,"placeholder_enable":false,"placeholder":null,"display":"select","restrictions_type":"any_text","adjust_price":false,"price":"","price_type":"flat_fee","restrictions":false,"min":"0","max":"0","options":[{"label":"Nei, det er det ikke.","price":"","price_type":"quantity_based","image":0,"visibility":true},{"label":"Plasmafilter 650\/150","price":"7519","price_type":"quantity_based","image":0,"visibility":true},{"label":"Plasmafilter 1000\/210","price":"8446","price_type":"quantity_based","image":0,"visibility":true}],"id":1738061672},{"name":"Frontpanel","type":"multiple_choice","position":2,"required":true,"title_format":"label","default":"","description_enable":false,"description":null,"placeholder_enable":false,"placeholder":null,"display":"select","restrictions_type":"any_text","adjust_price":false,"price":"","price_type":"flat_fee","restrictions":false,"min":"0","max":"0","options":[{"label":"Svart","price":"","price_type":"flat_fee","image":0,"visibility":true},{"label":"Rustfritt st\u00e5l","price":"","price_type":"flat_fee","image":0,"visibility":true}],"id":1738061673}],"acf":[],"_links":{"self":[{"href":"https:\/\/www.tovenco.se\/no\/wp-json\/wp\/v2\/product\/12281","targetHints":{"allow":["GET"]}}],"collection":[{"href":"https:\/\/www.tovenco.se\/no\/wp-json\/wp\/v2\/product"}],"about":[{"href":"https:\/\/www.tovenco.se\/no\/wp-json\/wp\/v2\/types\/product"}],"wp:featuredmedia":[{"embeddable":true,"href":"https:\/\/www.tovenco.se\/no\/wp-json\/wp\/v2\/media\/10302"}],"wp:attachment":[{"href":"https:\/\/www.tovenco.se\/no\/wp-json\/wp\/v2\/media?parent=12281"}],"wp:term":[{"taxonomy":"product_brand","embeddable":true,"href":"https:\/\/www.tovenco.se\/no\/wp-json\/wp\/v2\/product_brand?post=12281"},{"taxonomy":"product_cat","embeddable":true,"href":"https:\/\/www.tovenco.se\/no\/wp-json\/wp\/v2\/product_cat?post=12281"},{"taxonomy":"product_tag","embeddable":true,"href":"https:\/\/www.tovenco.se\/no\/wp-json\/wp\/v2\/product_tag?post=12281"}],"curies":[{"name":"wp","href":"https:\/\/api.w.org\/{rel}","templated":true}]}}