{"id":12275,"date":"2022-10-27T11:23:14","date_gmt":"2022-10-27T09:23:14","guid":{"rendered":"https:\/\/www.tovenco.se\/produkt\/arneis-ii-60-cm-og-70-cm\/"},"modified":"2022-10-27T11:23:14","modified_gmt":"2022-10-27T09:23:14","slug":"arneis-ii-60-cm-og-70-cm","status":"publish","type":"product","link":"https:\/\/www.tovenco.se\/no\/produkt\/arneis-ii-60-cm-og-70-cm\/","title":{"rendered":"Arneis II 60 cm og 70 cm"},"content":{"rendered":"<h3>Spesifikasjon<\/h3>\n<ul>\n<li><strong>H\u00f8yde:<\/strong> 670 &#8211; 1100 mm<\/li>\n<li><strong>Bredde:<\/strong> 600, 700 mm<\/li>\n<li><strong>Dybde:<\/strong> 490 mm<\/li>\n<li><strong>Materiale, farge:<\/strong> Rustfritt st\u00e5l\/glass<\/li>\n<li><strong>Belysning:<\/strong> LED 2\u00d71 W<\/li>\n<li><strong>Type:<\/strong> Veggmodell<\/li>\n<\/ul>\n<p><strong>Leveringstid ca. 3-7 virkedager.<\/strong><\/p>\n","protected":false},"excerpt":{"rendered":"<p>Arneis II er en stilfull vegghengt kj\u00f8kkenvifte med et buet glasspanel som gir et luftig og lett inntrykk. Den kombinerer rustfritt st\u00e5l med moderne LED-belysning og et ber\u00f8ringspanel i glass. Viften er utstyrt med en stilleg\u00e5ende motor og intensivmodus for effektiv ventilasjon. Kan brukes med b\u00e5de evakuering og kullfilter.   <\/p>\n","protected":false},"featured_media":10191,"template":"","meta":{"_acf_changed":false},"product_brand":[],"product_cat":[201,204,203],"product_tag":[],"class_list":{"0":"post-12275","1":"product","2":"type-product","3":"status-publish","4":"has-post-thumbnail","6":"product_cat-kjokkenhetter-og-avtrekkshetter","7":"product_cat-veggmonterte-avtrekkshetter","8":"product_cat-vifter-med-kullfilter","9":"pa_bredd-60-cm-no","10":"pa_bredd-70-cm-no","11":"pa_farg-rustfritt-stal","12":"pa_flaktsystem-attr-tis-integrert-vifte-i-panseret","14":"first","15":"instock","16":"taxable","17":"shipping-taxable","18":"purchasable","19":"product-type-variable"},"exclude_global_add_ons":false,"addons":[{"name":"Total h\u00f8yde p\u00e5 deksel + kanal","type":"heading","position":0,"required":false,"title_format":"label","default":"","description_enable":false,"description":"M\u00e5l fra bunnen av panseret til taket. Eks. Total h\u00f8yde er 1750 mm. Skriv inn totalh\u00f8yden i tekstboksen 1550-2050 mm i listen nedenfor. Hvis det ikke oppgis noe m\u00e5l, leveres hetten med en totalh\u00f8yde p\u00e5 1100 mm.      ","placeholder_enable":false,"placeholder":null,"display":"select","restrictions_type":"any_text","adjust_price":false,"price":"","price_type":"flat_fee","restrictions":false,"min":"0","max":"0","options":[],"id":1728483797},{"name":"670-1100 mm","type":"custom_text","position":1,"required":false,"title_format":"label","default":"","description_enable":false,"description":null,"placeholder_enable":false,"placeholder":null,"display":"select","restrictions_type":"only_numbers","adjust_price":false,"price":"","price_type":"quantity_based","restrictions":false,"min":"0","max":"0","options":[],"id":1728483798},{"name":"1100-1500 mm (helling inkludert p\u00e5 foresp\u00f8rsel)","type":"custom_text","position":2,"required":false,"title_format":"label","default":"","description_enable":false,"description":null,"placeholder_enable":false,"placeholder":null,"display":"select","restrictions_type":"only_numbers","adjust_price":true,"price":"2189","price_type":"quantity_based","restrictions":false,"min":"0","max":"0","options":[],"id":1728483799},{"name":"1500-3000 mm (helling inkludert p\u00e5 foresp\u00f8rsel)","type":"custom_text","position":3,"required":false,"title_format":"label","default":"","description_enable":false,"description":null,"placeholder_enable":false,"placeholder":null,"display":"select","restrictions_type":"only_numbers","adjust_price":true,"price":"4378","price_type":"quantity_based","restrictions":false,"min":"0","max":"0","options":[],"id":1728483800},{"name":"Kullfilter KF II rektangul\u00e6rt","type":"multiple_choice","position":4,"required":true,"title_format":"heading","default":"","description_enable":true,"description":"\u00d8nsker du \u00e5 bestille viften med kullfilter? V\u00e6r oppmerksom p\u00e5 at minimumsh\u00f8yden p\u00e5 hetten + kanal med kullfilter er 635 mm.   ","placeholder_enable":false,"placeholder":null,"display":"select","restrictions_type":"any_text","adjust_price":false,"price":"","price_type":"flat_fee","restrictions":false,"min":"0","max":"0","options":[{"label":"Nei, det er det ikke.","price":"","price_type":"quantity_based","image":0,"visibility":true},{"label":"Ja","price":"412","price_type":"quantity_based","image":0,"visibility":true}],"id":1728483801},{"name":"graders helning","type":"checkbox","position":5,"required":false,"title_format":"heading","default":"","description_enable":true,"description":"Denne boksen krysses kun av hvis du \u00f8nsker at kanalen skal graderes til standardm\u00e5l 535-965 mmGraderingshelling\/senterm\u00e5l sendes til order@tovenco.se","placeholder_enable":false,"placeholder":null,"display":"select","restrictions_type":"any_text","adjust_price":false,"price":"","price_type":"flat_fee","restrictions":false,"min":"0","max":"0","options":[{"label":"Ja","price":"2189","price_type":"quantity_based","image":0,"visibility":true}],"id":1728483802}],"acf":[],"_links":{"self":[{"href":"https:\/\/www.tovenco.se\/no\/wp-json\/wp\/v2\/product\/12275","targetHints":{"allow":["GET"]}}],"collection":[{"href":"https:\/\/www.tovenco.se\/no\/wp-json\/wp\/v2\/product"}],"about":[{"href":"https:\/\/www.tovenco.se\/no\/wp-json\/wp\/v2\/types\/product"}],"wp:featuredmedia":[{"embeddable":true,"href":"https:\/\/www.tovenco.se\/no\/wp-json\/wp\/v2\/media\/10191"}],"wp:attachment":[{"href":"https:\/\/www.tovenco.se\/no\/wp-json\/wp\/v2\/media?parent=12275"}],"wp:term":[{"taxonomy":"product_brand","embeddable":true,"href":"https:\/\/www.tovenco.se\/no\/wp-json\/wp\/v2\/product_brand?post=12275"},{"taxonomy":"product_cat","embeddable":true,"href":"https:\/\/www.tovenco.se\/no\/wp-json\/wp\/v2\/product_cat?post=12275"},{"taxonomy":"product_tag","embeddable":true,"href":"https:\/\/www.tovenco.se\/no\/wp-json\/wp\/v2\/product_tag?post=12275"}],"curies":[{"name":"wp","href":"https:\/\/api.w.org\/{rel}","templated":true}]}}