{"id":12258,"date":"2020-10-19T09:57:34","date_gmt":"2020-10-19T07:57:34","guid":{"rendered":"https:\/\/www.tovenco.se\/produkt\/twister-fritt-hengende\/"},"modified":"2020-10-19T09:57:34","modified_gmt":"2020-10-19T07:57:34","slug":"twister-fritt-hengende","status":"publish","type":"product","link":"https:\/\/www.tovenco.se\/no\/produkt\/twister-fritt-hengende\/","title":{"rendered":"Twister fritt hengende"},"content":{"rendered":"<p><strong>Eksklusiv kj\u00f8kkenvifte fra Falmec.<\/strong><\/p>\n<p>Aluminiumsfinish titan, Ioniseringssystem for luftrensing, Kantsugefunksjon, Ber\u00f8ringskontroll + l\u00f8vsensor, LED-belysning, Kombinert reaktiverbart karbon. Zeo-filter, metallfettfilter &#8211; avtakbart og vaskbart. <\/p>\n<p><strong>Utl\u00f8psomr\u00e5de<\/strong><\/p>\n<p>Bredde: 45 cm<\/p>\n<p>H\u00f8yde: 347 mm , opphengt i st\u00e5ltr\u00e5d<\/p>\n<p>Farge: Titan<\/p>\n<p>Motor og kontroller: 450 m\u00b3\/t 4 hastigheter, ber\u00f8ringskontroll + l\u00f8vsensor<\/p>\n<p>Belysning: LED 4\u00d71,2 W<\/p>\n<p>Minste avstand fra komfyren: 60 cm<\/p>\n<p><strong>Send en e-post til order@tovenco.se for \u00e5 f\u00e5 en m\u00e5lskisse<\/strong><\/p>\n<p><strong>Kun 1. p\u00e5 lager<\/strong><\/p>\n<p>Leveringstid ca. 3-5 virkedager.<\/p>\n","protected":false},"excerpt":{"rendered":"","protected":false},"featured_media":10162,"template":"","meta":{"_acf_changed":false},"product_brand":[],"product_cat":[229],"product_tag":[],"class_list":{"0":"post-12258","1":"product","2":"type-product","3":"status-publish","4":"has-post-thumbnail","6":"product_cat-uttak","8":"first","9":"outofstock","10":"sale","11":"taxable","12":"shipping-taxable","13":"purchasable","14":"product-type-simple"},"exclude_global_add_ons":[],"addons":[],"acf":[],"_links":{"self":[{"href":"https:\/\/www.tovenco.se\/no\/wp-json\/wp\/v2\/product\/12258","targetHints":{"allow":["GET"]}}],"collection":[{"href":"https:\/\/www.tovenco.se\/no\/wp-json\/wp\/v2\/product"}],"about":[{"href":"https:\/\/www.tovenco.se\/no\/wp-json\/wp\/v2\/types\/product"}],"wp:featuredmedia":[{"embeddable":true,"href":"https:\/\/www.tovenco.se\/no\/wp-json\/wp\/v2\/media\/10162"}],"wp:attachment":[{"href":"https:\/\/www.tovenco.se\/no\/wp-json\/wp\/v2\/media?parent=12258"}],"wp:term":[{"taxonomy":"product_brand","embeddable":true,"href":"https:\/\/www.tovenco.se\/no\/wp-json\/wp\/v2\/product_brand?post=12258"},{"taxonomy":"product_cat","embeddable":true,"href":"https:\/\/www.tovenco.se\/no\/wp-json\/wp\/v2\/product_cat?post=12258"},{"taxonomy":"product_tag","embeddable":true,"href":"https:\/\/www.tovenco.se\/no\/wp-json\/wp\/v2\/product_tag?post=12258"}],"curies":[{"name":"wp","href":"https:\/\/api.w.org\/{rel}","templated":true}]}}