{"id":12252,"date":"2020-10-16T06:51:55","date_gmt":"2020-10-16T04:51:55","guid":{"rendered":"https:\/\/www.tovenco.se\/produkt\/brannspjeld-125-160\/"},"modified":"2020-10-16T06:51:55","modified_gmt":"2020-10-16T04:51:55","slug":"brannspjeld-125-160","status":"publish","type":"product","link":"https:\/\/www.tovenco.se\/no\/produkt\/brannspjeld-125-160\/","title":{"rendered":"Brannspjeld 125 &amp; 160"},"content":{"rendered":"<p style=\"text-align: left;\"><strong>USESC+60<\/strong>er et CE-merket sirkul\u00e6rt brannspjeld med smeltesikring for montering i en ventilasjonskanal som g\u00e5r gjennom en bygningsdel for \u00e5 hindre spredning av brann\/branngass. ABC-SC+60 holdes i \u00e5pen stilling ved hjelp av en sikring. N\u00e5r temperaturen i kanalen overstiger 72\u00b0, utl\u00f8ses sikringen, og spjeldbladene lukkes automatisk. To l\u00e5seplater holder spjeldbladene lukket i sikkerhetsposisjon, noe som hindrer brannspredning. Merk at SC+60 ikke kan lukkes ved r\u00f8ykdeteksjon (kun temperatur), men den kan overv\u00e5kes med ABC-KSUC-enheten og FDCU-tilbeh\u00f8ret.    <\/p>\n<p style=\"text-align: left;\"><strong class=\"type\">Utf\u00f8relse<\/strong><\/p>\n<div class=\"value\">\n<p style=\"text-align: left;\">Sirkul\u00e6rt spjeld av st\u00e5lplate med en brannsikker list rundt tunnelen.<\/p>\n<ul style=\"text-align: left;\">\n<li>Gummiringstetning.<\/li>\n<li>Smeltepunkt 72 \u00b0C.<\/li>\n<li>Brannklasse: EI 60 S<\/li>\n<li>Branntester utf\u00f8res i henhold til 1366-2.<\/li>\n<\/ul>\n<p style=\"text-align: left;\"><strong class=\"type\">vesentlig<\/strong><\/p>\n<div class=\"value\">\n<p style=\"text-align: left;\">Galvanisert<\/p>\n<p style=\"text-align: left;\">Leveringstid ca. 3-5 virkedager.<\/p>\n<div class=\"value\" style=\"text-align: left;\"><\/div>\n<\/div>\n<\/div>\n","protected":false},"excerpt":{"rendered":"","protected":false},"featured_media":10120,"template":"","meta":{"_acf_changed":false},"product_brand":[],"product_cat":[233],"product_tag":[],"class_list":{"0":"post-12252","1":"product","2":"type-product","3":"status-publish","4":"has-post-thumbnail","6":"product_cat-tilbehor-til-avtrekkshetter","8":"first","9":"instock","10":"taxable","11":"shipping-taxable","12":"purchasable","13":"product-type-variable"},"exclude_global_add_ons":[],"addons":[],"acf":[],"_links":{"self":[{"href":"https:\/\/www.tovenco.se\/no\/wp-json\/wp\/v2\/product\/12252","targetHints":{"allow":["GET"]}}],"collection":[{"href":"https:\/\/www.tovenco.se\/no\/wp-json\/wp\/v2\/product"}],"about":[{"href":"https:\/\/www.tovenco.se\/no\/wp-json\/wp\/v2\/types\/product"}],"wp:featuredmedia":[{"embeddable":true,"href":"https:\/\/www.tovenco.se\/no\/wp-json\/wp\/v2\/media\/10120"}],"wp:attachment":[{"href":"https:\/\/www.tovenco.se\/no\/wp-json\/wp\/v2\/media?parent=12252"}],"wp:term":[{"taxonomy":"product_brand","embeddable":true,"href":"https:\/\/www.tovenco.se\/no\/wp-json\/wp\/v2\/product_brand?post=12252"},{"taxonomy":"product_cat","embeddable":true,"href":"https:\/\/www.tovenco.se\/no\/wp-json\/wp\/v2\/product_cat?post=12252"},{"taxonomy":"product_tag","embeddable":true,"href":"https:\/\/www.tovenco.se\/no\/wp-json\/wp\/v2\/product_tag?post=12252"}],"curies":[{"name":"wp","href":"https:\/\/api.w.org\/{rel}","templated":true}]}}