{"id":12226,"date":"2023-04-17T08:18:52","date_gmt":"2023-04-17T06:18:52","guid":{"rendered":"https:\/\/www.tovenco.se\/produkt\/arneis-90-vegg\/"},"modified":"2025-07-10T14:15:30","modified_gmt":"2025-07-10T12:15:30","slug":"arneis-90-vegg","status":"publish","type":"product","link":"https:\/\/www.tovenco.se\/no\/produkt\/arneis-90-vegg\/","title":{"rendered":"Arneis 90 Vegg"},"content":{"rendered":"<h3>Spesifikasjon<\/h3>\n<ul>\n<li><strong>H\u00f8yde:<\/strong> 535 &#8211; 995 mm<\/li>\n<li><strong>Bredde:<\/strong> 900 mm<\/li>\n<li><strong>Dybde:<\/strong> 490 mm<\/li>\n<li><strong>Materiale, farge:<\/strong> Rustfritt st\u00e5l\/glass<\/li>\n<li><strong>Belysning:<\/strong> LED 2\u00d71,5W<\/li>\n<li><strong>Type:<\/strong> Veggmodell<\/li>\n<\/ul>\n<p><strong>Leveringstid ca. 3-7 virkedager. <\/strong><\/p>\n","protected":false},"excerpt":{"rendered":"<p>Arneis 90 er en stilig veggmontert vifte med en buet glassplate og et hus i rustfritt st\u00e5l som gir et moderne utseende. Ber\u00f8ringspanelet i glass styrer en kraftig, stilleg\u00e5ende motor med intensivmodus og etterl\u00f8pstimer. LED-belysningen lyser effektivt opp arbeidsflaten, og metallfiltrene kan enkelt rengj\u00f8res. Tilgjengelig for b\u00e5de evakuering og kullfilterdrift.<\/p>\n","protected":false},"featured_media":10775,"template":"","meta":{"_acf_changed":false},"product_brand":[],"product_cat":[201,204,203],"product_tag":[],"class_list":{"0":"post-12226","1":"product","2":"type-product","3":"status-publish","4":"has-post-thumbnail","6":"product_cat-kjokkenhetter-og-avtrekkshetter","7":"product_cat-veggmonterte-avtrekkshetter","8":"product_cat-vifter-med-kullfilter","9":"pa_flaktsystem-attr-tis-integrert-vifte-i-panseret","11":"first","12":"instock","13":"taxable","14":"shipping-taxable","15":"purchasable","16":"product-type-simple"},"exclude_global_add_ons":false,"addons":[{"name":"Angi \u00f8nsket totalh\u00f8yde p\u00e5 lokket + kanal","type":"heading","position":0,"required":false,"title_format":"label","default":"","description_enable":true,"description":"M\u00e5l fra bunnen av skapet til taket. Total h\u00f8yde (standard) er 995 mm. Skriv inn totalh\u00f8yden i tekstboksen i listen nedenfor. For \u00f8nsket grad av helning p\u00e5 kanalen, send senterm\u00e5l til order@tovenco.se. Hvis ingen m\u00e5l oppgis, leveres dekselet med en totalh\u00f8yde p\u00e5 995 mm.      ","placeholder_enable":false,"placeholder":"","display":"select","restrictions_type":"any_text","adjust_price":false,"price":"","price_type":"flat_fee","restrictions":false,"min":"0","max":"0","options":[],"id":1746524923},{"name":"535-965 mm","type":"custom_text","position":1,"required":false,"title_format":"label","default":"","description_enable":false,"description":"","placeholder_enable":false,"placeholder":"","display":"select","restrictions_type":"only_numbers","adjust_price":false,"price":"","price_type":"quantity_based","restrictions":false,"min":"0","max":"0","options":[],"id":1746524924},{"name":"965-1965 mm (stigning inkludert p\u00e5 foresp\u00f8rsel)","type":"custom_text","position":2,"required":false,"title_format":"label","default":"","description_enable":false,"description":"","placeholder_enable":false,"placeholder":"","display":"select","restrictions_type":"only_numbers","adjust_price":true,"price":"3954","price_type":"quantity_based","restrictions":false,"min":"0","max":"0","options":[],"id":1746524925},{"name":"Kullfilter KF1","type":"multiple_choice","position":3,"required":true,"title_format":"heading","default":"","description_enable":true,"description":"Vil du bestille viften din med kullfilter?  ","placeholder_enable":false,"placeholder":"","display":"select","restrictions_type":"any_text","adjust_price":false,"price":"","price_type":"flat_fee","restrictions":false,"min":"0","max":"0","options":[{"label":"Nei, det er det ikke.","price":"","price_type":"quantity_based","image":0,"visibility":true},{"label":"Ja","price":"340","price_type":"quantity_based","image":0,"visibility":true}],"id":1746524926},{"name":"graders helning","type":"checkbox","position":4,"required":false,"title_format":"heading","default":"","description_enable":true,"description":"Denne boksen krysses bare av hvis du vil at kanalen skal graderes til standardm\u00e5l 777-1089mmGraderingshelling sendes til order@tovenco.se","placeholder_enable":false,"placeholder":"","display":"select","restrictions_type":"any_text","adjust_price":false,"price":"","price_type":"flat_fee","restrictions":false,"min":"0","max":"0","options":[{"label":"graders helning","price":"3954","price_type":"quantity_based","image":0,"visibility":true}],"id":1746524927},{"name":"Tovenco Plasmafilter","type":"multiple_choice","position":5,"required":true,"title_format":"label","default":"","description_enable":false,"description":"","placeholder_enable":false,"placeholder":"","display":"select","restrictions_type":"any_text","adjust_price":false,"price":"","price_type":"flat_fee","restrictions":false,"min":"0","max":"0","options":[{"label":"Nei, det er det ikke.","price":"","price_type":"quantity_based","image":0,"visibility":true},{"label":"Plasmafilter 650\/150","price":"7519","price_type":"quantity_based","image":0,"visibility":true},{"label":"Plasmafilter 1000\/210","price":"8446","price_type":"quantity_based","image":0,"visibility":true}],"id":1746524928}],"acf":[],"_links":{"self":[{"href":"https:\/\/www.tovenco.se\/no\/wp-json\/wp\/v2\/product\/12226","targetHints":{"allow":["GET"]}}],"collection":[{"href":"https:\/\/www.tovenco.se\/no\/wp-json\/wp\/v2\/product"}],"about":[{"href":"https:\/\/www.tovenco.se\/no\/wp-json\/wp\/v2\/types\/product"}],"wp:featuredmedia":[{"embeddable":true,"href":"https:\/\/www.tovenco.se\/no\/wp-json\/wp\/v2\/media\/10775"}],"wp:attachment":[{"href":"https:\/\/www.tovenco.se\/no\/wp-json\/wp\/v2\/media?parent=12226"}],"wp:term":[{"taxonomy":"product_brand","embeddable":true,"href":"https:\/\/www.tovenco.se\/no\/wp-json\/wp\/v2\/product_brand?post=12226"},{"taxonomy":"product_cat","embeddable":true,"href":"https:\/\/www.tovenco.se\/no\/wp-json\/wp\/v2\/product_cat?post=12226"},{"taxonomy":"product_tag","embeddable":true,"href":"https:\/\/www.tovenco.se\/no\/wp-json\/wp\/v2\/product_tag?post=12226"}],"curies":[{"name":"wp","href":"https:\/\/api.w.org\/{rel}","templated":true}]}}