{"id":12219,"date":"2022-11-15T07:56:00","date_gmt":"2022-11-15T06:56:00","guid":{"rendered":"https:\/\/www.tovenco.se\/produkt\/arneis-island-ii-90-cm\/"},"modified":"2022-11-15T07:56:00","modified_gmt":"2022-11-15T06:56:00","slug":"arneis-island-ii-90-cm","status":"publish","type":"product","link":"https:\/\/www.tovenco.se\/no\/produkt\/arneis-island-ii-90-cm\/","title":{"rendered":"Arneis Island II 90 cm"},"content":{"rendered":"<h3>Spesifikasjon<\/h3>\n<ul>\n<li><strong>H\u00f8yde:<\/strong> 720 &#8211; 1070 mm<\/li>\n<li><strong>Bredde:<\/strong> 900 mm<\/li>\n<li><strong>Dybde:<\/strong> 600 mm<\/li>\n<li><strong>Materiale, farge:<\/strong> Rustfritt st\u00e5l\/glass<\/li>\n<li><strong>Belysning:<\/strong> LED 4\u00d71 W<\/li>\n<li><strong>Type:<\/strong> Fritthengende modell<\/li>\n<\/ul>\n<p><strong>Leveringstid ca. 3-7 virkedager.  <\/strong><\/p>\n","protected":false},"excerpt":{"rendered":"<p><span data-sheets-root=\"1\">Arneis har en klassisk design med buet glassdeksel og innebygd motor. En diskret vifte med h\u00f8y kapasitet, LED-belysning og flere filtervalg. Enkel \u00e5 tilpasse for b\u00e5de karbon- og plasmafilter.  <\/span><\/p>\n","protected":false},"featured_media":10190,"template":"","meta":{"_acf_changed":false},"product_brand":[],"product_cat":[215,201,203],"product_tag":[],"class_list":{"0":"post-12219","1":"product","2":"type-product","3":"status-publish","4":"has-post-thumbnail","6":"product_cat-fritthengende-kjokkenhetter","7":"product_cat-kjokkenhetter-og-avtrekkshetter","8":"product_cat-vifter-med-kullfilter","9":"pa_farg-rustfritt-stal","10":"pa_flaktsystem-attr-tis-integrert-vifte-i-panseret","12":"first","13":"instock","14":"taxable","15":"shipping-taxable","16":"purchasable","17":"product-type-simple"},"exclude_global_add_ons":false,"addons":[{"name":"Angi \u00f8nsket totalh\u00f8yde p\u00e5 lokket + kanal","type":"heading","position":0,"required":false,"title_format":"label","default":"","description_enable":true,"description":"M\u00e5l fra bunnen av panseret til taket. Eks. Total h\u00f8yde er 1750 mm. Skriv inn totalh\u00f8yden i tekstboksen i listen nedenfor. For \u00f8nsket helningsgrad p\u00e5 kanalen, send senterm\u00e5lene p\u00e5 e-post til order@tovenco.se Hvis ingen m\u00e5l er oppgitt, leveres hetten med en total h\u00f8yde p\u00e5 1050 mm.      ","placeholder_enable":false,"placeholder":null,"display":"select","restrictions_type":"any_text","adjust_price":false,"price":"","price_type":"flat_fee","restrictions":false,"min":"0","max":"0","options":[],"id":1743067021},{"name":"720-1070 mm","type":"custom_text","position":1,"required":false,"title_format":"label","default":"","description_enable":false,"description":null,"placeholder_enable":false,"placeholder":null,"display":"select","restrictions_type":"only_numbers","adjust_price":false,"price":"","price_type":"quantity_based","restrictions":false,"min":"0","max":"0","options":[],"id":1743067022},{"name":"1070-2570 mm (stigning inkludert p\u00e5 foresp\u00f8rsel)","type":"custom_text","position":2,"required":false,"title_format":"label","default":"","description_enable":false,"description":null,"placeholder_enable":false,"placeholder":null,"display":"select","restrictions_type":"only_numbers","adjust_price":true,"price":"3839","price_type":"quantity_based","restrictions":false,"min":"0","max":"0","options":[],"id":1743067023},{"name":"Kullfilter KF II rektangul\u00e6rt","type":"multiple_choice","position":3,"required":true,"title_format":"heading","default":"","description_enable":true,"description":"Vil du bestille viften din med kullfilter?  ","placeholder_enable":false,"placeholder":null,"display":"select","restrictions_type":"any_text","adjust_price":false,"price":"","price_type":"flat_fee","restrictions":false,"min":"0","max":"0","options":[{"label":"Nei, det er det ikke.","price":"","price_type":"quantity_based","image":0,"visibility":true},{"label":"Ja","price":"412","price_type":"quantity_based","image":0,"visibility":true}],"id":1743067024},{"name":"graders helning","type":"checkbox","position":4,"required":false,"title_format":"heading","default":"","description_enable":true,"description":"Denne boksen krysses bare av hvis du vil at kanalen skal graderes til standardm\u00e5l 777-1089mmGraderingshelling sendes til order@tovenco.se","placeholder_enable":false,"placeholder":null,"display":"select","restrictions_type":"any_text","adjust_price":false,"price":"","price_type":"flat_fee","restrictions":false,"min":"0","max":"0","options":[{"label":"graders helning","price":"3839","price_type":"quantity_based","image":0,"visibility":true}],"id":1743067025},{"name":"Tovenco Plasmafilter","type":"multiple_choice","position":5,"required":true,"title_format":"label","default":"","description_enable":false,"description":null,"placeholder_enable":false,"placeholder":null,"display":"select","restrictions_type":"any_text","adjust_price":false,"price":"","price_type":"flat_fee","restrictions":false,"min":"0","max":"0","options":[{"label":"Nei, det er det ikke.","price":"","price_type":"quantity_based","image":0,"visibility":true},{"label":"Plasmafilter 650\/150","price":"7519","price_type":"quantity_based","image":0,"visibility":true},{"label":"Plasmafilter 1000\/210","price":"8446","price_type":"quantity_based","image":0,"visibility":true}],"id":1743067026}],"acf":[],"_links":{"self":[{"href":"https:\/\/www.tovenco.se\/no\/wp-json\/wp\/v2\/product\/12219","targetHints":{"allow":["GET"]}}],"collection":[{"href":"https:\/\/www.tovenco.se\/no\/wp-json\/wp\/v2\/product"}],"about":[{"href":"https:\/\/www.tovenco.se\/no\/wp-json\/wp\/v2\/types\/product"}],"wp:featuredmedia":[{"embeddable":true,"href":"https:\/\/www.tovenco.se\/no\/wp-json\/wp\/v2\/media\/10190"}],"wp:attachment":[{"href":"https:\/\/www.tovenco.se\/no\/wp-json\/wp\/v2\/media?parent=12219"}],"wp:term":[{"taxonomy":"product_brand","embeddable":true,"href":"https:\/\/www.tovenco.se\/no\/wp-json\/wp\/v2\/product_brand?post=12219"},{"taxonomy":"product_cat","embeddable":true,"href":"https:\/\/www.tovenco.se\/no\/wp-json\/wp\/v2\/product_cat?post=12219"},{"taxonomy":"product_tag","embeddable":true,"href":"https:\/\/www.tovenco.se\/no\/wp-json\/wp\/v2\/product_tag?post=12219"}],"curies":[{"name":"wp","href":"https:\/\/api.w.org\/{rel}","templated":true}]}}