{"id":12213,"date":"2024-09-19T08:54:17","date_gmt":"2024-09-19T06:54:17","guid":{"rendered":"https:\/\/www.tovenco.se\/produkt\/cloud-tis-recirq\/"},"modified":"2024-09-19T08:54:17","modified_gmt":"2024-09-19T06:54:17","slug":"cloud-tis-recirq","status":"publish","type":"product","link":"https:\/\/www.tovenco.se\/no\/produkt\/cloud-tis-recirq\/","title":{"rendered":"Cloud TIS Recirq"},"content":{"rendered":"<h3>Spesifikasjon<\/h3>\n<p><strong>Kj\u00f8kkenvifte for drift med karbonfilter eller plasmafilter. Ideell for de som bor i en leilighet eller for de som ikke har mulighet til \u00e5 trekke ut luften.   <\/strong>Cloud er installert mot taket. Viften er utformet som en resirkuleringshette med plasmafilter eller karbonfilter. Les mer om plasmafilter og kullfilter Longlife under fanen: <strong><em>Last ned. <\/em><\/strong>Kan ogs\u00e5 brukes der du har tilgang til en evakueringskanal. Enkel installasjon ettersom du ikke trenger \u00e5 felle den inn i det eksisterende taket.    <\/p>\n<ul>\n<li><strong>Type:<\/strong> Takmodell<\/li>\n<li><strong>H\u00f8yde:<\/strong> 35 cm<\/li>\n<li><strong>Bredde:<\/strong> 119 cm og 79 cm<\/li>\n<li><strong>Dybde:<\/strong> 59 cm<\/li>\n<li><strong>Materiale, farge:<\/strong> Rustfritt st\u00e5l, Svart, Hvit, Alle farger<\/li>\n<li><strong>Belysning:<\/strong> LED-belysning 8 stk. for 119 cm, 6 stk. for 79 cm<\/li>\n<\/ul>\n<p><strong>Leveringstid ca. 10-15 virkedager.  <\/strong><\/p>\n","protected":false},"excerpt":{"rendered":"<p><span data-sheets-root=\"1\">Diskret takmontert kj\u00f8kkenvifte for resirkulering &#8211; perfekt for deg som ikke har avtrekkskanal. Cloud TIS Recirq monteres direkte mot taket og fungerer med b\u00e5de plasmafilter og kullfilter med lang levetid.<br \/>\nViften har en energieffektiv EC-motor (A++), dimbar LED-belysning, maskinvaskbare metallfiltre og filterindikator. Tilgjengelig i 79 eller 119 cm bredde og i flere farger.  <\/span><\/p>\n","protected":false},"featured_media":10218,"template":"","meta":{"_acf_changed":false},"product_brand":[],"product_cat":[215,201,226,203],"product_tag":[],"class_list":{"0":"post-12213","1":"product","2":"type-product","3":"status-publish","4":"has-post-thumbnail","6":"product_cat-fritthengende-kjokkenhetter","7":"product_cat-kjokkenhetter-og-avtrekkshetter","8":"product_cat-takintegrerte-avtrekkshetter","9":"product_cat-vifter-med-kullfilter","10":"pa_bredd-119-cm-no","11":"pa_bredd-79-cm-no","12":"pa_farg-farge-etter-eget-valg","13":"pa_farg-hvit","14":"pa_farg-rustfritt-stal","15":"pa_farg-svart-no","16":"pa_flaktsystem-attr-tis-ec-innebygd-vifte-i-panseret","18":"first","19":"instock","20":"featured","21":"taxable","22":"shipping-taxable","23":"purchasable","24":"product-type-variable"},"exclude_global_add_ons":false,"addons":[{"name":"For alle farger, skriv inn \u00f8nsket fargekode","type":"custom_text","position":0,"required":false,"title_format":"heading","default":"","description_enable":false,"description":null,"placeholder_enable":true,"placeholder":"Fargekode","display":"select","restrictions_type":"any_text","adjust_price":false,"price":"","price_type":"quantity_based","restrictions":false,"min":"0","max":"0","options":[],"id":1726822087},{"name":"Finish (hel vifte)","type":"multiple_choice","position":1,"required":true,"title_format":"heading","default":"","description_enable":true,"description":"<div class=\"ytfinish\"><img src=\"https:\/\/www.tovenco.se\/wp-content\/uploads\/2025\/03\/ytfinish_koppar.jpg\"><p style=\"text-align:center\">Kobber<\/p><\/div><div class=\"ytfinish\"><img src=\"https:\/\/www.tovenco.se\/wp-content\/uploads\/2025\/03\/ytfinish_massing.jpg\"><p style=\"text-align:center\">Messing<\/p><\/div><div class=\"ytfinish\"><img src=\"https:\/\/www.tovenco.se\/wp-content\/uploads\/2025\/03\/ytfinish_brons2.jpg\"><p style=\"text-align:center\">Bronse<\/p><\/div><div class=\"ytfinish\"><img src=\"https:\/\/www.tovenco.se\/wp-content\/uploads\/2025\/03\/ytfinish_svart.jpg\"><p style=\"text-align:center\">Svart<\/p><\/div>","placeholder_enable":false,"placeholder":null,"display":"select","restrictions_type":"any_text","adjust_price":false,"price":"","price_type":"flat_fee","restrictions":false,"min":"0","max":"0","options":[{"label":"Nei, det er det ikke.","price":"","price_type":"quantity_based","image":0,"visibility":true},{"label":"Kobber","price":"7026","price_type":"quantity_based","image":0,"visibility":true},{"label":"Messing","price":"7026","price_type":"quantity_based","image":0,"visibility":true},{"label":"Bronse","price":"7026","price_type":"quantity_based","image":0,"visibility":true},{"label":"Svart","price":"7026","price_type":"quantity_based","image":0,"visibility":true}],"id":1726822088},{"name":"Plasmafilter","type":"multiple_choice","position":2,"required":false,"title_format":"label","default":"","description_enable":true,"description":"Plasmafiltre er den mest effektive metoden for luftrensing med opptil 98 % luktreduksjon p\u00e5 kj\u00f8kkenet. plasmafilteret reduserer bakterier, virus, allergener, sigarettr\u00f8yk osv.","placeholder_enable":false,"placeholder":null,"display":"select","restrictions_type":"any_text","adjust_price":false,"price":"","price_type":"flat_fee","restrictions":false,"min":"0","max":"0","options":[{"label":"650\/150","price":"7519","price_type":"flat_fee","image":0,"visibility":true}],"id":1726822089},{"name":"Kullfilterdrift med Recirq Longlife-kullfilter","type":"multiple_choice","position":3,"required":false,"title_format":"label","default":"","description_enable":true,"description":"-Utstyrt med en alarm som varsler n\u00e5r det er p\u00e5 tide \u00e5 skifte kullfilter - Renser luften til 73 % - Holdbarhet ca. 2 \u00e5r","placeholder_enable":false,"placeholder":null,"display":"select","restrictions_type":"any_text","adjust_price":false,"price":"","price_type":"flat_fee","restrictions":false,"min":"0","max":"0","options":[{"label":"Recirq Longlife kullfilter","price":"2312","price_type":"flat_fee","image":0,"visibility":true}],"id":1726822090}],"acf":[],"_links":{"self":[{"href":"https:\/\/www.tovenco.se\/no\/wp-json\/wp\/v2\/product\/12213","targetHints":{"allow":["GET"]}}],"collection":[{"href":"https:\/\/www.tovenco.se\/no\/wp-json\/wp\/v2\/product"}],"about":[{"href":"https:\/\/www.tovenco.se\/no\/wp-json\/wp\/v2\/types\/product"}],"wp:featuredmedia":[{"embeddable":true,"href":"https:\/\/www.tovenco.se\/no\/wp-json\/wp\/v2\/media\/10218"}],"wp:attachment":[{"href":"https:\/\/www.tovenco.se\/no\/wp-json\/wp\/v2\/media?parent=12213"}],"wp:term":[{"taxonomy":"product_brand","embeddable":true,"href":"https:\/\/www.tovenco.se\/no\/wp-json\/wp\/v2\/product_brand?post=12213"},{"taxonomy":"product_cat","embeddable":true,"href":"https:\/\/www.tovenco.se\/no\/wp-json\/wp\/v2\/product_cat?post=12213"},{"taxonomy":"product_tag","embeddable":true,"href":"https:\/\/www.tovenco.se\/no\/wp-json\/wp\/v2\/product_tag?post=12213"}],"curies":[{"name":"wp","href":"https:\/\/api.w.org\/{rel}","templated":true}]}}