{"id":12181,"date":"2025-02-12T11:14:44","date_gmt":"2025-02-12T10:14:44","guid":{"rendered":"https:\/\/www.tovenco.se\/produkt\/safera-siro-komfyrvakt\/"},"modified":"2025-02-12T11:14:44","modified_gmt":"2025-02-12T10:14:44","slug":"safera-siro-komfyrvakt","status":"publish","type":"product","link":"https:\/\/www.tovenco.se\/no\/produkt\/safera-siro-komfyrvakt\/","title":{"rendered":"Safera Siro komfyrvakt"},"content":{"rendered":"<p><strong><span class=\"jCAhz ChMk0b\"><span class=\"ryNqvb\">Safera Siro komfyrvakt<\/span><\/span><\/strong><span class=\"jCAhz ChMk0b\"><span class=\"ryNqvb\"> tilbyr en trygg og p\u00e5litelig l\u00f8sning for \u00e5 forhindre brann under matlaging.<\/span><\/span><\/p>\n<p><span class=\"jCAhz ChMk0b\"><span class=\"ryNqvb\">Safera komfyrvakt er basert p\u00e5 et intelligent system med fire sensorer, som gj\u00f8r at Safera raskt stopper enhver farlig situasjon uten \u00e5 forstyrre den daglige matlagingen.  <\/span><\/span><span class=\"jCAhz ChMk0b\"><span class=\"ryNqvb\">En alarm kan bekreftes ved \u00e5 trykke p\u00e5 en knapp.<\/span><\/span> <span class=\"jCAhz ChMk0b\"><span class=\"ryNqvb\">Unike LED-lysstrimler indikerer alarmer med s\u00e6regne farger.  <\/span><\/span><span class=\"jCAhz ChMk0b\"><span class=\"ryNqvb\">Safera Siro oppfyller kravene i den europeiske standarden for komfyrvakter EN 50615.<\/span><\/span><\/p>\n<p><strong><span class=\"jCAhz\"><span class=\"ryNqvb\">Enkel installasjon <\/span><\/span><\/strong><span class=\"jCAhz ChMk0b\"><span class=\"ryNqvb\">Safera Siro-hettebeskyttelsen er klar til bruk umiddelbart etter installasjon takket v\u00e6re den p\u00e5litelige og testede tr\u00e5dl\u00f8se tilkoblingen. <\/span><\/span>Kompatibel med alle kj\u00f8kkenvifter i sortimentet v\u00e5rt.<\/p>\n","protected":false},"excerpt":{"rendered":"","protected":false},"featured_media":10169,"template":"","meta":{"_acf_changed":false},"product_brand":[],"product_cat":[233],"product_tag":[],"class_list":{"0":"post-12181","1":"product","2":"type-product","3":"status-publish","4":"has-post-thumbnail","6":"product_cat-tilbehor-til-avtrekkshetter","8":"first","9":"instock","10":"taxable","11":"shipping-taxable","12":"purchasable","13":"product-type-simple"},"exclude_global_add_ons":[],"addons":[],"acf":[],"_links":{"self":[{"href":"https:\/\/www.tovenco.se\/no\/wp-json\/wp\/v2\/product\/12181","targetHints":{"allow":["GET"]}}],"collection":[{"href":"https:\/\/www.tovenco.se\/no\/wp-json\/wp\/v2\/product"}],"about":[{"href":"https:\/\/www.tovenco.se\/no\/wp-json\/wp\/v2\/types\/product"}],"wp:featuredmedia":[{"embeddable":true,"href":"https:\/\/www.tovenco.se\/no\/wp-json\/wp\/v2\/media\/10169"}],"wp:attachment":[{"href":"https:\/\/www.tovenco.se\/no\/wp-json\/wp\/v2\/media?parent=12181"}],"wp:term":[{"taxonomy":"product_brand","embeddable":true,"href":"https:\/\/www.tovenco.se\/no\/wp-json\/wp\/v2\/product_brand?post=12181"},{"taxonomy":"product_cat","embeddable":true,"href":"https:\/\/www.tovenco.se\/no\/wp-json\/wp\/v2\/product_cat?post=12181"},{"taxonomy":"product_tag","embeddable":true,"href":"https:\/\/www.tovenco.se\/no\/wp-json\/wp\/v2\/product_tag?post=12181"}],"curies":[{"name":"wp","href":"https:\/\/api.w.org\/{rel}","templated":true}]}}