{"id":12132,"date":"2025-04-30T10:21:04","date_gmt":"2025-04-30T08:21:04","guid":{"rendered":"https:\/\/www.tovenco.se\/produkt\/hill\/"},"modified":"2025-04-30T10:21:04","modified_gmt":"2025-04-30T08:21:04","slug":"hill","status":"publish","type":"product","link":"https:\/\/www.tovenco.se\/no\/produkt\/hill\/","title":{"rendered":"Hill"},"content":{"rendered":"<h3>Spesifikasjon<\/h3>\n<ul>\n<li><strong>Type:<\/strong> Veggmodell<\/li>\n<li><strong>H\u00f8yde:<\/strong> 50 &#8211; 108 cm<\/li>\n<li><strong>Bredde:<\/strong> 80, 90, 100, 120 cm<\/li>\n<li><strong>Dybde:<\/strong> 50 cm<\/li>\n<li><strong>Materiale, farge:<\/strong> Svart, hvit, valgfri farge, valgfritt materiale\/farge p\u00e5 ramme<\/li>\n<li><strong>Belysning:<\/strong> Dimbar LED, 4 stk.<\/li>\n<\/ul>\n<p><strong>Leveringstid: Ca. 10-15 virkedager.  <\/strong><\/p>\n","protected":false},"excerpt":{"rendered":"<p>Hill er en kj\u00f8kkenvifte med en karakteristisk silhuett og eksklusive detaljer, som den avrundede hetten og den dekorative frontlisten i metall. Uttrykksfull i sort med messing, men ogs\u00e5 tilgjengelig i hvitt, rustfritt st\u00e5l eller andre farger. Med en stilleg\u00e5ende EC-motor, dimbar LED-belysning og metallfilter har Hill b\u00e5de karakter og funksjon. Flere motorl\u00f8sninger og kompatibel med plasmafilter.   <\/p>\n","protected":false},"featured_media":10753,"template":"","meta":{"_acf_changed":false},"product_brand":[],"product_cat":[201,202,204,203],"product_tag":[],"class_list":{"0":"post-12132","1":"product","2":"type-product","3":"status-publish","4":"has-post-thumbnail","6":"product_cat-kjokkenhetter-og-avtrekkshetter","7":"product_cat-kjokkenvifter-for-sentral-ventilasjon","8":"product_cat-veggmonterte-avtrekkshetter","9":"product_cat-vifter-med-kullfilter","10":"pa_bredd-100-cm-no","11":"pa_bredd-110-cm-no","12":"pa_bredd-120-cm-no","13":"pa_bredd-80-cm-no","14":"pa_bredd-90-cm-no","15":"pa_farg-farge-etter-eget-valg","16":"pa_farg-hvit","17":"pa_farg-rustfritt-stal","18":"pa_farg-svart-no","19":"pa_flaktsystem-attr-tds-for-leilighet-med-sentral-ventilasjon","20":"pa_flaktsystem-attr-tds-for-ventilasjon-av-kjokken-vatrom","21":"pa_flaktsystem-attr-tes-ac-med-styring-for-ekstern-motor-pa-tak-vind","22":"pa_flaktsystem-attr-tes-ec-med-styring-for-ekstern-motor-pa-tak-vind","23":"pa_flaktsystem-attr-tes-for-ekstern-motor-pa-tak-vind","24":"pa_flaktsystem-attr-tis-ec-innebygd-vifte-i-panseret","25":"pa_flaktsystem-attr-tis-integrert-vifte-i-panseret","27":"first","28":"instock","29":"taxable","30":"shipping-taxable","31":"purchasable","32":"product-type-variable"},"exclude_global_add_ons":false,"addons":[{"name":"For alle farger, skriv inn \u00f8nsket fargekode","type":"heading","position":0,"required":false,"title_format":"label","default":"","description_enable":false,"description":null,"placeholder_enable":false,"placeholder":null,"display":"select","restrictions_type":"any_text","adjust_price":false,"price":"","price_type":"flat_fee","restrictions":false,"min":"0","max":"0","options":[],"id":1726666083},{"name":"Fargekode","type":"custom_text","position":1,"required":false,"title_format":"label","default":"","description_enable":false,"description":null,"placeholder_enable":false,"placeholder":null,"display":"select","restrictions_type":"any_text","adjust_price":false,"price":"","price_type":"quantity_based","restrictions":false,"min":"0","max":"0","options":[],"id":1726666084},{"name":"Total h\u00f8yde p\u00e5 deksel + kanal","type":"heading","position":2,"required":false,"title_format":"label","default":"","description_enable":true,"description":"Total h\u00f8yde p\u00e5 lokket 700. Hvis du \u00f8nsker en h\u00f8yere hette, m\u00e5 du legge til en taktilkobling. Vi anbefaler 600 mm mellom komfyren og underkanten av hetten, 700 mm for gassovner.  ","placeholder_enable":false,"placeholder":null,"display":"select","restrictions_type":"any_text","adjust_price":false,"price":"","price_type":"flat_fee","restrictions":false,"min":"0","max":"0","options":[],"id":1726666085},{"name":"500-1080 mm","type":"custom_text","position":3,"required":false,"title_format":"label","default":"","description_enable":false,"description":null,"placeholder_enable":false,"placeholder":null,"display":"select","restrictions_type":"only_numbers","adjust_price":true,"price":"2266","price_type":"quantity_based","restrictions":false,"min":"0","max":"0","options":[],"id":1726666086},{"name":"1008-1300 mm","type":"custom_text","position":4,"required":false,"title_format":"label","default":"","description_enable":false,"description":null,"placeholder_enable":false,"placeholder":null,"display":"select","restrictions_type":"only_numbers","adjust_price":true,"price":"4532","price_type":"quantity_based","restrictions":false,"min":"0","max":"0","options":[],"id":1726666087},{"name":"1301-1600 mm","type":"custom_text","position":5,"required":false,"title_format":"label","default":"","description_enable":false,"description":null,"placeholder_enable":false,"placeholder":null,"display":"select","restrictions_type":"only_numbers","adjust_price":true,"price":"6180","price_type":"quantity_based","restrictions":false,"min":"0","max":"0","options":[],"id":1726666088},{"name":"Viftesystem","type":"multiple_choice","position":6,"required":true,"title_format":"heading","default":"","description_enable":true,"description":"Du kan lese mer om de ulike viftealternativene her: <a style=\"font-weight:bold\" target=\"_blank\" href=\"https:\/\/tovenco.se\/flaktsystem\/\">Viftesystemer<\/a>","placeholder_enable":false,"placeholder":null,"display":"select","restrictions_type":"any_text","adjust_price":false,"price":"","price_type":"flat_fee","restrictions":false,"min":"0","max":"0","options":[{"label":"TIS-EC - Innebygd vifte i hetten","price":"","price_type":"quantity_based","image":0,"visibility":true},{"label":"TES AC - For ekstern motor p\u00e5 tak\/vind","price":"-921","price_type":"quantity_based","image":0,"visibility":true},{"label":"TES EC - For ekstern motor p\u00e5 tak\/vind","price":"-921","price_type":"quantity_based","image":0,"visibility":true},{"label":"TDS - For leilighet med sentral ventilasjon","price":"","price_type":"quantity_based","image":0,"visibility":true},{"label":"TDS+EC - For ventilasjon i kj\u00f8kken\/stue","price":"1063","price_type":"quantity_based","image":0,"visibility":true},{"label":"TDS+AC - For ventilasjon i kj\u00f8kken\/stue","price":"1063","price_type":"quantity_based","image":0,"visibility":true},{"label":"TFS - Karbonfiltersystem","price":"1940","price_type":"quantity_based","image":0,"visibility":true}],"id":1726666089},{"name":"Tovenco Plasmafilter","type":"multiple_choice","position":7,"required":false,"title_format":"label","default":"","description_enable":false,"description":null,"placeholder_enable":false,"placeholder":null,"display":"select","restrictions_type":"any_text","adjust_price":false,"price":"","price_type":"flat_fee","restrictions":false,"min":"0","max":"0","options":[{"label":"Nei, det er det ikke.","price":"","price_type":"quantity_based","image":0,"visibility":true},{"label":"Plasmafilter 650\/150","price":"7519","price_type":"quantity_based","image":0,"visibility":true},{"label":"Plasmafilter 1000\/210","price":"8446","price_type":"quantity_based","image":0,"visibility":true}],"id":1726666090},{"name":"Fjernkontroll","type":"multiple_choice","position":8,"required":false,"title_format":"heading","default":"","description_enable":false,"description":null,"placeholder_enable":false,"placeholder":null,"display":"select","restrictions_type":"any_text","adjust_price":false,"price":"","price_type":"flat_fee","restrictions":false,"min":"0","max":"0","options":[{"label":"Nei, det er det ikke.","price":"","price_type":"quantity_based","image":0,"visibility":true},{"label":"Ja","price":"2054","price_type":"quantity_based","image":0,"visibility":true}],"id":1726666091},{"name":"Slangesett","type":"multiple_choice","position":9,"required":false,"title_format":"heading","default":"","description_enable":false,"description":null,"placeholder_enable":false,"placeholder":null,"display":"select","restrictions_type":"any_text","adjust_price":false,"price":"","price_type":"flat_fee","restrictions":false,"min":"0","max":"0","options":[{"label":"Nei, det er det ikke.","price":"","price_type":"quantity_based","image":0,"visibility":true},{"label":"\u00d8125 - 1,2 meter","price":"249","price_type":"quantity_based","image":0,"visibility":true},{"label":"\u00d8160 - 1,2 meter","price":"311","price_type":"quantity_based","image":0,"visibility":true}],"id":1726666092},{"name":"Materialfinish Kiste","type":"multiple_choice","position":10,"required":false,"title_format":"heading","default":"","description_enable":true,"description":"\u00d8nsker du kanten rundt dekselet i et annet materiale? Velg \u00f8nsket farge p\u00e5 metallplaten nedenfor: ","placeholder_enable":false,"placeholder":null,"display":"select","restrictions_type":"any_text","adjust_price":false,"price":"","price_type":"flat_fee","restrictions":false,"min":"0","max":"0","options":[{"label":"Messing","price":"2462","price_type":"quantity_based","image":0,"visibility":true},{"label":"Kobber","price":"2462","price_type":"quantity_based","image":0,"visibility":true},{"label":"Bronse","price":"2462","price_type":"quantity_based","image":0,"visibility":true},{"label":"Rustfritt st\u00e5l","price":"1650","price_type":"quantity_based","image":0,"visibility":true}],"id":1746011644}],"acf":[],"_links":{"self":[{"href":"https:\/\/www.tovenco.se\/no\/wp-json\/wp\/v2\/product\/12132","targetHints":{"allow":["GET"]}}],"collection":[{"href":"https:\/\/www.tovenco.se\/no\/wp-json\/wp\/v2\/product"}],"about":[{"href":"https:\/\/www.tovenco.se\/no\/wp-json\/wp\/v2\/types\/product"}],"wp:featuredmedia":[{"embeddable":true,"href":"https:\/\/www.tovenco.se\/no\/wp-json\/wp\/v2\/media\/10753"}],"wp:attachment":[{"href":"https:\/\/www.tovenco.se\/no\/wp-json\/wp\/v2\/media?parent=12132"}],"wp:term":[{"taxonomy":"product_brand","embeddable":true,"href":"https:\/\/www.tovenco.se\/no\/wp-json\/wp\/v2\/product_brand?post=12132"},{"taxonomy":"product_cat","embeddable":true,"href":"https:\/\/www.tovenco.se\/no\/wp-json\/wp\/v2\/product_cat?post=12132"},{"taxonomy":"product_tag","embeddable":true,"href":"https:\/\/www.tovenco.se\/no\/wp-json\/wp\/v2\/product_tag?post=12132"}],"curies":[{"name":"wp","href":"https:\/\/api.w.org\/{rel}","templated":true}]}}