{"id":12130,"date":"2025-04-10T12:18:18","date_gmt":"2025-04-10T10:18:18","guid":{"rendered":"https:\/\/www.tovenco.se\/produkt\/uv-rengjoringssett\/"},"modified":"2025-04-10T12:18:18","modified_gmt":"2025-04-10T10:18:18","slug":"uv-rengjoringssett","status":"publish","type":"product","link":"https:\/\/www.tovenco.se\/no\/produkt\/uv-rengjoringssett\/","title":{"rendered":"UV-rengj\u00f8ringssett"},"content":{"rendered":"<p><strong>&laquo;AQUA &#8211; SOL POWER NCH<\/strong><\/p>\n<p>Aqua-Sol Power er et kraftig avfettingsprodukt som bruker den nyeste overflateaktive teknologien for effektivt \u00e5 l\u00f8se opp fett og smuss.<\/p>\n<p>Produktet er NSF A1-godkjent og inneholder tilsetningsstoffer som bryter bindingen mellom smuss og overflate, noe som gir en grundig rengj\u00f8ring med minimal lukt.<\/p>\n<p>Midlet er ikke brennbart og er fritt for b\u00e5de EDTA og NTA.<\/p>\n<p>OBS! Bruk biocider p\u00e5 en sikker m\u00e5te. Les alltid etiketten og produktinformasjonen f\u00f8r bruk.&raquo;  <\/p>\n","protected":false},"excerpt":{"rendered":"","protected":false},"featured_media":10701,"template":"","meta":{"_acf_changed":false},"product_brand":[],"product_cat":[253],"product_tag":[],"class_list":{"0":"post-12130","1":"product","2":"type-product","3":"status-publish","4":"has-post-thumbnail","6":"product_cat-stort-kjokken","8":"first","9":"instock","10":"taxable","11":"shipping-taxable","12":"purchasable","13":"product-type-simple"},"exclude_global_add_ons":[],"addons":[],"acf":[],"_links":{"self":[{"href":"https:\/\/www.tovenco.se\/no\/wp-json\/wp\/v2\/product\/12130","targetHints":{"allow":["GET"]}}],"collection":[{"href":"https:\/\/www.tovenco.se\/no\/wp-json\/wp\/v2\/product"}],"about":[{"href":"https:\/\/www.tovenco.se\/no\/wp-json\/wp\/v2\/types\/product"}],"wp:featuredmedia":[{"embeddable":true,"href":"https:\/\/www.tovenco.se\/no\/wp-json\/wp\/v2\/media\/10701"}],"wp:attachment":[{"href":"https:\/\/www.tovenco.se\/no\/wp-json\/wp\/v2\/media?parent=12130"}],"wp:term":[{"taxonomy":"product_brand","embeddable":true,"href":"https:\/\/www.tovenco.se\/no\/wp-json\/wp\/v2\/product_brand?post=12130"},{"taxonomy":"product_cat","embeddable":true,"href":"https:\/\/www.tovenco.se\/no\/wp-json\/wp\/v2\/product_cat?post=12130"},{"taxonomy":"product_tag","embeddable":true,"href":"https:\/\/www.tovenco.se\/no\/wp-json\/wp\/v2\/product_tag?post=12130"}],"curies":[{"name":"wp","href":"https:\/\/api.w.org\/{rel}","templated":true}]}}