{"id":11618,"date":"2018-08-10T08:54:55","date_gmt":"2018-08-10T06:54:55","guid":{"rendered":"https:\/\/www.tovenco.se\/produkt\/miami\/"},"modified":"2018-08-10T08:54:55","modified_gmt":"2018-08-10T06:54:55","slug":"miami","status":"publish","type":"product","link":"https:\/\/www.tovenco.se\/no\/produkt\/miami\/","title":{"rendered":"Miami"},"content":{"rendered":"<h3>Spesifikasjon<\/h3>\n<ul>\n<li><strong>Type:<\/strong> Veggmodell<\/li>\n<li><strong>H\u00f8yde:<\/strong> 101,8-121,8 cm<\/li>\n<li><strong>Bredde:<\/strong> 60, 70, 80, 90, 100 cm<\/li>\n<li><strong>Dybde:<\/strong> 44,8 cm<\/li>\n<li><strong>Materiale, farge:<\/strong> Rustfritt st\u00e5l, valgfri farge<\/li>\n<li><strong>Belysning:<\/strong> Dimbar LED, 4-6 stk.<\/li>\n<\/ul>\n<p><strong>Leveringstid: Ca. 10-15 virkedager.  <\/strong><\/p>\n","protected":false},"excerpt":{"rendered":"<p>Miami er en vinklet kj\u00f8kkenvifte som gir b\u00e5de stil og ekstra plass ved komfyren. Den slanke glassfronten kan vippes litt bakover for en luftig f\u00f8lelse, mens det moderne ber\u00f8ringspanelet smelter s\u00f8ml\u00f8st inn. Med en kraftig EC-motor, dimbar LED-belysning og kantsugefunksjon leverer den b\u00e5de funksjon og form til det moderne kj\u00f8kkenet.  <\/p>\n","protected":false},"featured_media":10275,"template":"","meta":{"_acf_changed":false},"product_brand":[],"product_cat":[201,204,203],"product_tag":[],"class_list":{"0":"post-11618","1":"product","2":"type-product","3":"status-publish","4":"has-post-thumbnail","6":"product_cat-kjokkenhetter-og-avtrekkshetter","7":"product_cat-veggmonterte-avtrekkshetter","8":"product_cat-vifter-med-kullfilter","9":"pa_bredd-100-cm-no","10":"pa_bredd-60-cm-no","11":"pa_bredd-70-cm-no","12":"pa_bredd-80-cm-no","13":"pa_bredd-90-cm-no","14":"pa_farg-farge-etter-eget-valg","15":"pa_farg-rustfritt-stal","16":"pa_flaktsystem-attr-tes-ac-med-styring-for-ekstern-motor-pa-tak-vind","17":"pa_flaktsystem-attr-tes-ec-med-styring-for-ekstern-motor-pa-tak-vind","18":"pa_flaktsystem-attr-tes-for-ekstern-motor-pa-tak-vind","19":"pa_flaktsystem-attr-tis-ec-innebygd-vifte-i-panseret","20":"pa_flaktsystem-attr-tis-integrert-vifte-i-panseret","22":"first","23":"instock","24":"featured","25":"taxable","26":"shipping-taxable","27":"purchasable","28":"product-type-variable"},"exclude_global_add_ons":false,"addons":[{"name":"For alle farger, skriv inn \u00f8nsket fargekode","type":"heading","position":0,"required":false,"title_format":"label","default":"","description_enable":false,"description":null,"placeholder_enable":false,"placeholder":null,"display":"select","restrictions_type":"any_text","adjust_price":false,"price":"","price_type":"flat_fee","restrictions":false,"min":"0","max":"0","options":[],"id":1726662279},{"name":"Fargekode","type":"custom_text","position":1,"required":false,"title_format":"label","default":"","description_enable":false,"description":null,"placeholder_enable":false,"placeholder":null,"display":"select","restrictions_type":"any_text","adjust_price":false,"price":"","price_type":"quantity_based","restrictions":false,"min":"0","max":"0","options":[],"id":1726662280},{"name":"Total h\u00f8yde p\u00e5 deksel + kanal","type":"heading","position":2,"required":false,"title_format":"label","default":"","description_enable":true,"description":"Total h\u00f8yde p\u00e5 hette + kanal 1018-1218 mm. Vi anbefaler 450 mm mellom komfyren og underkanten av hetten, 550 mm for gasskomfyrer. ","placeholder_enable":false,"placeholder":null,"display":"select","restrictions_type":"any_text","adjust_price":false,"price":"","price_type":"flat_fee","restrictions":false,"min":"0","max":"0","options":[],"id":1726662281},{"name":"1221-1720 mm","type":"custom_text","position":3,"required":false,"title_format":"label","default":"","description_enable":false,"description":null,"placeholder_enable":false,"placeholder":null,"display":"select","restrictions_type":"only_numbers","adjust_price":true,"price":"1274","price_type":"quantity_based","restrictions":false,"min":"0","max":"0","options":[],"id":1726662282},{"name":"1721-2220 mm","type":"custom_text","position":4,"required":false,"title_format":"label","default":"","description_enable":false,"description":null,"placeholder_enable":false,"placeholder":null,"display":"select","restrictions_type":"only_numbers","adjust_price":true,"price":"2549","price_type":"quantity_based","restrictions":false,"min":"0","max":"0","options":[],"id":1726662283},{"name":"2221-2720 mm","type":"custom_text","position":5,"required":false,"title_format":"label","default":"","description_enable":false,"description":null,"placeholder_enable":false,"placeholder":null,"display":"select","restrictions_type":"only_numbers","adjust_price":true,"price":"3823","price_type":"quantity_based","restrictions":false,"min":"0","max":"0","options":[],"id":1726662284},{"name":"Viftesystem","type":"multiple_choice","position":6,"required":true,"title_format":"heading","default":"","description_enable":true,"description":"Du kan lese mer om de ulike viftealternativene her: <a target=\"_blank\" href=\"https:\/\/tovenco.se\/flaktsystem\/\">Viftesystemer<\/a>","placeholder_enable":false,"placeholder":null,"display":"select","restrictions_type":"any_text","adjust_price":false,"price":"","price_type":"flat_fee","restrictions":false,"min":"0","max":"0","options":[{"label":"TIS-EC - Innebygd vifte i hetten","price":"","price_type":"quantity_based","image":0,"visibility":true},{"label":"TES AC - For ekstern motor p\u00e5 tak\/vind","price":"-921","price_type":"quantity_based","image":0,"visibility":true},{"label":"TES EC - For ekstern motor p\u00e5 tak\/vind","price":"-921","price_type":"quantity_based","image":0,"visibility":true},{"label":"TDS - For leilighet med sentral ventilasjon","price":"","price_type":"quantity_based","image":0,"visibility":true},{"label":"TFS - Karbonfiltersystem","price":"1940","price_type":"quantity_based","image":0,"visibility":true}],"id":1726662285},{"name":"Tovenco Plasmafilter","type":"multiple_choice","position":7,"required":true,"title_format":"label","default":"","description_enable":false,"description":null,"placeholder_enable":false,"placeholder":null,"display":"select","restrictions_type":"any_text","adjust_price":false,"price":"","price_type":"flat_fee","restrictions":false,"min":"0","max":"0","options":[{"label":"Nei, det er det ikke.","price":"","price_type":"quantity_based","image":0,"visibility":true},{"label":"Plasma 650\/150","price":"7519","price_type":"quantity_based","image":0,"visibility":true},{"label":"Plasma 1000\/210","price":"8446","price_type":"quantity_based","image":0,"visibility":true}],"id":1726662286},{"name":"\u00d8nsket slashing","type":"multiple_choice","position":8,"required":false,"title_format":"heading","default":"","description_enable":true,"description":"Hvis \"ja\", kontakter vi deg for n\u00f8yaktige m\u00e5l og eventuelt en tegning. Prisen kan bli justert i etterkant.  ","placeholder_enable":false,"placeholder":null,"display":"select","restrictions_type":"any_text","adjust_price":false,"price":"","price_type":"flat_fee","restrictions":false,"min":"0","max":"0","options":[{"label":"Nei, det er det ikke.","price":"","price_type":"quantity_based","image":0,"visibility":true},{"label":"Ja","price":"1699","price_type":"quantity_based","image":0,"visibility":true}],"id":1726662287},{"name":"Finish (kun kanal)","type":"multiple_choice","position":9,"required":true,"title_format":"heading","default":"","description_enable":true,"description":"<div class=\"ytfinish\"><img src=\"https:\/\/www.tovenco.se\/wp-content\/uploads\/2025\/03\/ytfinish_koppar.jpg\"><p style=\"text-align:center\">Kobber<\/p><\/div><div class=\"ytfinish\"><img src=\"https:\/\/www.tovenco.se\/wp-content\/uploads\/2025\/03\/ytfinish_massing.jpg\"><p style=\"text-align:center\">Messing<\/p><\/div><div class=\"ytfinish\"><img src=\"https:\/\/www.tovenco.se\/wp-content\/uploads\/2025\/03\/ytfinish_brons2.jpg\"><p style=\"text-align:center\">Bronse<\/p><\/div><div class=\"ytfinish\"><img src=\"https:\/\/www.tovenco.se\/wp-content\/uploads\/2025\/03\/ytfinish_svart.jpg\"><p style=\"text-align:center\">Svart<\/p><\/div>","placeholder_enable":false,"placeholder":null,"display":"select","restrictions_type":"any_text","adjust_price":false,"price":"","price_type":"flat_fee","restrictions":false,"min":"0","max":"0","options":[{"label":"Nei, det er det ikke.","price":"","price_type":"quantity_based","image":0,"visibility":true},{"label":"Kobber","price":"1962","price_type":"quantity_based","image":0,"visibility":true},{"label":"Messing","price":"1962","price_type":"quantity_based","image":0,"visibility":true},{"label":"Bronse","price":"1962","price_type":"quantity_based","image":0,"visibility":true},{"label":"Svart","price":"1962","price_type":"quantity_based","image":0,"visibility":true}],"id":1726662288},{"name":"Fjernkontroll","type":"multiple_choice","position":10,"required":true,"title_format":"heading","default":"","description_enable":false,"description":null,"placeholder_enable":false,"placeholder":null,"display":"select","restrictions_type":"any_text","adjust_price":false,"price":"","price_type":"flat_fee","restrictions":false,"min":"0","max":"0","options":[{"label":"Nei, det er det ikke.","price":"","price_type":"quantity_based","image":0,"visibility":true},{"label":"Ja","price":"2054","price_type":"quantity_based","image":0,"visibility":true}],"id":1726662289},{"name":"Slangesett","type":"multiple_choice","position":11,"required":true,"title_format":"heading","default":"","description_enable":false,"description":null,"placeholder_enable":false,"placeholder":null,"display":"select","restrictions_type":"any_text","adjust_price":false,"price":"","price_type":"flat_fee","restrictions":false,"min":"0","max":"0","options":[{"label":"Nei, det er det ikke.","price":"","price_type":"quantity_based","image":0,"visibility":true},{"label":"\u00d8125 - 1,2 meter","price":"249","price_type":"quantity_based","image":0,"visibility":true},{"label":"\u00d8160 - 1,2 meter","price":"311","price_type":"quantity_based","image":0,"visibility":true}],"id":1726662290}],"acf":[],"_links":{"self":[{"href":"https:\/\/www.tovenco.se\/no\/wp-json\/wp\/v2\/product\/11618","targetHints":{"allow":["GET"]}}],"collection":[{"href":"https:\/\/www.tovenco.se\/no\/wp-json\/wp\/v2\/product"}],"about":[{"href":"https:\/\/www.tovenco.se\/no\/wp-json\/wp\/v2\/types\/product"}],"wp:featuredmedia":[{"embeddable":true,"href":"https:\/\/www.tovenco.se\/no\/wp-json\/wp\/v2\/media\/10275"}],"wp:attachment":[{"href":"https:\/\/www.tovenco.se\/no\/wp-json\/wp\/v2\/media?parent=11618"}],"wp:term":[{"taxonomy":"product_brand","embeddable":true,"href":"https:\/\/www.tovenco.se\/no\/wp-json\/wp\/v2\/product_brand?post=11618"},{"taxonomy":"product_cat","embeddable":true,"href":"https:\/\/www.tovenco.se\/no\/wp-json\/wp\/v2\/product_cat?post=11618"},{"taxonomy":"product_tag","embeddable":true,"href":"https:\/\/www.tovenco.se\/no\/wp-json\/wp\/v2\/product_tag?post=11618"}],"curies":[{"name":"wp","href":"https:\/\/api.w.org\/{rel}","templated":true}]}}