{"id":11575,"date":"2018-08-10T08:54:53","date_gmt":"2018-08-10T06:54:53","guid":{"rendered":"https:\/\/www.tovenco.se\/produkt\/cottage-wall-2-sidig\/"},"modified":"2018-08-10T08:54:53","modified_gmt":"2018-08-10T06:54:53","slug":"cottage-wall-2-sidig","status":"publish","type":"product","link":"https:\/\/www.tovenco.se\/no\/produkt\/cottage-wall-2-sidig\/","title":{"rendered":"Cottage Wall 2-sidig"},"content":{"rendered":"<h3>Spesifikasjon<\/h3>\n<ul>\n<li><strong>Type:<\/strong> Veggmodell<\/li>\n<li><strong>H\u00f8yde:<\/strong> 80 cm + tilpasset taktilkobling<\/li>\n<li><strong>Bredde:<\/strong> 80-200 cm, spesialtilpasset<\/li>\n<li><strong>Dybde:<\/strong> 55 cm<\/li>\n<li><strong>Materiale, farge:<\/strong> Hvit eller svart st\u00e6nkplade, valgfri farge. <strong>Standard hvitfarge som Cottage er malt i, er NCS S0502-Y<\/strong><\/li>\n<li><strong>Belysning:<\/strong> Dimbar LED, 3-5 stk. avhengig av filter\/innsatsdimensjoner.<\/li>\n<li><strong>Tilbeh\u00f8r<\/strong>: Smiing av stenger<\/li>\n<\/ul>\n<p><strong>Leveringstid: Ca. 10-15 virkedager.  <\/strong>Vifte-\/filterinnsatsen som f\u00f8lger med, er 405x365x241 mm. Hvis du \u00f8nsker en bredere innsats, kan du kontakte oss.<\/p>\n<p>De bredere innsatsene har dimensjonene 605x365x241 mm eller 805x365x241 mm.<\/p>\n","protected":false},"excerpt":{"rendered":"<p>Cottage 2-sidig er en sjener\u00f8st designet veggvifte i landlig stil med karakteristiske linjer og et tradisjonelt formspr\u00e5k. Designet skaper et varmt og koselig uttrykk &#8211; perfekt for store, klassiske kj\u00f8kken. Den er tilgjengelig i flere farger og er utstyrt med en effektiv EC-motor, LED-belysning og lavt st\u00f8yniv\u00e5.  <\/p>\n","protected":false},"featured_media":10227,"template":"","meta":{"_acf_changed":false},"product_brand":[],"product_cat":[201,202,204,203],"product_tag":[],"class_list":{"0":"post-11575","1":"product","2":"type-product","3":"status-publish","4":"has-post-thumbnail","6":"product_cat-kjokkenhetter-og-avtrekkshetter","7":"product_cat-kjokkenvifter-for-sentral-ventilasjon","8":"product_cat-veggmonterte-avtrekkshetter","9":"product_cat-vifter-med-kullfilter","10":"pa_farg-farge-etter-eget-valg","11":"pa_farg-hvit","12":"pa_flaktsystem-attr-tds-for-leilighet-med-sentral-ventilasjon","13":"pa_flaktsystem-attr-tds-for-ventilasjon-av-kjokken-vatrom","14":"pa_flaktsystem-attr-tes-ac-med-styring-for-ekstern-motor-pa-tak-vind","15":"pa_flaktsystem-attr-tes-ec-med-styring-for-ekstern-motor-pa-tak-vind","16":"pa_flaktsystem-attr-tes-for-ekstern-motor-pa-tak-vind","17":"pa_flaktsystem-attr-tis-ec-innebygd-vifte-i-panseret","18":"pa_flaktsystem-attr-tis-integrert-vifte-i-panseret","20":"first","21":"instock","22":"featured","23":"taxable","24":"shipping-taxable","25":"purchasable","26":"product-type-variable"},"exclude_global_add_ons":false,"addons":[{"name":"For alle farger, skriv inn \u00f8nsket fargekode","type":"heading","position":0,"required":false,"title_format":"label","default":"","description_enable":false,"description":"For alle farger, vennligst oppgi \u00f8nsket RAL- eller NCS-kode.  ","placeholder_enable":false,"placeholder":null,"display":"select","restrictions_type":"any_text","adjust_price":false,"price":"","price_type":"flat_fee","restrictions":false,"min":"0","max":"0","options":[],"id":1726664828},{"name":"Fargekode","type":"custom_text","position":1,"required":false,"title_format":"label","default":"","description_enable":false,"description":null,"placeholder_enable":false,"placeholder":null,"display":"select","restrictions_type":"any_text","adjust_price":false,"price":"","price_type":"quantity_based","restrictions":false,"min":"0","max":"0","options":[],"id":1726664829},{"name":"Bredde","type":"heading","position":2,"required":false,"title_format":"label","default":"","description_enable":true,"description":"Angi bredden du \u00f8nsker.","placeholder_enable":false,"placeholder":null,"display":"select","restrictions_type":"any_text","adjust_price":false,"price":"","price_type":"flat_fee","restrictions":false,"min":"0","max":"0","options":[],"id":1726664830},{"name":"800-1000 mm","type":"custom_text","position":3,"required":false,"title_format":"label","default":"","description_enable":false,"description":null,"placeholder_enable":false,"placeholder":null,"display":"select","restrictions_type":"only_numbers","adjust_price":false,"price":"","price_type":"quantity_based","restrictions":false,"min":"0","max":"0","options":[],"id":1726664831},{"name":"1010-1500 mm","type":"custom_text","position":4,"required":false,"title_format":"label","default":"","description_enable":false,"description":null,"placeholder_enable":false,"placeholder":null,"display":"select","restrictions_type":"only_numbers","adjust_price":true,"price":"1063","price_type":"quantity_based","restrictions":false,"min":"0","max":"0","options":[],"id":1726664832},{"name":"1510-2000 mm","type":"custom_text","position":5,"required":false,"title_format":"label","default":"","description_enable":false,"description":null,"placeholder_enable":false,"placeholder":null,"display":"select","restrictions_type":"only_numbers","adjust_price":true,"price":"3329","price_type":"quantity_based","restrictions":false,"min":"0","max":"0","options":[],"id":1726664833},{"name":"Overordnet h\u00f8yde p\u00e5 kalesjen","type":"heading","position":6,"required":false,"title_format":"label","default":"","description_enable":true,"description":"Standard h\u00f8yde p\u00e5 hetten er 800 mm. Vi anbefaler 600 mm mellom komfyren og underkanten av hetten, for gassovner eller kombinerte elektriske ovner\/vedovner anbefales 700 mm.hvis takh\u00f8yden er lavere enn 2400 mm, vil vi justere h\u00f8yden p\u00e5 produktet tilsvarende.hvis hetten er h\u00f8yere enn 800 mm, vil det bli laget en taktilkobling som er tilpasset takh\u00f8yden din. Vennligst fyll inn \u00f8nsket totalh\u00f8yde p\u00e5 hetten:  ","placeholder_enable":false,"placeholder":null,"display":"select","restrictions_type":"any_text","adjust_price":false,"price":"","price_type":"flat_fee","restrictions":false,"min":"0","max":"0","options":[],"id":1726664834},{"name":"800-1200 mm","type":"custom_text","position":7,"required":false,"title_format":"label","default":"","description_enable":false,"description":null,"placeholder_enable":false,"placeholder":null,"display":"select","restrictions_type":"only_numbers","adjust_price":true,"price":"1346","price_type":"quantity_based","restrictions":false,"min":"0","max":"0","options":[],"id":1726664835},{"name":"Lavere enn 800 mm","type":"custom_text","position":8,"required":false,"title_format":"label","default":"","description_enable":false,"description":null,"placeholder_enable":false,"placeholder":null,"display":"select","restrictions_type":"only_numbers","adjust_price":false,"price":"","price_type":"quantity_based","restrictions":false,"min":"0","max":"0","options":[],"id":1726664836},{"name":"Avtakbar bunnplate over vedovnen","type":"multiple_choice","position":9,"required":true,"title_format":"heading","default":"","description_enable":true,"description":"Ved tilpasning til ved\/elektrisk ovn, vil vi kontakte deg etter bestilling for m\u00e5lskisse og bilde etc. ","placeholder_enable":false,"placeholder":null,"display":"select","restrictions_type":"any_text","adjust_price":false,"price":"","price_type":"flat_fee","restrictions":false,"min":"0","max":"0","options":[{"label":"Nei, det er det ikke.","price":"","price_type":"quantity_based","image":0,"visibility":true},{"label":"Ja","price":"2196","price_type":"quantity_based","image":0,"visibility":true}],"id":1726664837},{"name":"Oppgi m\u00e5l for tilpasning til elektrisk\/vedovn og om dekselet skal v\u00e6re i h\u00f8yre eller venstre hj\u00f8rne.","type":"heading","position":10,"required":false,"title_format":"label","default":"","description_enable":false,"description":null,"placeholder_enable":false,"placeholder":null,"display":"select","restrictions_type":"any_text","adjust_price":false,"price":"","price_type":"flat_fee","restrictions":false,"min":"0","max":"0","options":[],"id":1726664838},{"name":"Elektrisk komfyr til h\u00f8yre","type":"custom_text","position":11,"required":false,"title_format":"label","default":"","description_enable":false,"description":null,"placeholder_enable":false,"placeholder":null,"display":"select","restrictions_type":"only_numbers","adjust_price":false,"price":"","price_type":"quantity_based","restrictions":false,"min":"0","max":"0","options":[],"id":1726664839},{"name":"Elektrisk komfyr til venstre","type":"custom_text","position":12,"required":false,"title_format":"label","default":"","description_enable":false,"description":null,"placeholder_enable":false,"placeholder":null,"display":"select","restrictions_type":"only_numbers","adjust_price":false,"price":"","price_type":"quantity_based","restrictions":false,"min":"0","max":"0","options":[],"id":1726664840},{"name":"Vedovn til h\u00f8yre","type":"custom_text","position":13,"required":false,"title_format":"label","default":"","description_enable":false,"description":null,"placeholder_enable":false,"placeholder":null,"display":"select","restrictions_type":"only_numbers","adjust_price":false,"price":"","price_type":"quantity_based","restrictions":false,"min":"0","max":"0","options":[],"id":1726664841},{"name":"Vedovn til venstre","type":"custom_text","position":14,"required":false,"title_format":"label","default":"","description_enable":false,"description":null,"placeholder_enable":false,"placeholder":null,"display":"select","restrictions_type":"only_numbers","adjust_price":false,"price":"","price_type":"quantity_based","restrictions":false,"min":"0","max":"0","options":[],"id":1726664842},{"name":"\u00d8delagt hj\u00f8rne","type":"multiple_choice","position":15,"required":true,"title_format":"heading","default":"","description_enable":false,"description":null,"placeholder_enable":false,"placeholder":null,"display":"select","restrictions_type":"any_text","adjust_price":false,"price":"","price_type":"flat_fee","restrictions":false,"min":"0","max":"0","options":[{"label":"Nei, det er det ikke.","price":"","price_type":"quantity_based","image":0,"visibility":true},{"label":"Ja","price":"1063","price_type":"quantity_based","image":0,"visibility":true}],"id":1726664843},{"name":"Viftesystem","type":"multiple_choice","position":16,"required":true,"title_format":"heading","default":"","description_enable":true,"description":"Du kan lese mer om de ulike viftealternativene her: <a style=\"font-weight:bold\" target=\"_blank\" href=\"https:\/\/tovenco.se\/flaktsystem\/\">Viftesystemer<\/a>","placeholder_enable":false,"placeholder":null,"display":"select","restrictions_type":"any_text","adjust_price":false,"price":"","price_type":"flat_fee","restrictions":false,"min":"0","max":"0","options":[{"label":"TIS-EC - Innebygd vifte i hetten","price":"","price_type":"quantity_based","image":0,"visibility":true},{"label":"TES AC - For ekstern motor p\u00e5 tak\/vind","price":"-921","price_type":"quantity_based","image":0,"visibility":true},{"label":"TES EC - For ekstern motor p\u00e5 tak\/vind","price":"-921","price_type":"quantity_based","image":0,"visibility":true},{"label":"TDS - For leilighet med sentral ventilasjon","price":"","price_type":"quantity_based","image":0,"visibility":true},{"label":"TDS+EC - For ventilasjon i kj\u00f8kken\/stue","price":"1063","price_type":"quantity_based","image":0,"visibility":true},{"label":"TDS+AC - For ventilasjon i kj\u00f8kken\/stue","price":"1063","price_type":"quantity_based","image":0,"visibility":true},{"label":"TFS - Karbonfiltersystem","price":"1940","price_type":"quantity_based","image":0,"visibility":true}],"id":1726664844},{"name":"Tovenco Plasmafilter","type":"multiple_choice","position":17,"required":true,"title_format":"label","default":"","description_enable":false,"description":null,"placeholder_enable":false,"placeholder":null,"display":"select","restrictions_type":"any_text","adjust_price":false,"price":"","price_type":"flat_fee","restrictions":false,"min":"0","max":"0","options":[{"label":"Nei, det er det ikke.","price":"","price_type":"quantity_based","image":0,"visibility":true},{"label":"Plasmafilter 650\/150","price":"7519","price_type":"quantity_based","image":0,"visibility":true},{"label":"Plasmafilter 1000\/210","price":"8446","price_type":"quantity_based","image":0,"visibility":true}],"id":1726664845},{"name":"Fjernkontroll","type":"multiple_choice","position":18,"required":true,"title_format":"heading","default":"","description_enable":false,"description":null,"placeholder_enable":false,"placeholder":null,"display":"select","restrictions_type":"any_text","adjust_price":false,"price":"","price_type":"flat_fee","restrictions":false,"min":"0","max":"0","options":[{"label":"Nei, det er det ikke.","price":"","price_type":"quantity_based","image":0,"visibility":true},{"label":"Ja","price":"2054","price_type":"quantity_based","image":0,"visibility":true}],"id":1726664846},{"name":"Slangesett","type":"multiple_choice","position":19,"required":true,"title_format":"heading","default":"","description_enable":false,"description":null,"placeholder_enable":false,"placeholder":null,"display":"select","restrictions_type":"any_text","adjust_price":false,"price":"","price_type":"flat_fee","restrictions":false,"min":"0","max":"0","options":[{"label":"Nei, det er det ikke.","price":"","price_type":"quantity_based","image":0,"visibility":true},{"label":"\u00d8125 - 1,2 meter","price":"249","price_type":"quantity_based","image":0,"visibility":true},{"label":"\u00d8160 - 1,2 meter","price":"311","price_type":"quantity_based","image":0,"visibility":true}],"id":1726664847},{"name":"Smiing av stang","type":"multiple_choice","position":20,"required":true,"title_format":"heading","default":"","description_enable":true,"description":"Smidestang \"Hyttevegg 2-sidig\" inkl. 3 smiingskroker ","placeholder_enable":false,"placeholder":null,"display":"select","restrictions_type":"any_text","adjust_price":false,"price":"","price_type":"flat_fee","restrictions":false,"min":"0","max":"0","options":[{"label":"Nei, det er det ikke.","price":"","price_type":"quantity_based","image":0,"visibility":true},{"label":"Ja","price":"1480","price_type":"quantity_based","image":0,"visibility":true}],"id":1726664848},{"name":"Angi antall ekstra smiingskroker","type":"heading","position":21,"required":false,"title_format":"label","default":"","description_enable":false,"description":null,"placeholder_enable":false,"placeholder":null,"display":"select","restrictions_type":"any_text","adjust_price":false,"price":"","price_type":"flat_fee","restrictions":false,"min":"0","max":"0","options":[],"id":1726664849},{"name":"Ekstra smiing av kroker","type":"input_multiplier","position":22,"required":false,"title_format":"label","default":"","description_enable":false,"description":null,"placeholder_enable":false,"placeholder":null,"display":"select","restrictions_type":"any_text","adjust_price":true,"price":"84","price_type":"quantity_based","restrictions":false,"min":"0","max":"0","options":[],"id":1726664850},{"name":"Ekstra belysning i bunnplaten","type":"heading","position":23,"required":false,"title_format":"label","default":"","description_enable":true,"description":"For ekstra belysning 320:- vennligst skriv inn antall her:","placeholder_enable":false,"placeholder":null,"display":"select","restrictions_type":"any_text","adjust_price":false,"price":"","price_type":"flat_fee","restrictions":false,"min":"0","max":"0","options":[],"id":1726664851},{"name":"Antall","type":"input_multiplier","position":24,"required":false,"title_format":"label","default":"","description_enable":false,"description":null,"placeholder_enable":false,"placeholder":null,"display":"select","restrictions_type":"any_text","adjust_price":true,"price":"320","price_type":"quantity_based","restrictions":false,"min":"0","max":"0","options":[],"id":1726664852}],"acf":[],"_links":{"self":[{"href":"https:\/\/www.tovenco.se\/no\/wp-json\/wp\/v2\/product\/11575","targetHints":{"allow":["GET"]}}],"collection":[{"href":"https:\/\/www.tovenco.se\/no\/wp-json\/wp\/v2\/product"}],"about":[{"href":"https:\/\/www.tovenco.se\/no\/wp-json\/wp\/v2\/types\/product"}],"wp:featuredmedia":[{"embeddable":true,"href":"https:\/\/www.tovenco.se\/no\/wp-json\/wp\/v2\/media\/10227"}],"wp:attachment":[{"href":"https:\/\/www.tovenco.se\/no\/wp-json\/wp\/v2\/media?parent=11575"}],"wp:term":[{"taxonomy":"product_brand","embeddable":true,"href":"https:\/\/www.tovenco.se\/no\/wp-json\/wp\/v2\/product_brand?post=11575"},{"taxonomy":"product_cat","embeddable":true,"href":"https:\/\/www.tovenco.se\/no\/wp-json\/wp\/v2\/product_cat?post=11575"},{"taxonomy":"product_tag","embeddable":true,"href":"https:\/\/www.tovenco.se\/no\/wp-json\/wp\/v2\/product_tag?post=11575"}],"curies":[{"name":"wp","href":"https:\/\/api.w.org\/{rel}","templated":true}]}}