{"id":11566,"date":"2018-08-10T08:54:54","date_gmt":"2018-08-10T06:54:54","guid":{"rendered":"https:\/\/www.tovenco.se\/produkt\/linje\/"},"modified":"2018-08-10T08:54:54","modified_gmt":"2018-08-10T06:54:54","slug":"linje","status":"publish","type":"product","link":"https:\/\/www.tovenco.se\/no\/produkt\/linje\/","title":{"rendered":"Linje"},"content":{"rendered":"<h3>Spesifikasjon<\/h3>\n<ul>\n<li><strong>Type:<\/strong> Veggmodell<\/li>\n<li><strong>H\u00f8yde:<\/strong> 3,9 cm<\/li>\n<li><strong>Bredde:<\/strong> 40 cm, 50 cm, 60 cm, 70 cm, 80 cm, 90 cm, 100 cm<\/li>\n<li><strong>Dybde:<\/strong> 50 cm<\/li>\n<li><strong>Materiale, farge:<\/strong> Rustfritt st\u00e5l, Svart, Hvit, Alle farger<\/li>\n<li><strong>Belysning:<\/strong> Dimbar LED, 3-4 stk.<\/li>\n<\/ul>\n<p><strong>Leveringstid: Ca. 10-15 virkedager.  <\/strong><\/p>\n","protected":false},"excerpt":{"rendered":"<p>Ultratynn og minimalistisk underskapsvifte &#8211; perfekt for deg som \u00f8nsker en diskret l\u00f8sning uten \u00e5 g\u00e5 p\u00e5 kompromiss med ytelsen. Line er tilgjengelig i flere bredder (400-1000 mm) og farger, og smelter naturlig inn i kj\u00f8kkenets overskap. <\/p>\n","protected":false},"featured_media":10260,"template":"","meta":{"_acf_changed":false},"product_brand":[],"product_cat":[201,202,216,203,220],"product_tag":[],"class_list":{"0":"post-11566","1":"product","2":"type-product","3":"status-publish","4":"has-post-thumbnail","6":"product_cat-kjokkenhetter-og-avtrekkshetter","7":"product_cat-kjokkenvifter-for-sentral-ventilasjon","8":"product_cat-nonstop-kjokkenhetter","9":"product_cat-vifter-med-kullfilter","10":"product_cat-vifter-under-karosseriet","11":"pa_bredd-100-cm-no","12":"pa_bredd-40-cm-no","13":"pa_bredd-50-cm-no","14":"pa_bredd-60-cm-no","15":"pa_bredd-70-cm-no","16":"pa_bredd-80-cm-no","17":"pa_bredd-90-cm-no","18":"pa_farg-farge-etter-eget-valg","19":"pa_farg-hvit","20":"pa_farg-rustfritt-stal","21":"pa_farg-svart-no","22":"pa_flaktsystem-attr-tds-for-leilighet-med-sentral-ventilasjon","23":"pa_flaktsystem-attr-tds-for-ventilasjon-av-kjokken-vatrom","24":"pa_flaktsystem-attr-tes-ac-med-styring-for-ekstern-motor-pa-tak-vind","25":"pa_flaktsystem-attr-tes-ec-med-styring-for-ekstern-motor-pa-tak-vind","26":"pa_flaktsystem-attr-tes-for-ekstern-motor-pa-tak-vind","27":"pa_flaktsystem-attr-tis-ec-innebygd-vifte-i-panseret","28":"pa_flaktsystem-attr-tis-integrert-vifte-i-panseret","30":"first","31":"instock","32":"featured","33":"taxable","34":"shipping-taxable","35":"purchasable","36":"product-type-variable"},"exclude_global_add_ons":false,"addons":[{"name":"For alle farger, skriv inn \u00f8nsket fargekode","type":"heading","position":0,"required":false,"title_format":"label","default":"","description_enable":false,"description":null,"placeholder_enable":false,"placeholder":null,"display":"select","restrictions_type":"any_text","adjust_price":false,"price":"","price_type":"flat_fee","restrictions":false,"min":"0","max":"0","options":[],"id":1726839725},{"name":"Fargekode","type":"custom_text","position":1,"required":false,"title_format":"label","default":"","description_enable":false,"description":null,"placeholder_enable":false,"placeholder":null,"display":"select","restrictions_type":"any_text","adjust_price":false,"price":"","price_type":"quantity_based","restrictions":false,"min":"0","max":"0","options":[],"id":1726839726},{"name":"Viftesystem","type":"multiple_choice","position":2,"required":true,"title_format":"heading","default":"","description_enable":true,"description":"Du kan lese mer om de ulike viftealternativene her: <a style=\"font-weight:bold\" target=\"_blank\" href=\"https:\/\/tovenco.se\/flaktsystem\/\">Viftesystemer<\/a>","placeholder_enable":false,"placeholder":null,"display":"select","restrictions_type":"any_text","adjust_price":false,"price":"","price_type":"flat_fee","restrictions":false,"min":"0","max":"0","options":[{"label":"TIS-EC - Innebygd vifte i hetten","price":"","price_type":"quantity_based","image":0,"visibility":true},{"label":"TES AC - For ekstern motor p\u00e5 tak\/vind","price":"-921","price_type":"quantity_based","image":0,"visibility":true},{"label":"TES EC - For ekstern motor p\u00e5 tak\/vind","price":"-921","price_type":"quantity_based","image":0,"visibility":true},{"label":"TDS - For leilighet med sentral ventilasjon","price":"","price_type":"quantity_based","image":0,"visibility":true},{"label":"TDS+EC - For ventilasjon i kj\u00f8kken\/stue","price":"1063","price_type":"quantity_based","image":0,"visibility":true},{"label":"TDS+AC - For ventilasjon i kj\u00f8kken\/stue","price":"1063","price_type":"quantity_based","image":0,"visibility":true},{"label":"TFS - Karbonfiltersystem","price":"1063","price_type":"quantity_based","image":0,"visibility":true},{"label":"Non-Stop - Den interne EC-viften g\u00e5r alltid med grunnstr\u00f8m, justerbar via programmering av EC-motoren","price":"2124","price_type":"quantity_based","image":0,"visibility":true}],"id":1726839727},{"name":"Tovenco Plasmafilter","type":"multiple_choice","position":3,"required":true,"title_format":"label","default":"","description_enable":false,"description":null,"placeholder_enable":false,"placeholder":null,"display":"select","restrictions_type":"any_text","adjust_price":false,"price":"","price_type":"flat_fee","restrictions":false,"min":"0","max":"0","options":[{"label":"Nei, det er det ikke.","price":"","price_type":"quantity_based","image":0,"visibility":true},{"label":"Plasma 650\/150","price":"7519","price_type":"quantity_based","image":0,"visibility":true},{"label":"Plasma 1000\/210","price":"8446","price_type":"quantity_based","image":0,"visibility":true}],"id":1726839728},{"name":"Fjernkontroll","type":"multiple_choice","position":4,"required":true,"title_format":"heading","default":"","description_enable":false,"description":null,"placeholder_enable":false,"placeholder":null,"display":"select","restrictions_type":"any_text","adjust_price":false,"price":"","price_type":"flat_fee","restrictions":false,"min":"0","max":"0","options":[{"label":"Nei, det er det ikke.","price":"","price_type":"quantity_based","image":0,"visibility":true},{"label":"Ja","price":"2054","price_type":"quantity_based","image":0,"visibility":true}],"id":1726839729},{"name":"Slangesett","type":"multiple_choice","position":5,"required":true,"title_format":"heading","default":"","description_enable":false,"description":null,"placeholder_enable":false,"placeholder":null,"display":"select","restrictions_type":"any_text","adjust_price":false,"price":"","price_type":"flat_fee","restrictions":false,"min":"0","max":"0","options":[{"label":"Nei, det er det ikke.","price":"","price_type":"quantity_based","image":0,"visibility":true},{"label":"\u00d8125 - 1,2 meter","price":"249","price_type":"quantity_based","image":0,"visibility":true},{"label":"\u00d8160 - 1,2 meter","price":"311","price_type":"quantity_based","image":0,"visibility":true}],"id":1726839730},{"name":"Kanal til kullfilterr\u00f8r i skapet","type":"heading","position":6,"required":false,"title_format":"label","default":"","description_enable":true,"description":"Tilpasses i henhold til innvendig skaph\u00f8yde  ","placeholder_enable":false,"placeholder":null,"display":"select","restrictions_type":"any_text","adjust_price":false,"price":"","price_type":"flat_fee","restrictions":false,"min":"0","max":"0","options":[],"id":1726839731},{"name":"Angi dimensjoner","type":"custom_text","position":7,"required":false,"title_format":"label","default":"","description_enable":false,"description":null,"placeholder_enable":false,"placeholder":null,"display":"select","restrictions_type":"any_text","adjust_price":true,"price":"877","price_type":"quantity_based","restrictions":false,"min":"0","max":"0","options":[],"id":1726839732}],"acf":[],"_links":{"self":[{"href":"https:\/\/www.tovenco.se\/no\/wp-json\/wp\/v2\/product\/11566","targetHints":{"allow":["GET"]}}],"collection":[{"href":"https:\/\/www.tovenco.se\/no\/wp-json\/wp\/v2\/product"}],"about":[{"href":"https:\/\/www.tovenco.se\/no\/wp-json\/wp\/v2\/types\/product"}],"wp:featuredmedia":[{"embeddable":true,"href":"https:\/\/www.tovenco.se\/no\/wp-json\/wp\/v2\/media\/10260"}],"wp:attachment":[{"href":"https:\/\/www.tovenco.se\/no\/wp-json\/wp\/v2\/media?parent=11566"}],"wp:term":[{"taxonomy":"product_brand","embeddable":true,"href":"https:\/\/www.tovenco.se\/no\/wp-json\/wp\/v2\/product_brand?post=11566"},{"taxonomy":"product_cat","embeddable":true,"href":"https:\/\/www.tovenco.se\/no\/wp-json\/wp\/v2\/product_cat?post=11566"},{"taxonomy":"product_tag","embeddable":true,"href":"https:\/\/www.tovenco.se\/no\/wp-json\/wp\/v2\/product_tag?post=11566"}],"curies":[{"name":"wp","href":"https:\/\/api.w.org\/{rel}","templated":true}]}}