{"id":11559,"date":"2018-09-23T09:14:03","date_gmt":"2018-09-23T07:14:03","guid":{"rendered":"https:\/\/www.tovenco.se\/produkt\/ec-tfsk-160-svart\/"},"modified":"2018-09-23T09:14:03","modified_gmt":"2018-09-23T07:14:03","slug":"ec-tfsk-160-svart","status":"publish","type":"product","link":"https:\/\/www.tovenco.se\/no\/produkt\/ec-tfsk-160-svart\/","title":{"rendered":"EC &#8211; TFSK 160 Svart"},"content":{"rendered":"<p>TFSR- og TFSK-viftene er laget av pulverlakkert, galvanisert st\u00e5lplate. Tilgjengelig i standardfargene svart og teglr\u00f8d. Viftene er sammenleggbare og utstyrt med servicebryter for enkel rengj\u00f8ring og service, tilkobling til koblingsboks med 1 m kabel. For \u00e5 beskytte motoren mot overoppheting har viftene en innebygd termobryter med automatisk tilbakestilling.   &nbsp;<\/p>\n<h3>Spesifikasjon<\/h3>\n<ul>\n<li><strong><strong>TFSK 160 EC Takvifte 580<sup>m3\/t<\/sup><\/strong><\/strong><\/li>\n<\/ul>\n<p>&nbsp;<\/p>\n","protected":false},"excerpt":{"rendered":"","protected":false},"featured_media":10140,"template":"","meta":{"_acf_changed":false},"product_brand":[],"product_cat":[228],"product_tag":[],"class_list":{"0":"post-11559","1":"product","2":"type-product","3":"status-publish","4":"has-post-thumbnail","6":"product_cat-eksterne-vifter","8":"first","9":"instock","10":"taxable","11":"shipping-taxable","12":"purchasable","13":"product-type-simple"},"exclude_global_add_ons":[],"addons":[],"acf":[],"_links":{"self":[{"href":"https:\/\/www.tovenco.se\/no\/wp-json\/wp\/v2\/product\/11559","targetHints":{"allow":["GET"]}}],"collection":[{"href":"https:\/\/www.tovenco.se\/no\/wp-json\/wp\/v2\/product"}],"about":[{"href":"https:\/\/www.tovenco.se\/no\/wp-json\/wp\/v2\/types\/product"}],"wp:featuredmedia":[{"embeddable":true,"href":"https:\/\/www.tovenco.se\/no\/wp-json\/wp\/v2\/media\/10140"}],"wp:attachment":[{"href":"https:\/\/www.tovenco.se\/no\/wp-json\/wp\/v2\/media?parent=11559"}],"wp:term":[{"taxonomy":"product_brand","embeddable":true,"href":"https:\/\/www.tovenco.se\/no\/wp-json\/wp\/v2\/product_brand?post=11559"},{"taxonomy":"product_cat","embeddable":true,"href":"https:\/\/www.tovenco.se\/no\/wp-json\/wp\/v2\/product_cat?post=11559"},{"taxonomy":"product_tag","embeddable":true,"href":"https:\/\/www.tovenco.se\/no\/wp-json\/wp\/v2\/product_tag?post=11559"}],"curies":[{"name":"wp","href":"https:\/\/api.w.org\/{rel}","templated":true}]}}