{"id":11538,"date":"2018-08-10T08:56:36","date_gmt":"2018-08-10T06:56:36","guid":{"rendered":"https:\/\/www.tovenco.se\/produkt\/brunello\/"},"modified":"2018-08-10T08:56:36","modified_gmt":"2018-08-10T06:56:36","slug":"brunello","status":"publish","type":"product","link":"https:\/\/www.tovenco.se\/no\/produkt\/brunello\/","title":{"rendered":"Brunello"},"content":{"rendered":"<h3>Spesifikasjon<\/h3>\n<ul>\n<li><strong>H\u00f8yde:<\/strong> 106-151,5 cm<\/li>\n<li><strong>Bredde:<\/strong> 60, 90 cm<\/li>\n<li><strong>Dybde:<\/strong> 52,8 cm<\/li>\n<li><strong>Materiale, farge: <\/strong>Svart glass<\/li>\n<li><strong>Belysning:<\/strong> LED 2\u00d71,5w<\/li>\n<li><strong>Type:<\/strong> Veggmodell<\/li>\n<\/ul>\n<p><strong>Leveringstid ca. 3-7 virkedager.  <\/strong><\/p>\n","protected":false},"excerpt":{"rendered":"<p>Brunello er en elegant vertikal kj\u00f8kkenvifte i svart glass med en mykt buet form og skjult teknologi. Det effektive kantsuget kompletteres av metallfiltre og LED-belysning for optimal ytelse og belysning av arbeidsflaten. Viften styres via et opplyst ber\u00f8ringspanel og har intensivmodus, etterl\u00f8pstimer og filterindikator. Tilpasset for kullfilterdrift og tilgjengelig i breddene 60 og 90 cm.   <\/p>\n","protected":false},"featured_media":10156,"template":"","meta":{"_acf_changed":false},"product_brand":[],"product_cat":[201,229,204,203],"product_tag":[],"class_list":{"0":"post-11538","1":"product","2":"type-product","3":"status-publish","4":"has-post-thumbnail","6":"product_cat-kjokkenhetter-og-avtrekkshetter","7":"product_cat-uttak","8":"product_cat-veggmonterte-avtrekkshetter","9":"product_cat-vifter-med-kullfilter","10":"pa_bredd-60-cm-no","11":"pa_bredd-90-cm-no","12":"pa_farg-svart-no","13":"pa_flaktsystem-attr-tes-for-extern-motor-pa-tak-vind","14":"pa_flaktsystem-attr-tis-integrert-vifte-i-panseret","16":"first","17":"instock","18":"sale","19":"taxable","20":"shipping-taxable","21":"purchasable","22":"product-type-variable"},"exclude_global_add_ons":false,"addons":[{"name":"Total h\u00f8yde p\u00e5 deksel + kanal","type":"heading","position":0,"required":false,"title_format":"label","default":"","description_enable":true,"description":"M\u00e5l fra bunnen av panseret til taket. Eks. Total h\u00f8yde er 1750 mm. Skriv inn totalh\u00f8yden i tekstboksen 1550-2050 mm i listen nedenfor. Hvis du \u00f8nsker et skr\u00e5tt snitt, angir du midtm\u00e5let. Hvis ingen m\u00e5l er oppgitt, leveres hetten med en totalh\u00f8yde p\u00e5 1050 mm.       ","placeholder_enable":false,"placeholder":null,"display":"select","restrictions_type":"any_text","adjust_price":false,"price":"","price_type":"flat_fee","restrictions":false,"min":"0","max":"0","options":[],"id":1747670126},{"name":"1030-1515 mm","type":"custom_text","position":1,"required":false,"title_format":"label","default":"","description_enable":false,"description":null,"placeholder_enable":false,"placeholder":null,"display":"select","restrictions_type":"only_numbers","adjust_price":false,"price":"","price_type":"quantity_based","restrictions":false,"min":"0","max":"0","options":[],"id":1747670127},{"name":"1515-3015 mm","type":"custom_text","position":2,"required":false,"title_format":"label","default":"","description_enable":false,"description":null,"placeholder_enable":false,"placeholder":null,"display":"select","restrictions_type":"only_numbers","adjust_price":true,"price":"2255","price_type":"quantity_based","restrictions":false,"min":"0","max":"0","options":[],"id":1747670128},{"name":"Kullfilter","type":"multiple_choice","position":3,"required":true,"title_format":"heading","default":"","description_enable":true,"description":"\u00d8nsker du \u00e5 bestille viften med kullfilter? V\u00e6r oppmerksom p\u00e5 at minimumsh\u00f8yden p\u00e5 hette + kanal med kullfilter er 1165 mm.   ","placeholder_enable":false,"placeholder":null,"display":"select","restrictions_type":"any_text","adjust_price":false,"price":"","price_type":"flat_fee","restrictions":false,"min":"0","max":"0","options":[{"label":"Nei, det er det ikke.","price":"","price_type":"quantity_based","image":0,"visibility":true},{"label":"Kullfilter KF1","price":"340","price_type":"quantity_based","image":0,"visibility":true}],"id":1747670129},{"name":"Tovenco Plasmafilter","type":"multiple_choice","position":4,"required":true,"title_format":"label","default":"","description_enable":false,"description":null,"placeholder_enable":false,"placeholder":null,"display":"select","restrictions_type":"any_text","adjust_price":false,"price":"","price_type":"flat_fee","restrictions":false,"min":"0","max":"0","options":[{"label":"Nei, det er det ikke.","price":"","price_type":"quantity_based","image":0,"visibility":true},{"label":"Plasmafilter 650\/150","price":"7519","price_type":"quantity_based","image":0,"visibility":true},{"label":"Plasmafilter 1000\/210","price":"8446","price_type":"quantity_based","image":0,"visibility":true}],"id":1747670130}],"acf":[],"_links":{"self":[{"href":"https:\/\/www.tovenco.se\/no\/wp-json\/wp\/v2\/product\/11538","targetHints":{"allow":["GET"]}}],"collection":[{"href":"https:\/\/www.tovenco.se\/no\/wp-json\/wp\/v2\/product"}],"about":[{"href":"https:\/\/www.tovenco.se\/no\/wp-json\/wp\/v2\/types\/product"}],"wp:featuredmedia":[{"embeddable":true,"href":"https:\/\/www.tovenco.se\/no\/wp-json\/wp\/v2\/media\/10156"}],"wp:attachment":[{"href":"https:\/\/www.tovenco.se\/no\/wp-json\/wp\/v2\/media?parent=11538"}],"wp:term":[{"taxonomy":"product_brand","embeddable":true,"href":"https:\/\/www.tovenco.se\/no\/wp-json\/wp\/v2\/product_brand?post=11538"},{"taxonomy":"product_cat","embeddable":true,"href":"https:\/\/www.tovenco.se\/no\/wp-json\/wp\/v2\/product_cat?post=11538"},{"taxonomy":"product_tag","embeddable":true,"href":"https:\/\/www.tovenco.se\/no\/wp-json\/wp\/v2\/product_tag?post=11538"}],"curies":[{"name":"wp","href":"https:\/\/api.w.org\/{rel}","templated":true}]}}