{"id":11522,"date":"2018-08-10T08:57:02","date_gmt":"2018-08-10T06:57:02","guid":{"rendered":"https:\/\/www.tovenco.se\/produkt\/inzolia-90-cm\/"},"modified":"2018-08-10T08:57:02","modified_gmt":"2018-08-10T06:57:02","slug":"inzolia-90-cm","status":"publish","type":"product","link":"https:\/\/www.tovenco.se\/no\/produkt\/inzolia-90-cm\/","title":{"rendered":"Inzolia 90 cm"},"content":{"rendered":"<h3>Spesifikasjon<\/h3>\n<ul>\n<li><strong>H\u00f8yde:<\/strong> 66,5-111 cm<\/li>\n<li><strong>Bredde:<\/strong> 90 cm<\/li>\n<li><strong>Dybde:<\/strong> 56 cm<\/li>\n<li><strong>Materiale, farge:<\/strong> Rustfritt st\u00e5l med svart glass<\/li>\n<li><strong>Belysning:<\/strong> 2x20W halogen, dimbar<\/li>\n<li><strong>Type:<\/strong> Veggmodell<\/li>\n<li><strong>Fjernkontroll:<\/strong> Inkludert<\/li>\n<\/ul>\n<p><strong>Leveringstid ca. 3-7 virkedager.  <\/strong><\/p>\n","protected":false},"excerpt":{"rendered":"","protected":false},"featured_media":10159,"template":"","meta":{"_acf_changed":false},"product_brand":[],"product_cat":[201,229,203],"product_tag":[],"class_list":{"0":"post-11522","1":"product","2":"type-product","3":"status-publish","4":"has-post-thumbnail","6":"product_cat-kjokkenhetter-og-avtrekkshetter","7":"product_cat-uttak","8":"product_cat-vifter-med-kullfilter","9":"pa_bredd-90-cm-no","10":"pa_farg-rustfritt-stal","12":"first","13":"instock","14":"sale","15":"taxable","16":"shipping-taxable","17":"purchasable","18":"product-type-simple"},"exclude_global_add_ons":false,"addons":[{"name":"Total h\u00f8yde p\u00e5 deksel + kanal","type":"heading","position":0,"required":false,"title_format":"label","default":"","description_enable":true,"description":"M\u00e5l fra bunnen av panseret til taket. Eks. Total h\u00f8yde er 1750 mm. Skriv inn totalh\u00f8yden i tekstboksen 1550-2050 mm i listen nedenfor. For \u00f8nsket helningsgrad angir du senterm\u00e5let. Hvis det ikke oppgis noe m\u00e5l, leveres hetten med en totalh\u00f8yde p\u00e5 1050 mm.       ","placeholder_enable":false,"placeholder":null,"display":"select","restrictions_type":"any_text","adjust_price":false,"price":"","price_type":"flat_fee","restrictions":false,"min":"0","max":"0","options":[]},{"name":"665-1110 mm","type":"custom_text","position":1,"required":false,"title_format":"label","default":"","description_enable":false,"description":null,"placeholder_enable":false,"placeholder":null,"display":"select","restrictions_type":"only_numbers","adjust_price":false,"price":"","price_type":"quantity_based","restrictions":false,"min":"0","max":"0","options":[]},{"name":"1110-2610 mm (helling inkludert p\u00e5 foresp\u00f8rsel)","type":"custom_text","position":2,"required":false,"title_format":"label","default":"","description_enable":false,"description":null,"placeholder_enable":false,"placeholder":null,"display":"select","restrictions_type":"only_numbers","adjust_price":true,"price":"2255","price_type":"quantity_based","restrictions":false,"min":"0","max":"0","options":[]},{"name":"2610-4110 mm (stigning inkludert p\u00e5 foresp\u00f8rsel)","type":"custom_text","position":3,"required":false,"title_format":"label","default":"","description_enable":false,"description":null,"placeholder_enable":false,"placeholder":null,"display":"select","restrictions_type":"only_numbers","adjust_price":true,"price":"4378","price_type":"quantity_based","restrictions":false,"min":"0","max":"0","options":[]},{"name":"Kullfilter","type":"multiple_choice","position":4,"required":true,"title_format":"heading","default":"","description_enable":true,"description":"\u00d8nsker du \u00e5 bestille viften med kullfilter? V\u00e6r oppmerksom p\u00e5 at minimumsh\u00f8yden p\u00e5 hetten + kanal med kullfilter er 635 mm.   ","placeholder_enable":false,"placeholder":null,"display":"select","restrictions_type":"any_text","adjust_price":false,"price":"","price_type":"flat_fee","restrictions":false,"min":"0","max":"0","options":[{"label":"Nei, det er det ikke.","price":"","price_type":"quantity_based","image":0,"visibility":true},{"label":"Kullfilter KF2","price":"340","price_type":"quantity_based","image":0,"visibility":true}]},{"name":"graders helning","type":"checkbox","position":5,"required":false,"title_format":"heading","default":"","description_enable":true,"description":"Denne boksen krysses bare av hvis du vil at kanalen skal graderes til standardm\u00e5l 665-1110 mmGraderingshelling\/senterm\u00e5l sendes til order@tovenco.se","placeholder_enable":false,"placeholder":null,"display":"select","restrictions_type":"any_text","adjust_price":false,"price":"","price_type":"flat_fee","restrictions":false,"min":"0","max":"0","options":[{"label":"graders helning","price":"2255","price_type":"quantity_based","image":0,"visibility":true}]},{"name":"Tovenco Plasmafilter","type":"multiple_choice","position":6,"required":true,"title_format":"label","default":"","description_enable":false,"description":null,"placeholder_enable":false,"placeholder":null,"display":"select","restrictions_type":"any_text","adjust_price":false,"price":"","price_type":"flat_fee","restrictions":false,"min":"0","max":"0","options":[{"label":"Nei, det er det ikke.","price":"","price_type":"flat_fee","image":0,"visibility":true},{"label":"Plasmafilter 650\/150","price":"7519","price_type":"flat_fee","image":0,"visibility":true},{"label":"Plasmafilter 1000\/210","price":"8446","price_type":"flat_fee","image":0,"visibility":true}]}],"acf":[],"_links":{"self":[{"href":"https:\/\/www.tovenco.se\/no\/wp-json\/wp\/v2\/product\/11522","targetHints":{"allow":["GET"]}}],"collection":[{"href":"https:\/\/www.tovenco.se\/no\/wp-json\/wp\/v2\/product"}],"about":[{"href":"https:\/\/www.tovenco.se\/no\/wp-json\/wp\/v2\/types\/product"}],"wp:featuredmedia":[{"embeddable":true,"href":"https:\/\/www.tovenco.se\/no\/wp-json\/wp\/v2\/media\/10159"}],"wp:attachment":[{"href":"https:\/\/www.tovenco.se\/no\/wp-json\/wp\/v2\/media?parent=11522"}],"wp:term":[{"taxonomy":"product_brand","embeddable":true,"href":"https:\/\/www.tovenco.se\/no\/wp-json\/wp\/v2\/product_brand?post=11522"},{"taxonomy":"product_cat","embeddable":true,"href":"https:\/\/www.tovenco.se\/no\/wp-json\/wp\/v2\/product_cat?post=11522"},{"taxonomy":"product_tag","embeddable":true,"href":"https:\/\/www.tovenco.se\/no\/wp-json\/wp\/v2\/product_tag?post=11522"}],"curies":[{"name":"wp","href":"https:\/\/api.w.org\/{rel}","templated":true}]}}