{"id":11520,"date":"2018-08-10T08:56:36","date_gmt":"2018-08-10T06:56:36","guid":{"rendered":"https:\/\/www.tovenco.se\/produkt\/dolcetto\/"},"modified":"2018-08-10T08:56:36","modified_gmt":"2018-08-10T06:56:36","slug":"dolcetto","status":"publish","type":"product","link":"https:\/\/www.tovenco.se\/no\/produkt\/dolcetto\/","title":{"rendered":"Dolcetto"},"content":{"rendered":"<h3>Spesifikasjon<\/h3>\n<ul>\n<li><strong>H\u00f8yde:<\/strong> 102-149 cm<\/li>\n<li><strong>Bredde:<\/strong> 90 cm<\/li>\n<li><strong>Dybde:<\/strong> 38,7 cm<\/li>\n<li><strong>Materiale, farge:<\/strong> Rustfritt st\u00e5l\/svart glass<\/li>\n<li><strong>Belysning:<\/strong> LED 2-3\u00d71,5w<\/li>\n<li><strong>Type: <\/strong>Veggmodell<\/li>\n<\/ul>\n<p><strong>Leveringstid ca. 3-7 virkedager.  <\/strong><\/p>\n","protected":false},"excerpt":{"rendered":"","protected":false},"featured_media":10158,"template":"","meta":{"_acf_changed":false},"product_brand":[],"product_cat":[229],"product_tag":[],"class_list":{"0":"post-11520","1":"product","2":"type-product","3":"status-publish","4":"has-post-thumbnail","6":"product_cat-uttak","7":"pa_bredd-90-cm-no","8":"pa_farg-rustfritt-stal","10":"first","11":"instock","12":"sale","13":"taxable","14":"shipping-taxable","15":"purchasable","16":"product-type-simple"},"exclude_global_add_ons":false,"addons":[{"name":"Total h\u00f8yde p\u00e5 deksel + kanal","type":"heading","position":0,"required":false,"title_format":"label","default":"","description_enable":true,"description":"M\u00e5l fra bunnen av panseret til taket. Eks. Total h\u00f8yde er 1750 mm. Skriv inn totalh\u00f8yden i tekstboksen 1550-2050 mm i listen nedenfor. Hvis du \u00f8nsker et skr\u00e5tt snitt, angir du midtm\u00e5let. Hvis ingen m\u00e5l er oppgitt, leveres hetten med en totalh\u00f8yde p\u00e5 1050 mm.       ","placeholder_enable":false,"placeholder":null,"display":"select","restrictions_type":"any_text","adjust_price":false,"price":"","price_type":"flat_fee","restrictions":false,"min":"0","max":"0","options":[]},{"name":"1000-1490 mm","type":"custom_text","position":1,"required":false,"title_format":"label","default":"","description_enable":false,"description":null,"placeholder_enable":false,"placeholder":null,"display":"select","restrictions_type":"only_numbers","adjust_price":false,"price":"","price_type":"quantity_based","restrictions":false,"min":"0","max":"0","options":[]},{"name":"1490-2990 mm","type":"custom_text","position":2,"required":false,"title_format":"label","default":"","description_enable":false,"description":null,"placeholder_enable":false,"placeholder":null,"display":"select","restrictions_type":"only_numbers","adjust_price":true,"price":"2255","price_type":"quantity_based","restrictions":false,"min":"0","max":"0","options":[]},{"name":"Kullfilter","type":"multiple_choice","position":3,"required":true,"title_format":"heading","default":"","description_enable":true,"description":"Vil du bestille viften din med kullfilter?  ","placeholder_enable":false,"placeholder":null,"display":"select","restrictions_type":"any_text","adjust_price":false,"price":"","price_type":"flat_fee","restrictions":false,"min":"0","max":"0","options":[{"label":"Nei, det er det ikke.","price":"","price_type":"quantity_based","image":0,"visibility":true},{"label":"Kullfilter KF1","price":"340","price_type":"quantity_based","image":0,"visibility":true}]},{"name":"Fjernkontroll","type":"multiple_choice","position":4,"required":true,"title_format":"heading","default":"","description_enable":false,"description":null,"placeholder_enable":false,"placeholder":null,"display":"select","restrictions_type":"any_text","adjust_price":false,"price":"","price_type":"flat_fee","restrictions":false,"min":"0","max":"0","options":[{"label":"Nei, det er det ikke.","price":"","price_type":"quantity_based","image":0,"visibility":true},{"label":"Ja","price":"899","price_type":"quantity_based","image":0,"visibility":true}]},{"name":"Tovenco Plasmafilter","type":"multiple_choice","position":5,"required":true,"title_format":"label","default":"","description_enable":false,"description":null,"placeholder_enable":false,"placeholder":null,"display":"select","restrictions_type":"any_text","adjust_price":false,"price":"","price_type":"flat_fee","restrictions":false,"min":"0","max":"0","options":[{"label":"Nei, det er det ikke.","price":"","price_type":"quantity_based","image":0,"visibility":true},{"label":"Plasmafilter 650\/150","price":"7519","price_type":"quantity_based","image":0,"visibility":true},{"label":"Plasmafilter 1000\/210","price":"8446","price_type":"quantity_based","image":0,"visibility":true}]}],"acf":[],"_links":{"self":[{"href":"https:\/\/www.tovenco.se\/no\/wp-json\/wp\/v2\/product\/11520","targetHints":{"allow":["GET"]}}],"collection":[{"href":"https:\/\/www.tovenco.se\/no\/wp-json\/wp\/v2\/product"}],"about":[{"href":"https:\/\/www.tovenco.se\/no\/wp-json\/wp\/v2\/types\/product"}],"wp:featuredmedia":[{"embeddable":true,"href":"https:\/\/www.tovenco.se\/no\/wp-json\/wp\/v2\/media\/10158"}],"wp:attachment":[{"href":"https:\/\/www.tovenco.se\/no\/wp-json\/wp\/v2\/media?parent=11520"}],"wp:term":[{"taxonomy":"product_brand","embeddable":true,"href":"https:\/\/www.tovenco.se\/no\/wp-json\/wp\/v2\/product_brand?post=11520"},{"taxonomy":"product_cat","embeddable":true,"href":"https:\/\/www.tovenco.se\/no\/wp-json\/wp\/v2\/product_cat?post=11520"},{"taxonomy":"product_tag","embeddable":true,"href":"https:\/\/www.tovenco.se\/no\/wp-json\/wp\/v2\/product_tag?post=11520"}],"curies":[{"name":"wp","href":"https:\/\/api.w.org\/{rel}","templated":true}]}}