{"id":11509,"date":"2018-08-10T08:56:11","date_gmt":"2018-08-10T06:56:11","guid":{"rendered":"https:\/\/www.tovenco.se\/produkt\/bolgefri-opphengning\/"},"modified":"2025-07-10T12:16:34","modified_gmt":"2025-07-10T10:16:34","slug":"bolgefri-opphengning","status":"publish","type":"product","link":"https:\/\/www.tovenco.se\/no\/produkt\/bolgefri-opphengning\/","title":{"rendered":"Wave Fritthengende"},"content":{"rendered":"<h3>Spesifikasjon<\/h3>\n<ul>\n<li><strong>Type:<\/strong> Fritthengende modell<\/li>\n<li><strong>H\u00f8yde:<\/strong> 5 cm + spesialtilpasset kanal<\/li>\n<li><strong>Bredde:<\/strong> 80, 100 cm<\/li>\n<li><strong>Dybde:<\/strong> 60 cm<\/li>\n<li><strong>Materiale, farge:<\/strong> Rustfritt st\u00e5l, svart, hvit, valgfri farge med buet glass<\/li>\n<li><strong>Belysning:<\/strong> Dimbar LED, 6 stk.<\/li>\n<\/ul>\n<p><strong>Leveringstid ca. 10-15 virkedager.<\/strong><\/p>\n","protected":false},"excerpt":{"rendered":"<p>Wave Free Hanging er en hette med buet design som kombinerer rustfritt st\u00e5l og glass. Hetten gir kj\u00f8kkenet et mykt, stilig utseende og tilbyr h\u00f8y ytelse med EC-motor, LED-lys og filterindikator.<\/p>\n","protected":false},"featured_media":10339,"template":"","meta":{"_acf_changed":false},"product_brand":[],"product_cat":[215,201,202,216,203],"product_tag":[],"class_list":{"0":"post-11509","1":"product","2":"type-product","3":"status-publish","4":"has-post-thumbnail","6":"product_cat-fritthengende-kjokkenhetter","7":"product_cat-kjokkenhetter-og-avtrekkshetter","8":"product_cat-kjokkenvifter-for-sentral-ventilasjon","9":"product_cat-nonstop-kjokkenhetter","10":"product_cat-vifter-med-kullfilter","11":"pa_bredd-100-cm-no","12":"pa_bredd-80-cm-no","13":"pa_farg-farge-etter-eget-valg","14":"pa_farg-hvit-glass","15":"pa_farg-rustfritt-stal-glass","16":"pa_farg-svart-glass","17":"pa_flaktsystem-attr-tds-for-leilighet-med-sentral-ventilasjon","18":"pa_flaktsystem-attr-tds-for-ventilasjon-av-kjokken-vatrom","19":"pa_flaktsystem-attr-tes-ac-med-styring-for-ekstern-motor-pa-tak-vind","20":"pa_flaktsystem-attr-tes-ec-med-styring-for-ekstern-motor-pa-tak-vind","21":"pa_flaktsystem-attr-tes-for-ekstern-motor-pa-tak-vind","22":"pa_flaktsystem-attr-tis-ec-innebygd-vifte-i-panseret","23":"pa_flaktsystem-attr-tis-integrert-vifte-i-panseret","25":"first","26":"instock","27":"taxable","28":"shipping-taxable","29":"purchasable","30":"product-type-variable"},"exclude_global_add_ons":false,"addons":[{"name":"For alle farger, skriv inn \u00f8nsket fargekode","type":"heading","position":0,"required":false,"title_format":"label","default":"","description_enable":false,"description":"","placeholder_enable":false,"placeholder":"","display":"select","restrictions_type":"any_text","adjust_price":false,"price":"","price_type":"flat_fee","restrictions":false,"min":"0","max":"0","options":[],"id":1726652997},{"name":"Fargekode","type":"custom_text","position":1,"required":false,"title_format":"label","default":"","description_enable":false,"description":"","placeholder_enable":false,"placeholder":"","display":"select","restrictions_type":"any_text","adjust_price":false,"price":"","price_type":"quantity_based","restrictions":false,"min":"0","max":"0","options":[],"id":1726652998},{"name":"Angi \u00f8nsket totalh\u00f8yde p\u00e5 lokket + kanal","type":"heading","position":2,"required":false,"title_format":"label","default":"","description_enable":true,"description":"Hetteh\u00f8yde 50 mm + kanal som kan tilpasses opp til 1000 mm. Vi anbefaler 700 mm mellom komfyren og underkanten av hetten for gassovner og fritthengende hetter. ","placeholder_enable":false,"placeholder":"","display":"select","restrictions_type":"any_text","adjust_price":false,"price":"","price_type":"flat_fee","restrictions":false,"min":"0","max":"0","options":[],"id":1726652999},{"name":"50-1000 mm","type":"custom_text","position":3,"required":false,"title_format":"label","default":"","description_enable":false,"description":"","placeholder_enable":false,"placeholder":"","display":"select","restrictions_type":"only_numbers","adjust_price":false,"price":"","price_type":"quantity_based","restrictions":false,"min":"0","max":"0","options":[],"id":1726653000},{"name":"1001-1500 mm","type":"custom_text","position":4,"required":false,"title_format":"label","default":"","description_enable":false,"description":"","placeholder_enable":false,"placeholder":"","display":"select","restrictions_type":"only_numbers","adjust_price":true,"price":"1416","price_type":"quantity_based","restrictions":false,"min":"0","max":"0","options":[],"id":1726653001},{"name":"1501-2000 mm","type":"custom_text","position":5,"required":false,"title_format":"label","default":"","description_enable":false,"description":"","placeholder_enable":false,"placeholder":"","display":"select","restrictions_type":"only_numbers","adjust_price":true,"price":"2832","price_type":"quantity_based","restrictions":false,"min":"0","max":"0","options":[],"id":1726653002},{"name":"2001-2500 mm","type":"custom_text","position":6,"required":false,"title_format":"label","default":"","description_enable":false,"description":"","placeholder_enable":false,"placeholder":"","display":"select","restrictions_type":"only_numbers","adjust_price":true,"price":"4125","price_type":"quantity_based","restrictions":false,"min":"0","max":"0","options":[],"id":1726653003},{"name":"Viftesystem","type":"multiple_choice","position":7,"required":true,"title_format":"heading","default":"","description_enable":true,"description":"Du kan lese mer om de ulike viftealternativene her: <a style=\"font-weight:bold\" target=\"_blank\" href=\"https:\/\/tovenco.se\/flaktsystem\/\">Viftesystemer<\/a>","placeholder_enable":false,"placeholder":"","display":"select","restrictions_type":"any_text","adjust_price":false,"price":"","price_type":"flat_fee","restrictions":false,"min":"0","max":"0","options":[{"label":"TIS-EC - Innebygd vifte i hetten","price":"","price_type":"quantity_based","image":0,"visibility":true},{"label":"TES AC - For ekstern motor p\u00e5 tak\/vind","price":"-920","price_type":"quantity_based","image":0,"visibility":true},{"label":"TES EC - For ekstern motor p\u00e5 tak\/vind","price":"-920","price_type":"quantity_based","image":0,"visibility":true},{"label":"TDS - For leilighet med sentral ventilasjon","price":"","price_type":"quantity_based","image":0,"visibility":true},{"label":"TDS+EC - For ventilasjon i kj\u00f8kken\/stue","price":"1063","price_type":"quantity_based","image":0,"visibility":true},{"label":"TDS+AC - For ventilasjon i kj\u00f8kken\/stue","price":"1063","price_type":"quantity_based","image":0,"visibility":true},{"label":"TFS - Karbonfiltersystem","price":"1940","price_type":"quantity_based","image":0,"visibility":true},{"label":"TNS - Non-Stop","price":"2124","price_type":"quantity_based","image":0,"visibility":true}],"id":1726653004},{"name":"Tovenco Plasmafilter","type":"multiple_choice","position":8,"required":false,"title_format":"label","default":"","description_enable":false,"description":"","placeholder_enable":false,"placeholder":"","display":"select","restrictions_type":"any_text","adjust_price":false,"price":"","price_type":"flat_fee","restrictions":false,"min":"0","max":"0","options":[{"label":"Nei, det er det ikke.","price":"","price_type":"quantity_based","image":0,"visibility":true},{"label":"Plasmafilter 650\/150","price":"7519","price_type":"quantity_based","image":0,"visibility":true},{"label":"Plasmafilter 1000\/210","price":"8446","price_type":"quantity_based","image":0,"visibility":true}],"id":1726653005},{"name":"\u00d8nsket slashing","type":"multiple_choice","position":9,"required":false,"title_format":"heading","default":"","description_enable":true,"description":"Hvis \"ja\", kontakter vi deg for n\u00f8yaktige m\u00e5l og eventuelt en tegning. Prisen kan bli justert i etterkant.    ","placeholder_enable":false,"placeholder":"","display":"select","restrictions_type":"any_text","adjust_price":false,"price":"","price_type":"flat_fee","restrictions":false,"min":"0","max":"0","options":[{"label":"Nei, det er det ikke.","price":"","price_type":"quantity_based","image":0,"visibility":true},{"label":"Ja","price":"2054","price_type":"quantity_based","image":0,"visibility":true}],"id":1726653006},{"name":"Finish (kun kanal)","type":"multiple_choice","position":10,"required":true,"title_format":"heading","default":"","description_enable":true,"description":"<div class=\"ytfinish\"><img src=\"https:\/\/www.tovenco.se\/wp-content\/uploads\/2025\/03\/ytfinish_koppar.jpg\"><p style=\"text-align:center\">Kobber<\/p><\/div><div class=\"ytfinish\"><img src=\"https:\/\/www.tovenco.se\/wp-content\/uploads\/2025\/03\/ytfinish_massing.jpg\"><p style=\"text-align:center\">Messing<\/p><\/div><div class=\"ytfinish\"><img src=\"https:\/\/www.tovenco.se\/wp-content\/uploads\/2025\/03\/ytfinish_brons2.jpg\"><p style=\"text-align:center\">Bronse<\/p><\/div><div class=\"ytfinish\"><img src=\"https:\/\/www.tovenco.se\/wp-content\/uploads\/2025\/03\/ytfinish_svart.jpg\"><p style=\"text-align:center\">Svart<\/p><\/div>","placeholder_enable":false,"placeholder":"","display":"select","restrictions_type":"any_text","adjust_price":false,"price":"","price_type":"flat_fee","restrictions":false,"min":"0","max":"0","options":[{"label":"Nei, det er det ikke.","price":"","price_type":"quantity_based","image":0,"visibility":true},{"label":"Kobber","price":"1962","price_type":"quantity_based","image":0,"visibility":true},{"label":"Messing","price":"1962","price_type":"quantity_based","image":0,"visibility":true},{"label":"Bronse","price":"1962","price_type":"quantity_based","image":0,"visibility":true},{"label":"Svart","price":"1962","price_type":"quantity_based","image":0,"visibility":true}],"id":1726653007},{"name":"Fjernkontroll","type":"multiple_choice","position":11,"required":true,"title_format":"heading","default":"","description_enable":false,"description":"","placeholder_enable":false,"placeholder":"","display":"select","restrictions_type":"any_text","adjust_price":false,"price":"","price_type":"flat_fee","restrictions":false,"min":"0","max":"0","options":[{"label":"Nei, det er det ikke.","price":"","price_type":"quantity_based","image":0,"visibility":true},{"label":"Ja","price":"2054","price_type":"quantity_based","image":0,"visibility":true}],"id":1726653008},{"name":"Slangesett","type":"multiple_choice","position":12,"required":true,"title_format":"heading","default":"","description_enable":false,"description":"","placeholder_enable":false,"placeholder":"","display":"select","restrictions_type":"any_text","adjust_price":false,"price":"","price_type":"flat_fee","restrictions":false,"min":"0","max":"0","options":[{"label":"Nei, det er det ikke.","price":"","price_type":"quantity_based","image":0,"visibility":true},{"label":"\u00d8125 - 1,2 meter","price":"248","price_type":"quantity_based","image":0,"visibility":true},{"label":"\u00d8160 - 1,2 meter","price":"312","price_type":"quantity_based","image":0,"visibility":true}],"id":1726653009}],"acf":[],"_links":{"self":[{"href":"https:\/\/www.tovenco.se\/no\/wp-json\/wp\/v2\/product\/11509","targetHints":{"allow":["GET"]}}],"collection":[{"href":"https:\/\/www.tovenco.se\/no\/wp-json\/wp\/v2\/product"}],"about":[{"href":"https:\/\/www.tovenco.se\/no\/wp-json\/wp\/v2\/types\/product"}],"wp:featuredmedia":[{"embeddable":true,"href":"https:\/\/www.tovenco.se\/no\/wp-json\/wp\/v2\/media\/10339"}],"wp:attachment":[{"href":"https:\/\/www.tovenco.se\/no\/wp-json\/wp\/v2\/media?parent=11509"}],"wp:term":[{"taxonomy":"product_brand","embeddable":true,"href":"https:\/\/www.tovenco.se\/no\/wp-json\/wp\/v2\/product_brand?post=11509"},{"taxonomy":"product_cat","embeddable":true,"href":"https:\/\/www.tovenco.se\/no\/wp-json\/wp\/v2\/product_cat?post=11509"},{"taxonomy":"product_tag","embeddable":true,"href":"https:\/\/www.tovenco.se\/no\/wp-json\/wp\/v2\/product_tag?post=11509"}],"curies":[{"name":"wp","href":"https:\/\/api.w.org\/{rel}","templated":true}]}}