{"id":11487,"date":"2018-08-10T08:55:21","date_gmt":"2018-08-10T06:55:21","guid":{"rendered":"https:\/\/www.tovenco.se\/produkt\/savoy\/"},"modified":"2018-08-10T08:55:21","modified_gmt":"2018-08-10T06:55:21","slug":"savoy","status":"publish","type":"product","link":"https:\/\/www.tovenco.se\/no\/produkt\/savoy\/","title":{"rendered":"Savoy"},"content":{"rendered":"<h3>Spesifikasjon<\/h3>\n<ul>\n<li><strong>Type:<\/strong> Veggmodell<\/li>\n<li><strong>H\u00f8yde:<\/strong> 80-102 cm<\/li>\n<li><strong>Bredde:<\/strong> 70, 80, 90, 100 cm<\/li>\n<li><strong>Dybde:<\/strong> 50 cm<\/li>\n<li><strong>Materiale, farge:<\/strong> Rustfritt st\u00e5l, Svart, Hvit, Alle farger<\/li>\n<li><strong>Belysning:<\/strong> Dimbar LED, 4 stk.<\/li>\n<\/ul>\n<p><strong>Leveringstid: Ca. 10-15 virkedager.  <\/strong><\/p>\n<div class=\"et_slidecontent\"><\/div>\n","protected":false},"excerpt":{"rendered":"<p>Savoy er en elegant vegghengt kj\u00f8kkenvifte med et buet glasspanel og myke, avrundede linjer. Den stilrene designen fremhever b\u00e5de moderne og klassiske kj\u00f8kken &#8211; og er tilgjengelig i flere farger for \u00e5 matche interi\u00f8ret ditt. Utstyrt med en kraftig EC-motor, energieffektiv LED-belysning og et ber\u00f8ringspanel med smarte funksjoner som etterl\u00f8pstimer og filterindikator. Ogs\u00e5 egnet for bruk med kullfilter.   <\/p>\n","protected":false},"featured_media":10293,"template":"","meta":{"_acf_changed":false},"product_brand":[],"product_cat":[201,202,216,204,203],"product_tag":[],"class_list":{"0":"post-11487","1":"product","2":"type-product","3":"status-publish","4":"has-post-thumbnail","6":"product_cat-kjokkenhetter-og-avtrekkshetter","7":"product_cat-kjokkenvifter-for-sentral-ventilasjon","8":"product_cat-nonstop-kjokkenhetter","9":"product_cat-veggmonterte-avtrekkshetter","10":"product_cat-vifter-med-kullfilter","11":"pa_bredd-100-cm-no","12":"pa_bredd-70-cm-no","13":"pa_bredd-80-cm-no","14":"pa_bredd-90-cm-no","15":"pa_farg-farge-etter-eget-valg","16":"pa_farg-hvit","17":"pa_farg-rustfritt-stal","18":"pa_farg-svart-no","19":"pa_flaktsystem-attr-tds-for-leilighet-med-sentral-ventilasjon","20":"pa_flaktsystem-attr-tds-for-ventilasjon-av-kjokken-vatrom","21":"pa_flaktsystem-attr-tes-ac-med-styring-for-ekstern-motor-pa-tak-vind","22":"pa_flaktsystem-attr-tes-ec-med-styring-for-ekstern-motor-pa-tak-vind","23":"pa_flaktsystem-attr-tes-for-ekstern-motor-pa-tak-vind","24":"pa_flaktsystem-attr-tis-ec-innebygd-vifte-i-panseret","25":"pa_flaktsystem-attr-tis-integrert-vifte-i-panseret","27":"first","28":"instock","29":"taxable","30":"shipping-taxable","31":"purchasable","32":"product-type-variable"},"exclude_global_add_ons":false,"addons":[{"name":"For alle farger, skriv inn \u00f8nsket fargekode","type":"heading","position":0,"required":false,"title_format":"label","default":"","description_enable":false,"description":null,"placeholder_enable":false,"placeholder":null,"display":"select","restrictions_type":"any_text","adjust_price":false,"price":"","price_type":"flat_fee","restrictions":false,"min":"0","max":"0","options":[],"id":1726661518},{"name":"Fargekode","type":"custom_text","position":1,"required":false,"title_format":"label","default":"","description_enable":false,"description":null,"placeholder_enable":false,"placeholder":null,"display":"select","restrictions_type":"any_text","adjust_price":false,"price":"","price_type":"quantity_based","restrictions":false,"min":"0","max":"0","options":[],"id":1726661519},{"name":"Total h\u00f8yde p\u00e5 deksel + kanal","type":"heading","position":2,"required":false,"title_format":"label","default":"","description_enable":true,"description":"Total h\u00f8yde p\u00e5 hette + kanal 800-1020 mm. Vi anbefaler 600 mm mellom komfyren og underkanten av hetten, 700 mm for gasskomfyrer. ","placeholder_enable":false,"placeholder":null,"display":"select","restrictions_type":"any_text","adjust_price":false,"price":"","price_type":"flat_fee","restrictions":false,"min":"0","max":"0","options":[],"id":1726661520},{"name":"1021-1520 mm","type":"custom_text","position":3,"required":false,"title_format":"label","default":"","description_enable":false,"description":null,"placeholder_enable":false,"placeholder":null,"display":"select","restrictions_type":"only_numbers","adjust_price":true,"price":"1274","price_type":"quantity_based","restrictions":false,"min":"0","max":"0","options":[],"id":1726661521},{"name":"1521-2020 mm","type":"custom_text","position":4,"required":false,"title_format":"label","default":"","description_enable":false,"description":null,"placeholder_enable":false,"placeholder":null,"display":"select","restrictions_type":"only_numbers","adjust_price":true,"price":"2549","price_type":"quantity_based","restrictions":false,"min":"0","max":"0","options":[],"id":1726661522},{"name":"2021-2520 mm","type":"custom_text","position":5,"required":false,"title_format":"label","default":"","description_enable":false,"description":null,"placeholder_enable":false,"placeholder":null,"display":"select","restrictions_type":"only_numbers","adjust_price":true,"price":"3823","price_type":"quantity_based","restrictions":false,"min":"0","max":"0","options":[],"id":1726661523},{"name":"Viftesystem","type":"multiple_choice","position":6,"required":true,"title_format":"heading","default":"","description_enable":true,"description":"Du kan lese mer om de ulike viftealternativene her: <a style=\"font-weight:bold\" target=\"_blank\" href=\"https:\/\/tovenco.se\/flaktsystem\/\">Viftesystemer<\/a>","placeholder_enable":false,"placeholder":null,"display":"select","restrictions_type":"any_text","adjust_price":false,"price":"","price_type":"flat_fee","restrictions":false,"min":"0","max":"0","options":[{"label":"TIS-EC - Innebygd vifte i hetten","price":"","price_type":"quantity_based","image":0,"visibility":true},{"label":"TES AC - For ekstern motor p\u00e5 tak\/vind","price":"-921","price_type":"quantity_based","image":0,"visibility":true},{"label":"TES EC - For ekstern motor p\u00e5 tak\/vind","price":"-921","price_type":"quantity_based","image":0,"visibility":true},{"label":"TDS - For leilighet med sentral ventilasjon","price":"","price_type":"quantity_based","image":0,"visibility":true},{"label":"TDS+EC - For ventilasjon i kj\u00f8kken\/stue","price":"1063","price_type":"quantity_based","image":0,"visibility":true},{"label":"TDS+AC - For ventilasjon i kj\u00f8kken\/stue","price":"1063","price_type":"quantity_based","image":0,"visibility":true},{"label":"TFS - Karbonfiltersystem","price":"1940","price_type":"quantity_based","image":0,"visibility":true},{"label":"TNS - Non-Stop","price":"2124","price_type":"quantity_based","image":0,"visibility":true}],"id":1726661524},{"name":"\u00d8nsket slashing","type":"multiple_choice","position":7,"required":true,"title_format":"heading","default":"","description_enable":true,"description":"Hvis \"ja\", kontakter vi deg for n\u00f8yaktige m\u00e5l og eventuelt en tegning. Prisen kan bli justert i etterkant.  ","placeholder_enable":false,"placeholder":null,"display":"select","restrictions_type":"any_text","adjust_price":false,"price":"","price_type":"flat_fee","restrictions":false,"min":"0","max":"0","options":[{"label":"Nei, det er det ikke.","price":"","price_type":"quantity_based","image":0,"visibility":true},{"label":"Ja","price":"1699","price_type":"quantity_based","image":0,"visibility":true}],"id":1726661525},{"name":"Finish (kun kanal)","type":"multiple_choice","position":8,"required":true,"title_format":"heading","default":"","description_enable":true,"description":"<div class=\"ytfinish\"><img src=\"https:\/\/www.tovenco.se\/wp-content\/uploads\/2025\/03\/ytfinish_koppar.jpg\"><p style=\"text-align:center\">Kobber<\/p><\/div><div class=\"ytfinish\"><img src=\"https:\/\/www.tovenco.se\/wp-content\/uploads\/2025\/03\/ytfinish_massing.jpg\"><p style=\"text-align:center\">Messing<\/p><\/div><div class=\"ytfinish\"><img src=\"https:\/\/www.tovenco.se\/wp-content\/uploads\/2025\/03\/ytfinish_brons2.jpg\"><p style=\"text-align:center\">Bronse<\/p><\/div><div class=\"ytfinish\"><img src=\"https:\/\/www.tovenco.se\/wp-content\/uploads\/2025\/03\/ytfinish_svart.jpg\"><p style=\"text-align:center\">Svart<\/p><\/div>","placeholder_enable":false,"placeholder":null,"display":"select","restrictions_type":"any_text","adjust_price":false,"price":"","price_type":"flat_fee","restrictions":false,"min":"0","max":"0","options":[{"label":"Nei, det er det ikke.","price":"","price_type":"quantity_based","image":0,"visibility":true},{"label":"Kobber","price":"1962","price_type":"quantity_based","image":0,"visibility":true},{"label":"Messing","price":"1962","price_type":"quantity_based","image":0,"visibility":true},{"label":"Bronse","price":"1962","price_type":"quantity_based","image":0,"visibility":true},{"label":"Svart","price":"1962","price_type":"quantity_based","image":0,"visibility":true}],"id":1726661526},{"name":"Fjernkontroll","type":"multiple_choice","position":9,"required":true,"title_format":"heading","default":"","description_enable":false,"description":null,"placeholder_enable":false,"placeholder":null,"display":"select","restrictions_type":"any_text","adjust_price":false,"price":"","price_type":"flat_fee","restrictions":false,"min":"0","max":"0","options":[{"label":"Nei, det er det ikke.","price":"","price_type":"quantity_based","image":0,"visibility":true},{"label":"Ja","price":"2054","price_type":"quantity_based","image":0,"visibility":true}],"id":1726661527},{"name":"Slangesett","type":"multiple_choice","position":10,"required":true,"title_format":"heading","default":"","description_enable":false,"description":null,"placeholder_enable":false,"placeholder":null,"display":"select","restrictions_type":"any_text","adjust_price":false,"price":"","price_type":"flat_fee","restrictions":false,"min":"0","max":"0","options":[{"label":"Nei, det er det ikke.","price":"","price_type":"quantity_based","image":0,"visibility":true},{"label":"\u00d8125 - 1,2 meter","price":"249","price_type":"quantity_based","image":0,"visibility":true},{"label":"\u00d8160 - 1,2 meter","price":"311","price_type":"quantity_based","image":0,"visibility":true}],"id":1726661528},{"name":"Tovenco Plasmafilter","type":"multiple_choice","position":11,"required":false,"title_format":"label","default":"","description_enable":false,"description":null,"placeholder_enable":false,"placeholder":null,"display":"select","restrictions_type":"any_text","adjust_price":false,"price":"","price_type":"flat_fee","restrictions":false,"min":"0","max":"0","options":[{"label":"Nei, det er det ikke.","price":"","price_type":"quantity_based","image":0,"visibility":true},{"label":"Plasma 650\/150","price":"7519","price_type":"quantity_based","image":0,"visibility":true},{"label":"Plasma 1000\/210","price":"8446","price_type":"quantity_based","image":0,"visibility":true}],"id":1726661529}],"acf":[],"_links":{"self":[{"href":"https:\/\/www.tovenco.se\/no\/wp-json\/wp\/v2\/product\/11487","targetHints":{"allow":["GET"]}}],"collection":[{"href":"https:\/\/www.tovenco.se\/no\/wp-json\/wp\/v2\/product"}],"about":[{"href":"https:\/\/www.tovenco.se\/no\/wp-json\/wp\/v2\/types\/product"}],"wp:featuredmedia":[{"embeddable":true,"href":"https:\/\/www.tovenco.se\/no\/wp-json\/wp\/v2\/media\/10293"}],"wp:attachment":[{"href":"https:\/\/www.tovenco.se\/no\/wp-json\/wp\/v2\/media?parent=11487"}],"wp:term":[{"taxonomy":"product_brand","embeddable":true,"href":"https:\/\/www.tovenco.se\/no\/wp-json\/wp\/v2\/product_brand?post=11487"},{"taxonomy":"product_cat","embeddable":true,"href":"https:\/\/www.tovenco.se\/no\/wp-json\/wp\/v2\/product_cat?post=11487"},{"taxonomy":"product_tag","embeddable":true,"href":"https:\/\/www.tovenco.se\/no\/wp-json\/wp\/v2\/product_tag?post=11487"}],"curies":[{"name":"wp","href":"https:\/\/api.w.org\/{rel}","templated":true}]}}