{"id":11417,"date":"2018-08-10T08:55:46","date_gmt":"2018-08-10T06:55:46","guid":{"rendered":"https:\/\/www.tovenco.se\/produkt\/smart\/"},"modified":"2018-08-10T08:55:46","modified_gmt":"2018-08-10T06:55:46","slug":"smart","status":"publish","type":"product","link":"https:\/\/www.tovenco.se\/no\/produkt\/smart\/","title":{"rendered":"Smart"},"content":{"rendered":"<h3>Spesifikasjon<\/h3>\n<ul>\n<li><strong>Type:<\/strong> Veggmodell<\/li>\n<li><strong>H\u00f8yde:<\/strong> 90-110 cm<\/li>\n<li><strong>Bredde:<\/strong> 50, 60, 70 cm<\/li>\n<li><strong>Dybde:<\/strong> 50 cm<\/li>\n<li><strong>Materiale, farge:<\/strong> Rustfritt st\u00e5l, Svart, Hvit, Alle farger<\/li>\n<li><strong>Belysning:<\/strong> Dimbar LED, 2 stk.<\/li>\n<\/ul>\n<p><strong>Leveringstid 10-15 virkedager.  <\/strong><\/p>\n<p>Denne hetten er vurdert av: Sunda Hus og Byggvarubed\u00f6mmingen<\/p>\n<p>Denne hetten er testet p\u00e5: RISE<\/p>\n<p><a href=\"https:\/\/www.tovenco.se\/wp-content\/uploads\/2025\/03\/Diagram-Smart.png\"><img loading=\"lazy\" decoding=\"async\" class=\"alignnone size-full wp-image-9620\" src=\"https:\/\/www.tovenco.se\/wp-content\/uploads\/2025\/03\/Diagram-Smart.png\" alt=\"\" width=\"495\" height=\"243\"><\/a><\/p>\n","protected":false},"excerpt":{"rendered":"<p><span data-sheets-root=\"1\">Smart er en minimalistisk vegghengt kj\u00f8kkenvifte med rene linjer og et sjener\u00f8st volum som gir et moderne uttrykk. Den er tilgjengelig i flere farger og er utstyrt med dimbar LED-belysning, ber\u00f8ringspanel og effektive metallfiltre. Hetten kombinerer funksjonalitet og form og passer perfekt inn i moderne kj\u00f8kken med krav til b\u00e5de design og ytelse.  <\/span><\/p>\n","protected":false},"featured_media":10307,"template":"","meta":{"_acf_changed":false},"product_brand":[],"product_cat":[201,202,204,219],"product_tag":[],"class_list":{"0":"post-11417","1":"product","2":"type-product","3":"status-publish","4":"has-post-thumbnail","6":"product_cat-kjokkenhetter-og-avtrekkshetter","7":"product_cat-kjokkenvifter-for-sentral-ventilasjon","8":"product_cat-veggmonterte-avtrekkshetter","9":"product_cat-volumhetter-for-sentral-ventilasjon","10":"pa_bredd-50-cm-no","11":"pa_bredd-60-cm-no","12":"pa_bredd-70-cm-no","13":"pa_farg-farge-etter-eget-valg","14":"pa_farg-hvit","15":"pa_farg-rustfritt-stal","16":"pa_farg-svart-no","17":"pa_flaktsystem-attr-tds-for-leilighet-med-sentral-ventilasjon","19":"first","20":"instock","21":"taxable","22":"shipping-taxable","23":"purchasable","24":"product-type-variable"},"exclude_global_add_ons":false,"addons":[{"name":"For alle farger, skriv inn \u00f8nsket fargekode","type":"heading","position":0,"required":false,"title_format":"label","default":"","description_enable":false,"description":null,"placeholder_enable":false,"placeholder":null,"display":"select","restrictions_type":"any_text","adjust_price":false,"price":"","price_type":"flat_fee","restrictions":false,"min":"0","max":"0","options":[],"id":1726660910},{"name":"Fargekode","type":"custom_text","position":1,"required":false,"title_format":"label","default":"","description_enable":false,"description":null,"placeholder_enable":false,"placeholder":null,"display":"select","restrictions_type":"any_text","adjust_price":false,"price":"","price_type":"quantity_based","restrictions":false,"min":"0","max":"0","options":[],"id":1726660911},{"name":"Total h\u00f8yde p\u00e5 deksel + kanal","type":"heading","position":2,"required":false,"title_format":"label","default":"","description_enable":true,"description":"Total h\u00f8yde p\u00e5 hette + kanal 900-1100 mm. Vi anbefaler 600 mm mellom komfyren og underkanten av hetten, 700 mm for gasskomfyrer. ","placeholder_enable":false,"placeholder":null,"display":"select","restrictions_type":"any_text","adjust_price":false,"price":"","price_type":"flat_fee","restrictions":false,"min":"0","max":"0","options":[],"id":1726660912},{"name":"1101-1600 mm","type":"custom_text","position":3,"required":false,"title_format":"label","default":"","description_enable":false,"description":null,"placeholder_enable":false,"placeholder":null,"display":"select","restrictions_type":"only_numbers","adjust_price":true,"price":"1274","price_type":"quantity_based","restrictions":false,"min":"0","max":"0","options":[],"id":1726660913},{"name":"1601-2100 mm","type":"custom_text","position":4,"required":false,"title_format":"label","default":"","description_enable":false,"description":null,"placeholder_enable":false,"placeholder":null,"display":"select","restrictions_type":"only_numbers","adjust_price":true,"price":"2549","price_type":"quantity_based","restrictions":false,"min":"0","max":"0","options":[],"id":1726660914},{"name":"2101-2600 mm","type":"custom_text","position":5,"required":false,"title_format":"label","default":"","description_enable":false,"description":null,"placeholder_enable":false,"placeholder":null,"display":"select","restrictions_type":"only_numbers","adjust_price":true,"price":"3823","price_type":"quantity_based","restrictions":false,"min":"0","max":"0","options":[],"id":1726660915},{"name":"\u00d8nsket slashing","type":"multiple_choice","position":6,"required":true,"title_format":"heading","default":"","description_enable":true,"description":"Hvis ja, kontakter vi deg for \u00e5 f\u00e5 n\u00f8yaktige m\u00e5l og eventuelt en tegning.   ","placeholder_enable":false,"placeholder":null,"display":"select","restrictions_type":"any_text","adjust_price":false,"price":"","price_type":"flat_fee","restrictions":false,"min":"0","max":"0","options":[{"label":"Nei, det er det ikke.","price":"","price_type":"quantity_based","image":0,"visibility":true},{"label":"Ja","price":"1699","price_type":"quantity_based","image":0,"visibility":true}],"id":1726660916},{"name":"Fjernkontroll","type":"multiple_choice","position":7,"required":true,"title_format":"heading","default":"","description_enable":false,"description":null,"placeholder_enable":false,"placeholder":null,"display":"select","restrictions_type":"any_text","adjust_price":false,"price":"","price_type":"flat_fee","restrictions":false,"min":"0","max":"0","options":[{"label":"Nei, det er det ikke.","price":"","price_type":"quantity_based","image":0,"visibility":true},{"label":"Ja","price":"2054","price_type":"quantity_based","image":0,"visibility":true}],"id":1726660917},{"name":"Slangesett","type":"multiple_choice","position":8,"required":true,"title_format":"heading","default":"","description_enable":false,"description":null,"placeholder_enable":false,"placeholder":null,"display":"select","restrictions_type":"any_text","adjust_price":false,"price":"","price_type":"flat_fee","restrictions":false,"min":"0","max":"0","options":[{"label":"Nei, det er det ikke.","price":"","price_type":"quantity_based","image":0,"visibility":true},{"label":"\u00d8125 - 1,2 meter","price":"249","price_type":"quantity_based","image":0,"visibility":true},{"label":"\u00d8160 - 1,2 meter","price":"311","price_type":"quantity_based","image":0,"visibility":true}],"id":1726660918}],"acf":[],"_links":{"self":[{"href":"https:\/\/www.tovenco.se\/no\/wp-json\/wp\/v2\/product\/11417","targetHints":{"allow":["GET"]}}],"collection":[{"href":"https:\/\/www.tovenco.se\/no\/wp-json\/wp\/v2\/product"}],"about":[{"href":"https:\/\/www.tovenco.se\/no\/wp-json\/wp\/v2\/types\/product"}],"wp:featuredmedia":[{"embeddable":true,"href":"https:\/\/www.tovenco.se\/no\/wp-json\/wp\/v2\/media\/10307"}],"wp:attachment":[{"href":"https:\/\/www.tovenco.se\/no\/wp-json\/wp\/v2\/media?parent=11417"}],"wp:term":[{"taxonomy":"product_brand","embeddable":true,"href":"https:\/\/www.tovenco.se\/no\/wp-json\/wp\/v2\/product_brand?post=11417"},{"taxonomy":"product_cat","embeddable":true,"href":"https:\/\/www.tovenco.se\/no\/wp-json\/wp\/v2\/product_cat?post=11417"},{"taxonomy":"product_tag","embeddable":true,"href":"https:\/\/www.tovenco.se\/no\/wp-json\/wp\/v2\/product_tag?post=11417"}],"curies":[{"name":"wp","href":"https:\/\/api.w.org\/{rel}","templated":true}]}}