{"id":11362,"date":"2018-08-10T08:55:22","date_gmt":"2018-08-10T06:55:22","guid":{"rendered":"https:\/\/www.tovenco.se\/produkt\/sky\/"},"modified":"2018-08-10T08:55:22","modified_gmt":"2018-08-10T06:55:22","slug":"sky","status":"publish","type":"product","link":"https:\/\/www.tovenco.se\/no\/produkt\/sky\/","title":{"rendered":"Sky"},"content":{"rendered":"<h3>Spesifikasjon<\/h3>\n<p>V\u00e6r oppmerksom p\u00e5 at ekstern viftemotor ikke er inkludert i prisen. Tak- og loftsvifter finner du under fanen EKSTERNVIFTER <\/p>\n<ul>\n<li><strong>Type:<\/strong> Takmodell<\/li>\n<li><strong>H\u00f8yde:<\/strong> 14,9 cm<\/li>\n<li><strong>Bredde:<\/strong> 119 cm og 79 cm<\/li>\n<li><strong>Dybde:<\/strong> 59 cm<\/li>\n<li><strong>Materiale, farge:<\/strong> Rustfritt st\u00e5l, Svart, Hvit, Alle farger<\/li>\n<li><strong>Belysning:<\/strong> LED-belysning, 10 stk. for 119 cm, 8 stk. for 79 cm<\/li>\n<\/ul>\n<p><strong>Leveringstid ca. 10-15 virkedager.  <\/strong><\/p>\n","protected":false},"excerpt":{"rendered":"<p>Diskret og elegant takvifte, designet for drift med en ekstern motor. Sky gir maksimal frihet i kj\u00f8kkenplanleggingen og passer for deg som \u00f8nsker h\u00f8y ytelse. <\/p>\n","protected":false},"featured_media":10303,"template":"","meta":{"_acf_changed":false},"product_brand":[],"product_cat":[201,226],"product_tag":[],"class_list":{"0":"post-11362","1":"product","2":"type-product","3":"status-publish","4":"has-post-thumbnail","6":"product_cat-kjokkenhetter-og-avtrekkshetter","7":"product_cat-takintegrerte-avtrekkshetter","8":"pa_bredd-119-cm-no","9":"pa_bredd-79-cm-no","10":"pa_farg-farge-etter-eget-valg","11":"pa_farg-hvit","12":"pa_farg-rustfritt-stal","13":"pa_farg-svart-no","14":"pa_flaktsystem-attr-tes-ac-med-styring-for-ekstern-motor-pa-tak-vind","15":"pa_flaktsystem-attr-tes-ec-med-styring-for-ekstern-motor-pa-tak-vind","16":"pa_flaktsystem-attr-tis-ec-innebygd-vifte-i-panseret","18":"first","19":"instock","20":"featured","21":"taxable","22":"shipping-taxable","23":"purchasable","24":"product-type-variable"},"exclude_global_add_ons":false,"addons":[{"name":"For alle farger, skriv inn \u00f8nsket fargekode","type":"heading","position":0,"required":false,"title_format":"label","default":"","description_enable":false,"description":null,"placeholder_enable":false,"placeholder":null,"display":"select","restrictions_type":"any_text","adjust_price":false,"price":"","price_type":"flat_fee","restrictions":false,"min":"0","max":"0","options":[],"id":1726661257},{"name":"Fargekode","type":"custom_text","position":1,"required":false,"title_format":"label","default":"","description_enable":false,"description":null,"placeholder_enable":false,"placeholder":null,"display":"select","restrictions_type":"any_text","adjust_price":false,"price":"","price_type":"quantity_based","restrictions":false,"min":"0","max":"0","options":[],"id":1726661258},{"name":"Finish (hel vifte)","type":"multiple_choice","position":2,"required":true,"title_format":"heading","default":"","description_enable":true,"description":"<div class=\"ytfinish\"><img src=\"https:\/\/www.tovenco.se\/wp-content\/uploads\/2025\/03\/ytfinish_koppar.jpg\"><p style=\"text-align:center\">Kobber<\/p><\/div><div class=\"ytfinish\"><img src=\"https:\/\/www.tovenco.se\/wp-content\/uploads\/2025\/03\/ytfinish_massing.jpg\"><p style=\"text-align:center\">Messing<\/p><\/div><div class=\"ytfinish\"><img src=\"https:\/\/www.tovenco.se\/wp-content\/uploads\/2025\/03\/ytfinish_brons2.jpg\"><p style=\"text-align:center\">Bronse<\/p><\/div><div class=\"ytfinish\"><img src=\"https:\/\/www.tovenco.se\/wp-content\/uploads\/2025\/03\/ytfinish_svart.jpg\"><p style=\"text-align:center\">Svart<\/p><\/div>","placeholder_enable":false,"placeholder":null,"display":"select","restrictions_type":"any_text","adjust_price":false,"price":"","price_type":"flat_fee","restrictions":false,"min":"0","max":"0","options":[{"label":"Nei, det er det ikke.","price":"","price_type":"quantity_based","image":0,"visibility":true},{"label":"Kobber","price":"7026","price_type":"quantity_based","image":0,"visibility":true},{"label":"Messing","price":"7026","price_type":"quantity_based","image":0,"visibility":true},{"label":"Bronse","price":"7026","price_type":"quantity_based","image":0,"visibility":true},{"label":"Svart","price":"7026","price_type":"quantity_based","image":0,"visibility":true}],"id":1726661259},{"name":"Slangesett","type":"multiple_choice","position":3,"required":true,"title_format":"heading","default":"","description_enable":false,"description":null,"placeholder_enable":false,"placeholder":null,"display":"select","restrictions_type":"any_text","adjust_price":false,"price":"","price_type":"flat_fee","restrictions":false,"min":"0","max":"0","options":[{"label":"Nei, det er det ikke.","price":"","price_type":"quantity_based","image":0,"visibility":true},{"label":"\u00d8125 - 1,2 meter","price":"249","price_type":"quantity_based","image":0,"visibility":true},{"label":"\u00d8160 - 1,2 meter","price":"311","price_type":"quantity_based","image":0,"visibility":true}],"id":1726661260}],"acf":[],"_links":{"self":[{"href":"https:\/\/www.tovenco.se\/no\/wp-json\/wp\/v2\/product\/11362","targetHints":{"allow":["GET"]}}],"collection":[{"href":"https:\/\/www.tovenco.se\/no\/wp-json\/wp\/v2\/product"}],"about":[{"href":"https:\/\/www.tovenco.se\/no\/wp-json\/wp\/v2\/types\/product"}],"wp:featuredmedia":[{"embeddable":true,"href":"https:\/\/www.tovenco.se\/no\/wp-json\/wp\/v2\/media\/10303"}],"wp:attachment":[{"href":"https:\/\/www.tovenco.se\/no\/wp-json\/wp\/v2\/media?parent=11362"}],"wp:term":[{"taxonomy":"product_brand","embeddable":true,"href":"https:\/\/www.tovenco.se\/no\/wp-json\/wp\/v2\/product_brand?post=11362"},{"taxonomy":"product_cat","embeddable":true,"href":"https:\/\/www.tovenco.se\/no\/wp-json\/wp\/v2\/product_cat?post=11362"},{"taxonomy":"product_tag","embeddable":true,"href":"https:\/\/www.tovenco.se\/no\/wp-json\/wp\/v2\/product_tag?post=11362"}],"curies":[{"name":"wp","href":"https:\/\/api.w.org\/{rel}","templated":true}]}}