{"id":11341,"date":"2018-08-10T08:55:21","date_gmt":"2018-08-10T06:55:21","guid":{"rendered":"https:\/\/www.tovenco.se\/produkt\/parade-fritthengende\/"},"modified":"2018-08-10T08:55:21","modified_gmt":"2018-08-10T06:55:21","slug":"parade-fritthengende","status":"publish","type":"product","link":"https:\/\/www.tovenco.se\/no\/produkt\/parade-fritthengende\/","title":{"rendered":"Parade Fritthengende"},"content":{"rendered":"<h3>Spesifikasjon<\/h3>\n<ul>\n<li><strong>Type:<\/strong> Fritthengende modell<\/li>\n<li><strong>H\u00f8yde:<\/strong> 5 cm + spesialtilpasset kanal<\/li>\n<li><strong>Bredde:<\/strong> 80, 90, 100, 120 cm<\/li>\n<li><strong>Dybde:<\/strong> 60 cm<\/li>\n<li><strong>Materiale, farge:<\/strong> Rustfritt st\u00e5l, Svart, Hvit, Alle farger<\/li>\n<li><strong>Belysning:<\/strong> Dimbar LED, 6-8 stk.<\/li>\n<\/ul>\n<p><strong>Leveringstid: Ca. 10-15 virkedager.  <\/strong><\/p>\n","protected":false},"excerpt":{"rendered":"<p>Parad er en pen og diskret modell som passer inn i det moderne kj\u00f8kkenet. Med EC-motor, metallfilter og LED-belysning leverer den h\u00f8y ytelse med lavt st\u00f8yniv\u00e5. <\/p>\n","protected":false},"featured_media":10284,"template":"","meta":{"_acf_changed":false},"product_brand":[],"product_cat":[215,201,202,203],"product_tag":[],"class_list":{"0":"post-11341","1":"product","2":"type-product","3":"status-publish","4":"has-post-thumbnail","6":"product_cat-fritthengende-kjokkenhetter","7":"product_cat-kjokkenhetter-og-avtrekkshetter","8":"product_cat-kjokkenvifter-for-sentral-ventilasjon","9":"product_cat-vifter-med-kullfilter","10":"pa_bredd-100-cm-no","11":"pa_bredd-120-cm-no","12":"pa_bredd-80-cm-no","13":"pa_bredd-90-cm-no","14":"pa_farg-farge-etter-eget-valg","15":"pa_farg-hvit","16":"pa_farg-rustfritt-stal","17":"pa_farg-svart-no","19":"first","20":"instock","21":"taxable","22":"shipping-taxable","23":"purchasable","24":"product-type-variable"},"exclude_global_add_ons":false,"addons":[{"name":"Skriv inn \u00f8nsket RAL- eller NCS-kode","type":"heading","position":0,"required":false,"title_format":"label","default":"","description_enable":false,"description":null,"placeholder_enable":false,"placeholder":null,"display":"select","restrictions_type":"any_text","adjust_price":false,"price":"","price_type":"flat_fee","restrictions":false,"min":"0","max":"0","options":[],"id":1726661667},{"name":"RAL","type":"custom_text","position":1,"required":false,"title_format":"label","default":"","description_enable":false,"description":null,"placeholder_enable":false,"placeholder":null,"display":"select","restrictions_type":"any_text","adjust_price":false,"price":"","price_type":"quantity_based","restrictions":false,"min":"0","max":"0","options":[],"id":1726661668},{"name":"NCS","type":"custom_text","position":2,"required":false,"title_format":"label","default":"","description_enable":false,"description":null,"placeholder_enable":false,"placeholder":null,"display":"select","restrictions_type":"any_text","adjust_price":false,"price":"","price_type":"quantity_based","restrictions":false,"min":"0","max":"0","options":[],"id":1726661669},{"name":"Total h\u00f8yde p\u00e5 deksel + kanal","type":"heading","position":3,"required":false,"title_format":"label","default":"","description_enable":true,"description":"Hetteh\u00f8yde 50 mm + kanal som kan tilpasses opp til 1000 mm. Vi anbefaler 700 mm mellom komfyren og underkanten av hetten for gasskomfyrer eller fritthengende hetter.vennligst fyll inn din n\u00f8yaktige takh\u00f8yde nedenfor, da fritthengende modeller er laget i henhold til riktig takh\u00f8yde.hvis du trenger en h\u00f8yere total h\u00f8yde p\u00e5 kanalen enn 1000 mm, skriv inn dimensjonene nedenfor ","placeholder_enable":false,"placeholder":null,"display":"select","restrictions_type":"any_text","adjust_price":false,"price":"","price_type":"flat_fee","restrictions":false,"min":"0","max":"0","options":[],"id":1726661670},{"name":"Angi takh\u00f8yden:","type":"custom_text","position":4,"required":false,"title_format":"label","default":"","description_enable":false,"description":null,"placeholder_enable":false,"placeholder":null,"display":"select","restrictions_type":"only_numbers","adjust_price":false,"price":"","price_type":"quantity_based","restrictions":false,"min":"0","max":"0","options":[],"id":1726661671},{"name":"1001-1500 mm","type":"custom_text","position":5,"required":false,"title_format":"label","default":"","description_enable":false,"description":null,"placeholder_enable":false,"placeholder":null,"display":"select","restrictions_type":"only_numbers","adjust_price":true,"price":"1416","price_type":"quantity_based","restrictions":false,"min":"0","max":"0","options":[],"id":1726661672},{"name":"1501-2000 mm","type":"custom_text","position":6,"required":false,"title_format":"label","default":"","description_enable":false,"description":null,"placeholder_enable":false,"placeholder":null,"display":"select","restrictions_type":"only_numbers","adjust_price":true,"price":"2832","price_type":"quantity_based","restrictions":false,"min":"0","max":"0","options":[],"id":1726661673},{"name":"2001-2500 mm","type":"custom_text","position":7,"required":false,"title_format":"label","default":"","description_enable":false,"description":null,"placeholder_enable":false,"placeholder":null,"display":"select","restrictions_type":"only_numbers","adjust_price":true,"price":"4249","price_type":"quantity_based","restrictions":false,"min":"0","max":"0","options":[],"id":1726661674},{"name":"Viftesystem","type":"multiple_choice","position":8,"required":true,"title_format":"heading","default":"","description_enable":true,"description":"Du kan lese mer om de ulike viftealternativene her: <a style=\"font-weight:bold\" target=\"_blank\" href=\"https:\/\/tovenco.se\/flaktsystem\/\">Viftesystemer<\/a>","placeholder_enable":false,"placeholder":null,"display":"select","restrictions_type":"any_text","adjust_price":false,"price":"","price_type":"flat_fee","restrictions":false,"min":"0","max":"0","options":[{"label":"TIS-EC - Innebygd vifte i hetten","price":"","price_type":"quantity_based","image":0,"visibility":true},{"label":"TES AC - For ekstern motor p\u00e5 tak\/vind","price":"-921","price_type":"quantity_based","image":0,"visibility":true},{"label":"TES EC - For ekstern motor p\u00e5 tak\/vind","price":"-921","price_type":"quantity_based","image":0,"visibility":true},{"label":"TDS - For leilighet med sentral ventilasjon","price":"","price_type":"quantity_based","image":0,"visibility":true},{"label":"TDS+EC - For ventilasjon i kj\u00f8kken\/stue","price":"1063","price_type":"quantity_based","image":0,"visibility":true},{"label":"TDS+AC - For ventilasjon i kj\u00f8kken\/stue","price":"1063","price_type":"quantity_based","image":0,"visibility":true},{"label":"TFS - Karbonfiltersystem","price":"1940","price_type":"quantity_based","image":0,"visibility":true}],"id":1726661675},{"name":"Tovenco Plasmafilter","type":"multiple_choice","position":9,"required":true,"title_format":"label","default":"","description_enable":false,"description":null,"placeholder_enable":false,"placeholder":null,"display":"select","restrictions_type":"any_text","adjust_price":false,"price":"","price_type":"flat_fee","restrictions":false,"min":"0","max":"0","options":[{"label":"Nei, det er det ikke.","price":"","price_type":"quantity_based","image":0,"visibility":true},{"label":"Plasmafilter 650\/150","price":"7519","price_type":"quantity_based","image":0,"visibility":true},{"label":"Plasmafilter 1000\/210","price":"8446","price_type":"quantity_based","image":0,"visibility":true}],"id":1726661676},{"name":"\u00d8nsket slashing","type":"multiple_choice","position":10,"required":true,"title_format":"heading","default":"","description_enable":true,"description":"Hvis ja, kontakter vi deg for \u00e5 f\u00e5 n\u00f8yaktige m\u00e5l og eventuelt en tegning.   ","placeholder_enable":false,"placeholder":null,"display":"select","restrictions_type":"any_text","adjust_price":false,"price":"","price_type":"flat_fee","restrictions":false,"min":"0","max":"0","options":[{"label":"Nei, det er det ikke.","price":"","price_type":"quantity_based","image":0,"visibility":true},{"label":"Ja","price":"1699","price_type":"quantity_based","image":0,"visibility":true}],"id":1726661677},{"name":"Finish (hel vifte)","type":"multiple_choice","position":11,"required":false,"title_format":"heading","default":"","description_enable":true,"description":"<div class=\"ytfinish\"><img src=\"https:\/\/www.tovenco.se\/wp-content\/uploads\/2025\/03\/ytfinish_koppar.jpg\"><p style=\"text-align:center\">Kobber<\/p><\/div><div class=\"ytfinish\"><img src=\"https:\/\/www.tovenco.se\/wp-content\/uploads\/2025\/03\/ytfinish_massing.jpg\"><p style=\"text-align:center\">Messing<\/p><\/div><div class=\"ytfinish\"><img src=\"https:\/\/www.tovenco.se\/wp-content\/uploads\/2025\/03\/ytfinish_brons2.jpg\"><p style=\"text-align:center\">Bronse<\/p><\/div><div class=\"ytfinish\"><img src=\"https:\/\/www.tovenco.se\/wp-content\/uploads\/2025\/03\/ytfinish_svart.jpg\"><p style=\"text-align:center\">Svart<\/p><\/div>","placeholder_enable":false,"placeholder":null,"display":"select","restrictions_type":"any_text","adjust_price":false,"price":"","price_type":"flat_fee","restrictions":false,"min":"0","max":"0","options":[{"label":"Nei, det er det ikke.","price":"","price_type":"quantity_based","image":0,"visibility":true},{"label":"Kobber","price":"7026","price_type":"quantity_based","image":0,"visibility":true},{"label":"Messing","price":"7026","price_type":"quantity_based","image":0,"visibility":true},{"label":"Bronse","price":"7026","price_type":"quantity_based","image":0,"visibility":true},{"label":"Svart","price":"7026","price_type":"quantity_based","image":0,"visibility":true}],"id":1726661678},{"name":"Finish (kun kanal)","type":"multiple_choice","position":12,"required":true,"title_format":"heading","default":"","description_enable":true,"description":"<div class=\"ytfinish\"><img src=\"https:\/\/www.tovenco.se\/wp-content\/uploads\/2025\/03\/ytfinish_koppar.jpg\"><p style=\"text-align:center\">Kobber<\/p><\/div><div class=\"ytfinish\"><img src=\"https:\/\/www.tovenco.se\/wp-content\/uploads\/2025\/03\/ytfinish_massing.jpg\"><p style=\"text-align:center\">Messing<\/p><\/div><div class=\"ytfinish\"><img src=\"https:\/\/www.tovenco.se\/wp-content\/uploads\/2025\/03\/ytfinish_brons2.jpg\"><p style=\"text-align:center\">Bronse<\/p><\/div><div class=\"ytfinish\"><img src=\"https:\/\/www.tovenco.se\/wp-content\/uploads\/2025\/03\/ytfinish_svart.jpg\"><p style=\"text-align:center\">Svart<\/p><\/div>","placeholder_enable":false,"placeholder":null,"display":"select","restrictions_type":"any_text","adjust_price":false,"price":"","price_type":"flat_fee","restrictions":false,"min":"0","max":"0","options":[{"label":"Nei, det er det ikke.","price":"","price_type":"quantity_based","image":0,"visibility":true},{"label":"Kobber","price":"1962","price_type":"quantity_based","image":0,"visibility":true},{"label":"Messing","price":"1962","price_type":"quantity_based","image":0,"visibility":true},{"label":"Bronse","price":"1962","price_type":"quantity_based","image":0,"visibility":true},{"label":"Svart","price":"1962","price_type":"quantity_based","image":0,"visibility":true}],"id":1726661679},{"name":"Fjernkontroll","type":"multiple_choice","position":13,"required":true,"title_format":"heading","default":"","description_enable":false,"description":null,"placeholder_enable":false,"placeholder":null,"display":"select","restrictions_type":"any_text","adjust_price":false,"price":"","price_type":"flat_fee","restrictions":false,"min":"0","max":"0","options":[{"label":"Nei, det er det ikke.","price":"","price_type":"quantity_based","image":0,"visibility":true},{"label":"Ja","price":"2054","price_type":"quantity_based","image":0,"visibility":true}],"id":1726661680},{"name":"Slangesett","type":"multiple_choice","position":14,"required":true,"title_format":"heading","default":"","description_enable":false,"description":null,"placeholder_enable":false,"placeholder":null,"display":"select","restrictions_type":"any_text","adjust_price":false,"price":"","price_type":"flat_fee","restrictions":false,"min":"0","max":"0","options":[{"label":"Nei, det er det ikke.","price":"","price_type":"quantity_based","image":0,"visibility":true},{"label":"\u00d8125 - 1,2 meter","price":"249","price_type":"quantity_based","image":0,"visibility":true},{"label":"\u00d8160 - 1,2 meter","price":"311","price_type":"quantity_based","image":0,"visibility":true}],"id":1726661681}],"acf":[],"_links":{"self":[{"href":"https:\/\/www.tovenco.se\/no\/wp-json\/wp\/v2\/product\/11341","targetHints":{"allow":["GET"]}}],"collection":[{"href":"https:\/\/www.tovenco.se\/no\/wp-json\/wp\/v2\/product"}],"about":[{"href":"https:\/\/www.tovenco.se\/no\/wp-json\/wp\/v2\/types\/product"}],"wp:featuredmedia":[{"embeddable":true,"href":"https:\/\/www.tovenco.se\/no\/wp-json\/wp\/v2\/media\/10284"}],"wp:attachment":[{"href":"https:\/\/www.tovenco.se\/no\/wp-json\/wp\/v2\/media?parent=11341"}],"wp:term":[{"taxonomy":"product_brand","embeddable":true,"href":"https:\/\/www.tovenco.se\/no\/wp-json\/wp\/v2\/product_brand?post=11341"},{"taxonomy":"product_cat","embeddable":true,"href":"https:\/\/www.tovenco.se\/no\/wp-json\/wp\/v2\/product_cat?post=11341"},{"taxonomy":"product_tag","embeddable":true,"href":"https:\/\/www.tovenco.se\/no\/wp-json\/wp\/v2\/product_tag?post=11341"}],"curies":[{"name":"wp","href":"https:\/\/api.w.org\/{rel}","templated":true}]}}