{"id":11340,"date":"2018-08-10T08:55:47","date_gmt":"2018-08-10T06:55:47","guid":{"rendered":"https:\/\/www.tovenco.se\/produkt\/tvc-volum-fritt-hengende\/"},"modified":"2025-07-10T13:05:49","modified_gmt":"2025-07-10T11:05:49","slug":"tvc-volum-fritt-hengende","status":"publish","type":"product","link":"https:\/\/www.tovenco.se\/no\/produkt\/tvc-volum-fritt-hengende\/","title":{"rendered":"TVC Volym Fritthengende"},"content":{"rendered":"<h3>Spesifikasjon<\/h3>\n<ul>\n<li><strong>Type:<\/strong> Fritthengende modell<\/li>\n<li><strong>H\u00f8yde:<\/strong> 35 cm + spesialtilpasset kanal<\/li>\n<li><strong>Bredde:<\/strong> 80, 90 cm<\/li>\n<li><strong>Dybde:<\/strong> 60 cm<\/li>\n<li><strong>Materiale, farge:<\/strong> Rustfritt st\u00e5l, Svart, Hvit, Alle farger<\/li>\n<li><strong>Belysning:<\/strong> Dimbar LED, 4 stk.<\/li>\n<\/ul>\n<p><strong>Leveringstid ca. 10-15 virkedager. <\/strong><\/p>\n","protected":false},"excerpt":{"rendered":"<p><span data-sheets-root=\"1\">TVC Volume Free-Hanging kombinerer klassisk form med moderne funksjon. Den robuste konstruksjonen med markert helning og takhengt design gj\u00f8r den perfekt for kj\u00f8kken\u00f8yer. Hetten leveres i flere farger og med energieffektiv LED-belysning, ber\u00f8ringspanel og metallfilter som t\u00e5ler oppvaskmaskin. En leilighetsvennlig l\u00f8sning med en profesjonell f\u00f8lelse. <\/span><\/p>\n","protected":false},"featured_media":10525,"template":"","meta":{"_acf_changed":false},"product_brand":[],"product_cat":[215,201,202,219],"product_tag":[],"class_list":{"0":"post-11340","1":"product","2":"type-product","3":"status-publish","4":"has-post-thumbnail","6":"product_cat-fritthengende-kjokkenhetter","7":"product_cat-kjokkenhetter-og-avtrekkshetter","8":"product_cat-kjokkenvifter-for-sentral-ventilasjon","9":"product_cat-volumhetter-for-sentral-ventilasjon","10":"pa_bredd-90-cm-no","11":"pa_farg-farge-etter-eget-valg","12":"pa_farg-hvit","13":"pa_farg-rustfritt-stal","14":"pa_farg-svart-no","15":"pa_flaktsystem-attr-tds-for-leilighet-med-sentral-ventilasjon","17":"first","18":"instock","19":"taxable","20":"shipping-taxable","21":"purchasable","22":"product-type-variable"},"exclude_global_add_ons":false,"addons":[{"name":"For alle farger, skriv inn \u00f8nsket fargekode","type":"heading","position":0,"required":false,"title_format":"label","default":"","description_enable":false,"description":"","placeholder_enable":false,"placeholder":"","display":"select","restrictions_type":"any_text","adjust_price":false,"price":"","price_type":"flat_fee","restrictions":false,"min":"0","max":"0","options":[],"id":1726660730},{"name":"Fargekode","type":"custom_text","position":1,"required":false,"title_format":"label","default":"","description_enable":false,"description":"","placeholder_enable":false,"placeholder":"","display":"select","restrictions_type":"any_text","adjust_price":false,"price":"","price_type":"quantity_based","restrictions":false,"min":"0","max":"0","options":[],"id":1726660731},{"name":"Angi \u00f8nsket totalh\u00f8yde p\u00e5 lokket + kanal","type":"heading","position":2,"required":false,"title_format":"label","default":"","description_enable":true,"description":"Total hetteh\u00f8yde 350 mm + kanal opp til 1000 mm. Vi anbefaler 600 mm mellom komfyren og underkanten av hetten, 700 mm for gasskomfyrer: ","placeholder_enable":false,"placeholder":"","display":"select","restrictions_type":"any_text","adjust_price":false,"price":"","price_type":"flat_fee","restrictions":false,"min":"0","max":"0","options":[],"id":1726660732},{"name":"350-1000 mm","type":"custom_text","position":3,"required":false,"title_format":"label","default":"","description_enable":false,"description":"","placeholder_enable":false,"placeholder":"","display":"select","restrictions_type":"only_numbers","adjust_price":false,"price":"","price_type":"quantity_based","restrictions":false,"min":"0","max":"0","options":[],"id":1726660733},{"name":"1001-1500 mm","type":"custom_text","position":4,"required":false,"title_format":"label","default":"","description_enable":false,"description":"","placeholder_enable":false,"placeholder":"","display":"select","restrictions_type":"only_numbers","adjust_price":true,"price":"1416","price_type":"quantity_based","restrictions":false,"min":"0","max":"0","options":[],"id":1726660734},{"name":"1501-2000 mm","type":"custom_text","position":5,"required":false,"title_format":"label","default":"","description_enable":false,"description":"","placeholder_enable":false,"placeholder":"","display":"select","restrictions_type":"only_numbers","adjust_price":true,"price":"2832","price_type":"quantity_based","restrictions":false,"min":"0","max":"0","options":[],"id":1726660735},{"name":"2001-2500 mm","type":"custom_text","position":6,"required":false,"title_format":"label","default":"","description_enable":false,"description":"","placeholder_enable":false,"placeholder":"","display":"select","restrictions_type":"only_numbers","adjust_price":true,"price":"4249","price_type":"quantity_based","restrictions":false,"min":"0","max":"0","options":[],"id":1726660736},{"name":"\u00d8nsket slashing","type":"multiple_choice","position":7,"required":true,"title_format":"heading","default":"","description_enable":true,"description":"Hvis ja, kontakter vi deg for \u00e5 f\u00e5 n\u00f8yaktige m\u00e5l og eventuelt en tegning.   ","placeholder_enable":false,"placeholder":"","display":"select","restrictions_type":"any_text","adjust_price":false,"price":"","price_type":"flat_fee","restrictions":false,"min":"0","max":"0","options":[{"label":"Nei, det er det ikke.","price":"","price_type":"quantity_based","image":0,"visibility":true},{"label":"Ja","price":"2054","price_type":"quantity_based","image":0,"visibility":true}],"id":1726660737},{"name":"Fjernkontroll","type":"multiple_choice","position":8,"required":true,"title_format":"heading","default":"","description_enable":false,"description":"","placeholder_enable":false,"placeholder":"","display":"select","restrictions_type":"any_text","adjust_price":false,"price":"","price_type":"flat_fee","restrictions":false,"min":"0","max":"0","options":[{"label":"Nei, det er det ikke.","price":"","price_type":"quantity_based","image":0,"visibility":true},{"label":"Ja","price":"2054","price_type":"quantity_based","image":0,"visibility":true}],"id":1726660738},{"name":"Slangesett","type":"multiple_choice","position":9,"required":true,"title_format":"heading","default":"","description_enable":false,"description":"","placeholder_enable":false,"placeholder":"","display":"select","restrictions_type":"any_text","adjust_price":false,"price":"","price_type":"flat_fee","restrictions":false,"min":"0","max":"0","options":[{"label":"Nei, det er det ikke.","price":"","price_type":"quantity_based","image":0,"visibility":true},{"label":"\u00d8125 - 1,2 meter","price":"249","price_type":"quantity_based","image":0,"visibility":true},{"label":"\u00d8160 - 1,2 meter","price":"311","price_type":"quantity_based","image":0,"visibility":true}],"id":1726660739}],"acf":[],"_links":{"self":[{"href":"https:\/\/www.tovenco.se\/no\/wp-json\/wp\/v2\/product\/11340","targetHints":{"allow":["GET"]}}],"collection":[{"href":"https:\/\/www.tovenco.se\/no\/wp-json\/wp\/v2\/product"}],"about":[{"href":"https:\/\/www.tovenco.se\/no\/wp-json\/wp\/v2\/types\/product"}],"wp:featuredmedia":[{"embeddable":true,"href":"https:\/\/www.tovenco.se\/no\/wp-json\/wp\/v2\/media\/10525"}],"wp:attachment":[{"href":"https:\/\/www.tovenco.se\/no\/wp-json\/wp\/v2\/media?parent=11340"}],"wp:term":[{"taxonomy":"product_brand","embeddable":true,"href":"https:\/\/www.tovenco.se\/no\/wp-json\/wp\/v2\/product_brand?post=11340"},{"taxonomy":"product_cat","embeddable":true,"href":"https:\/\/www.tovenco.se\/no\/wp-json\/wp\/v2\/product_cat?post=11340"},{"taxonomy":"product_tag","embeddable":true,"href":"https:\/\/www.tovenco.se\/no\/wp-json\/wp\/v2\/product_tag?post=11340"}],"curies":[{"name":"wp","href":"https:\/\/api.w.org\/{rel}","templated":true}]}}