{"id":11270,"date":"2018-08-10T08:54:54","date_gmt":"2018-08-10T06:54:54","guid":{"rendered":"https:\/\/www.tovenco.se\/produkt\/malibu\/"},"modified":"2018-08-10T08:54:54","modified_gmt":"2018-08-10T06:54:54","slug":"malibu","status":"publish","type":"product","link":"https:\/\/www.tovenco.se\/no\/produkt\/malibu\/","title":{"rendered":"Malibu"},"content":{"rendered":"<h3>Spesifikasjon<\/h3>\n<ul>\n<li><strong>Type:<\/strong> Veggmodell<\/li>\n<li><strong>H\u00f8yde:<\/strong> 25 cm<\/li>\n<li><strong>Bredde:<\/strong> 60, 70, 80, 90, 100, 110, 120 cm<\/li>\n<li><strong>Dybde:<\/strong> 50 cm<\/li>\n<li><strong>Materiale, farge:<\/strong> Rustfritt st\u00e5l, Svart, Hvit, Alle farger<\/li>\n<li><strong>Belysning:<\/strong> Dimbar LED, 4-6 stk.<\/li>\n<\/ul>\n<p><strong>Leveringstid: Ca. 10-15 virkedager.  <\/strong><\/p>\n","protected":false},"excerpt":{"rendered":"<p>Integrert kj\u00f8kkenvifte med et stilrent og diskret design som passer inn i ethvert kj\u00f8kken. Malibu er veggmontert og f\u00e5s i bredder fra 600 til 1200 mm og i flere fargealternativer. <\/p>\n","protected":false},"featured_media":10261,"template":"","meta":{"_acf_changed":false},"product_brand":[],"product_cat":[201,202,203,220],"product_tag":[],"class_list":{"0":"post-11270","1":"product","2":"type-product","3":"status-publish","4":"has-post-thumbnail","6":"product_cat-kjokkenhetter-og-avtrekkshetter","7":"product_cat-kjokkenvifter-for-sentral-ventilasjon","8":"product_cat-vifter-med-kullfilter","9":"product_cat-vifter-under-karosseriet","10":"pa_bredd-100-cm-no","11":"pa_bredd-110-cm-no","12":"pa_bredd-120-cm-no","13":"pa_bredd-60-cm-no","14":"pa_bredd-70-cm-no","15":"pa_bredd-80-cm-no","16":"pa_bredd-90-cm-no","17":"pa_farg-farge-etter-eget-valg","18":"pa_farg-hvit","19":"pa_farg-rustfritt-stal","20":"pa_farg-svart-no","21":"pa_flaktsystem-attr-tds-for-leilighet-med-sentral-ventilasjon","22":"pa_flaktsystem-attr-tds-for-ventilasjon-av-kjokken-vatrom","23":"pa_flaktsystem-attr-tes-ac-med-styring-for-ekstern-motor-pa-tak-vind","24":"pa_flaktsystem-attr-tes-ec-med-styring-for-ekstern-motor-pa-tak-vind","25":"pa_flaktsystem-attr-tes-for-ekstern-motor-pa-tak-vind","26":"pa_flaktsystem-attr-tis-ec-innebygd-vifte-i-panseret","27":"pa_flaktsystem-attr-tis-integrert-vifte-i-panseret","29":"first","30":"instock","31":"featured","32":"taxable","33":"shipping-taxable","34":"purchasable","35":"product-type-variable"},"exclude_global_add_ons":false,"addons":[{"name":"For alle farger, skriv inn \u00f8nsket fargekode","type":"heading","position":0,"required":false,"title_format":"label","default":"","description_enable":false,"description":null,"placeholder_enable":false,"placeholder":null,"display":"select","restrictions_type":"any_text","adjust_price":false,"price":"","price_type":"flat_fee","restrictions":false,"min":"0","max":"0","options":[],"id":1726664776},{"name":"Fargekode","type":"custom_text","position":1,"required":false,"title_format":"label","default":"","description_enable":false,"description":null,"placeholder_enable":false,"placeholder":null,"display":"select","restrictions_type":"any_text","adjust_price":false,"price":"","price_type":"quantity_based","restrictions":false,"min":"0","max":"0","options":[],"id":1726664777},{"name":"Viftesystem","type":"multiple_choice","position":2,"required":true,"title_format":"heading","default":"","description_enable":true,"description":"Du kan lese mer om de ulike viftealternativene her: <a style=\"font-weight:bold\" target=\"_blank\" href=\"https:\/\/tovenco.se\/flaktsystem\/\">Viftesystemer<\/a>","placeholder_enable":false,"placeholder":null,"display":"select","restrictions_type":"any_text","adjust_price":false,"price":"","price_type":"flat_fee","restrictions":false,"min":"0","max":"0","options":[{"label":"TIS-EC - Innebygd vifte i hetten","price":"","price_type":"quantity_based","image":0,"visibility":true},{"label":"TES AC - For ekstern motor p\u00e5 tak\/vind","price":"-921","price_type":"quantity_based","image":0,"visibility":true},{"label":"TES EC - For ekstern motor p\u00e5 tak\/vind","price":"-921","price_type":"quantity_based","image":0,"visibility":true},{"label":"TDS - For leilighet med sentral ventilasjon","price":"","price_type":"quantity_based","image":0,"visibility":true},{"label":"TDS+EC - For ventilasjon i kj\u00f8kken\/stue","price":"1063","price_type":"quantity_based","image":0,"visibility":true},{"label":"TDS+AC - For ventilasjon i kj\u00f8kken\/stue","price":"1063","price_type":"quantity_based","image":0,"visibility":true},{"label":"TFS - Karbonfiltersystem","price":"1940","price_type":"quantity_based","image":0,"visibility":true}],"id":1726664778},{"name":"Tovenco Plasmafilter","type":"multiple_choice","position":3,"required":true,"title_format":"heading","default":"","description_enable":false,"description":null,"placeholder_enable":false,"placeholder":null,"display":"select","restrictions_type":"any_text","adjust_price":false,"price":"","price_type":"flat_fee","restrictions":false,"min":"0","max":"0","options":[{"label":"Gj\u00f8r et valg her","price":"","price_type":"flat_fee","image":0,"visibility":true},{"label":"Nei, det er det ikke.","price":"","price_type":"quantity_based","image":0,"visibility":true},{"label":"Plasmafilter 650\/150","price":"7519","price_type":"quantity_based","image":0,"visibility":true},{"label":"Plasmafilter 1000\/210","price":"8446","price_type":"quantity_based","image":0,"visibility":true}],"id":1726664779},{"name":"Fjernkontroll","type":"multiple_choice","position":4,"required":true,"title_format":"heading","default":"","description_enable":false,"description":null,"placeholder_enable":false,"placeholder":null,"display":"select","restrictions_type":"any_text","adjust_price":false,"price":"","price_type":"flat_fee","restrictions":false,"min":"0","max":"0","options":[{"label":"Nei, det er det ikke.","price":"","price_type":"quantity_based","image":0,"visibility":true},{"label":"Ja","price":"2054","price_type":"quantity_based","image":0,"visibility":true}],"id":1726664780},{"name":"Slangesett","type":"multiple_choice","position":5,"required":true,"title_format":"heading","default":"","description_enable":false,"description":null,"placeholder_enable":false,"placeholder":null,"display":"select","restrictions_type":"any_text","adjust_price":false,"price":"","price_type":"flat_fee","restrictions":false,"min":"0","max":"0","options":[{"label":"Nei, det er det ikke.","price":"","price_type":"quantity_based","image":0,"visibility":true},{"label":"\u00d8125 - 1,2 meter","price":"249","price_type":"quantity_based","image":0,"visibility":true},{"label":"\u00d8160 - 1,2 meter","price":"311","price_type":"quantity_based","image":0,"visibility":true}],"id":1726664781},{"name":"Tilpasning","type":"heading","position":6,"required":false,"title_format":"label","default":"","description_enable":true,"description":"Tilpasning for skap. Vennligst spesifiser skapdybde og skaph\u00f8yde.   ","placeholder_enable":false,"placeholder":null,"display":"select","restrictions_type":"any_text","adjust_price":false,"price":"","price_type":"flat_fee","restrictions":false,"min":"0","max":"0","options":[],"id":1726664782},{"name":"Ja","type":"custom_textarea","position":7,"required":false,"title_format":"label","default":"","description_enable":false,"description":null,"placeholder_enable":false,"placeholder":null,"display":"select","restrictions_type":"any_text","adjust_price":true,"price":"4179","price_type":"quantity_based","restrictions":false,"min":"0","max":"0","options":[],"id":1726664783}],"acf":[],"_links":{"self":[{"href":"https:\/\/www.tovenco.se\/no\/wp-json\/wp\/v2\/product\/11270","targetHints":{"allow":["GET"]}}],"collection":[{"href":"https:\/\/www.tovenco.se\/no\/wp-json\/wp\/v2\/product"}],"about":[{"href":"https:\/\/www.tovenco.se\/no\/wp-json\/wp\/v2\/types\/product"}],"wp:featuredmedia":[{"embeddable":true,"href":"https:\/\/www.tovenco.se\/no\/wp-json\/wp\/v2\/media\/10261"}],"wp:attachment":[{"href":"https:\/\/www.tovenco.se\/no\/wp-json\/wp\/v2\/media?parent=11270"}],"wp:term":[{"taxonomy":"product_brand","embeddable":true,"href":"https:\/\/www.tovenco.se\/no\/wp-json\/wp\/v2\/product_brand?post=11270"},{"taxonomy":"product_cat","embeddable":true,"href":"https:\/\/www.tovenco.se\/no\/wp-json\/wp\/v2\/product_cat?post=11270"},{"taxonomy":"product_tag","embeddable":true,"href":"https:\/\/www.tovenco.se\/no\/wp-json\/wp\/v2\/product_tag?post=11270"}],"curies":[{"name":"wp","href":"https:\/\/api.w.org\/{rel}","templated":true}]}}