{"id":11247,"date":"2018-08-10T08:54:53","date_gmt":"2018-08-10T06:54:53","guid":{"rendered":"https:\/\/www.tovenco.se\/produkt\/hyttevegg-3-sidig\/"},"modified":"2025-07-10T13:52:05","modified_gmt":"2025-07-10T11:52:05","slug":"hyttevegg-3-sidig","status":"publish","type":"product","link":"https:\/\/www.tovenco.se\/no\/produkt\/hyttevegg-3-sidig\/","title":{"rendered":"Cottage 3-sidig"},"content":{"rendered":"<h3>Spesifikasjon<\/h3>\n<ul>\n<li><strong>Type:<\/strong> Veggmodell<\/li>\n<li><strong>H\u00f8yde:<\/strong> 80 cm<\/li>\n<li><strong>Bredde:<\/strong> 80-200 cm, spesialtilpasset<\/li>\n<li><strong>Dybde:<\/strong> 55 cm<\/li>\n<li><strong>Materiale, farge:<\/strong> Hvit eller svart st\u00e6nkplade, valgfri farge. <strong>Standard hvit farge som Cottage er malt i, er NCS S0502-Y<\/strong><\/li>\n<li><strong>Belysning:<\/strong> Dimbar LED 3-5 stk. avhengig av filter\/innsatsst\u00f8rrelse<\/li>\n<li><strong>Tilbeh\u00f8r<\/strong>: Smiing av stenger<\/li>\n<\/ul>\n<p><strong>Leveringstid: Ca. 10-15 virkedager. <\/strong><\/p>\n<p>Vifte-\/filterinnsatsen som f\u00f8lger med, er 405x365x241 mm. Hvis du \u00f8nsker en bredere innsats, kan du kontakte oss. De bredere innsatsene har m\u00e5lene 605x365x241 mm eller 805x365x241 mm.<\/p>\n","protected":false},"excerpt":{"rendered":"<p>Cottage 3-sidig er en landlig kj\u00f8kkenhette med tidl\u00f8s sjarm og klassisk karakter. Den dype kronlisten gir et eksklusivt uttrykk og gj\u00f8r hetten til et blikkfang p\u00e5 kj\u00f8kkenet. Den kan tilpasses i farge og bredde, og er utstyrt med en energieffektiv EC-motor, metallfilter og ekstra LED-belysning som tilvalg.<\/p>\n","protected":false},"featured_media":10230,"template":"","meta":{"_acf_changed":false},"product_brand":[],"product_cat":[201,202,204,203],"product_tag":[],"class_list":{"0":"post-11247","1":"product","2":"type-product","3":"status-publish","4":"has-post-thumbnail","6":"product_cat-kjokkenhetter-og-avtrekkshetter","7":"product_cat-kjokkenvifter-for-sentral-ventilasjon","8":"product_cat-veggmonterte-avtrekkshetter","9":"product_cat-vifter-med-kullfilter","10":"pa_farg-farge-etter-eget-valg","11":"pa_farg-hvit","12":"pa_flaktsystem-attr-tds-for-leilighet-med-sentral-ventilasjon","13":"pa_flaktsystem-attr-tds-for-ventilasjon-av-kjokken-vatrom","14":"pa_flaktsystem-attr-tes-ac-med-styring-for-ekstern-motor-pa-tak-vind","15":"pa_flaktsystem-attr-tes-ec-med-styring-for-ekstern-motor-pa-tak-vind","16":"pa_flaktsystem-attr-tes-for-ekstern-motor-pa-tak-vind","17":"pa_flaktsystem-attr-tis-ec-innebygd-vifte-i-panseret","18":"pa_flaktsystem-attr-tis-integrert-vifte-i-panseret","20":"first","21":"instock","22":"taxable","23":"shipping-taxable","24":"purchasable","25":"product-type-variable"},"exclude_global_add_ons":false,"addons":[{"name":"For alle farger, skriv inn \u00f8nsket fargekode","type":"heading","position":0,"required":false,"title_format":"label","default":"","description_enable":false,"description":"For alle farger, vennligst oppgi \u00f8nsket RAL- eller NCS-kode.  ","placeholder_enable":false,"placeholder":"","display":"select","restrictions_type":"any_text","adjust_price":false,"price":"","price_type":"flat_fee","restrictions":false,"min":"0","max":"0","options":[],"id":1726664908},{"name":"Fargekode","type":"custom_text","position":1,"required":false,"title_format":"label","default":"","description_enable":false,"description":"","placeholder_enable":false,"placeholder":"","display":"select","restrictions_type":"any_text","adjust_price":false,"price":"","price_type":"quantity_based","restrictions":false,"min":"0","max":"0","options":[],"id":1726664909},{"name":"Bredde","type":"heading","position":2,"required":false,"title_format":"label","default":"","description_enable":true,"description":"Angi bredden du \u00f8nsker","placeholder_enable":false,"placeholder":"","display":"select","restrictions_type":"any_text","adjust_price":false,"price":"","price_type":"flat_fee","restrictions":false,"min":"0","max":"0","options":[],"id":1726664910},{"name":"800-1000 mm","type":"custom_text","position":3,"required":false,"title_format":"label","default":"","description_enable":false,"description":"","placeholder_enable":false,"placeholder":"","display":"select","restrictions_type":"only_numbers","adjust_price":false,"price":"","price_type":"quantity_based","restrictions":false,"min":"0","max":"0","options":[],"id":1726664911},{"name":"1010-1500 mm","type":"custom_text","position":4,"required":false,"title_format":"label","default":"","description_enable":false,"description":"","placeholder_enable":false,"placeholder":"","display":"select","restrictions_type":"only_numbers","adjust_price":true,"price":"1063","price_type":"quantity_based","restrictions":false,"min":"0","max":"0","options":[],"id":1726664912},{"name":"1510-2000 mm","type":"custom_text","position":5,"required":false,"title_format":"label","default":"","description_enable":false,"description":"","placeholder_enable":false,"placeholder":"","display":"select","restrictions_type":"only_numbers","adjust_price":true,"price":"3257","price_type":"quantity_based","restrictions":false,"min":"0","max":"0","options":[],"id":1726664913},{"name":"Overordnet h\u00f8yde p\u00e5 kalesjen","type":"heading","position":6,"required":false,"title_format":"label","default":"","description_enable":true,"description":"Standard h\u00f8yde p\u00e5 hetten er 800 mm. Vi anbefaler 600 mm mellom komfyren og underkanten av hetten, og 700 mm for gasskomfyrer eller kombinasjoner av elektrisk komfyr og vedovn. Hvis takh\u00f8yden er lavere enn 2400 mm, tilpasser vi h\u00f8yden p\u00e5 produktet deretter. Hvis hetten skal v\u00e6re h\u00f8yere enn 800 mm, produseres det en taktilkobling som er tilpasset takh\u00f8yden din. Vennligst fyll inn \u00f8nsket totalh\u00f8yde p\u00e5 hetten:   ","placeholder_enable":false,"placeholder":"","display":"select","restrictions_type":"any_text","adjust_price":false,"price":"","price_type":"flat_fee","restrictions":false,"min":"0","max":"0","options":[],"id":1726664914},{"name":"800-1200 mm","type":"custom_text","position":7,"required":false,"title_format":"label","default":"","description_enable":false,"description":"","placeholder_enable":false,"placeholder":"","display":"select","restrictions_type":"only_numbers","adjust_price":true,"price":"1557","price_type":"quantity_based","restrictions":false,"min":"0","max":"0","options":[],"id":1726664915},{"name":"Lavere enn 800 mm","type":"custom_text","position":8,"required":false,"title_format":"label","default":"","description_enable":false,"description":"","placeholder_enable":false,"placeholder":"","display":"select","restrictions_type":"only_numbers","adjust_price":false,"price":"","price_type":"quantity_based","restrictions":false,"min":"0","max":"0","options":[],"id":1726664916},{"name":"Avtakbar bunnplate over vedfyringsdelen.","type":"multiple_choice","position":9,"required":true,"title_format":"heading","default":"","description_enable":true,"description":"Ved tilpasning til ved\/elektrisk ovn, vil vi kontakte deg etter bestilling for m\u00e5lskisse og bilde etc. ","placeholder_enable":false,"placeholder":"","display":"select","restrictions_type":"any_text","adjust_price":false,"price":"","price_type":"flat_fee","restrictions":false,"min":"0","max":"0","options":[{"label":"Nei, det er det ikke.","price":"","price_type":"quantity_based","image":0,"visibility":true},{"label":"Ja","price":"2196","price_type":"quantity_based","image":0,"visibility":true}],"id":1726664917},{"name":"Spesifiser dimensjoner for tilpasning til elektrisk\/vedovn","type":"heading","position":10,"required":false,"title_format":"label","default":"","description_enable":false,"description":"","placeholder_enable":false,"placeholder":"","display":"select","restrictions_type":"any_text","adjust_price":false,"price":"","price_type":"flat_fee","restrictions":false,"min":"0","max":"0","options":[],"id":1726664918},{"name":"Elektrisk komfyr til h\u00f8yre","type":"custom_text","position":11,"required":false,"title_format":"label","default":"","description_enable":false,"description":"","placeholder_enable":false,"placeholder":"","display":"select","restrictions_type":"only_numbers","adjust_price":false,"price":"","price_type":"quantity_based","restrictions":false,"min":"0","max":"0","options":[],"id":1726664919},{"name":"Elektrisk komfyr til venstre","type":"custom_text","position":12,"required":false,"title_format":"label","default":"","description_enable":false,"description":"","placeholder_enable":false,"placeholder":"","display":"select","restrictions_type":"only_numbers","adjust_price":false,"price":"","price_type":"quantity_based","restrictions":false,"min":"0","max":"0","options":[],"id":1726664920},{"name":"Vedovn til h\u00f8yre","type":"custom_text","position":13,"required":false,"title_format":"label","default":"","description_enable":false,"description":"","placeholder_enable":false,"placeholder":"","display":"select","restrictions_type":"only_numbers","adjust_price":false,"price":"","price_type":"quantity_based","restrictions":false,"min":"0","max":"0","options":[],"id":1726664921},{"name":"Vedovn til venstre","type":"custom_text","position":14,"required":false,"title_format":"label","default":"","description_enable":false,"description":"","placeholder_enable":false,"placeholder":"","display":"select","restrictions_type":"only_numbers","adjust_price":false,"price":"","price_type":"quantity_based","restrictions":false,"min":"0","max":"0","options":[],"id":1726664922},{"name":"\u00d8delagte hj\u00f8rner","type":"multiple_choice","position":15,"required":true,"title_format":"heading","default":"","description_enable":false,"description":"","placeholder_enable":false,"placeholder":"","display":"select","restrictions_type":"any_text","adjust_price":false,"price":"","price_type":"flat_fee","restrictions":false,"min":"0","max":"0","options":[{"label":"Nei, det er det ikke.","price":"","price_type":"quantity_based","image":0,"visibility":true},{"label":"Ja","price":"2126","price_type":"quantity_based","image":0,"visibility":true}],"id":1726664923},{"name":"Viftesystem","type":"multiple_choice","position":16,"required":true,"title_format":"heading","default":"","description_enable":true,"description":"Du kan lese mer om de ulike viftealternativene her: <a style=\"font-weight:bold\" target=\"_blank\" href=\"https:\/\/tovenco.se\/flaktsystem\/\">Viftesystemer<\/a>","placeholder_enable":false,"placeholder":"","display":"select","restrictions_type":"any_text","adjust_price":false,"price":"","price_type":"flat_fee","restrictions":false,"min":"0","max":"0","options":[{"label":"TIS-EC - Innebygd vifte i hetten","price":"","price_type":"quantity_based","image":0,"visibility":true},{"label":"TES AC - For ekstern motor p\u00e5 tak\/vind","price":"-921","price_type":"quantity_based","image":0,"visibility":true},{"label":"TES EC - For ekstern motor p\u00e5 tak\/vind","price":"-921","price_type":"quantity_based","image":0,"visibility":true},{"label":"TDS - For leilighet med sentral ventilasjon","price":"","price_type":"quantity_based","image":0,"visibility":true},{"label":"TDS+EC - For ventilasjon i kj\u00f8kken\/stue","price":"1063","price_type":"quantity_based","image":0,"visibility":true},{"label":"TDS+AC - For ventilasjon i kj\u00f8kken\/stue","price":"1063","price_type":"quantity_based","image":0,"visibility":true},{"label":"TFS - Karbonfiltersystem","price":"1940","price_type":"quantity_based","image":0,"visibility":true}],"id":1726664924},{"name":"Tovenco Plasmafilter","type":"multiple_choice","position":17,"required":true,"title_format":"label","default":"","description_enable":false,"description":"","placeholder_enable":false,"placeholder":"","display":"select","restrictions_type":"any_text","adjust_price":false,"price":"","price_type":"flat_fee","restrictions":false,"min":"0","max":"0","options":[{"label":"Nei, det er det ikke.","price":"","price_type":"quantity_based","image":0,"visibility":true},{"label":"Plasmafilter 650\/150","price":"7519","price_type":"quantity_based","image":0,"visibility":true},{"label":"Plasmafilter 1000\/210","price":"8446","price_type":"quantity_based","image":0,"visibility":true}],"id":1726664925},{"name":"Fjernkontroll","type":"multiple_choice","position":18,"required":true,"title_format":"heading","default":"","description_enable":false,"description":"","placeholder_enable":false,"placeholder":"","display":"select","restrictions_type":"any_text","adjust_price":false,"price":"","price_type":"flat_fee","restrictions":false,"min":"0","max":"0","options":[{"label":"Nei, det er det ikke.","price":"","price_type":"quantity_based","image":0,"visibility":true},{"label":"Ja","price":"2054","price_type":"quantity_based","image":0,"visibility":true}],"id":1726664926},{"name":"Slangesett","type":"multiple_choice","position":19,"required":true,"title_format":"heading","default":"","description_enable":false,"description":"","placeholder_enable":false,"placeholder":"","display":"select","restrictions_type":"any_text","adjust_price":false,"price":"","price_type":"flat_fee","restrictions":false,"min":"0","max":"0","options":[{"label":"Nei, det er det ikke.","price":"","price_type":"quantity_based","image":0,"visibility":true},{"label":"\u00d8125 - 1,2 meter","price":"249","price_type":"quantity_based","image":0,"visibility":true},{"label":"\u00d8160 - 1,2 meter","price":"311","price_type":"quantity_based","image":0,"visibility":true}],"id":1726664927},{"name":"Smiing av stang","type":"multiple_choice","position":20,"required":true,"title_format":"heading","default":"","description_enable":false,"description":"","placeholder_enable":false,"placeholder":"","display":"select","restrictions_type":"any_text","adjust_price":false,"price":"","price_type":"flat_fee","restrictions":false,"min":"0","max":"0","options":[{"label":"Nei, det er det ikke.","price":"","price_type":"quantity_based","image":0,"visibility":true},{"label":"Smijern for vegg inkl. 3 smiingskroker, lengde 400-1000 mm","price":"1012","price_type":"quantity_based","image":0,"visibility":true},{"label":"Smidestang \"Cottage wall\" inkl. 3 smiingskroker, sett med 2 stk.","price":"1544","price_type":"quantity_based","image":0,"visibility":true}],"id":1726664928},{"name":"Angi antall ekstra smiingskroker","type":"heading","position":21,"required":false,"title_format":"label","default":"","description_enable":false,"description":"","placeholder_enable":false,"placeholder":"","display":"select","restrictions_type":"any_text","adjust_price":false,"price":"","price_type":"flat_fee","restrictions":false,"min":"0","max":"0","options":[],"id":1726664929},{"name":"Ekstra smiing av kroker","type":"input_multiplier","position":22,"required":false,"title_format":"label","default":"","description_enable":false,"description":"","placeholder_enable":false,"placeholder":"","display":"select","restrictions_type":"any_text","adjust_price":true,"price":"84","price_type":"quantity_based","restrictions":false,"min":"0","max":"0","options":[],"id":1726664930},{"name":"Ekstra belysning i bunnplaten over vedovnen","type":"heading","position":23,"required":false,"title_format":"label","default":"","description_enable":true,"description":"For ekstra belysning i bunnplaten 322:- vennligst oppgi antall her:","placeholder_enable":false,"placeholder":"","display":"select","restrictions_type":"any_text","adjust_price":false,"price":"","price_type":"flat_fee","restrictions":false,"min":"0","max":"0","options":[],"id":1726664931},{"name":"Ekstra belysning","type":"input_multiplier","position":24,"required":false,"title_format":"hide","default":"","description_enable":false,"description":"","placeholder_enable":false,"placeholder":"","display":"select","restrictions_type":"any_text","adjust_price":true,"price":"322","price_type":"quantity_based","restrictions":false,"min":"0","max":"0","options":[],"id":1726664932}],"acf":[],"_links":{"self":[{"href":"https:\/\/www.tovenco.se\/no\/wp-json\/wp\/v2\/product\/11247","targetHints":{"allow":["GET"]}}],"collection":[{"href":"https:\/\/www.tovenco.se\/no\/wp-json\/wp\/v2\/product"}],"about":[{"href":"https:\/\/www.tovenco.se\/no\/wp-json\/wp\/v2\/types\/product"}],"wp:featuredmedia":[{"embeddable":true,"href":"https:\/\/www.tovenco.se\/no\/wp-json\/wp\/v2\/media\/10230"}],"wp:attachment":[{"href":"https:\/\/www.tovenco.se\/no\/wp-json\/wp\/v2\/media?parent=11247"}],"wp:term":[{"taxonomy":"product_brand","embeddable":true,"href":"https:\/\/www.tovenco.se\/no\/wp-json\/wp\/v2\/product_brand?post=11247"},{"taxonomy":"product_cat","embeddable":true,"href":"https:\/\/www.tovenco.se\/no\/wp-json\/wp\/v2\/product_cat?post=11247"},{"taxonomy":"product_tag","embeddable":true,"href":"https:\/\/www.tovenco.se\/no\/wp-json\/wp\/v2\/product_tag?post=11247"}],"curies":[{"name":"wp","href":"https:\/\/api.w.org\/{rel}","templated":true}]}}