{"id":11245,"date":"2018-08-10T08:54:54","date_gmt":"2018-08-10T06:54:54","guid":{"rendered":"https:\/\/www.tovenco.se\/produkt\/avslutt\/"},"modified":"2026-04-01T08:27:11","modified_gmt":"2026-04-01T06:27:11","slug":"avslutt","status":"publish","type":"product","link":"https:\/\/www.tovenco.se\/no\/produkt\/avslutt\/","title":{"rendered":"Exit"},"content":{"rendered":"<p>Under-\/innbyggingsprodukt i rustfritt st\u00e5l, dimbar LED og strikkede metallfiltre. Under-\/innbyggingsproduktet er tilgjengelig i to forskjellige st\u00f8rrelser med innebygd vifte, TIS, og for kullfilter, TFS. Produktet er ogs\u00e5 tilgjengelig for ekstern vifte, TES.<\/p>\n<p><strong>Leveringstid: Ca. 10-15 virkedager. <\/strong><\/p>\n","protected":false},"excerpt":{"rendered":"<p>Kraftig og fleksibel kj\u00f8kkenvifte for under- eller innbygging, tilgjengelig i flere st\u00f8rrelser og utf\u00f8relser &#8211; inkludert innebygd motor (TIS), karbonfilter (TFS) eller ekstern motor (TES). Ideell der du \u00f8nsker et integrert viftealternativ med lav profil. Utstyrt med EC-motor (A++), dimbar LED-belysning, metallfilter og filterindikator. Enkel \u00e5 tilpasse til b\u00e5de kanal- og kullfilterdrift.<\/p>\n","protected":false},"featured_media":10242,"template":"","meta":{"_acf_changed":false},"product_brand":[],"product_cat":[201,203,220],"product_tag":[],"class_list":{"0":"post-11245","1":"product","2":"type-product","3":"status-publish","4":"has-post-thumbnail","6":"product_cat-kjokkenhetter-og-avtrekkshetter","7":"product_cat-vifter-med-kullfilter","8":"product_cat-vifter-under-karosseriet","9":"pa_farg-farge-etter-eget-valg","10":"pa_farg-rustfritt-stal","11":"pa_flaktsystem-attr-tes-ac-med-styring-for-ekstern-motor-pa-tak-vind","12":"pa_flaktsystem-attr-tes-ec-med-styring-for-ekstern-motor-pa-tak-vind","13":"pa_flaktsystem-attr-tes-for-ekstern-motor-pa-tak-vind","14":"pa_flaktsystem-attr-tis-ec-innebygd-vifte-i-panseret","15":"pa_flaktsystem-attr-tis-integrert-vifte-i-panseret","17":"first","18":"instock","19":"taxable","20":"shipping-taxable","21":"purchasable","22":"product-type-variable"},"exclude_global_add_ons":false,"addons":[{"name":"For alle farger, skriv inn \u00f8nsket fargekode","type":"heading","position":0,"required":false,"title_format":"label","default":"","description_enable":false,"description":"","placeholder_enable":false,"placeholder":"","display":"select","restrictions_type":"any_text","adjust_price":false,"price":"","price_type":"flat_fee","restrictions":false,"min":"0","max":"0","options":[],"id":1726662522},{"name":"Fargekode","type":"custom_text","position":1,"required":false,"title_format":"label","default":"","description_enable":false,"description":"","placeholder_enable":false,"placeholder":"","display":"select","restrictions_type":"any_text","adjust_price":false,"price":"","price_type":"quantity_based","restrictions":false,"min":"0","max":"0","options":[],"id":1726662523},{"name":"Finish (hel vifte)","type":"multiple_choice","position":2,"required":true,"title_format":"heading","default":"","description_enable":true,"description":"<div class=\"ytfinish\"><img src=\"https:\/\/www.tovenco.se\/wp-content\/uploads\/2025\/03\/ytfinish_koppar.jpg\"><p style=\"text-align:center\">Kobber<\/p><\/div><div class=\"ytfinish\"><img src=\"https:\/\/www.tovenco.se\/wp-content\/uploads\/2025\/03\/ytfinish_massing.jpg\"><p style=\"text-align:center\">Messing<\/p><\/div><div class=\"ytfinish\"><img src=\"https:\/\/www.tovenco.se\/wp-content\/uploads\/2025\/03\/ytfinish_brons2.jpg\"><p style=\"text-align:center\">Bronse<\/p><\/div><div class=\"ytfinish\"><img src=\"https:\/\/www.tovenco.se\/wp-content\/uploads\/2025\/03\/ytfinish_svart.jpg\"><p style=\"text-align:center\">Svart<\/p><\/div>","placeholder_enable":false,"placeholder":"","display":"select","restrictions_type":"any_text","adjust_price":false,"price":"","price_type":"flat_fee","restrictions":false,"min":"0","max":"0","options":[{"label":"Nei, det er det ikke.","price":"","price_type":"quantity_based","image":0,"visibility":true},{"label":"Kobber","price":"7026","price_type":"quantity_based","image":0,"visibility":true},{"label":"Messing","price":"7026","price_type":"quantity_based","image":0,"visibility":true},{"label":"Bronse","price":"7026","price_type":"quantity_based","image":0,"visibility":true},{"label":"Svart","price":"7026","price_type":"quantity_based","image":0,"visibility":true}],"id":1726662524},{"name":"Fjernkontroll","type":"multiple_choice","position":3,"required":true,"title_format":"heading","default":"","description_enable":false,"description":"","placeholder_enable":false,"placeholder":"","display":"select","restrictions_type":"any_text","adjust_price":false,"price":"","price_type":"flat_fee","restrictions":false,"min":"0","max":"0","options":[{"label":"Nei, det er det ikke.","price":"","price_type":"quantity_based","image":0,"visibility":true},{"label":"Ja","price":"2054","price_type":"quantity_based","image":0,"visibility":true}],"id":1726662525},{"name":"Slangesett","type":"multiple_choice","position":4,"required":false,"title_format":"heading","default":"","description_enable":false,"description":"","placeholder_enable":false,"placeholder":"","display":"select","restrictions_type":"any_text","adjust_price":false,"price":"","price_type":"flat_fee","restrictions":false,"min":"0","max":"0","options":[{"label":"Nei, det er det ikke.","price":"","price_type":"quantity_based","image":0,"visibility":true},{"label":"\u00d8125 - 1,2 meter","price":"249","price_type":"quantity_based","image":0,"visibility":true},{"label":"\u00d8160 - 1,2 meter","price":"311","price_type":"quantity_based","image":0,"visibility":true}],"id":1726662526},{"name":"Tovenco Plasmafilter","type":"multiple_choice","position":5,"required":true,"title_format":"label","default":"","description_enable":false,"description":"","placeholder_enable":false,"placeholder":"","display":"select","restrictions_type":"any_text","adjust_price":false,"price":"","price_type":"flat_fee","restrictions":false,"min":"0","max":"0","options":[{"label":"Nei, det er det ikke.","price":"","price_type":"quantity_based","image":0,"visibility":true},{"label":"Plasma 650\/150","price":"7519","price_type":"quantity_based","image":0,"visibility":true},{"label":"Plasma 1000\/210","price":"8446","price_type":"quantity_based","image":0,"visibility":true}],"id":1726662527}],"acf":[],"_links":{"self":[{"href":"https:\/\/www.tovenco.se\/no\/wp-json\/wp\/v2\/product\/11245","targetHints":{"allow":["GET"]}}],"collection":[{"href":"https:\/\/www.tovenco.se\/no\/wp-json\/wp\/v2\/product"}],"about":[{"href":"https:\/\/www.tovenco.se\/no\/wp-json\/wp\/v2\/types\/product"}],"wp:featuredmedia":[{"embeddable":true,"href":"https:\/\/www.tovenco.se\/no\/wp-json\/wp\/v2\/media\/10242"}],"wp:attachment":[{"href":"https:\/\/www.tovenco.se\/no\/wp-json\/wp\/v2\/media?parent=11245"}],"wp:term":[{"taxonomy":"product_brand","embeddable":true,"href":"https:\/\/www.tovenco.se\/no\/wp-json\/wp\/v2\/product_brand?post=11245"},{"taxonomy":"product_cat","embeddable":true,"href":"https:\/\/www.tovenco.se\/no\/wp-json\/wp\/v2\/product_cat?post=11245"},{"taxonomy":"product_tag","embeddable":true,"href":"https:\/\/www.tovenco.se\/no\/wp-json\/wp\/v2\/product_tag?post=11245"}],"curies":[{"name":"wp","href":"https:\/\/api.w.org\/{rel}","templated":true}]}}