{"id":11195,"date":"2018-08-10T08:54:54","date_gmt":"2018-08-10T06:54:54","guid":{"rendered":"https:\/\/www.tovenco.se\/produkt\/funksjon\/"},"modified":"2025-07-10T12:21:44","modified_gmt":"2025-07-10T10:21:44","slug":"funksjon","status":"publish","type":"product","link":"https:\/\/www.tovenco.se\/no\/produkt\/funksjon\/","title":{"rendered":"Funktion"},"content":{"rendered":"<h3>Spesifikasjon<\/h3>\n<ul>\n<li><strong>Type:<\/strong> Veggmodell<\/li>\n<li><strong>H\u00f8yde:<\/strong> 70 cm<\/li>\n<li><strong>Bredde:<\/strong> 60 cm<\/li>\n<li><strong>Dybde:<\/strong> 50 cm<\/li>\n<li><strong>Materiale, farge: <\/strong>Hvit<\/li>\n<li><strong>Belysning:<\/strong> Dimbar LED, 3 stk.<\/li>\n<\/ul>\n<p><strong>Leveringstid: Ca. 10-15 virkedager.<\/strong><\/p>\n<p>Denne hetten er vurdert av: Sunda Hus og Byggvarubed\u00f6mmingen<\/p>\n<p>Denne hetten er testet p\u00e5: RISE<\/p>\n<p><a href=\"https:\/\/www.tovenco.se\/wp-content\/uploads\/2025\/03\/Diagram-Funktion.png\"><img loading=\"lazy\" decoding=\"async\" class=\"alignnone size-full wp-image-9623\" src=\"https:\/\/www.tovenco.se\/wp-content\/uploads\/2025\/03\/Diagram-Funktion.png\" alt=\"\" width=\"498\" height=\"241\" \/><\/a><\/p>\n","protected":false},"excerpt":{"rendered":"<p><span data-sheets-root=\"1\">Funktion er en stilren kj\u00f8kkenvifte som kombinerer enkelhet og kraftfull ytelse i et kompakt format. Med sin glatte front og rene linjer passer den like godt i moderne som i klassiske kj\u00f8kken. Effektiv LED-belysning, stilleg\u00e5ende drift og et ber\u00f8ringspanel som gir deg full kontroll &#8211; Funktion er det opplagte valget n\u00e5r diskret design m\u00f8ter funksjonalitet. Tilgjengelig i flere farger.<br \/>\n<\/span><\/p>\n","protected":false},"featured_media":10245,"template":"","meta":{"_acf_changed":false},"product_brand":[],"product_cat":[201,202,219],"product_tag":[],"class_list":{"0":"post-11195","1":"product","2":"type-product","3":"status-publish","4":"has-post-thumbnail","6":"product_cat-kjokkenhetter-og-avtrekkshetter","7":"product_cat-kjokkenvifter-for-sentral-ventilasjon","8":"product_cat-volumhetter-for-sentral-ventilasjon","9":"pa_bredd-60-cm-no","10":"pa_farg-farge-etter-eget-valg","11":"pa_farg-hvit","12":"pa_flaktsystem-attr-tds-for-leilighet-med-sentral-ventilasjon","14":"first","15":"instock","16":"taxable","17":"shipping-taxable","18":"purchasable","19":"product-type-variable"},"exclude_global_add_ons":false,"addons":[{"name":"For alle farger, skriv inn \u00f8nsket fargekode","type":"heading","position":0,"required":false,"title_format":"label","default":"","description_enable":false,"description":"","placeholder_enable":false,"placeholder":"","display":"select","restrictions_type":"any_text","adjust_price":false,"price":"","price_type":"flat_fee","restrictions":false,"min":"0","max":"0","options":[],"id":1727952465},{"name":"Fargekode","type":"custom_text","position":1,"required":false,"title_format":"label","default":"","description_enable":false,"description":"","placeholder_enable":false,"placeholder":"","display":"select","restrictions_type":"any_text","adjust_price":false,"price":"","price_type":"quantity_based","restrictions":false,"min":"0","max":"0","options":[],"id":1727952466},{"name":"Fjernkontroll","type":"multiple_choice","position":2,"required":true,"title_format":"heading","default":"","description_enable":false,"description":"","placeholder_enable":false,"placeholder":"","display":"select","restrictions_type":"any_text","adjust_price":false,"price":"","price_type":"flat_fee","restrictions":false,"min":"0","max":"0","options":[{"label":"Nei, det er det ikke.","price":"","price_type":"quantity_based","image":0,"visibility":true},{"label":"Ja","price":"2054","price_type":"quantity_based","image":0,"visibility":true}],"id":1727952467},{"name":"Slangesett","type":"multiple_choice","position":3,"required":true,"title_format":"heading","default":"","description_enable":false,"description":"","placeholder_enable":false,"placeholder":"","display":"select","restrictions_type":"any_text","adjust_price":false,"price":"","price_type":"flat_fee","restrictions":false,"min":"0","max":"0","options":[{"label":"Nei, det er det ikke.","price":"","price_type":"quantity_based","image":0,"visibility":true},{"label":"\u00d8125 - 1,2 meter","price":"249","price_type":"quantity_based","image":0,"visibility":true},{"label":"\u00d8160 - 1,2 meter","price":"311","price_type":"quantity_based","image":0,"visibility":true}],"id":1727952468}],"acf":[],"_links":{"self":[{"href":"https:\/\/www.tovenco.se\/no\/wp-json\/wp\/v2\/product\/11195","targetHints":{"allow":["GET"]}}],"collection":[{"href":"https:\/\/www.tovenco.se\/no\/wp-json\/wp\/v2\/product"}],"about":[{"href":"https:\/\/www.tovenco.se\/no\/wp-json\/wp\/v2\/types\/product"}],"wp:featuredmedia":[{"embeddable":true,"href":"https:\/\/www.tovenco.se\/no\/wp-json\/wp\/v2\/media\/10245"}],"wp:attachment":[{"href":"https:\/\/www.tovenco.se\/no\/wp-json\/wp\/v2\/media?parent=11195"}],"wp:term":[{"taxonomy":"product_brand","embeddable":true,"href":"https:\/\/www.tovenco.se\/no\/wp-json\/wp\/v2\/product_brand?post=11195"},{"taxonomy":"product_cat","embeddable":true,"href":"https:\/\/www.tovenco.se\/no\/wp-json\/wp\/v2\/product_cat?post=11195"},{"taxonomy":"product_tag","embeddable":true,"href":"https:\/\/www.tovenco.se\/no\/wp-json\/wp\/v2\/product_tag?post=11195"}],"curies":[{"name":"wp","href":"https:\/\/api.w.org\/{rel}","templated":true}]}}