{"id":17900,"date":"2025-09-11T08:53:10","date_gmt":"2025-09-11T06:53:10","guid":{"rendered":"https:\/\/www.tovenco.se\/plasmafilter\/"},"modified":"2025-09-11T10:41:43","modified_gmt":"2025-09-11T08:41:43","slug":"plasmafilter","status":"publish","type":"page","link":"https:\/\/www.tovenco.se\/no\/plasmafilter\/","title":{"rendered":"Plasmafilter"},"content":{"rendered":"\n<section class=\"qt-section container-s\"><div class=\"qt-section__inner grid grid-col-1\">\n<div class=\"qt-container\">\n<h1 class=\"wp-block-heading\">Plasmafiltre &#8211; effektiv og kjemikaliefri luftrensing<\/h1>\n\n\n\n<figure class=\"wp-block-image size-16-9-large is-style-aspect-ratio-landscape-wide\"><img loading=\"lazy\" decoding=\"async\" width=\"805\" height=\"498\" src=\"https:\/\/www.tovenco.se\/wp-content\/uploads\/2025\/09\/Plasma-2-805x498.jpg\" alt=\"\" class=\"wp-image-17989\" style=\"aspect-ratio:3\/2;object-fit:cover\" srcset=\"https:\/\/www.tovenco.se\/wp-content\/uploads\/2025\/09\/Plasma-2-805x498.jpg 805w, https:\/\/www.tovenco.se\/wp-content\/uploads\/2025\/09\/Plasma-2-600x371.jpg 600w, https:\/\/www.tovenco.se\/wp-content\/uploads\/2025\/09\/Plasma-2-1024x633.jpg 1024w, https:\/\/www.tovenco.se\/wp-content\/uploads\/2025\/09\/Plasma-2-300x186.jpg 300w, https:\/\/www.tovenco.se\/wp-content\/uploads\/2025\/09\/Plasma-2-768x475.jpg 768w, https:\/\/www.tovenco.se\/wp-content\/uploads\/2025\/09\/Plasma-2-1536x950.jpg 1536w, https:\/\/www.tovenco.se\/wp-content\/uploads\/2025\/09\/Plasma-2-462x286.jpg 462w, https:\/\/www.tovenco.se\/wp-content\/uploads\/2025\/09\/Plasma-2-592x366.jpg 592w, https:\/\/www.tovenco.se\/wp-content\/uploads\/2025\/09\/Plasma-2-622x385.jpg 622w, https:\/\/www.tovenco.se\/wp-content\/uploads\/2025\/09\/Plasma-2-459x284.jpg 459w, https:\/\/www.tovenco.se\/wp-content\/uploads\/2025\/09\/Plasma-2-618x382.jpg 618w, https:\/\/www.tovenco.se\/wp-content\/uploads\/2025\/09\/Plasma-2.jpg 2000w\" sizes=\"auto, (max-width: 805px) 100vw, 805px\" \/><figcaption><\/figcaption><\/figure>\n\n\n\n<p>Plasmafiltre er en av de mest effektive metodene for luftrensing og kan redusere opptil 98 % av u\u00f8nsket lukt p\u00e5 kj\u00f8kkenet. Samtidig n\u00f8ytraliseres bakterier, virus, allergener og forurensende stoffer, noe som bidrar til et renere og sunnere innemilj\u00f8. <\/p>\n\n\n\n<p>Plasmafilterets renseprosess er basert p\u00e5 en avansert elektrisk reaksjon som endrer luftens molekyler og bryter ned lukt og forurensende stoffer til ufarlige stoffer som vanndamp, oksygen og karbondioksid. Dette gir deg en effektiv, trygg og helt kjemikaliefri luftrensing, slik at bare ren luft str\u00f8mmer gjennom kj\u00f8kkenet ditt.  <\/p>\n\n\n\n<figure class=\"wp-block-image size-16-9-large is-style-aspect-ratio-landscape-wide\"><img loading=\"lazy\" decoding=\"async\" width=\"664\" height=\"498\" src=\"https:\/\/www.tovenco.se\/wp-content\/uploads\/2025\/09\/Plasma-1-664x498.jpg\" alt=\"\" class=\"wp-image-17983\" style=\"aspect-ratio:3\/2;object-fit:cover\" srcset=\"https:\/\/www.tovenco.se\/wp-content\/uploads\/2025\/09\/Plasma-1-664x498.jpg 664w, https:\/\/www.tovenco.se\/wp-content\/uploads\/2025\/09\/Plasma-1-600x450.jpg 600w, https:\/\/www.tovenco.se\/wp-content\/uploads\/2025\/09\/Plasma-1-1024x768.jpg 1024w, https:\/\/www.tovenco.se\/wp-content\/uploads\/2025\/09\/Plasma-1-300x225.jpg 300w, https:\/\/www.tovenco.se\/wp-content\/uploads\/2025\/09\/Plasma-1-768x576.jpg 768w, https:\/\/www.tovenco.se\/wp-content\/uploads\/2025\/09\/Plasma-1-1536x1152.jpg 1536w, https:\/\/www.tovenco.se\/wp-content\/uploads\/2025\/09\/Plasma-1-462x346.jpg 462w, https:\/\/www.tovenco.se\/wp-content\/uploads\/2025\/09\/Plasma-1-592x444.jpg 592w, https:\/\/www.tovenco.se\/wp-content\/uploads\/2025\/09\/Plasma-1-622x467.jpg 622w, https:\/\/www.tovenco.se\/wp-content\/uploads\/2025\/09\/Plasma-1-379x284.jpg 379w, https:\/\/www.tovenco.se\/wp-content\/uploads\/2025\/09\/Plasma-1-509x382.jpg 509w, https:\/\/www.tovenco.se\/wp-content\/uploads\/2025\/09\/Plasma-1.jpg 1575w\" sizes=\"auto, (max-width: 664px) 100vw, 664px\" \/><figcaption><\/figcaption><\/figure>\n\n\n\n<p>Fordeler:<\/p>\n\n\n\n<ul class=\"wp-block-list\">\n<li>Sikker og kjemikaliefri luftrensing &#8211; bare ren luft slippes ut<\/li>\n\n\n\n<li>Integrert sensor &#8211; aktiverer filteret automatisk n\u00e5r viften er i drift<\/li>\n\n\n\n<li>Vedlikeholdsfri og selvrensende &#8211; ingen filterbytte n\u00f8dvendig<\/li>\n\n\n\n<li>Lang levetid &#8211; opptil 10 \u00e5r<\/li>\n\n\n\n<li>Sertifisert kvalitet &#8211; VDE- og IUTA-godkjent<\/li>\n<\/ul>\n<\/div>\n<\/div><\/section>\n","protected":false},"excerpt":{"rendered":"","protected":false},"author":1,"featured_media":0,"parent":0,"menu_order":0,"comment_status":"closed","ping_status":"closed","template":"page-dark","meta":{"_acf_changed":false,"footnotes":""},"class_list":["post-17900","page","type-page","status-publish","hentry"],"acf":[],"_links":{"self":[{"href":"https:\/\/www.tovenco.se\/no\/wp-json\/wp\/v2\/pages\/17900","targetHints":{"allow":["GET"]}}],"collection":[{"href":"https:\/\/www.tovenco.se\/no\/wp-json\/wp\/v2\/pages"}],"about":[{"href":"https:\/\/www.tovenco.se\/no\/wp-json\/wp\/v2\/types\/page"}],"author":[{"embeddable":true,"href":"https:\/\/www.tovenco.se\/no\/wp-json\/wp\/v2\/users\/1"}],"replies":[{"embeddable":true,"href":"https:\/\/www.tovenco.se\/no\/wp-json\/wp\/v2\/comments?post=17900"}],"version-history":[{"count":2,"href":"https:\/\/www.tovenco.se\/no\/wp-json\/wp\/v2\/pages\/17900\/revisions"}],"predecessor-version":[{"id":18002,"href":"https:\/\/www.tovenco.se\/no\/wp-json\/wp\/v2\/pages\/17900\/revisions\/18002"}],"wp:attachment":[{"href":"https:\/\/www.tovenco.se\/no\/wp-json\/wp\/v2\/media?parent=17900"}],"curies":[{"name":"wp","href":"https:\/\/api.w.org\/{rel}","templated":true}]}}