{"id":17836,"date":"2025-09-08T13:25:52","date_gmt":"2025-09-08T11:25:52","guid":{"rendered":"https:\/\/www.tovenco.se\/ozonfri-uv-rening\/"},"modified":"2025-09-11T09:21:39","modified_gmt":"2025-09-11T07:21:39","slug":"ozonfri-uv-rening","status":"publish","type":"page","link":"https:\/\/www.tovenco.se\/no\/ozonfri-uv-rening\/","title":{"rendered":"Ozonfrie UV-rensing"},"content":{"rendered":"\n<section class=\"qt-section container-s\"><div class=\"qt-section__inner grid grid-col-1\">\n<div class=\"qt-container\">\n<h1 class=\"wp-block-heading\"><strong><br\/>Ozonfrie UV-rensing<\/strong><\/h1>\n\n\n\n<figure class=\"wp-block-image size-16-9-large is-style-aspect-ratio-landscape-wide\"><img loading=\"lazy\" decoding=\"async\" width=\"747\" height=\"498\" src=\"https:\/\/www.tovenco.se\/wp-content\/uploads\/2025\/09\/hero-clouds-747x498.jpg\" alt=\"\" class=\"wp-image-17681\" style=\"aspect-ratio:3\/2;object-fit:cover\" srcset=\"https:\/\/www.tovenco.se\/wp-content\/uploads\/2025\/09\/hero-clouds-747x498.jpg 747w, https:\/\/www.tovenco.se\/wp-content\/uploads\/2025\/09\/hero-clouds-600x400.jpg 600w, https:\/\/www.tovenco.se\/wp-content\/uploads\/2025\/09\/hero-clouds-300x200.jpg 300w, https:\/\/www.tovenco.se\/wp-content\/uploads\/2025\/09\/hero-clouds-768x512.jpg 768w, https:\/\/www.tovenco.se\/wp-content\/uploads\/2025\/09\/hero-clouds-462x308.jpg 462w, https:\/\/www.tovenco.se\/wp-content\/uploads\/2025\/09\/hero-clouds-592x395.jpg 592w, https:\/\/www.tovenco.se\/wp-content\/uploads\/2025\/09\/hero-clouds-622x415.jpg 622w, https:\/\/www.tovenco.se\/wp-content\/uploads\/2025\/09\/hero-clouds-426x284.jpg 426w, https:\/\/www.tovenco.se\/wp-content\/uploads\/2025\/09\/hero-clouds-573x382.jpg 573w, https:\/\/www.tovenco.se\/wp-content\/uploads\/2025\/09\/hero-clouds.jpg 1000w\" sizes=\"auto, (max-width: 747px) 100vw, 747px\" \/><figcaption><\/figcaption><\/figure>\n\n\n\n<p>Tovencos ozonfrie UV-rensing er en trygg metode for \u00e5 forbedre luftkvaliteten i kj\u00f8kken og restauranter. Ved hjelp av avansert fotokatalysatorteknologi reduseres fett, forurensende stoffer osv. direkte i ventilasjonssystemet. V\u00e5r ozonfrie UV-rensing kombinerer UV-lys og titandioksid for \u00e5 skape en kjemikaliefri og milj\u00f8vennlig renseprosess.   Det er en ideell l\u00f8sning for b\u00e5de sm\u00e5 og store kj\u00f8kken som er p\u00e5 jakt etter energieffektive og langsiktige m\u00e5ter \u00e5 forbedre arbeidsmilj\u00f8et og redusere brannrisikoen p\u00e5.<\/p>\n<\/div>\n<\/div><\/section>\n\n<section class=\"qt-section container-s\"><div class=\"qt-section__inner grid grid-col-1\">\n<div class=\"qt-container\">\n<h2 class=\"wp-block-heading\">Slik fungerer ozonfri UV-rensing<\/h2>\n\n\n\n<p>Systemet er en totall\u00f8sning som bruker UV-lys og et belegg av titandioksid til \u00e5 behandle fett og forurensninger i ventilasjonen p\u00e5 storkj\u00f8kken. N\u00e5r UV-lyset treffer overflaten, aktiveres titandioksidet og starter en kjemisk reaksjon som danner reaktive stoffer, deriblant OH-radikaler og negative ioner. Disse bryter raskt ned fett og organiske forurensninger i luften, samtidig som de \u00f8delegger bakterier, virus og muggsporer.  <\/p>\n\n\n\n<p>Denne prosessen foreg\u00e5r direkte i luftstr\u00f8mmen og resulterer i helt ufarlige biprodukter &#8211; karbondioksid, vann og oksygen.<\/p>\n\n\n\n<figure class=\"wp-block-image size-16-9-large\"><img loading=\"lazy\" decoding=\"async\" width=\"704\" height=\"498\" src=\"https:\/\/www.tovenco.se\/wp-content\/uploads\/2025\/09\/UV-rening-Ozonfri-704x498.jpg\" alt=\"UV-rensing Ozonfrie\" class=\"wp-image-17678\" style=\"aspect-ratio:3\/2;object-fit:cover\" srcset=\"https:\/\/www.tovenco.se\/wp-content\/uploads\/2025\/09\/UV-rening-Ozonfri-704x498.jpg 704w, https:\/\/www.tovenco.se\/wp-content\/uploads\/2025\/09\/UV-rening-Ozonfri-600x424.jpg 600w, https:\/\/www.tovenco.se\/wp-content\/uploads\/2025\/09\/UV-rening-Ozonfri-1024x724.jpg 1024w, https:\/\/www.tovenco.se\/wp-content\/uploads\/2025\/09\/UV-rening-Ozonfri-300x212.jpg 300w, https:\/\/www.tovenco.se\/wp-content\/uploads\/2025\/09\/UV-rening-Ozonfri-768x543.jpg 768w, https:\/\/www.tovenco.se\/wp-content\/uploads\/2025\/09\/UV-rening-Ozonfri-1536x1086.jpg 1536w, https:\/\/www.tovenco.se\/wp-content\/uploads\/2025\/09\/UV-rening-Ozonfri-462x327.jpg 462w, https:\/\/www.tovenco.se\/wp-content\/uploads\/2025\/09\/UV-rening-Ozonfri-592x419.jpg 592w, https:\/\/www.tovenco.se\/wp-content\/uploads\/2025\/09\/UV-rening-Ozonfri-622x440.jpg 622w, https:\/\/www.tovenco.se\/wp-content\/uploads\/2025\/09\/UV-rening-Ozonfri-402x284.jpg 402w, https:\/\/www.tovenco.se\/wp-content\/uploads\/2025\/09\/UV-rening-Ozonfri-540x382.jpg 540w, https:\/\/www.tovenco.se\/wp-content\/uploads\/2025\/09\/UV-rening-Ozonfri.jpg 2000w\" sizes=\"auto, (max-width: 704px) 100vw, 704px\" \/><figcaption><\/figcaption><\/figure>\n\n\n\n<figure class=\"wp-block-image size-16-9-large\"><img loading=\"lazy\" decoding=\"async\" width=\"704\" height=\"498\" src=\"https:\/\/www.tovenco.se\/wp-content\/uploads\/2025\/09\/UV-rening-Ozonfri-Casemiro-704x498.jpg\" alt=\"UV-rensing Ozonfrie Casemiro\" class=\"wp-image-17684\" style=\"aspect-ratio:3\/2;object-fit:cover\" srcset=\"https:\/\/www.tovenco.se\/wp-content\/uploads\/2025\/09\/UV-rening-Ozonfri-Casemiro-704x498.jpg 704w, https:\/\/www.tovenco.se\/wp-content\/uploads\/2025\/09\/UV-rening-Ozonfri-Casemiro-600x424.jpg 600w, https:\/\/www.tovenco.se\/wp-content\/uploads\/2025\/09\/UV-rening-Ozonfri-Casemiro-1024x724.jpg 1024w, https:\/\/www.tovenco.se\/wp-content\/uploads\/2025\/09\/UV-rening-Ozonfri-Casemiro-300x212.jpg 300w, https:\/\/www.tovenco.se\/wp-content\/uploads\/2025\/09\/UV-rening-Ozonfri-Casemiro-768x543.jpg 768w, https:\/\/www.tovenco.se\/wp-content\/uploads\/2025\/09\/UV-rening-Ozonfri-Casemiro-1536x1086.jpg 1536w, https:\/\/www.tovenco.se\/wp-content\/uploads\/2025\/09\/UV-rening-Ozonfri-Casemiro-462x327.jpg 462w, https:\/\/www.tovenco.se\/wp-content\/uploads\/2025\/09\/UV-rening-Ozonfri-Casemiro-592x419.jpg 592w, https:\/\/www.tovenco.se\/wp-content\/uploads\/2025\/09\/UV-rening-Ozonfri-Casemiro-622x440.jpg 622w, https:\/\/www.tovenco.se\/wp-content\/uploads\/2025\/09\/UV-rening-Ozonfri-Casemiro-402x284.jpg 402w, https:\/\/www.tovenco.se\/wp-content\/uploads\/2025\/09\/UV-rening-Ozonfri-Casemiro-540x382.jpg 540w, https:\/\/www.tovenco.se\/wp-content\/uploads\/2025\/09\/UV-rening-Ozonfri-Casemiro.jpg 2000w\" sizes=\"auto, (max-width: 704px) 100vw, 704px\" \/><figcaption><\/figcaption><\/figure>\n\n\n\n<h2 class=\"wp-block-heading\"><strong>Hvem egner ozonfri UV-behandling seg for?<\/strong><\/h2>\n\n\n\n<p>Det ozonfrie UV-rensingssystemet er en allsidig og b\u00e6rekraftig luftrensel\u00f8sning som egner seg for b\u00e5de nye og eksisterende anlegg. V\u00e5r ozonfrie UV-rensing egner seg for en rekke milj\u00f8er, fra sm\u00e5 restaurantkj\u00f8kken til store n\u00e6ringsmiddelindustrier og offentlige fasiliteter. Systemet er designet for enkel service og vedlikehold.    <\/p>\n\n\n\n<p>I tilfeller der UV-rensing med ozon ikke er mulig, er dette det beste alternativet. For UV-behandling med ozon, <a href=\"https:\/\/www.tovenco.se\/no\/luftrensing\/\">sjekk ut v\u00e5rt TAPS-system<\/a> <\/p>\n<\/div>\n<\/div><\/section>\n","protected":false},"excerpt":{"rendered":"","protected":false},"author":1,"featured_media":0,"parent":0,"menu_order":0,"comment_status":"closed","ping_status":"closed","template":"page-dark","meta":{"_acf_changed":false,"footnotes":""},"class_list":["post-17836","page","type-page","status-publish","hentry"],"acf":[],"_links":{"self":[{"href":"https:\/\/www.tovenco.se\/no\/wp-json\/wp\/v2\/pages\/17836","targetHints":{"allow":["GET"]}}],"collection":[{"href":"https:\/\/www.tovenco.se\/no\/wp-json\/wp\/v2\/pages"}],"about":[{"href":"https:\/\/www.tovenco.se\/no\/wp-json\/wp\/v2\/types\/page"}],"author":[{"embeddable":true,"href":"https:\/\/www.tovenco.se\/no\/wp-json\/wp\/v2\/users\/1"}],"replies":[{"embeddable":true,"href":"https:\/\/www.tovenco.se\/no\/wp-json\/wp\/v2\/comments?post=17836"}],"version-history":[{"count":5,"href":"https:\/\/www.tovenco.se\/no\/wp-json\/wp\/v2\/pages\/17836\/revisions"}],"predecessor-version":[{"id":17912,"href":"https:\/\/www.tovenco.se\/no\/wp-json\/wp\/v2\/pages\/17836\/revisions\/17912"}],"wp:attachment":[{"href":"https:\/\/www.tovenco.se\/no\/wp-json\/wp\/v2\/media?parent=17836"}],"curies":[{"name":"wp","href":"https:\/\/api.w.org\/{rel}","templated":true}]}}