{"id":17820,"date":"2025-09-08T13:07:14","date_gmt":"2025-09-08T11:07:14","guid":{"rendered":"https:\/\/www.tovenco.se\/bioreaktor\/"},"modified":"2025-09-08T18:01:40","modified_gmt":"2025-09-08T16:01:40","slug":"bioreaktor","status":"publish","type":"page","link":"https:\/\/www.tovenco.se\/no\/bioreaktor\/","title":{"rendered":"Bioreaktor"},"content":{"rendered":"\n<section class=\"qt-section container-default\"><div class=\"qt-section__inner grid grid-col-1\">\n<div class=\"qt-container\">\n<div class=\"wp-block-cover is-style-default\" style=\"min-height:498px;aspect-ratio:unset;\"><img loading=\"lazy\" decoding=\"async\" width=\"1980\" height=\"1319\" class=\"wp-block-cover__image-background wp-image-6590\" alt=\"biorening\" src=\"https:\/\/www.tovenco.se\/wp-content\/uploads\/2025\/03\/tovenco-biorening.jpg\" data-object-fit=\"cover\" srcset=\"https:\/\/www.tovenco.se\/wp-content\/uploads\/2025\/03\/tovenco-biorening.jpg 1980w, https:\/\/www.tovenco.se\/wp-content\/uploads\/2025\/03\/tovenco-biorening-600x400.jpg 600w, https:\/\/www.tovenco.se\/wp-content\/uploads\/2025\/03\/tovenco-biorening-1024x682.jpg 1024w, https:\/\/www.tovenco.se\/wp-content\/uploads\/2025\/03\/tovenco-biorening-300x200.jpg 300w, https:\/\/www.tovenco.se\/wp-content\/uploads\/2025\/03\/tovenco-biorening-768x512.jpg 768w, https:\/\/www.tovenco.se\/wp-content\/uploads\/2025\/03\/tovenco-biorening-1536x1023.jpg 1536w, https:\/\/www.tovenco.se\/wp-content\/uploads\/2025\/03\/tovenco-biorening-462x308.jpg 462w, https:\/\/www.tovenco.se\/wp-content\/uploads\/2025\/03\/tovenco-biorening-592x394.jpg 592w, https:\/\/www.tovenco.se\/wp-content\/uploads\/2025\/03\/tovenco-biorening-622x414.jpg 622w, https:\/\/www.tovenco.se\/wp-content\/uploads\/2025\/03\/tovenco-biorening-426x284.jpg 426w, https:\/\/www.tovenco.se\/wp-content\/uploads\/2025\/03\/tovenco-biorening-573x382.jpg 573w, https:\/\/www.tovenco.se\/wp-content\/uploads\/2025\/03\/tovenco-biorening-748x498.jpg 748w\" sizes=\"auto, (max-width: 1980px) 100vw, 1980px\" \/><span aria-hidden=\"true\" class=\"wp-block-cover__background has-background-dim-0 has-background-dim has-background-gradient has-transparent-to-transparent-black-gradient-background\"><\/span><div class=\"wp-block-cover__inner-container is-layout-constrained wp-container-core-cover-is-layout-41c06ba8 wp-block-cover-is-layout-constrained\">\n<div class=\"wp-block-group is-style-blurred-background is-layout-constrained wp-block-group-is-layout-constrained\">\n<p class=\"is-style-eyebrow\" id=\"block-bff628cc-01d5-452c-a7e7-208104d7f6be\"><sup>Kj\u00f8kkenventilasjonPRO<\/sup><\/p>\n\n\n\n<h2 class=\"wp-block-heading\" id=\"block-7363312a-2c20-421c-a521-de11a11a1eb2\">Bioreaktor<\/h2>\n\n\n\n<p class=\"has-text-inverted-secondary-color has-text-color has-link-color wp-elements-e68953218c08a770761bfc005fe1a80c\">Tovencos storkj\u00f8kkenhetter har lenge v\u00e6rt utstyrt med biologisk rensing fra ulike leverand\u00f8rer. Med lang erfaring med dimensjonering av hetter og filtre kan vi tilby v\u00e5r ekspertise for denne typen rensing. <\/p>\n\n\n\n<div class=\"wp-block-buttons is-layout-flex wp-block-buttons-is-layout-flex\">\n<div class=\"wp-block-button is-style-button-on-background\"><a class=\"wp-block-button__link wp-element-button\" href=\"https:\/\/www.tovenco.se\/no\/kontakt-oss\/\">Kontakt oss<\/a><\/div>\n<\/div>\n<\/div>\n<\/div><\/div>\n<\/div>\n<\/div><\/section>\n","protected":false},"excerpt":{"rendered":"","protected":false},"author":1,"featured_media":0,"parent":0,"menu_order":0,"comment_status":"closed","ping_status":"closed","template":"page-dark","meta":{"_acf_changed":false,"footnotes":""},"class_list":["post-17820","page","type-page","status-publish","hentry"],"acf":[],"_links":{"self":[{"href":"https:\/\/www.tovenco.se\/no\/wp-json\/wp\/v2\/pages\/17820","targetHints":{"allow":["GET"]}}],"collection":[{"href":"https:\/\/www.tovenco.se\/no\/wp-json\/wp\/v2\/pages"}],"about":[{"href":"https:\/\/www.tovenco.se\/no\/wp-json\/wp\/v2\/types\/page"}],"author":[{"embeddable":true,"href":"https:\/\/www.tovenco.se\/no\/wp-json\/wp\/v2\/users\/1"}],"replies":[{"embeddable":true,"href":"https:\/\/www.tovenco.se\/no\/wp-json\/wp\/v2\/comments?post=17820"}],"version-history":[{"count":1,"href":"https:\/\/www.tovenco.se\/no\/wp-json\/wp\/v2\/pages\/17820\/revisions"}],"predecessor-version":[{"id":17821,"href":"https:\/\/www.tovenco.se\/no\/wp-json\/wp\/v2\/pages\/17820\/revisions\/17821"}],"wp:attachment":[{"href":"https:\/\/www.tovenco.se\/no\/wp-json\/wp\/v2\/media?parent=17820"}],"curies":[{"name":"wp","href":"https:\/\/api.w.org\/{rel}","templated":true}]}}