{"id":11567,"date":"2025-01-17T15:01:41","date_gmt":"2025-01-17T14:01:41","guid":{"rendered":"https:\/\/www.tovenco.se\/kontakt-oss\/"},"modified":"2025-06-19T07:35:29","modified_gmt":"2025-06-19T05:35:29","slug":"kontakt-oss","status":"publish","type":"page","link":"https:\/\/www.tovenco.se\/no\/kontakt-oss\/","title":{"rendered":"Kontakt oss"},"content":{"rendered":"\n<section class=\"qt-section container-default\"><div class=\"qt-section__inner grid grid-col-2\">\n<div class=\"qt-container is-horizontally-stretched\">\n<h1 class=\"wp-block-heading\">Kontakt oss p\u00e5<\/h1>\n<\/div>\n\n\n\n<div class=\"qt-container has-background\" style=\"background-color:#B9E6FF\">\n<h2 class=\"wp-block-heading\">Send en melding<\/h2>\n\n\n\n<p class=\"wpcf7-contact-form-not-found\"><strong>Feil:<\/strong> Kontaktskjema ble ikke funnet.<\/p>\n<\/div>\n\n\n\n<div class=\"qt-container\">\n<h2 class=\"wp-block-heading\">Kontaktinformasjon<\/h2>\n\n\n\n<p>Tovenco AB<br\/>Vinnersj\u00f6v\u00e4gen 9-11<br\/>818 45 Hedesunda<br\/>Telefon <a href=\"tlf:0291-107%2050\">0291-107 50<\/a><br\/>Mail <a href=\"mailto:info@tovenco.se\">info@tovenco.se<\/a><\/p>\n\n\n\n<p>For et tilbud p\u00e5 storkj\u00f8kkenventilasjon eller generelle sp\u00f8rsm\u00e5l om v\u00e5re storkj\u00f8kkenprodukter, vennligst kontakt oss p\u00e5 <a href=\"mailto:storkok@tovenco.se\">storkok@tovenco.se.<\/a><\/p>\n\n\n\n<div class=\"acf-map\" data-zoom=\"14\">\n\t<div class=\"marker\" data-marker data-lat=\"60.3971249\" data-lng=\"16.999358\"><\/div>\n<\/div>\n<\/div>\n<\/div><\/section>\n\n<section class=\"qt-section container-default\"><div class=\"qt-section__inner grid grid-col-1\">\n<div class=\"qt-container\">\n<h2 class=\"wp-block-heading\">Ansattes boliger<\/h2>\n<\/div>\n\n\n\n<div class=\"qt-container\">\n\n\t<section class=\"qt-section container-default employees\">\n\t\t<div class=\"qt-section__inner grid grid-col-4\">\n\t\t\t\n<div class=\"qt-container\">\n\t<div class=\"card-employee\">\n\n\t\t<figure class=\"wp-block-image\">\n\t\t<img loading=\"lazy\" decoding=\"async\" width=\"592\" height=\"592\" src=\"https:\/\/www.tovenco.se\/wp-content\/uploads\/2025\/02\/cecilia-ny-592x592.jpg\" class=\"attachment-1-1-medium size-1-1-medium\" alt=\"Cecilia\" srcset=\"https:\/\/www.tovenco.se\/wp-content\/uploads\/2025\/02\/cecilia-ny-592x592.jpg 592w, https:\/\/www.tovenco.se\/wp-content\/uploads\/2025\/02\/cecilia-ny-600x600.jpg 600w, https:\/\/www.tovenco.se\/wp-content\/uploads\/2025\/02\/cecilia-ny-300x300.jpg 300w, https:\/\/www.tovenco.se\/wp-content\/uploads\/2025\/02\/cecilia-ny-768x768.jpg 768w, https:\/\/www.tovenco.se\/wp-content\/uploads\/2025\/02\/cecilia-ny-462x462.jpg 462w, https:\/\/www.tovenco.se\/wp-content\/uploads\/2025\/02\/cecilia-ny-467x467.jpg 467w, https:\/\/www.tovenco.se\/wp-content\/uploads\/2025\/02\/cecilia-ny-284x284.jpg 284w, https:\/\/www.tovenco.se\/wp-content\/uploads\/2025\/02\/cecilia-ny-382x382.jpg 382w, https:\/\/www.tovenco.se\/wp-content\/uploads\/2025\/02\/cecilia-ny-498x498.jpg 498w, https:\/\/www.tovenco.se\/wp-content\/uploads\/2025\/02\/cecilia-ny-100x100.jpg 100w, https:\/\/www.tovenco.se\/wp-content\/uploads\/2025\/02\/cecilia-ny.jpg 900w\" sizes=\"auto, (max-width: 592px) 100vw, 592px\" \/>\t\t<\/figure>\n\t\t\n\t\t<div class=\"card-content\">\n\t\t\t\t\t\t\t<p class=\"card-employee__name\">Cecilia Bostedt<\/p>\n\t\t\t\n\t\t\t\t\t\t\t<p class=\"card-employee__title\">Innes\u00e4ljare f\u00f6r projekt \/ Marknad \/ Ekonomi<\/p>\n\t\t\t\n\t\t\t\t\t\t\t<p class=\"card-employee__phone\">\n\t\t\t\t\tTel: \t\t\t\t\t<a href=\"tel:0291-47 77 74\" title=\"0291-47 77 74\">0291-47 77 74<\/a>\n\t\t\t\t<\/p>\n\t\t\t\n\t\t\t\t\t\t\t<p class=\"card-employee__email\">\n\t\t\t\t\tE-post: \t\t\t\t\t<a href=\"mailto:cecilia.bostedt@tovenco.se\" title=\"Maila Cecilia Bostedt\">cecilia.bostedt@tovenco.se<\/a>\n\t\t\t\t<\/p>\n\t\t\t\t\t<\/div>\n\n\t<\/div>\n<\/div>\n\n<div class=\"qt-container\">\n\t<div class=\"card-employee\">\n\n\t\t<figure class=\"wp-block-image\">\n\t\t<img loading=\"lazy\" decoding=\"async\" width=\"592\" height=\"592\" src=\"https:\/\/www.tovenco.se\/wp-content\/uploads\/2025\/02\/Ny-Portratt-Jorgen-592x592.jpg\" class=\"attachment-1-1-medium size-1-1-medium\" alt=\"\" srcset=\"https:\/\/www.tovenco.se\/wp-content\/uploads\/2025\/02\/Ny-Portratt-Jorgen-592x592.jpg 592w, https:\/\/www.tovenco.se\/wp-content\/uploads\/2025\/02\/Ny-Portratt-Jorgen-600x600.jpg 600w, https:\/\/www.tovenco.se\/wp-content\/uploads\/2025\/02\/Ny-Portratt-Jorgen-1024x1024.jpg 1024w, https:\/\/www.tovenco.se\/wp-content\/uploads\/2025\/02\/Ny-Portratt-Jorgen-300x300.jpg 300w, https:\/\/www.tovenco.se\/wp-content\/uploads\/2025\/02\/Ny-Portratt-Jorgen-768x768.jpg 768w, https:\/\/www.tovenco.se\/wp-content\/uploads\/2025\/02\/Ny-Portratt-Jorgen-1536x1536.jpg 1536w, https:\/\/www.tovenco.se\/wp-content\/uploads\/2025\/02\/Ny-Portratt-Jorgen-2048x2048.jpg 2048w, https:\/\/www.tovenco.se\/wp-content\/uploads\/2025\/02\/Ny-Portratt-Jorgen-462x462.jpg 462w, https:\/\/www.tovenco.se\/wp-content\/uploads\/2025\/02\/Ny-Portratt-Jorgen-467x467.jpg 467w, https:\/\/www.tovenco.se\/wp-content\/uploads\/2025\/02\/Ny-Portratt-Jorgen-284x284.jpg 284w, https:\/\/www.tovenco.se\/wp-content\/uploads\/2025\/02\/Ny-Portratt-Jorgen-382x382.jpg 382w, https:\/\/www.tovenco.se\/wp-content\/uploads\/2025\/02\/Ny-Portratt-Jorgen-498x498.jpg 498w, https:\/\/www.tovenco.se\/wp-content\/uploads\/2025\/02\/Ny-Portratt-Jorgen-100x100.jpg 100w\" sizes=\"auto, (max-width: 592px) 100vw, 592px\" \/>\t\t<\/figure>\n\t\t\n\t\t<div class=\"card-content\">\n\t\t\t\t\t\t\t<p class=\"card-employee__name\">J\u00f6rgen Holmgren<\/p>\n\t\t\t\n\t\t\t\t\t\t\t<p class=\"card-employee__title\">Utes\u00e4ljare<\/p>\n\t\t\t\n\t\t\t\t\t\t\t<p class=\"card-employee__phone\">\n\t\t\t\t\tTel: \t\t\t\t\t<a href=\"tel:073-595 22 45\" title=\"073-595 22 45\">073-595 22 45<\/a>\n\t\t\t\t<\/p>\n\t\t\t\n\t\t\t\t\t\t\t<p class=\"card-employee__email\">\n\t\t\t\t\tE-post: \t\t\t\t\t<a href=\"mailto:jorgen.holmgren@tovenco.se\" title=\"Maila J\u00f6rgen Holmgren\">jorgen.holmgren@tovenco.se<\/a>\n\t\t\t\t<\/p>\n\t\t\t\t\t<\/div>\n\n\t<\/div>\n<\/div>\n\n<div class=\"qt-container\">\n\t<div class=\"card-employee\">\n\n\t\t<figure class=\"wp-block-image\">\n\t\t<img loading=\"lazy\" decoding=\"async\" width=\"592\" height=\"592\" src=\"https:\/\/www.tovenco.se\/wp-content\/uploads\/2025\/02\/julia-ny-592x592.jpg\" class=\"attachment-1-1-medium size-1-1-medium\" alt=\"Julia\" srcset=\"https:\/\/www.tovenco.se\/wp-content\/uploads\/2025\/02\/julia-ny-592x592.jpg 592w, https:\/\/www.tovenco.se\/wp-content\/uploads\/2025\/02\/julia-ny-600x600.jpg 600w, https:\/\/www.tovenco.se\/wp-content\/uploads\/2025\/02\/julia-ny-300x300.jpg 300w, https:\/\/www.tovenco.se\/wp-content\/uploads\/2025\/02\/julia-ny-768x768.jpg 768w, https:\/\/www.tovenco.se\/wp-content\/uploads\/2025\/02\/julia-ny-462x462.jpg 462w, https:\/\/www.tovenco.se\/wp-content\/uploads\/2025\/02\/julia-ny-467x467.jpg 467w, https:\/\/www.tovenco.se\/wp-content\/uploads\/2025\/02\/julia-ny-284x284.jpg 284w, https:\/\/www.tovenco.se\/wp-content\/uploads\/2025\/02\/julia-ny-382x382.jpg 382w, https:\/\/www.tovenco.se\/wp-content\/uploads\/2025\/02\/julia-ny-498x498.jpg 498w, https:\/\/www.tovenco.se\/wp-content\/uploads\/2025\/02\/julia-ny-100x100.jpg 100w, https:\/\/www.tovenco.se\/wp-content\/uploads\/2025\/02\/julia-ny.jpg 900w\" sizes=\"auto, (max-width: 592px) 100vw, 592px\" \/>\t\t<\/figure>\n\t\t\n\t\t<div class=\"card-content\">\n\t\t\t\t\t\t\t<p class=\"card-employee__name\">Julia Burenberg<\/p>\n\t\t\t\n\t\t\t\t\t\t\t<p class=\"card-employee__title\">Konstrukt\u00f6r \/ Marknad<\/p>\n\t\t\t\n\t\t\t\n\t\t\t\t\t\t\t<p class=\"card-employee__email\">\n\t\t\t\t\tE-post: \t\t\t\t\t<a href=\"mailto:julia.burenberg@tovenco.se\" title=\"Maila Julia Burenberg\">julia.burenberg@tovenco.se<\/a>\n\t\t\t\t<\/p>\n\t\t\t\t\t<\/div>\n\n\t<\/div>\n<\/div>\n\n<div class=\"qt-container\">\n\t<div class=\"card-employee\">\n\n\t\t<figure class=\"wp-block-image\">\n\t\t<img loading=\"lazy\" decoding=\"async\" width=\"592\" height=\"592\" src=\"https:\/\/www.tovenco.se\/wp-content\/uploads\/2025\/02\/helena-ny-592x592.jpg\" class=\"attachment-1-1-medium size-1-1-medium\" alt=\"Helena\" srcset=\"https:\/\/www.tovenco.se\/wp-content\/uploads\/2025\/02\/helena-ny-592x592.jpg 592w, https:\/\/www.tovenco.se\/wp-content\/uploads\/2025\/02\/helena-ny-600x600.jpg 600w, https:\/\/www.tovenco.se\/wp-content\/uploads\/2025\/02\/helena-ny-300x300.jpg 300w, https:\/\/www.tovenco.se\/wp-content\/uploads\/2025\/02\/helena-ny-768x768.jpg 768w, https:\/\/www.tovenco.se\/wp-content\/uploads\/2025\/02\/helena-ny-462x462.jpg 462w, https:\/\/www.tovenco.se\/wp-content\/uploads\/2025\/02\/helena-ny-467x467.jpg 467w, https:\/\/www.tovenco.se\/wp-content\/uploads\/2025\/02\/helena-ny-284x284.jpg 284w, https:\/\/www.tovenco.se\/wp-content\/uploads\/2025\/02\/helena-ny-382x382.jpg 382w, https:\/\/www.tovenco.se\/wp-content\/uploads\/2025\/02\/helena-ny-498x498.jpg 498w, https:\/\/www.tovenco.se\/wp-content\/uploads\/2025\/02\/helena-ny-100x100.jpg 100w, https:\/\/www.tovenco.se\/wp-content\/uploads\/2025\/02\/helena-ny.jpg 900w\" sizes=\"auto, (max-width: 592px) 100vw, 592px\" \/>\t\t<\/figure>\n\t\t\n\t\t<div class=\"card-content\">\n\t\t\t\t\t\t\t<p class=\"card-employee__name\">Helena S\u00f6derstr\u00f6m<\/p>\n\t\t\t\n\t\t\t\t\t\t\t<p class=\"card-employee__title\">Innes\u00e4ljare &#8211; Support<\/p>\n\t\t\t\n\t\t\t\t\t\t\t<p class=\"card-employee__phone\">\n\t\t\t\t\tTel: \t\t\t\t\t<a href=\"tel:0291-47 77 77\" title=\"0291-47 77 77\">0291-47 77 77<\/a>\n\t\t\t\t<\/p>\n\t\t\t\n\t\t\t\t\t\t\t<p class=\"card-employee__email\">\n\t\t\t\t\tE-post: \t\t\t\t\t<a href=\"mailto:helena@tovenco.se\" title=\"Maila Helena S\u00f6derstr\u00f6m\">helena@tovenco.se<\/a>\n\t\t\t\t<\/p>\n\t\t\t\t\t<\/div>\n\n\t<\/div>\n<\/div>\n\t\t<\/div>\n\t<\/section>\n\n\t\n<\/div>\n<\/div><\/section>\n\n<section class=\"qt-section container-default\"><div class=\"qt-section__inner grid grid-col-1\">\n<div class=\"qt-container\">\n<h2 class=\"wp-block-heading\">Ansatte Cateringpersonell<\/h2>\n<\/div>\n\n\n\n<div class=\"qt-container\">\n\n\t<section class=\"qt-section container-default employees\">\n\t\t<div class=\"qt-section__inner grid grid-col-4\">\n\t\t\t\n<div class=\"qt-container\">\n\t<div class=\"card-employee\">\n\n\t\t<figure class=\"wp-block-image\">\n\t\t<img loading=\"lazy\" decoding=\"async\" width=\"592\" height=\"592\" src=\"https:\/\/www.tovenco.se\/wp-content\/uploads\/2025\/02\/Ny-Portratt-Jorgen-592x592.jpg\" class=\"attachment-1-1-medium size-1-1-medium\" alt=\"\" srcset=\"https:\/\/www.tovenco.se\/wp-content\/uploads\/2025\/02\/Ny-Portratt-Jorgen-592x592.jpg 592w, https:\/\/www.tovenco.se\/wp-content\/uploads\/2025\/02\/Ny-Portratt-Jorgen-600x600.jpg 600w, https:\/\/www.tovenco.se\/wp-content\/uploads\/2025\/02\/Ny-Portratt-Jorgen-1024x1024.jpg 1024w, https:\/\/www.tovenco.se\/wp-content\/uploads\/2025\/02\/Ny-Portratt-Jorgen-300x300.jpg 300w, https:\/\/www.tovenco.se\/wp-content\/uploads\/2025\/02\/Ny-Portratt-Jorgen-768x768.jpg 768w, https:\/\/www.tovenco.se\/wp-content\/uploads\/2025\/02\/Ny-Portratt-Jorgen-1536x1536.jpg 1536w, https:\/\/www.tovenco.se\/wp-content\/uploads\/2025\/02\/Ny-Portratt-Jorgen-2048x2048.jpg 2048w, https:\/\/www.tovenco.se\/wp-content\/uploads\/2025\/02\/Ny-Portratt-Jorgen-462x462.jpg 462w, https:\/\/www.tovenco.se\/wp-content\/uploads\/2025\/02\/Ny-Portratt-Jorgen-467x467.jpg 467w, https:\/\/www.tovenco.se\/wp-content\/uploads\/2025\/02\/Ny-Portratt-Jorgen-284x284.jpg 284w, https:\/\/www.tovenco.se\/wp-content\/uploads\/2025\/02\/Ny-Portratt-Jorgen-382x382.jpg 382w, https:\/\/www.tovenco.se\/wp-content\/uploads\/2025\/02\/Ny-Portratt-Jorgen-498x498.jpg 498w, https:\/\/www.tovenco.se\/wp-content\/uploads\/2025\/02\/Ny-Portratt-Jorgen-100x100.jpg 100w\" sizes=\"auto, (max-width: 592px) 100vw, 592px\" \/>\t\t<\/figure>\n\t\t\n\t\t<div class=\"card-content\">\n\t\t\t\t\t\t\t<p class=\"card-employee__name\">J\u00f6rgen Holmgren<\/p>\n\t\t\t\n\t\t\t\t\t\t\t<p class=\"card-employee__title\">Utes\u00e4ljare<\/p>\n\t\t\t\n\t\t\t\t\t\t\t<p class=\"card-employee__phone\">\n\t\t\t\t\tTel: \t\t\t\t\t<a href=\"tel:073-595 22 45\" title=\"073-595 22 45\">073-595 22 45<\/a>\n\t\t\t\t<\/p>\n\t\t\t\n\t\t\t\t\t\t\t<p class=\"card-employee__email\">\n\t\t\t\t\tE-post: \t\t\t\t\t<a href=\"mailto:jorgen.holmgren@tovenco.se\" title=\"Maila J\u00f6rgen Holmgren\">jorgen.holmgren@tovenco.se<\/a>\n\t\t\t\t<\/p>\n\t\t\t\t\t<\/div>\n\n\t<\/div>\n<\/div>\n\n<div class=\"qt-container\">\n\t<div class=\"card-employee\">\n\n\t\t<figure class=\"wp-block-image\">\n\t\t<img loading=\"lazy\" decoding=\"async\" width=\"592\" height=\"592\" src=\"https:\/\/www.tovenco.se\/wp-content\/uploads\/2025\/02\/tommy-ny-592x592.jpg\" class=\"attachment-1-1-medium size-1-1-medium\" alt=\"Tommy\" srcset=\"https:\/\/www.tovenco.se\/wp-content\/uploads\/2025\/02\/tommy-ny-592x592.jpg 592w, https:\/\/www.tovenco.se\/wp-content\/uploads\/2025\/02\/tommy-ny-600x600.jpg 600w, https:\/\/www.tovenco.se\/wp-content\/uploads\/2025\/02\/tommy-ny-300x300.jpg 300w, https:\/\/www.tovenco.se\/wp-content\/uploads\/2025\/02\/tommy-ny-768x768.jpg 768w, https:\/\/www.tovenco.se\/wp-content\/uploads\/2025\/02\/tommy-ny-462x462.jpg 462w, https:\/\/www.tovenco.se\/wp-content\/uploads\/2025\/02\/tommy-ny-467x467.jpg 467w, https:\/\/www.tovenco.se\/wp-content\/uploads\/2025\/02\/tommy-ny-284x284.jpg 284w, https:\/\/www.tovenco.se\/wp-content\/uploads\/2025\/02\/tommy-ny-382x382.jpg 382w, https:\/\/www.tovenco.se\/wp-content\/uploads\/2025\/02\/tommy-ny-498x498.jpg 498w, https:\/\/www.tovenco.se\/wp-content\/uploads\/2025\/02\/tommy-ny-100x100.jpg 100w, https:\/\/www.tovenco.se\/wp-content\/uploads\/2025\/02\/tommy-ny.jpg 900w\" sizes=\"auto, (max-width: 592px) 100vw, 592px\" \/>\t\t<\/figure>\n\t\t\n\t\t<div class=\"card-content\">\n\t\t\t\t\t\t\t<p class=\"card-employee__name\">Tommy Mickelsson<\/p>\n\t\t\t\n\t\t\t\t\t\t\t<p class=\"card-employee__title\">Projektering \/ Teknisk s\u00e4ljare<\/p>\n\t\t\t\n\t\t\t\t\t\t\t<p class=\"card-employee__phone\">\n\t\t\t\t\tTel: \t\t\t\t\t<a href=\"tel:070-341 42 58\" title=\"070-341 42 58\">070-341 42 58<\/a>\n\t\t\t\t<\/p>\n\t\t\t\n\t\t\t\t\t\t\t<p class=\"card-employee__email\">\n\t\t\t\t\tE-post: \t\t\t\t\t<a href=\"mailto:tommy@tovenco.se\" title=\"Maila Tommy Mickelsson\">tommy@tovenco.se<\/a>\n\t\t\t\t<\/p>\n\t\t\t\t\t<\/div>\n\n\t<\/div>\n<\/div>\n\n<div class=\"qt-container\">\n\t<div class=\"card-employee\">\n\n\t\t<figure class=\"wp-block-image\">\n\t\t<img loading=\"lazy\" decoding=\"async\" width=\"592\" height=\"592\" src=\"https:\/\/www.tovenco.se\/wp-content\/uploads\/2025\/02\/carina-ny-592x592.jpg\" class=\"attachment-1-1-medium size-1-1-medium\" alt=\"Carina\" srcset=\"https:\/\/www.tovenco.se\/wp-content\/uploads\/2025\/02\/carina-ny-592x592.jpg 592w, https:\/\/www.tovenco.se\/wp-content\/uploads\/2025\/02\/carina-ny-600x600.jpg 600w, https:\/\/www.tovenco.se\/wp-content\/uploads\/2025\/02\/carina-ny-300x300.jpg 300w, https:\/\/www.tovenco.se\/wp-content\/uploads\/2025\/02\/carina-ny-768x768.jpg 768w, https:\/\/www.tovenco.se\/wp-content\/uploads\/2025\/02\/carina-ny-462x462.jpg 462w, https:\/\/www.tovenco.se\/wp-content\/uploads\/2025\/02\/carina-ny-467x467.jpg 467w, https:\/\/www.tovenco.se\/wp-content\/uploads\/2025\/02\/carina-ny-284x284.jpg 284w, https:\/\/www.tovenco.se\/wp-content\/uploads\/2025\/02\/carina-ny-382x382.jpg 382w, https:\/\/www.tovenco.se\/wp-content\/uploads\/2025\/02\/carina-ny-498x498.jpg 498w, https:\/\/www.tovenco.se\/wp-content\/uploads\/2025\/02\/carina-ny-100x100.jpg 100w, https:\/\/www.tovenco.se\/wp-content\/uploads\/2025\/02\/carina-ny.jpg 900w\" sizes=\"auto, (max-width: 592px) 100vw, 592px\" \/>\t\t<\/figure>\n\t\t\n\t\t<div class=\"card-content\">\n\t\t\t\t\t\t\t<p class=\"card-employee__name\">Carina \u00c5str\u00f6m<\/p>\n\t\t\t\n\t\t\t\t\t\t\t<p class=\"card-employee__title\">Teknisk s\u00e4ljare<\/p>\n\t\t\t\n\t\t\t\t\t\t\t<p class=\"card-employee__phone\">\n\t\t\t\t\tTel: \t\t\t\t\t<a href=\"tel:0291-47 77 71\" title=\"0291-47 77 71\">0291-47 77 71<\/a>\n\t\t\t\t<\/p>\n\t\t\t\n\t\t\t\t\t\t\t<p class=\"card-employee__email\">\n\t\t\t\t\tE-post: \t\t\t\t\t<a href=\"mailto:carina@tovenco.se\" title=\"Maila Carina \u00c5str\u00f6m\">carina@tovenco.se<\/a>\n\t\t\t\t<\/p>\n\t\t\t\t\t<\/div>\n\n\t<\/div>\n<\/div>\n\n<div class=\"qt-container\">\n\t<div class=\"card-employee\">\n\n\t\t<figure class=\"wp-block-image\">\n\t\t<img loading=\"lazy\" decoding=\"async\" width=\"592\" height=\"592\" src=\"https:\/\/www.tovenco.se\/wp-content\/uploads\/2025\/02\/fredrik-ny-592x592.jpg\" class=\"attachment-1-1-medium size-1-1-medium\" alt=\"Fredrik\" srcset=\"https:\/\/www.tovenco.se\/wp-content\/uploads\/2025\/02\/fredrik-ny-592x592.jpg 592w, https:\/\/www.tovenco.se\/wp-content\/uploads\/2025\/02\/fredrik-ny-600x600.jpg 600w, https:\/\/www.tovenco.se\/wp-content\/uploads\/2025\/02\/fredrik-ny-300x300.jpg 300w, https:\/\/www.tovenco.se\/wp-content\/uploads\/2025\/02\/fredrik-ny-768x768.jpg 768w, https:\/\/www.tovenco.se\/wp-content\/uploads\/2025\/02\/fredrik-ny-462x462.jpg 462w, https:\/\/www.tovenco.se\/wp-content\/uploads\/2025\/02\/fredrik-ny-467x467.jpg 467w, https:\/\/www.tovenco.se\/wp-content\/uploads\/2025\/02\/fredrik-ny-284x284.jpg 284w, https:\/\/www.tovenco.se\/wp-content\/uploads\/2025\/02\/fredrik-ny-382x382.jpg 382w, https:\/\/www.tovenco.se\/wp-content\/uploads\/2025\/02\/fredrik-ny-498x498.jpg 498w, https:\/\/www.tovenco.se\/wp-content\/uploads\/2025\/02\/fredrik-ny-100x100.jpg 100w, https:\/\/www.tovenco.se\/wp-content\/uploads\/2025\/02\/fredrik-ny.jpg 900w\" sizes=\"auto, (max-width: 592px) 100vw, 592px\" \/>\t\t<\/figure>\n\t\t\n\t\t<div class=\"card-content\">\n\t\t\t\t\t\t\t<p class=\"card-employee__name\">Fredrik Karlsson<\/p>\n\t\t\t\n\t\t\t\t\t\t\t<p class=\"card-employee__title\">Konstrukt\u00f6r \/ Projektering \/ Service<\/p>\n\t\t\t\n\t\t\t\t\t\t\t<p class=\"card-employee__phone\">\n\t\t\t\t\tTel: \t\t\t\t\t<a href=\"tel:0291-47 77 78\" title=\"0291-47 77 78\">0291-47 77 78<\/a>\n\t\t\t\t<\/p>\n\t\t\t\n\t\t\t\t\t\t\t<p class=\"card-employee__email\">\n\t\t\t\t\tE-post: \t\t\t\t\t<a href=\"mailto:fredrik@tovenco.se\" title=\"Maila Fredrik Karlsson\">fredrik@tovenco.se<\/a>\n\t\t\t\t<\/p>\n\t\t\t\t\t<\/div>\n\n\t<\/div>\n<\/div>\n\n<div class=\"qt-container\">\n\t<div class=\"card-employee\">\n\n\t\t<figure class=\"wp-block-image\">\n\t\t<img loading=\"lazy\" decoding=\"async\" width=\"592\" height=\"592\" src=\"https:\/\/www.tovenco.se\/wp-content\/uploads\/2025\/02\/annelie-ny-592x592.jpg\" class=\"attachment-1-1-medium size-1-1-medium\" alt=\"Annelie\" srcset=\"https:\/\/www.tovenco.se\/wp-content\/uploads\/2025\/02\/annelie-ny-592x592.jpg 592w, https:\/\/www.tovenco.se\/wp-content\/uploads\/2025\/02\/annelie-ny-600x600.jpg 600w, https:\/\/www.tovenco.se\/wp-content\/uploads\/2025\/02\/annelie-ny-300x300.jpg 300w, https:\/\/www.tovenco.se\/wp-content\/uploads\/2025\/02\/annelie-ny-768x768.jpg 768w, https:\/\/www.tovenco.se\/wp-content\/uploads\/2025\/02\/annelie-ny-462x462.jpg 462w, https:\/\/www.tovenco.se\/wp-content\/uploads\/2025\/02\/annelie-ny-467x467.jpg 467w, https:\/\/www.tovenco.se\/wp-content\/uploads\/2025\/02\/annelie-ny-284x284.jpg 284w, https:\/\/www.tovenco.se\/wp-content\/uploads\/2025\/02\/annelie-ny-382x382.jpg 382w, https:\/\/www.tovenco.se\/wp-content\/uploads\/2025\/02\/annelie-ny-498x498.jpg 498w, https:\/\/www.tovenco.se\/wp-content\/uploads\/2025\/02\/annelie-ny-100x100.jpg 100w, https:\/\/www.tovenco.se\/wp-content\/uploads\/2025\/02\/annelie-ny.jpg 900w\" sizes=\"auto, (max-width: 592px) 100vw, 592px\" \/>\t\t<\/figure>\n\t\t\n\t\t<div class=\"card-content\">\n\t\t\t\t\t\t\t<p class=\"card-employee__name\">Anneli Holmgren<\/p>\n\t\t\t\n\t\t\t\t\t\t\t<p class=\"card-employee__title\">Innes\u00e4ljare<\/p>\n\t\t\t\n\t\t\t\t\t\t\t<p class=\"card-employee__phone\">\n\t\t\t\t\tTel: \t\t\t\t\t<a href=\"tel:0291-47 77 73|076-666 37 73\" title=\"0291-47 77 73|076-666 37 73\">0291-47 77 73|076-666 37 73<\/a>\n\t\t\t\t<\/p>\n\t\t\t\n\t\t\t\t\t\t\t<p class=\"card-employee__email\">\n\t\t\t\t\tE-post: \t\t\t\t\t<a href=\"mailto:anneli@tovenco.se\" title=\"Maila Anneli Holmgren\">anneli@tovenco.se<\/a>\n\t\t\t\t<\/p>\n\t\t\t\t\t<\/div>\n\n\t<\/div>\n<\/div>\n\t\t<\/div>\n\t<\/section>\n\n\t\n<\/div>\n<\/div><\/section>\n\n<section class=\"qt-section container-default\"><div class=\"qt-section__inner grid grid-col-1\">\n<div class=\"qt-container\">\n<h2 class=\"wp-block-heading\">ADMINISTRERENDE DIREKT\u00d8R<\/h2>\n<\/div>\n\n\n\n<div class=\"qt-container\">\n\n\t<section class=\"qt-section container-default employees\">\n\t\t<div class=\"qt-section__inner grid grid-col-4\">\n\t\t\t\n<div class=\"qt-container\">\n\t<div class=\"card-employee\">\n\n\t\t<figure class=\"wp-block-image\">\n\t\t<img loading=\"lazy\" decoding=\"async\" width=\"592\" height=\"592\" src=\"https:\/\/www.tovenco.se\/wp-content\/uploads\/2025\/02\/jimmy-ny-592x592.jpg\" class=\"attachment-1-1-medium size-1-1-medium\" alt=\"Jimmy\" srcset=\"https:\/\/www.tovenco.se\/wp-content\/uploads\/2025\/02\/jimmy-ny-592x592.jpg 592w, https:\/\/www.tovenco.se\/wp-content\/uploads\/2025\/02\/jimmy-ny-600x600.jpg 600w, https:\/\/www.tovenco.se\/wp-content\/uploads\/2025\/02\/jimmy-ny-300x300.jpg 300w, https:\/\/www.tovenco.se\/wp-content\/uploads\/2025\/02\/jimmy-ny-768x768.jpg 768w, https:\/\/www.tovenco.se\/wp-content\/uploads\/2025\/02\/jimmy-ny-462x462.jpg 462w, https:\/\/www.tovenco.se\/wp-content\/uploads\/2025\/02\/jimmy-ny-467x467.jpg 467w, https:\/\/www.tovenco.se\/wp-content\/uploads\/2025\/02\/jimmy-ny-284x284.jpg 284w, https:\/\/www.tovenco.se\/wp-content\/uploads\/2025\/02\/jimmy-ny-382x382.jpg 382w, https:\/\/www.tovenco.se\/wp-content\/uploads\/2025\/02\/jimmy-ny-498x498.jpg 498w, https:\/\/www.tovenco.se\/wp-content\/uploads\/2025\/02\/jimmy-ny-100x100.jpg 100w, https:\/\/www.tovenco.se\/wp-content\/uploads\/2025\/02\/jimmy-ny.jpg 900w\" sizes=\"auto, (max-width: 592px) 100vw, 592px\" \/>\t\t<\/figure>\n\t\t\n\t\t<div class=\"card-content\">\n\t\t\t\t\t\t\t<p class=\"card-employee__name\">Jimmy \u00c5str\u00f6m<\/p>\n\t\t\t\n\t\t\t\t\t\t\t<p class=\"card-employee__title\">VD<\/p>\n\t\t\t\n\t\t\t\t\t\t\t<p class=\"card-employee__phone\">\n\t\t\t\t\tTel: \t\t\t\t\t<a href=\"tel:0291-107 50\" title=\"0291-107 50\">0291-107 50<\/a>\n\t\t\t\t<\/p>\n\t\t\t\n\t\t\t\t\t\t\t<p class=\"card-employee__email\">\n\t\t\t\t\tE-post: \t\t\t\t\t<a href=\"mailto:jimmy@tovenco.se\" title=\"Maila Jimmy \u00c5str\u00f6m\">jimmy@tovenco.se<\/a>\n\t\t\t\t<\/p>\n\t\t\t\t\t<\/div>\n\n\t<\/div>\n<\/div>\n\t\t<\/div>\n\t<\/section>\n\n\t\n<\/div>\n<\/div><\/section>\n\n<section class=\"qt-section container-m is-style-large-section-spacing\"><div class=\"qt-section__inner grid grid-col-2\">\n<div class=\"qt-container is-vertically-aligned-center\">\n<h2 class=\"wp-block-heading\">Vi hjelper deg med \u00e5 finne den rette.<\/h2>\n<\/div>\n\n\n\n<div class=\"qt-container is-vertically-aligned-center\">\n<p class=\"is-style-paragraph-l\">V\u00e5re erfarne medarbeidere hjelper deg med \u00e5 finne det rette produktet for dine behov.<\/p>\n\n\n\n<div class=\"wp-block-buttons is-layout-flex wp-block-buttons-is-layout-flex\">\n<div class=\"wp-block-button\"><a class=\"wp-block-button__link wp-element-button\" href=\"https:\/\/www.tovenco.se\/no\/kontakt-oss\/\">Kontakt oss p\u00e5<\/a><\/div>\n<\/div>\n<\/div>\n<\/div><\/section>\n","protected":false},"excerpt":{"rendered":"","protected":false},"author":1,"featured_media":0,"parent":0,"menu_order":0,"comment_status":"closed","ping_status":"closed","template":"","meta":{"_acf_changed":false,"footnotes":""},"class_list":["post-11567","page","type-page","status-publish","hentry"],"acf":[],"_links":{"self":[{"href":"https:\/\/www.tovenco.se\/no\/wp-json\/wp\/v2\/pages\/11567","targetHints":{"allow":["GET"]}}],"collection":[{"href":"https:\/\/www.tovenco.se\/no\/wp-json\/wp\/v2\/pages"}],"about":[{"href":"https:\/\/www.tovenco.se\/no\/wp-json\/wp\/v2\/types\/page"}],"author":[{"embeddable":true,"href":"https:\/\/www.tovenco.se\/no\/wp-json\/wp\/v2\/users\/1"}],"replies":[{"embeddable":true,"href":"https:\/\/www.tovenco.se\/no\/wp-json\/wp\/v2\/comments?post=11567"}],"version-history":[{"count":1,"href":"https:\/\/www.tovenco.se\/no\/wp-json\/wp\/v2\/pages\/11567\/revisions"}],"predecessor-version":[{"id":11583,"href":"https:\/\/www.tovenco.se\/no\/wp-json\/wp\/v2\/pages\/11567\/revisions\/11583"}],"wp:attachment":[{"href":"https:\/\/www.tovenco.se\/no\/wp-json\/wp\/v2\/media?parent=11567"}],"curies":[{"name":"wp","href":"https:\/\/api.w.org\/{rel}","templated":true}]}}