{"id":10947,"date":"2025-01-17T15:02:56","date_gmt":"2025-01-17T14:02:56","guid":{"rendered":"https:\/\/www.tovenco.se\/viftesystem\/"},"modified":"2025-06-19T07:34:03","modified_gmt":"2025-06-19T05:34:03","slug":"viftesystem","status":"publish","type":"page","link":"https:\/\/www.tovenco.se\/no\/viftesystem\/","title":{"rendered":"Viftesystem"},"content":{"rendered":"\n<section class=\"qt-section container-s\"><div class=\"qt-section__inner grid grid-col-1\">\n<div class=\"qt-container\">\n<h1 class=\"wp-block-heading\">Viftesystemer for Tovenco Collection-hetter<\/h1>\n\n\n\n<figure class=\"wp-block-image size-16-9-large\"><img loading=\"lazy\" decoding=\"async\" width=\"747\" height=\"498\" src=\"https:\/\/www.tovenco.se\/wp-content\/uploads\/2025\/02\/tis-tovenco-internal-system-747x498.jpg\" alt=\"\" class=\"wp-image-2977\" style=\"aspect-ratio:3\/2;object-fit:cover\" srcset=\"https:\/\/www.tovenco.se\/wp-content\/uploads\/2025\/02\/tis-tovenco-internal-system-747x498.jpg 747w, https:\/\/www.tovenco.se\/wp-content\/uploads\/2025\/02\/tis-tovenco-internal-system-600x400.jpg 600w, https:\/\/www.tovenco.se\/wp-content\/uploads\/2025\/02\/tis-tovenco-internal-system-1024x683.jpg 1024w, https:\/\/www.tovenco.se\/wp-content\/uploads\/2025\/02\/tis-tovenco-internal-system-300x200.jpg 300w, https:\/\/www.tovenco.se\/wp-content\/uploads\/2025\/02\/tis-tovenco-internal-system-768x512.jpg 768w, https:\/\/www.tovenco.se\/wp-content\/uploads\/2025\/02\/tis-tovenco-internal-system-462x308.jpg 462w, https:\/\/www.tovenco.se\/wp-content\/uploads\/2025\/02\/tis-tovenco-internal-system-592x395.jpg 592w, https:\/\/www.tovenco.se\/wp-content\/uploads\/2025\/02\/tis-tovenco-internal-system-622x415.jpg 622w, https:\/\/www.tovenco.se\/wp-content\/uploads\/2025\/02\/tis-tovenco-internal-system-426x284.jpg 426w, https:\/\/www.tovenco.se\/wp-content\/uploads\/2025\/02\/tis-tovenco-internal-system-573x382.jpg 573w, https:\/\/www.tovenco.se\/wp-content\/uploads\/2025\/02\/tis-tovenco-internal-system.jpg 1200w\" sizes=\"auto, (max-width: 747px) 100vw, 747px\" \/><figcaption><\/figcaption><\/figure>\n\n\n\n<h2 class=\"wp-block-heading\">Tovencos interne <sup>systemTIS<\/sup><\/h2>\n\n\n\n<p class=\"is-style-heading-m\">Innebygd vifte i panseret<\/p>\n\n\n\n<p>Intern EC-vifte 765 m\u00b3\/t, etterl\u00f8pstid, periodisk ventilasjon, filterbeskyttelse, dimbar LED-belysning, strikkede metallfiltre, tilkobling \u00d8150 mm. &#8211; Muligheten for en separat ventilasjonskanal fra kj\u00f8kkenet. Tovencos hetter er som standard utstyrt med tyskproduserte EC-vifter av merket EBM Papst. EC-viften styres med lavspenning, noe som gir energibesparelser p\u00e5 opptil 70 %.<\/p>\n\n\n\n<figure class=\"wp-block-image size-16-9-large\"><img loading=\"lazy\" decoding=\"async\" width=\"747\" height=\"498\" src=\"https:\/\/www.tovenco.se\/wp-content\/uploads\/2025\/02\/tes-tovenco-external-system-747x498.jpg\" alt=\"\" class=\"wp-image-2980\" style=\"aspect-ratio:3\/2;object-fit:cover\" srcset=\"https:\/\/www.tovenco.se\/wp-content\/uploads\/2025\/02\/tes-tovenco-external-system-747x498.jpg 747w, https:\/\/www.tovenco.se\/wp-content\/uploads\/2025\/02\/tes-tovenco-external-system-600x400.jpg 600w, https:\/\/www.tovenco.se\/wp-content\/uploads\/2025\/02\/tes-tovenco-external-system-1024x683.jpg 1024w, https:\/\/www.tovenco.se\/wp-content\/uploads\/2025\/02\/tes-tovenco-external-system-300x200.jpg 300w, https:\/\/www.tovenco.se\/wp-content\/uploads\/2025\/02\/tes-tovenco-external-system-768x512.jpg 768w, https:\/\/www.tovenco.se\/wp-content\/uploads\/2025\/02\/tes-tovenco-external-system-462x308.jpg 462w, https:\/\/www.tovenco.se\/wp-content\/uploads\/2025\/02\/tes-tovenco-external-system-592x395.jpg 592w, https:\/\/www.tovenco.se\/wp-content\/uploads\/2025\/02\/tes-tovenco-external-system-622x415.jpg 622w, https:\/\/www.tovenco.se\/wp-content\/uploads\/2025\/02\/tes-tovenco-external-system-426x284.jpg 426w, https:\/\/www.tovenco.se\/wp-content\/uploads\/2025\/02\/tes-tovenco-external-system-573x382.jpg 573w, https:\/\/www.tovenco.se\/wp-content\/uploads\/2025\/02\/tes-tovenco-external-system.jpg 1200w\" sizes=\"auto, (max-width: 747px) 100vw, 747px\" \/><figcaption><\/figcaption><\/figure>\n\n\n\n<h2 class=\"wp-block-heading\">Tovenco Eksternt <sup>SystemTES<\/sup><\/h2>\n\n\n\n<p class=\"is-style-heading-m\">For ekstern motor p\u00e5 tak\/vind<\/p>\n\n\n\n<p>Ekstern AC\/EC-vifte, etterl\u00f8pstid, periodisk ventilasjon, filterbeskyttelse, dimbar LED-belysning, strikkede metallfiltre, tilkobling \u00d8150 mm. &#8211; Alternativet n\u00e5r kravene til absolutt h\u00f8yeste effektivitet og lavt st\u00f8yniv\u00e5 skal oppfylles. Separat luftkanal fra kj\u00f8kkenet via loftsvifte \/ alternativt takvifte fra svenskproduserte Systemair. Velg riktig AC- eller EC-vifte fra katalogen v\u00e5r.<\/p>\n<\/div>\n<\/div><\/section>\n\n<section class=\"qt-section container-s\"><div class=\"qt-section__inner grid grid-col-1\">\n<div class=\"qt-container\">\n<div class=\"wp-block-cover is-light\"><span aria-hidden=\"true\" class=\"wp-block-cover__background has-background-dim-0 has-background-dim\"><\/span><img loading=\"lazy\" decoding=\"async\" width=\"1200\" height=\"884\" class=\"wp-block-cover__image-background wp-image-237\" alt=\"Ljusbl\u00e5 och ljusgr\u00f6n abstrakt bakgrundsbild\" src=\"https:\/\/www.tovenco.se\/wp-content\/uploads\/2025\/01\/splash-background.jpg\" data-object-fit=\"cover\" srcset=\"https:\/\/www.tovenco.se\/wp-content\/uploads\/2025\/01\/splash-background.jpg 1200w, https:\/\/www.tovenco.se\/wp-content\/uploads\/2025\/01\/splash-background-300x221.jpg 300w, https:\/\/www.tovenco.se\/wp-content\/uploads\/2025\/01\/splash-background-600x442.jpg 600w, https:\/\/www.tovenco.se\/wp-content\/uploads\/2025\/01\/splash-background-768x566.jpg 768w, https:\/\/www.tovenco.se\/wp-content\/uploads\/2025\/01\/splash-background-1024x754.jpg 1024w, https:\/\/www.tovenco.se\/wp-content\/uploads\/2025\/01\/splash-background-462x340.jpg 462w, https:\/\/www.tovenco.se\/wp-content\/uploads\/2025\/01\/splash-background-592x436.jpg 592w, https:\/\/www.tovenco.se\/wp-content\/uploads\/2025\/01\/splash-background-622x458.jpg 622w, https:\/\/www.tovenco.se\/wp-content\/uploads\/2025\/01\/splash-background-386x284.jpg 386w, https:\/\/www.tovenco.se\/wp-content\/uploads\/2025\/01\/splash-background-519x382.jpg 519w, https:\/\/www.tovenco.se\/wp-content\/uploads\/2025\/01\/splash-background-676x498.jpg 676w\" sizes=\"auto, (max-width: 1200px) 100vw, 1200px\" \/><div class=\"wp-block-cover__inner-container is-layout-constrained wp-block-cover-is-layout-constrained\">\n<p class=\"has-text-align-left is-style-heading-l\">Sveriges bredeste utvalg av kj\u00f8kkenhetter<\/p>\n\n\n\n<p class=\"is-style-paragraph-l has-text-secondary-color has-text-color has-link-color wp-elements-013cb77e1cd17f7e4e868693f324dabd\">Bestill en kj\u00f8kkenvifte som er skreddersydd for ditt kj\u00f8kken.<\/p>\n\n\n\n<div class=\"wp-block-buttons is-layout-flex wp-block-buttons-is-layout-flex\">\n<div class=\"wp-block-button is-style-fill\"><a class=\"wp-block-button__link wp-element-button\" href=\"https:\/\/www.tovenco.se\/produkter\/\">Se v\u00e5rt utvalg<\/a><\/div>\n<\/div>\n<\/div><\/div>\n<\/div>\n<\/div><\/section>\n\n<section class=\"qt-section container-s\"><div class=\"qt-section__inner grid grid-col-1\">\n<div class=\"qt-container\">\n<figure class=\"wp-block-image size-16-9-large\"><img loading=\"lazy\" decoding=\"async\" width=\"747\" height=\"498\" src=\"https:\/\/www.tovenco.se\/wp-content\/uploads\/2025\/04\/TDS-Tovenco-Damper-System-Lagenhet-med-centralventilation-1-747x498.jpg\" alt=\"\" class=\"wp-image-6974\" style=\"aspect-ratio:3\/2;object-fit:cover\" srcset=\"https:\/\/www.tovenco.se\/wp-content\/uploads\/2025\/04\/TDS-Tovenco-Damper-System-Lagenhet-med-centralventilation-1-747x498.jpg 747w, https:\/\/www.tovenco.se\/wp-content\/uploads\/2025\/04\/TDS-Tovenco-Damper-System-Lagenhet-med-centralventilation-1-600x400.jpg 600w, https:\/\/www.tovenco.se\/wp-content\/uploads\/2025\/04\/TDS-Tovenco-Damper-System-Lagenhet-med-centralventilation-1-1024x683.jpg 1024w, https:\/\/www.tovenco.se\/wp-content\/uploads\/2025\/04\/TDS-Tovenco-Damper-System-Lagenhet-med-centralventilation-1-300x200.jpg 300w, https:\/\/www.tovenco.se\/wp-content\/uploads\/2025\/04\/TDS-Tovenco-Damper-System-Lagenhet-med-centralventilation-1-768x512.jpg 768w, https:\/\/www.tovenco.se\/wp-content\/uploads\/2025\/04\/TDS-Tovenco-Damper-System-Lagenhet-med-centralventilation-1-1536x1024.jpg 1536w, https:\/\/www.tovenco.se\/wp-content\/uploads\/2025\/04\/TDS-Tovenco-Damper-System-Lagenhet-med-centralventilation-1-2048x1365.jpg 2048w, https:\/\/www.tovenco.se\/wp-content\/uploads\/2025\/04\/TDS-Tovenco-Damper-System-Lagenhet-med-centralventilation-1-462x308.jpg 462w, https:\/\/www.tovenco.se\/wp-content\/uploads\/2025\/04\/TDS-Tovenco-Damper-System-Lagenhet-med-centralventilation-1-592x395.jpg 592w, https:\/\/www.tovenco.se\/wp-content\/uploads\/2025\/04\/TDS-Tovenco-Damper-System-Lagenhet-med-centralventilation-1-622x415.jpg 622w, https:\/\/www.tovenco.se\/wp-content\/uploads\/2025\/04\/TDS-Tovenco-Damper-System-Lagenhet-med-centralventilation-1-426x284.jpg 426w, https:\/\/www.tovenco.se\/wp-content\/uploads\/2025\/04\/TDS-Tovenco-Damper-System-Lagenhet-med-centralventilation-1-573x382.jpg 573w\" sizes=\"auto, (max-width: 747px) 100vw, 747px\" \/><figcaption><\/figcaption><\/figure>\n\n\n\n<h2 class=\"wp-block-heading\">Tovenco Damper <sup>SystemTDS<\/sup><\/h2>\n\n\n\n<p class=\"is-style-heading-m\">For leilighet med sentral ventilasjon<\/p>\n\n\n\n<p>Spjeldfunksjon for leilighet med sentralventilasjon, filtervakt, dimbar LED-belysning, strikkede metallfiltre, tilkobling \u00f8125 mm.  <\/p>\n\n\n\n<p>Alternativet der en sentral vifteenhet betjener leilighetene.<br\/>Tovenco-hetter er utstyrt med et motorisert spjeld i rustfritt st\u00e5l. Spjeldfunksjonen er tidsstyrt med enkel justering av grunn- og forseringsmengde. Sluttkontakt for styring av f.eks. ventilasjonsaggregater osv.<\/p>\n\n\n\n<figure class=\"wp-block-image size-16-9-large\"><img loading=\"lazy\" decoding=\"async\" width=\"747\" height=\"498\" src=\"https:\/\/www.tovenco.se\/wp-content\/uploads\/2025\/02\/tds-tovenco-damper-system-747x498.jpg\" alt=\"\" class=\"wp-image-2982\" style=\"aspect-ratio:3\/2;object-fit:cover\" srcset=\"https:\/\/www.tovenco.se\/wp-content\/uploads\/2025\/02\/tds-tovenco-damper-system-747x498.jpg 747w, https:\/\/www.tovenco.se\/wp-content\/uploads\/2025\/02\/tds-tovenco-damper-system-600x400.jpg 600w, https:\/\/www.tovenco.se\/wp-content\/uploads\/2025\/02\/tds-tovenco-damper-system-1024x683.jpg 1024w, https:\/\/www.tovenco.se\/wp-content\/uploads\/2025\/02\/tds-tovenco-damper-system-300x200.jpg 300w, https:\/\/www.tovenco.se\/wp-content\/uploads\/2025\/02\/tds-tovenco-damper-system-768x512.jpg 768w, https:\/\/www.tovenco.se\/wp-content\/uploads\/2025\/02\/tds-tovenco-damper-system-462x308.jpg 462w, https:\/\/www.tovenco.se\/wp-content\/uploads\/2025\/02\/tds-tovenco-damper-system-592x395.jpg 592w, https:\/\/www.tovenco.se\/wp-content\/uploads\/2025\/02\/tds-tovenco-damper-system-622x415.jpg 622w, https:\/\/www.tovenco.se\/wp-content\/uploads\/2025\/02\/tds-tovenco-damper-system-426x284.jpg 426w, https:\/\/www.tovenco.se\/wp-content\/uploads\/2025\/02\/tds-tovenco-damper-system-573x382.jpg 573w, https:\/\/www.tovenco.se\/wp-content\/uploads\/2025\/02\/tds-tovenco-damper-system.jpg 1200w\" sizes=\"auto, (max-width: 747px) 100vw, 747px\" \/><figcaption><\/figcaption><\/figure>\n\n\n\n<h2 class=\"wp-block-heading\">Tovenco Damper <sup>System+TDS+<\/sup><\/h2>\n\n\n\n<p class=\"is-style-heading-m\">For ventilasjon i kj\u00f8kken\/oppholdsrom<\/p>\n\n\n\n<p>Styreenhet for eneboliger med sentralventilasjon, filtervakt, dimbar LED-belysning, strikkede metallfiltre, tilkobling \u00d8125 mm. &#8211; Alternativet der ekstern avtrekksvifte eller gjenvinningsenhet styrer b\u00e5de generell ventilasjon og kj\u00f8kkenventilasjon. Dvs. mekanisk avtrekksventilasjon (F-system) eller balansert ventilasjon med avtrekk og tilluft (F\/FT\/FTX-system). Ventilasjonen styres fra panseret med funksjoner som for eksempel forsering av luftstr\u00f8mmen i v\u00e5te omr\u00e5der eller ved matlaging.<\/p>\n\n\n\n<figure class=\"wp-block-image size-16-9-large\"><img loading=\"lazy\" decoding=\"async\" width=\"747\" height=\"498\" src=\"https:\/\/www.tovenco.se\/wp-content\/uploads\/2025\/02\/tfs-tovenco-filtering-system-747x498.jpg\" alt=\"\" class=\"wp-image-2984\" style=\"aspect-ratio:3\/2;object-fit:cover\" srcset=\"https:\/\/www.tovenco.se\/wp-content\/uploads\/2025\/02\/tfs-tovenco-filtering-system-747x498.jpg 747w, https:\/\/www.tovenco.se\/wp-content\/uploads\/2025\/02\/tfs-tovenco-filtering-system-600x400.jpg 600w, https:\/\/www.tovenco.se\/wp-content\/uploads\/2025\/02\/tfs-tovenco-filtering-system-1024x683.jpg 1024w, https:\/\/www.tovenco.se\/wp-content\/uploads\/2025\/02\/tfs-tovenco-filtering-system-300x200.jpg 300w, https:\/\/www.tovenco.se\/wp-content\/uploads\/2025\/02\/tfs-tovenco-filtering-system-768x512.jpg 768w, https:\/\/www.tovenco.se\/wp-content\/uploads\/2025\/02\/tfs-tovenco-filtering-system-462x308.jpg 462w, https:\/\/www.tovenco.se\/wp-content\/uploads\/2025\/02\/tfs-tovenco-filtering-system-592x395.jpg 592w, https:\/\/www.tovenco.se\/wp-content\/uploads\/2025\/02\/tfs-tovenco-filtering-system-622x415.jpg 622w, https:\/\/www.tovenco.se\/wp-content\/uploads\/2025\/02\/tfs-tovenco-filtering-system-426x284.jpg 426w, https:\/\/www.tovenco.se\/wp-content\/uploads\/2025\/02\/tfs-tovenco-filtering-system-573x382.jpg 573w, https:\/\/www.tovenco.se\/wp-content\/uploads\/2025\/02\/tfs-tovenco-filtering-system.jpg 1200w\" sizes=\"auto, (max-width: 747px) 100vw, 747px\" \/><figcaption><\/figcaption><\/figure>\n\n\n\n<h2 class=\"wp-block-heading\">Tovenco <sup>FiltreringssystemTFS<\/sup><\/h2>\n\n\n\n<p class=\"is-style-heading-m\">Karbonfiltersystem<\/p>\n\n\n\n<p>Kullfiltersystem (resirkulering) med h\u00f8yeffektivt filter, tilkobling \u00d8150 mm. &#8211; Alternativet n\u00e5r tilkobling til ventilasjonskanal (kanalsystem) ikke er mulig. Luften resirkuleres via fettfilter og kullfilter og slippes ut via ventilasjonsrister p\u00e5 kanalseksjonen.<\/p>\n\n\n\n<figure class=\"wp-block-image size-16-9-large\"><img loading=\"lazy\" decoding=\"async\" width=\"747\" height=\"498\" src=\"https:\/\/www.tovenco.se\/wp-content\/uploads\/2025\/02\/Tovenco-Non-Stop-747x498.jpg\" alt=\"\" class=\"wp-image-2986\" style=\"aspect-ratio:3\/2;object-fit:cover\" srcset=\"https:\/\/www.tovenco.se\/wp-content\/uploads\/2025\/02\/Tovenco-Non-Stop-747x498.jpg 747w, https:\/\/www.tovenco.se\/wp-content\/uploads\/2025\/02\/Tovenco-Non-Stop-600x400.jpg 600w, https:\/\/www.tovenco.se\/wp-content\/uploads\/2025\/02\/Tovenco-Non-Stop-1024x683.jpg 1024w, https:\/\/www.tovenco.se\/wp-content\/uploads\/2025\/02\/Tovenco-Non-Stop-300x200.jpg 300w, https:\/\/www.tovenco.se\/wp-content\/uploads\/2025\/02\/Tovenco-Non-Stop-768x512.jpg 768w, https:\/\/www.tovenco.se\/wp-content\/uploads\/2025\/02\/Tovenco-Non-Stop-462x308.jpg 462w, https:\/\/www.tovenco.se\/wp-content\/uploads\/2025\/02\/Tovenco-Non-Stop-592x395.jpg 592w, https:\/\/www.tovenco.se\/wp-content\/uploads\/2025\/02\/Tovenco-Non-Stop-622x415.jpg 622w, https:\/\/www.tovenco.se\/wp-content\/uploads\/2025\/02\/Tovenco-Non-Stop-426x284.jpg 426w, https:\/\/www.tovenco.se\/wp-content\/uploads\/2025\/02\/Tovenco-Non-Stop-573x382.jpg 573w, https:\/\/www.tovenco.se\/wp-content\/uploads\/2025\/02\/Tovenco-Non-Stop.jpg 1200w\" sizes=\"auto, (max-width: 747px) 100vw, 747px\" \/><figcaption><\/figcaption><\/figure>\n\n\n\n<h2 class=\"wp-block-heading\">Tovenco Non Stop<\/h2>\n\n\n\n<p class=\"is-style-heading-m\">En viftel\u00f8sning for boligblokker der trekkventilasjonen ikke fungerer tilfredsstillende<\/p>\n\n\n\n<p>Intern EC-vifte, etterl\u00f8pstimer, filterbeskyttelse, dimbar LED-belysning, strikkede metallfiltre, tilkobling \u00d8125 mm. &#8211; Viften i kj\u00f8kkenviften g\u00e5r alltid med en grunnstr\u00f8mningshastighet som kan justeres via programmering av EC-motoren. N\u00e5r du lager mat, kan du \u00f8ke hastigheten for \u00e5 f\u00e5 en god ytelse. Det finnes fire hastigheter, inkludert grunnstr\u00f8mmen i avtrekkshettene. &#8211; Viftens kapasitet er ca. 10-100 l\/s (36-360 m\u00b3\/t) &#8211; Vi anbefaler ikke Non-Stop-l\u00f8sningen for fritthengende eller vertikale hetter.<\/p>\n<\/div>\n<\/div><\/section>\n","protected":false},"excerpt":{"rendered":"","protected":false},"author":1,"featured_media":0,"parent":0,"menu_order":0,"comment_status":"closed","ping_status":"closed","template":"","meta":{"_acf_changed":false,"footnotes":""},"class_list":["post-10947","page","type-page","status-publish","hentry"],"acf":[],"_links":{"self":[{"href":"https:\/\/www.tovenco.se\/no\/wp-json\/wp\/v2\/pages\/10947","targetHints":{"allow":["GET"]}}],"collection":[{"href":"https:\/\/www.tovenco.se\/no\/wp-json\/wp\/v2\/pages"}],"about":[{"href":"https:\/\/www.tovenco.se\/no\/wp-json\/wp\/v2\/types\/page"}],"author":[{"embeddable":true,"href":"https:\/\/www.tovenco.se\/no\/wp-json\/wp\/v2\/users\/1"}],"replies":[{"embeddable":true,"href":"https:\/\/www.tovenco.se\/no\/wp-json\/wp\/v2\/comments?post=10947"}],"version-history":[{"count":1,"href":"https:\/\/www.tovenco.se\/no\/wp-json\/wp\/v2\/pages\/10947\/revisions"}],"predecessor-version":[{"id":10949,"href":"https:\/\/www.tovenco.se\/no\/wp-json\/wp\/v2\/pages\/10947\/revisions\/10949"}],"wp:attachment":[{"href":"https:\/\/www.tovenco.se\/no\/wp-json\/wp\/v2\/media?parent=10947"}],"curies":[{"name":"wp","href":"https:\/\/api.w.org\/{rel}","templated":true}]}}