{"id":10929,"date":"2025-01-17T14:51:57","date_gmt":"2025-01-17T13:51:57","guid":{"rendered":"https:\/\/www.tovenco.se\/stort-kjokken\/luftrensing\/"},"modified":"2025-09-09T15:30:31","modified_gmt":"2025-09-09T13:30:31","slug":"luftrensing","status":"publish","type":"page","link":"https:\/\/www.tovenco.se\/no\/luftrensing\/","title":{"rendered":"TAPS UV-rening med Ozon"},"content":{"rendered":"\n<section class=\"qt-section container-s\"><div class=\"qt-section__inner grid grid-col-1\">\n<div class=\"qt-container\">\n<h1 class=\"wp-block-heading\">TAPS-systemet &#8211; effektiv fett- og luktfjerning for storkj\u00f8kken<\/h1>\n\n\n\n<figure class=\"wp-block-image size-16-9-large is-style-aspect-ratio-landscape-wide\"><img loading=\"lazy\" decoding=\"async\" width=\"747\" height=\"498\" src=\"https:\/\/www.tovenco.se\/wp-content\/uploads\/2025\/03\/taps-systemet-storkok-747x498.jpg\" alt=\"TAPS-system for kommersielle kj\u00f8kkenhetter\" class=\"wp-image-6035\" style=\"aspect-ratio:3\/2;object-fit:cover\" srcset=\"https:\/\/www.tovenco.se\/wp-content\/uploads\/2025\/03\/taps-systemet-storkok-747x498.jpg 747w, https:\/\/www.tovenco.se\/wp-content\/uploads\/2025\/03\/taps-systemet-storkok-600x400.jpg 600w, https:\/\/www.tovenco.se\/wp-content\/uploads\/2025\/03\/taps-systemet-storkok-300x200.jpg 300w, https:\/\/www.tovenco.se\/wp-content\/uploads\/2025\/03\/taps-systemet-storkok-768x512.jpg 768w, https:\/\/www.tovenco.se\/wp-content\/uploads\/2025\/03\/taps-systemet-storkok-462x308.jpg 462w, https:\/\/www.tovenco.se\/wp-content\/uploads\/2025\/03\/taps-systemet-storkok-592x395.jpg 592w, https:\/\/www.tovenco.se\/wp-content\/uploads\/2025\/03\/taps-systemet-storkok-622x415.jpg 622w, https:\/\/www.tovenco.se\/wp-content\/uploads\/2025\/03\/taps-systemet-storkok-426x284.jpg 426w, https:\/\/www.tovenco.se\/wp-content\/uploads\/2025\/03\/taps-systemet-storkok-573x382.jpg 573w, https:\/\/www.tovenco.se\/wp-content\/uploads\/2025\/03\/taps-systemet-storkok.jpg 900w\" sizes=\"auto, (max-width: 747px) 100vw, 747px\" \/><figcaption><\/figcaption><\/figure>\n\n\n\n<p>Tovenco Air Purification System (TAPS) tilbyr en effektiv l\u00f8sning for \u00e5 rense luften i kj\u00f8kken og restauranter. Ved hjelp av avansert teknologi reduseres opptil 98 % av lukten, samtidig som fett og annet organisk materiale fjernes fra ventilasjonssystemet.<\/p>\n\n\n\n<p>TAPS kombinerer UV-lys og ozon for \u00e5 skape en kjemikaliefri og milj\u00f8vennlig renseprosess som kun etterlater ren luft, karbondioksid og vann som biprodukter. Det er en ideell l\u00f8sning for b\u00e5de sm\u00e5 og store kj\u00f8kken som er p\u00e5 jakt etter energieffektive og langsiktige m\u00e5ter \u00e5 forbedre arbeidsmilj\u00f8et og redusere brannrisikoen p\u00e5.<\/p>\n<\/div>\n<\/div><\/section>\n\n\n\n<section class=\"qt-section container-s\"><div class=\"qt-section__inner grid grid-col-1\">\n<div class=\"qt-container\">\n<div class=\"wp-block-cover\"><img loading=\"lazy\" decoding=\"async\" width=\"1200\" height=\"675\" class=\"wp-block-cover__image-background wp-image-908\" alt=\"M\u00f6rkbl\u00e5 och m\u00f6rkgr\u00f6n abstrakt bakgrundsbild\" src=\"https:\/\/www.tovenco.se\/wp-content\/uploads\/2025\/01\/splash-background-dark.jpg\" data-object-fit=\"cover\" srcset=\"https:\/\/www.tovenco.se\/wp-content\/uploads\/2025\/01\/splash-background-dark.jpg 1200w, https:\/\/www.tovenco.se\/wp-content\/uploads\/2025\/01\/splash-background-dark-600x338.jpg 600w, https:\/\/www.tovenco.se\/wp-content\/uploads\/2025\/01\/splash-background-dark-300x169.jpg 300w, https:\/\/www.tovenco.se\/wp-content\/uploads\/2025\/01\/splash-background-dark-768x432.jpg 768w, https:\/\/www.tovenco.se\/wp-content\/uploads\/2025\/01\/splash-background-dark-1024x576.jpg 1024w, https:\/\/www.tovenco.se\/wp-content\/uploads\/2025\/01\/splash-background-dark-462x260.jpg 462w, https:\/\/www.tovenco.se\/wp-content\/uploads\/2025\/01\/splash-background-dark-592x333.jpg 592w, https:\/\/www.tovenco.se\/wp-content\/uploads\/2025\/01\/splash-background-dark-622x350.jpg 622w, https:\/\/www.tovenco.se\/wp-content\/uploads\/2025\/01\/splash-background-dark-811x456.jpg 811w\" sizes=\"auto, (max-width: 1200px) 100vw, 1200px\" \/><span aria-hidden=\"true\" class=\"wp-block-cover__background has-background-dim-0 has-background-dim\"><\/span><div class=\"wp-block-cover__inner-container is-layout-constrained wp-block-cover-is-layout-constrained\">\n<p class=\"has-text-align-left is-style-heading-l has-text-inverted-color has-text-color has-link-color wp-elements-efd1ee2dc34d3369f0dbfddfcd1bd426\">Trenger du hjelp med luftrensing?<\/p>\n\n\n\n<p class=\"is-style-paragraph-l has-text-inverted-secondary-color has-text-color has-link-color wp-elements-8cbf51ed5a05d37248d2ec82d3bac365\">Oppdag v\u00e5rt utvalg av ozongeneratorer.<\/p>\n\n\n\n<div class=\"wp-block-buttons is-layout-flex wp-block-buttons-is-layout-flex\">\n<div class=\"wp-block-button is-style-button-on-background\"><a class=\"wp-block-button__link wp-element-button\" href=\"https:\/\/www.tovenco.se\/no\/storkok\/ozon-enhet\/\">For ozongeneratorer<\/a><\/div>\n<\/div>\n<\/div><\/div>\n<\/div>\n<\/div><\/section>\n\n\n\n<section class=\"qt-section container-s\"><div class=\"qt-section__inner grid grid-col-1\">\n<div class=\"qt-container\">\n<h2 class=\"wp-block-heading\">Slik fungerer TAPS-systemet for luftbehandling<\/h2>\n\n\n\n<p>TAPS-systemet er en helhetlig teknologisk l\u00f8sning som bruker UV-lys og ozon til \u00e5 rense luften for fett og lukt i ventilasjonen p\u00e5 storkj\u00f8kken. Det er en lavenergiteknologi som reduserer bakterier, virus, fett og lukt. Den luftrensende effekten skapes av UV-lamper som er installert i luftstr\u00f8mmen, der de aktiverer en prosess som bryter ned organiske stoffer gjennom oksidasjon av fotolys. UV-lys produserer ozon, som kutter av proteinkjeder og dermed gj\u00f8r det mulig \u00e5 oksidere fett i luften. Dette etterlater ufarlige biprodukter som karbondioksid og vann, samt en liten mengde polymerisert fett, som forlater kanalen i form av st\u00f8v. Dette gj\u00f8r teknologien milj\u00f8vennlig, effektiv og risikofri.<br><br>UV-lys og ozon er velkjente teknologier som lenge har v\u00e6rt brukt til \u00e5 forbedre luftkvaliteten i milj\u00f8er med h\u00f8ye krav til renhet og sikkerhet. Det brukes for eksempel i n\u00e6ringsmiddelindustrien, fiskeindustrien, kloakkrenseanlegg og lignende bruksomr\u00e5der der det er behov for \u00e5 fjerne ubehagelig lukt.<\/p>\n\n\n\n<h3 class=\"wp-block-heading\"><strong>N\u00f8kkelfaktorer for optimal ytelse<\/strong><\/h3>\n\n\n\n<ul class=\"wp-block-list\">\n<li>UV-rensere b\u00f8r installeres s\u00e5 n\u00e6r kokeutstyret som mulig for \u00e5 redusere fett og lukt ved kilden. Dette reduserer opphopningen av fett i kanalene og reduserer risikoen for brann.<\/li>\n\n\n\n<li>For best mulig effekt anbefales en lav lufthastighet over UV-lampene, mellom 1-3 m\/sekund. Dette sikrer at eksponeringstiden for UV-lyset er lang nok til at oksidasjonsprosessen blir fullstendig.<\/li>\n\n\n\n<li>For at oksidasjonen skal v\u00e6re fullstendig, kreves det en reaksjonstid p\u00e5 minst 2 sekunder etter at luften har passert gjennom UV-renseren. Hvis kanalene er korte, kan det v\u00e6re n\u00f8dvendig med en forlengelse for \u00e5 sikre tilstrekkelig volum og tid til prosessen.<\/li>\n<\/ul>\n\n\n\n<div class=\"wp-block-buttons is-layout-flex wp-block-buttons-is-layout-flex\">\n<div class=\"wp-block-button is-style-button-only-text\"><a class=\"wp-block-button__link wp-element-button\" href=\"https:\/\/www.tovenco.se\/wp-content\/uploads\/2025\/06\/TAPS_NORDB12_V3_120307.pdf\" target=\"_blank\" rel=\"noreferrer noopener\">Les mer i brosjyren v\u00e5r<\/a><\/div>\n<\/div>\n\n\n\n<figure class=\"wp-block-image size-16-9-large\"><img loading=\"lazy\" decoding=\"async\" width=\"754\" height=\"498\" src=\"https:\/\/www.tovenco.se\/wp-content\/uploads\/2025\/03\/tovenco_taps_air_purification_system-1-754x498.jpg\" alt=\"\" class=\"wp-image-6818\" style=\"aspect-ratio:3\/2;object-fit:cover\" srcset=\"https:\/\/www.tovenco.se\/wp-content\/uploads\/2025\/03\/tovenco_taps_air_purification_system-1-754x498.jpg 754w, https:\/\/www.tovenco.se\/wp-content\/uploads\/2025\/03\/tovenco_taps_air_purification_system-1-600x396.jpg 600w, https:\/\/www.tovenco.se\/wp-content\/uploads\/2025\/03\/tovenco_taps_air_purification_system-1-1024x676.jpg 1024w, https:\/\/www.tovenco.se\/wp-content\/uploads\/2025\/03\/tovenco_taps_air_purification_system-1-300x198.jpg 300w, https:\/\/www.tovenco.se\/wp-content\/uploads\/2025\/03\/tovenco_taps_air_purification_system-1-768x507.jpg 768w, https:\/\/www.tovenco.se\/wp-content\/uploads\/2025\/03\/tovenco_taps_air_purification_system-1-462x305.jpg 462w, https:\/\/www.tovenco.se\/wp-content\/uploads\/2025\/03\/tovenco_taps_air_purification_system-1-592x391.jpg 592w, https:\/\/www.tovenco.se\/wp-content\/uploads\/2025\/03\/tovenco_taps_air_purification_system-1-622x411.jpg 622w, https:\/\/www.tovenco.se\/wp-content\/uploads\/2025\/03\/tovenco_taps_air_purification_system-1-430x284.jpg 430w, https:\/\/www.tovenco.se\/wp-content\/uploads\/2025\/03\/tovenco_taps_air_purification_system-1-578x382.jpg 578w, https:\/\/www.tovenco.se\/wp-content\/uploads\/2025\/03\/tovenco_taps_air_purification_system-1.jpg 1494w\" sizes=\"auto, (max-width: 754px) 100vw, 754px\" \/><figcaption><\/figcaption><\/figure>\n\n\n\n<h2 class=\"wp-block-heading\"><strong>Hvem er TAPS-systemet egnet for?<\/strong><\/h2>\n\n\n\n<p>TAPS-systemet er en allsidig og b\u00e6rekraftig luftrensel\u00f8sning som egner seg for b\u00e5de nye og eksisterende anlegg. Med sin robuste og smarte design kan TAPS tilpasses en rekke milj\u00f8er, fra sm\u00e5 restaurantkj\u00f8kken til store n\u00e6ringsmiddelindustrier og offentlige anlegg. V\u00e5r UV-renseteknologi brukes i dag i offentlige milj\u00f8er, restauranter, n\u00e6ringsmiddelindustri, avl\u00f8psrenseanlegg og lignende der man \u00f8nsker \u00e5 fjerne ubehagelig lukt.<\/p>\n\n\n\n<p>Systemet er basert p\u00e5 spesialdesignede ventilasjonskanaler kombinert med en unik luftkontrollenhet og spesialtilpassede hetter, utformet for \u00e5 oppfylle de h\u00f8yeste sikkerhets- og hygienestandarder. UV-lampene er montert i rammer av rustfritt st\u00e5l, noe som forenkler service og vedlikehold. I f\u00f8lsomme milj\u00f8er, for eksempel boligomr\u00e5der eller luftinntak i n\u00e6rheten, kan en kullfilterl\u00f8sning installeres f\u00f8r eksosen for \u00e5 eliminere lukt nesten fullstendig.<\/p>\n\n\n\n<p>TAPS-systemet er ikke bare effektivt, men ogs\u00e5 energieffektivt. Ved \u00e5 integrere systemet med l\u00f8sninger for varmegjenvinning kan det bidra til betydelige energibesparelser. Teknologien krever ingen kjemiske tilsetningsstoffer, noe som gj\u00f8r den b\u00e5de milj\u00f8vennlig og trygg for bruk i avanserte kj\u00f8kken.<\/p>\n\n\n\n<div class=\"wp-block-buttons is-layout-flex wp-block-buttons-is-layout-flex\">\n<div class=\"wp-block-button is-style-button-only-text\"><a class=\"wp-block-button__link wp-element-button\" href=\"https:\/\/www.tovenco.se\/no\/kontakt-oss\/\">Kontakt oss p\u00e5<\/a><\/div>\n<\/div>\n<\/div>\n<\/div><\/section>\n","protected":false},"excerpt":{"rendered":"","protected":false},"author":1,"featured_media":0,"parent":0,"menu_order":0,"comment_status":"closed","ping_status":"closed","template":"page-dark","meta":{"_acf_changed":false,"footnotes":""},"class_list":["post-10929","page","type-page","status-publish","hentry"],"acf":[],"_links":{"self":[{"href":"https:\/\/www.tovenco.se\/no\/wp-json\/wp\/v2\/pages\/10929","targetHints":{"allow":["GET"]}}],"collection":[{"href":"https:\/\/www.tovenco.se\/no\/wp-json\/wp\/v2\/pages"}],"about":[{"href":"https:\/\/www.tovenco.se\/no\/wp-json\/wp\/v2\/types\/page"}],"author":[{"embeddable":true,"href":"https:\/\/www.tovenco.se\/no\/wp-json\/wp\/v2\/users\/1"}],"replies":[{"embeddable":true,"href":"https:\/\/www.tovenco.se\/no\/wp-json\/wp\/v2\/comments?post=10929"}],"version-history":[{"count":3,"href":"https:\/\/www.tovenco.se\/no\/wp-json\/wp\/v2\/pages\/10929\/revisions"}],"predecessor-version":[{"id":17856,"href":"https:\/\/www.tovenco.se\/no\/wp-json\/wp\/v2\/pages\/10929\/revisions\/17856"}],"wp:attachment":[{"href":"https:\/\/www.tovenco.se\/no\/wp-json\/wp\/v2\/media?parent=10929"}],"curies":[{"name":"wp","href":"https:\/\/api.w.org\/{rel}","templated":true}]}}