{"id":10922,"date":"2025-01-17T14:57:04","date_gmt":"2025-01-17T13:57:04","guid":{"rendered":"https:\/\/www.tovenco.se\/stotte-og-tjenester\/"},"modified":"2025-06-19T07:33:50","modified_gmt":"2025-06-19T05:33:50","slug":"stotte-og-tjenester","status":"publish","type":"page","link":"https:\/\/www.tovenco.se\/no\/stotte-og-tjenester\/","title":{"rendered":"St\u00f8tte og tjenester"},"content":{"rendered":"\n<section class=\"qt-section container-s\"><div class=\"qt-section__inner grid grid-col-1\">\n<div class=\"qt-container\">\n<h1 class=\"wp-block-heading\">St\u00f8tte og tjenester<\/h1>\n\n\n\n<h2 class=\"wp-block-heading\">Feils\u00f8king<\/h2>\n\n\n\n<h3 class=\"wp-block-heading\">Viften suger veldig d\u00e5rlig<\/h3>\n\n\n\n<ul class=\"wp-block-list\">\n<li>Kontroller at slangen sitter godt fast. At den ikke er klemt eller b\u00f8yd. <\/li>\n\n\n\n<li><a href=\"https:\/\/www.tovenco.se\/blogg\/sa-rengor-du-din-spisflakt\/\" data-type=\"post\" data-id=\"654\">Rengj\u00f8r fettfiltrene\/bytt ut kullfilteret<\/a>. <a href=\"\/wp-content\/uploads\/2025\/02\/tovenco_filter.mp4\" target=\"_blank\" rel=\"noreferrer noopener\">Se her hvordan du fjerner fettfilteret.<\/a><\/li>\n<\/ul>\n\n\n\n<h3 class=\"wp-block-heading\">Belysningen sluttet \u00e5 virke<\/h3>\n\n\n\n<ul class=\"wp-block-list\">\n<li>Bytt lampe\/lyskilde, kontakt oss hvis feilen vedvarer.<\/li>\n<\/ul>\n\n\n\n<h3 class=\"wp-block-heading\">Den trekker inn kald luft fra viften<\/h3>\n\n\n\n<ul class=\"wp-block-list\">\n<li>Kontroller at kaldrassperren\/kontrollventilen er riktig montert eller at den ikke sitter fast i \u00e5pen stilling.<\/li>\n<\/ul>\n\n\n\n<h3 class=\"wp-block-heading\">Den eksterne takviften fungerer plutselig ikke etter en kald vinter.<\/h3>\n\n\n\n<ul class=\"wp-block-list\">\n<li>Sjekk om det har dannet seg is p\u00e5 taket rundt viften.<\/li>\n<\/ul>\n\n\n\n<h3 class=\"wp-block-heading\">Ber\u00f8ringspanelet viser forskjellige tall<\/h3>\n\n\n\n<ul class=\"wp-block-list\">\n<li>Det kan v\u00e6re p\u00e5 tide \u00e5 rengj\u00f8re filtrene. Les brukerh\u00e5ndboken for \u00e5 finne ut hvordan du tilbakestiller. <\/li>\n<\/ul>\n\n\n\n<h3 class=\"wp-block-heading\">Viftehastigheten senkes av seg selv etter en stund.<\/h3>\n\n\n\n<ul class=\"wp-block-list\">\n<li>I henhold til energiregler m\u00e5 viften ikke g\u00e5 p\u00e5 maksimal hastighet i mer enn 10 minutter. Etter det reduseres hastigheten automatisk.   <\/li>\n\n\n\n<li>Les bruksanvisningen.<\/li>\n<\/ul>\n\n\n\n<h3 class=\"wp-block-heading\">Viften sl\u00e5r seg av av seg selv etter en stund<\/h3>\n\n\n\n<ul class=\"wp-block-list\">\n<li>Kontroller om timeren for overskridelse er aktivert. Les brukerh\u00e5ndboken. <\/li>\n<\/ul>\n\n\n\n<h2 class=\"wp-block-heading\">R\u00e5d om pleie<\/h2>\n\n\n\n<ul class=\"wp-block-list\">\n<li>V\u00e6r oppmerksom p\u00e5 rengj\u00f8ring og vasking av fettfiltre\/bytte av kullfilter som anbefalt i brukerh\u00e5ndboken.<\/li>\n\n\n\n<li>Sl\u00e5 p\u00e5 viften 5 minutter f\u00f8r tilberedning, og la etterl\u00f8pstimeren g\u00e5 etter tilberedning for optimal ytelse.<\/li>\n\n\n\n<li>Les bruksanvisningen og f\u00f8lg r\u00e5dene.<\/li>\n<\/ul>\n\n\n\n<h2 class=\"wp-block-heading\">Service i l\u00f8pet av garantiperioden<\/h2>\n\n\n\n<p>F\u00f8r du melder en feil, m\u00e5 du kontrollere at produktet dekkes av garantien. Tovenco gir 2 \u00e5rs garanti fra leveringsdato fra oss. Gjelder produksjons- og materialfeil som kan oppdages ved normal bruk i privat bruk. Garantien dekker ikke feil vedlikehold, tilkobling eller installasjon, feil som skyldes ytre p\u00e5virkninger (f.eks. tordenv\u00e6r) og feil i den elektriske installasjonen. Lamper er forbruksvarer og dekkes ikke av garantien.    <\/p>\n\n\n\n<div class=\"wp-block-buttons is-layout-flex wp-block-buttons-is-layout-flex\">\n<div class=\"wp-block-button\"><a class=\"wp-block-button__link wp-element-button\" href=\"https:\/\/www.tovenco.se\/no\/stotte-og-tjenester\/feilrapportering\/\">Rapport om produktfeil<\/a><\/div>\n<\/div>\n<\/div>\n<\/div><\/section>\n\n<section class=\"qt-section container-s\"><div class=\"qt-section__inner grid grid-col-1\">\n<div class=\"qt-container\">\n<div class=\"wp-block-cover is-light\"><span aria-hidden=\"true\" class=\"wp-block-cover__background has-background-dim-0 has-background-dim\"><\/span><img loading=\"lazy\" decoding=\"async\" width=\"1200\" height=\"884\" class=\"wp-block-cover__image-background wp-image-237\" alt=\"Ljusbl\u00e5 och ljusgr\u00f6n abstrakt bakgrundsbild\" src=\"https:\/\/www.tovenco.se\/wp-content\/uploads\/2025\/01\/splash-background.jpg\" data-object-fit=\"cover\" srcset=\"https:\/\/www.tovenco.se\/wp-content\/uploads\/2025\/01\/splash-background.jpg 1200w, https:\/\/www.tovenco.se\/wp-content\/uploads\/2025\/01\/splash-background-300x221.jpg 300w, https:\/\/www.tovenco.se\/wp-content\/uploads\/2025\/01\/splash-background-600x442.jpg 600w, https:\/\/www.tovenco.se\/wp-content\/uploads\/2025\/01\/splash-background-768x566.jpg 768w, https:\/\/www.tovenco.se\/wp-content\/uploads\/2025\/01\/splash-background-1024x754.jpg 1024w, https:\/\/www.tovenco.se\/wp-content\/uploads\/2025\/01\/splash-background-462x340.jpg 462w, https:\/\/www.tovenco.se\/wp-content\/uploads\/2025\/01\/splash-background-592x436.jpg 592w, https:\/\/www.tovenco.se\/wp-content\/uploads\/2025\/01\/splash-background-622x458.jpg 622w, https:\/\/www.tovenco.se\/wp-content\/uploads\/2025\/01\/splash-background-386x284.jpg 386w, https:\/\/www.tovenco.se\/wp-content\/uploads\/2025\/01\/splash-background-519x382.jpg 519w, https:\/\/www.tovenco.se\/wp-content\/uploads\/2025\/01\/splash-background-676x498.jpg 676w\" sizes=\"auto, (max-width: 1200px) 100vw, 1200px\" \/><div class=\"wp-block-cover__inner-container is-layout-constrained wp-block-cover-is-layout-constrained\">\n<p class=\"has-text-align-left is-style-heading-l\">Sveriges bredeste utvalg av kj\u00f8kkenhetter<\/p>\n\n\n\n<p class=\"is-style-paragraph-l has-text-secondary-color has-text-color has-link-color wp-elements-013cb77e1cd17f7e4e868693f324dabd\">Bestill en kj\u00f8kkenvifte som er skreddersydd for ditt kj\u00f8kken.<\/p>\n\n\n\n<div class=\"wp-block-buttons is-layout-flex wp-block-buttons-is-layout-flex\">\n<div class=\"wp-block-button is-style-fill\"><a class=\"wp-block-button__link wp-element-button\" href=\"https:\/\/www.tovenco.se\/produkter\/\">Se v\u00e5rt utvalg<\/a><\/div>\n<\/div>\n<\/div><\/div>\n<\/div>\n<\/div><\/section>\n","protected":false},"excerpt":{"rendered":"","protected":false},"author":1,"featured_media":0,"parent":0,"menu_order":0,"comment_status":"closed","ping_status":"closed","template":"","meta":{"_acf_changed":false,"footnotes":""},"class_list":["post-10922","page","type-page","status-publish","hentry"],"acf":[],"_links":{"self":[{"href":"https:\/\/www.tovenco.se\/no\/wp-json\/wp\/v2\/pages\/10922","targetHints":{"allow":["GET"]}}],"collection":[{"href":"https:\/\/www.tovenco.se\/no\/wp-json\/wp\/v2\/pages"}],"about":[{"href":"https:\/\/www.tovenco.se\/no\/wp-json\/wp\/v2\/types\/page"}],"author":[{"embeddable":true,"href":"https:\/\/www.tovenco.se\/no\/wp-json\/wp\/v2\/users\/1"}],"replies":[{"embeddable":true,"href":"https:\/\/www.tovenco.se\/no\/wp-json\/wp\/v2\/comments?post=10922"}],"version-history":[{"count":1,"href":"https:\/\/www.tovenco.se\/no\/wp-json\/wp\/v2\/pages\/10922\/revisions"}],"predecessor-version":[{"id":10927,"href":"https:\/\/www.tovenco.se\/no\/wp-json\/wp\/v2\/pages\/10922\/revisions\/10927"}],"wp:attachment":[{"href":"https:\/\/www.tovenco.se\/no\/wp-json\/wp\/v2\/media?parent=10922"}],"curies":[{"name":"wp","href":"https:\/\/api.w.org\/{rel}","templated":true}]}}