{"id":10916,"date":"2025-01-17T14:58:49","date_gmt":"2025-01-17T13:58:49","guid":{"rendered":"https:\/\/www.tovenco.se\/retur-av-produktet\/"},"modified":"2025-06-19T07:33:49","modified_gmt":"2025-06-19T05:33:49","slug":"retur-av-produktet","status":"publish","type":"page","link":"https:\/\/www.tovenco.se\/no\/stotte-og-tjenester\/retur-av-produktet\/","title":{"rendered":"Retur av produktet"},"content":{"rendered":"\n<section class=\"qt-section container-s\"><div class=\"qt-section__inner grid grid-col-1\">\n<div class=\"qt-container\">\n<h1 class=\"wp-block-heading\">Retur av produktet<\/h1>\n\n\n\n<p>Alle returer m\u00e5 godkjennes av Tovenco.<\/p>\n\n\n\n<p>Produkter som har blitt montert, kan ikke returneres. Spesialdeksler eller produkter med spesielle dimensjoner eller farger kan ikke returneres. Ettersom hvert deksel er unikt, kan det forekomme enkelte avvik (f.eks. fargenyanse og struktur) p\u00e5 platen, og det er derfor ingen grunn til retur. Retur- og RMA-skjemaet m\u00e5 v\u00e6re korrekt utfylt og sendes sammen med emballasjen som returneres. Returer m\u00e5 gj\u00f8res i originalemballasjen.    <\/p>\n\n\n\n<p>Et returgebyr p\u00e5 20 % trekkes fra kj\u00f8pesummen. Returer eldre enn 60 dager tas ikke i betraktning. Ved transportskader m\u00e5 transportselskapet varsles innen 7 dager. Ved senere melding vil returen ikke bli godkjent.   <\/p>\n\n\n\n<p>Returfrakten organiseres av Tovenco, men betales av kunden. Skjemaet fylles ut av forhandleren. <\/p>\n\n\n\n<p class=\"wpcf7-contact-form-not-found\"><strong>Feil:<\/strong> Kontaktskjema ble ikke funnet.<\/p>\n<\/div>\n<\/div><\/section>\n","protected":false},"excerpt":{"rendered":"","protected":false},"author":1,"featured_media":0,"parent":10922,"menu_order":0,"comment_status":"closed","ping_status":"closed","template":"","meta":{"_acf_changed":false,"footnotes":""},"class_list":["post-10916","page","type-page","status-publish","hentry"],"acf":[],"_links":{"self":[{"href":"https:\/\/www.tovenco.se\/no\/wp-json\/wp\/v2\/pages\/10916","targetHints":{"allow":["GET"]}}],"collection":[{"href":"https:\/\/www.tovenco.se\/no\/wp-json\/wp\/v2\/pages"}],"about":[{"href":"https:\/\/www.tovenco.se\/no\/wp-json\/wp\/v2\/types\/page"}],"author":[{"embeddable":true,"href":"https:\/\/www.tovenco.se\/no\/wp-json\/wp\/v2\/users\/1"}],"replies":[{"embeddable":true,"href":"https:\/\/www.tovenco.se\/no\/wp-json\/wp\/v2\/comments?post=10916"}],"version-history":[{"count":1,"href":"https:\/\/www.tovenco.se\/no\/wp-json\/wp\/v2\/pages\/10916\/revisions"}],"predecessor-version":[{"id":10919,"href":"https:\/\/www.tovenco.se\/no\/wp-json\/wp\/v2\/pages\/10916\/revisions\/10919"}],"up":[{"embeddable":true,"href":"https:\/\/www.tovenco.se\/no\/wp-json\/wp\/v2\/pages\/10922"}],"wp:attachment":[{"href":"https:\/\/www.tovenco.se\/no\/wp-json\/wp\/v2\/media?parent=10916"}],"curies":[{"name":"wp","href":"https:\/\/api.w.org\/{rel}","templated":true}]}}