{"id":10909,"date":"2025-01-17T14:45:35","date_gmt":"2025-01-17T13:45:35","guid":{"rendered":"https:\/\/www.tovenco.se\/stort-kjokken\/brannslukking\/"},"modified":"2025-06-19T07:33:43","modified_gmt":"2025-06-19T05:33:43","slug":"brannslukking","status":"publish","type":"page","link":"https:\/\/www.tovenco.se\/no\/stort-kjokken\/brannslukking\/","title":{"rendered":"Brannslukking"},"content":{"rendered":"\n<section class=\"qt-section container-s\"><div class=\"qt-section__inner grid grid-col-1\">\n<div class=\"qt-container\">\n<h1 class=\"wp-block-heading\">Brannslukking<\/h1>\n\n\n\n<figure class=\"wp-block-image size-16-9-large\"><img loading=\"lazy\" decoding=\"async\" width=\"811\" height=\"417\" src=\"https:\/\/www.tovenco.se\/wp-content\/uploads\/2025\/03\/iStock-1764316819-811x417.jpg\" alt=\"\" class=\"wp-image-6810\" style=\"aspect-ratio:3\/2;object-fit:cover\" srcset=\"https:\/\/www.tovenco.se\/wp-content\/uploads\/2025\/03\/iStock-1764316819-811x417.jpg 811w, https:\/\/www.tovenco.se\/wp-content\/uploads\/2025\/03\/iStock-1764316819-600x308.jpg 600w, https:\/\/www.tovenco.se\/wp-content\/uploads\/2025\/03\/iStock-1764316819-1024x526.jpg 1024w, https:\/\/www.tovenco.se\/wp-content\/uploads\/2025\/03\/iStock-1764316819-300x154.jpg 300w, https:\/\/www.tovenco.se\/wp-content\/uploads\/2025\/03\/iStock-1764316819-768x395.jpg 768w, https:\/\/www.tovenco.se\/wp-content\/uploads\/2025\/03\/iStock-1764316819-1536x790.jpg 1536w, https:\/\/www.tovenco.se\/wp-content\/uploads\/2025\/03\/iStock-1764316819-2048x1053.jpg 2048w, https:\/\/www.tovenco.se\/wp-content\/uploads\/2025\/03\/iStock-1764316819-462x237.jpg 462w, https:\/\/www.tovenco.se\/wp-content\/uploads\/2025\/03\/iStock-1764316819-592x304.jpg 592w, https:\/\/www.tovenco.se\/wp-content\/uploads\/2025\/03\/iStock-1764316819-622x320.jpg 622w\" sizes=\"auto, (max-width: 811px) 100vw, 811px\" \/><figcaption><\/figcaption><\/figure>\n\n\n\n<h2 class=\"wp-block-heading\">Brannsikringsprodukter &#8211; Ansulex<\/h2>\n\n\n\n<p>Ansulex er spesielt utviklet for brannslukking i kj\u00f8kkenmilj\u00f8er. Ansulex er en v\u00e6ske som emulgerer og danner et tett skum ved kontakt med fett. Det effektive skumlaget kveler raskt brannen og forhindrer ny antennelse. Fordi v\u00e6sken skummer ved kontakt med det varme fettet, brenner det ikke, og rengj\u00f8ringen kan deretter gj\u00f8res med varmt vann og vanlig vaskemiddel. Systemet fungerer uavhengig av vann- eller str\u00f8mtilf\u00f8rsel.    <\/p>\n\n\n\n<div class=\"wp-block-buttons is-layout-flex wp-block-buttons-is-layout-flex\">\n<div class=\"wp-block-button is-style-button-only-text\"><a class=\"wp-block-button__link wp-element-button\" href=\"\/wp-content\/uploads\/2025\/01\/brandbekampning-ansulex.pdf\" target=\"_blank\" rel=\"noreferrer noopener\">Last ned produktark<\/a><\/div>\n<\/div>\n<\/div>\n<\/div><\/section>\n\n<section class=\"qt-section container-s\"><div class=\"qt-section__inner grid grid-col-1\">\n<div class=\"qt-container\">\n<div class=\"wp-block-cover\"><span aria-hidden=\"true\" class=\"wp-block-cover__background has-background-dim-0 has-background-dim\"><\/span><img decoding=\"async\" class=\"wp-block-cover__image-background wp-image-745\" alt=\"M\u00f6rkbl\u00e5 och m\u00f6rkgr\u00f6n abstrakt bakgrundsbild\" src=\"https:\/\/www.tovenco.se\/wp-content\/uploads\/2025\/01\/splash-background-dark.jpg\" data-object-fit=\"cover\"\/><div class=\"wp-block-cover__inner-container is-layout-constrained wp-block-cover-is-layout-constrained\">\n<p class=\"has-text-align-left is-style-heading-l has-text-inverted-color has-text-color has-link-color wp-elements-da7e79c6a197970079e373c7558ee65d\">Vil du vite mer om brannbekjempelse med Ansulex?<\/p>\n\n\n\n<p class=\"is-style-paragraph-l has-text-inverted-secondary-color has-text-color has-link-color wp-elements-e2dad1ddfea213c55ee445c777594b2e\">Bestill et m\u00f8te n\u00e5, s\u00e5 forteller vi deg mer.<\/p>\n\n\n\n<div class=\"wp-block-buttons is-layout-flex wp-block-buttons-is-layout-flex\">\n<div class=\"wp-block-button is-style-button-secondary\"><a class=\"wp-block-button__link wp-element-button\" href=\"https:\/\/www.tovenco.se\/kontakt\/\">Kontakt oss p\u00e5<\/a><\/div>\n<\/div>\n<\/div><\/div>\n<\/div>\n<\/div><\/section>\n","protected":false},"excerpt":{"rendered":"","protected":false},"author":1,"featured_media":0,"parent":10894,"menu_order":0,"comment_status":"closed","ping_status":"closed","template":"page-dark","meta":{"_acf_changed":false,"footnotes":""},"class_list":["post-10909","page","type-page","status-publish","hentry"],"acf":[],"_links":{"self":[{"href":"https:\/\/www.tovenco.se\/no\/wp-json\/wp\/v2\/pages\/10909","targetHints":{"allow":["GET"]}}],"collection":[{"href":"https:\/\/www.tovenco.se\/no\/wp-json\/wp\/v2\/pages"}],"about":[{"href":"https:\/\/www.tovenco.se\/no\/wp-json\/wp\/v2\/types\/page"}],"author":[{"embeddable":true,"href":"https:\/\/www.tovenco.se\/no\/wp-json\/wp\/v2\/users\/1"}],"replies":[{"embeddable":true,"href":"https:\/\/www.tovenco.se\/no\/wp-json\/wp\/v2\/comments?post=10909"}],"version-history":[{"count":1,"href":"https:\/\/www.tovenco.se\/no\/wp-json\/wp\/v2\/pages\/10909\/revisions"}],"predecessor-version":[{"id":10911,"href":"https:\/\/www.tovenco.se\/no\/wp-json\/wp\/v2\/pages\/10909\/revisions\/10911"}],"up":[{"embeddable":true,"href":"https:\/\/www.tovenco.se\/no\/wp-json\/wp\/v2\/pages\/10894"}],"wp:attachment":[{"href":"https:\/\/www.tovenco.se\/no\/wp-json\/wp\/v2\/media?parent=10909"}],"curies":[{"name":"wp","href":"https:\/\/api.w.org\/{rel}","templated":true}]}}